{"id":30251,"date":"2025-12-02T18:10:38","date_gmt":"2025-12-02T18:10:38","guid":{"rendered":"https:\/\/massalagros.com\/?post_type=product&#038;p=30251"},"modified":"2026-01-27T17:39:52","modified_gmt":"2026-01-27T17:39:52","slug":"menu-degustation-1497-avec-accord-mets-et-vins","status":"publish","type":"product","link":"https:\/\/massalagros.com\/fr\/producto\/menu-degustation-1497-avec-accord-mets-et-vins\/","title":{"rendered":"Menu d\u00e9gustation 1497 avec accord mets et vins"},"content":{"rendered":"<p>Le menu d\u00e9gustation 1497 est une proposition gastronomique d\u2019auteur qui se d\u00e9ploie \u00e0 travers diff\u00e9rentes cr\u00e9ations \u2014 des amuse-bouches du chef aux plats de la mer et de la terre, jusqu\u2019aux desserts d\u00e9licats \u2014 \u00e9labor\u00e9es \u00e0 partir de produits biologiques de saison. Il comprend un accord mets et vins issu d\u2019une s\u00e9lection de la D.O. Alella, pens\u00e9 pour accompagner chaque plat et en r\u00e9v\u00e9ler les nuances gr\u00e2ce \u00e0 des vins qui \u00e9quilibrent saveurs et textures. Cette exp\u00e9rience s\u2019adresse \u00e0 celles et ceux qui appr\u00e9cient la haute cuisine durable dans son expression la plus aboutie et raffin\u00e9e, dans une atmosph\u00e8re paisible et avec un service attentif.<\/p>\n","protected":false},"excerpt":{"rendered":"<h3>Haute gastronomie accompagn\u00e9e d\u2019un accord mets et vins s\u00e9lectionn\u00e9.<\/h3>\n<p>Un menu d\u00e9gustation de chef, r\u00e9compens\u00e9 par l\u2019\u00c9toile Verte Michelin et un Soleil Repsol, accompagn\u00e9 d\u2019un accord mets et vins soigneusement s\u00e9lectionn\u00e9, con\u00e7u pour sublimer chaque cr\u00e9ation gastronomique et c\u00e9l\u00e9brer les produits de saison.<\/p>\n","protected":false},"featured_media":27571,"template":"","meta":{"_acf_changed":false},"product_brand":[],"product_cat":[1020],"product_tag":[1041],"class_list":{"0":"post-30251","1":"product","2":"type-product","3":"status-publish","4":"has-post-thumbnail","6":"product_cat-gastronomie","7":"product_tag-menu-degustation-1497","9":"first","10":"instock","11":"virtual","12":"purchasable","13":"product-type-simple"},"acf":[],"yoast_head":"<!-- This site is optimized with the Yoast SEO plugin v27.2 - https:\/\/yoast.com\/product\/yoast-seo-wordpress\/ -->\n<title>Menu d\u00e9gustation 1497 avec accord mets et vins &#8211; Mas Salagros<\/title>\n<meta name=\"description\" content=\"Un menu d\u00e9gustation de chef, r\u00e9compens\u00e9 par l\u2019\u00c9toile Verte Michelin et un Soleil Repsol, accompagn\u00e9 d\u2019un accord mets et vins soigneusement s\u00e9lectionn\u00e9.\" \/>\n<meta name=\"robots\" content=\"index, follow, max-snippet:-1, max-image-preview:large, max-video-preview:-1\" \/>\n<link rel=\"canonical\" href=\"https:\/\/massalagros.com\/fr\/producto\/menu-degustation-1497-avec-accord-mets-et-vins\/\" \/>\n<meta property=\"og:locale\" content=\"fr_FR\" \/>\n<meta property=\"og:type\" content=\"article\" \/>\n<meta property=\"og:title\" content=\"Menu d\u00e9gustation 1497 avec accord mets et vins &#8211; Mas Salagros\" \/>\n<meta property=\"og:description\" content=\"Un menu d\u00e9gustation de chef, r\u00e9compens\u00e9 par l\u2019\u00c9toile Verte Michelin et un Soleil Repsol, accompagn\u00e9 d\u2019un accord mets et vins soigneusement s\u00e9lectionn\u00e9.\" \/>\n<meta property=\"og:url\" content=\"https:\/\/massalagros.com\/fr\/producto\/menu-degustation-1497-avec-accord-mets-et-vins\/\" \/>\n<meta property=\"og:site_name\" content=\"Mas Salagros\" \/>\n<meta property=\"article:publisher\" content=\"https:\/\/www.facebook.com\/MasSalagros\/\" \/>\n<meta property=\"article:modified_time\" content=\"2026-01-27T17:39:52+00:00\" \/>\n<meta property=\"og:image\" content=\"https:\/\/massalagros.com\/wp-content\/uploads\/2018\/04\/Vieiras-a-la-plancha-con-crumble-de-hierbas-caviar-y-jugo-de-tomillo_2.jpeg\" \/>\n\t<meta property=\"og:image:width\" content=\"2560\" \/>\n\t<meta property=\"og:image:height\" content=\"1920\" \/>\n\t<meta property=\"og:image:type\" content=\"image\/jpeg\" \/>\n<meta name=\"twitter:card\" content=\"summary_large_image\" \/>\n<meta name=\"twitter:site\" content=\"@MasSalagros\" \/>\n<meta name=\"twitter:label1\" content=\"Dur\u00e9e de lecture estim\u00e9e\" \/>\n\t<meta name=\"twitter:data1\" content=\"1 minute\" \/>\n<script type=\"application\/ld+json\" class=\"yoast-schema-graph\">{\"@context\":\"https:\/\/schema.org\",\"@graph\":[{\"@type\":\"WebPage\",\"@id\":\"https:\/\/massalagros.com\/fr\/producto\/menu-degustation-1497-avec-accord-mets-et-vins\/\",\"url\":\"https:\/\/massalagros.com\/fr\/producto\/menu-degustation-1497-avec-accord-mets-et-vins\/\",\"name\":\"Menu d\u00e9gustation 1497 avec accord mets et vins &#8211; Mas Salagros\",\"isPartOf\":{\"@id\":\"https:\/\/www.massalagros.com\/fr\/#website\"},\"primaryImageOfPage\":{\"@id\":\"https:\/\/massalagros.com\/fr\/producto\/menu-degustation-1497-avec-accord-mets-et-vins\/#primaryimage\"},\"image\":{\"@id\":\"https:\/\/massalagros.com\/fr\/producto\/menu-degustation-1497-avec-accord-mets-et-vins\/#primaryimage\"},\"thumbnailUrl\":\"https:\/\/massalagros.com\/wp-content\/uploads\/2018\/04\/Vieiras-a-la-plancha-con-crumble-de-hierbas-caviar-y-jugo-de-tomillo_2.jpeg\",\"datePublished\":\"2025-12-02T18:10:38+00:00\",\"dateModified\":\"2026-01-27T17:39:52+00:00\",\"description\":\"Un menu d\u00e9gustation de chef, r\u00e9compens\u00e9 par l\u2019\u00c9toile Verte Michelin et un Soleil Repsol, accompagn\u00e9 d\u2019un accord mets et vins soigneusement s\u00e9lectionn\u00e9.\",\"breadcrumb\":{\"@id\":\"https:\/\/massalagros.com\/fr\/producto\/menu-degustation-1497-avec-accord-mets-et-vins\/#breadcrumb\"},\"inLanguage\":\"fr-FR\",\"potentialAction\":[{\"@type\":\"ReadAction\",\"target\":[\"https:\/\/massalagros.com\/fr\/producto\/menu-degustation-1497-avec-accord-mets-et-vins\/\"]}]},{\"@type\":\"ImageObject\",\"inLanguage\":\"fr-FR\",\"@id\":\"https:\/\/massalagros.com\/fr\/producto\/menu-degustation-1497-avec-accord-mets-et-vins\/#primaryimage\",\"url\":\"https:\/\/massalagros.com\/wp-content\/uploads\/2018\/04\/Vieiras-a-la-plancha-con-crumble-de-hierbas-caviar-y-jugo-de-tomillo_2.jpeg\",\"contentUrl\":\"https:\/\/massalagros.com\/wp-content\/uploads\/2018\/04\/Vieiras-a-la-plancha-con-crumble-de-hierbas-caviar-y-jugo-de-tomillo_2.jpeg\",\"width\":2560,\"height\":1920},{\"@type\":\"BreadcrumbList\",\"@id\":\"https:\/\/massalagros.com\/fr\/producto\/menu-degustation-1497-avec-accord-mets-et-vins\/#breadcrumb\",\"itemListElement\":[{\"@type\":\"ListItem\",\"position\":1,\"name\":\"Portada\",\"item\":\"https:\/\/massalagros.com\/fr\/\"},{\"@type\":\"ListItem\",\"position\":2,\"name\":\"Boutique\",\"item\":\"https:\/\/massalagros.com\/fr\/boutique\/\"},{\"@type\":\"ListItem\",\"position\":3,\"name\":\"Menu d\u00e9gustation 1497 avec accord mets et vins\"}]},{\"@type\":\"WebSite\",\"@id\":\"https:\/\/www.massalagros.com\/fr\/#website\",\"url\":\"https:\/\/www.massalagros.com\/fr\/\",\"name\":\"Mas Salagros\",\"description\":\"EcoResort de lujo en Barcelona - Vallromanes\",\"publisher\":{\"@id\":\"https:\/\/www.massalagros.com\/fr\/#organization\"},\"potentialAction\":[{\"@type\":\"SearchAction\",\"target\":{\"@type\":\"EntryPoint\",\"urlTemplate\":\"https:\/\/www.massalagros.com\/fr\/?s={search_term_string}\"},\"query-input\":{\"@type\":\"PropertyValueSpecification\",\"valueRequired\":true,\"valueName\":\"search_term_string\"}}],\"inLanguage\":\"fr-FR\"},{\"@type\":\"Organization\",\"@id\":\"https:\/\/www.massalagros.com\/fr\/#organization\",\"name\":\"MAS SALAGROS HOTEL ECORESORT\",\"url\":\"https:\/\/www.massalagros.com\/fr\/\",\"logo\":{\"@type\":\"ImageObject\",\"inLanguage\":\"fr-FR\",\"@id\":\"https:\/\/www.massalagros.com\/fr\/#\/schema\/logo\/image\/\",\"url\":\"\/wp-content\/uploads\/2018\/05\/IMG_0116.jpg\",\"contentUrl\":\"\/wp-content\/uploads\/2018\/05\/IMG_0116.jpg\",\"width\":2000,\"height\":1333,\"caption\":\"MAS SALAGROS HOTEL ECORESORT\"},\"image\":{\"@id\":\"https:\/\/www.massalagros.com\/fr\/#\/schema\/logo\/image\/\"},\"sameAs\":[\"https:\/\/www.facebook.com\/MasSalagros\/\",\"https:\/\/x.com\/MasSalagros\",\"https:\/\/www.instagram.com\/massalagrosecoresort\/\"]}]}<\/script>\n<!-- \/ Yoast SEO plugin. -->","yoast_head_json":{"title":"Menu d\u00e9gustation 1497 avec accord mets et vins &#8211; Mas Salagros","description":"Un menu d\u00e9gustation de chef, r\u00e9compens\u00e9 par l\u2019\u00c9toile Verte Michelin et un Soleil Repsol, accompagn\u00e9 d\u2019un accord mets et vins soigneusement s\u00e9lectionn\u00e9.","robots":{"index":"index","follow":"follow","max-snippet":"max-snippet:-1","max-image-preview":"max-image-preview:large","max-video-preview":"max-video-preview:-1"},"canonical":"https:\/\/massalagros.com\/fr\/producto\/menu-degustation-1497-avec-accord-mets-et-vins\/","og_locale":"fr_FR","og_type":"article","og_title":"Menu d\u00e9gustation 1497 avec accord mets et vins &#8211; Mas Salagros","og_description":"Un menu d\u00e9gustation de chef, r\u00e9compens\u00e9 par l\u2019\u00c9toile Verte Michelin et un Soleil Repsol, accompagn\u00e9 d\u2019un accord mets et vins soigneusement s\u00e9lectionn\u00e9.","og_url":"https:\/\/massalagros.com\/fr\/producto\/menu-degustation-1497-avec-accord-mets-et-vins\/","og_site_name":"Mas Salagros","article_publisher":"https:\/\/www.facebook.com\/MasSalagros\/","article_modified_time":"2026-01-27T17:39:52+00:00","og_image":[{"width":2560,"height":1920,"url":"https:\/\/massalagros.com\/wp-content\/uploads\/2018\/04\/Vieiras-a-la-plancha-con-crumble-de-hierbas-caviar-y-jugo-de-tomillo_2.jpeg","type":"image\/jpeg"}],"twitter_card":"summary_large_image","twitter_site":"@MasSalagros","twitter_misc":{"Dur\u00e9e de lecture estim\u00e9e":"1 minute"},"schema":{"@context":"https:\/\/schema.org","@graph":[{"@type":"WebPage","@id":"https:\/\/massalagros.com\/fr\/producto\/menu-degustation-1497-avec-accord-mets-et-vins\/","url":"https:\/\/massalagros.com\/fr\/producto\/menu-degustation-1497-avec-accord-mets-et-vins\/","name":"Menu d\u00e9gustation 1497 avec accord mets et vins &#8211; Mas Salagros","isPartOf":{"@id":"https:\/\/www.massalagros.com\/fr\/#website"},"primaryImageOfPage":{"@id":"https:\/\/massalagros.com\/fr\/producto\/menu-degustation-1497-avec-accord-mets-et-vins\/#primaryimage"},"image":{"@id":"https:\/\/massalagros.com\/fr\/producto\/menu-degustation-1497-avec-accord-mets-et-vins\/#primaryimage"},"thumbnailUrl":"https:\/\/massalagros.com\/wp-content\/uploads\/2018\/04\/Vieiras-a-la-plancha-con-crumble-de-hierbas-caviar-y-jugo-de-tomillo_2.jpeg","datePublished":"2025-12-02T18:10:38+00:00","dateModified":"2026-01-27T17:39:52+00:00","description":"Un menu d\u00e9gustation de chef, r\u00e9compens\u00e9 par l\u2019\u00c9toile Verte Michelin et un Soleil Repsol, accompagn\u00e9 d\u2019un accord mets et vins soigneusement s\u00e9lectionn\u00e9.","breadcrumb":{"@id":"https:\/\/massalagros.com\/fr\/producto\/menu-degustation-1497-avec-accord-mets-et-vins\/#breadcrumb"},"inLanguage":"fr-FR","potentialAction":[{"@type":"ReadAction","target":["https:\/\/massalagros.com\/fr\/producto\/menu-degustation-1497-avec-accord-mets-et-vins\/"]}]},{"@type":"ImageObject","inLanguage":"fr-FR","@id":"https:\/\/massalagros.com\/fr\/producto\/menu-degustation-1497-avec-accord-mets-et-vins\/#primaryimage","url":"https:\/\/massalagros.com\/wp-content\/uploads\/2018\/04\/Vieiras-a-la-plancha-con-crumble-de-hierbas-caviar-y-jugo-de-tomillo_2.jpeg","contentUrl":"https:\/\/massalagros.com\/wp-content\/uploads\/2018\/04\/Vieiras-a-la-plancha-con-crumble-de-hierbas-caviar-y-jugo-de-tomillo_2.jpeg","width":2560,"height":1920},{"@type":"BreadcrumbList","@id":"https:\/\/massalagros.com\/fr\/producto\/menu-degustation-1497-avec-accord-mets-et-vins\/#breadcrumb","itemListElement":[{"@type":"ListItem","position":1,"name":"Portada","item":"https:\/\/massalagros.com\/fr\/"},{"@type":"ListItem","position":2,"name":"Boutique","item":"https:\/\/massalagros.com\/fr\/boutique\/"},{"@type":"ListItem","position":3,"name":"Menu d\u00e9gustation 1497 avec accord mets et vins"}]},{"@type":"WebSite","@id":"https:\/\/www.massalagros.com\/fr\/#website","url":"https:\/\/www.massalagros.com\/fr\/","name":"Mas Salagros","description":"EcoResort de lujo en Barcelona - Vallromanes","publisher":{"@id":"https:\/\/www.massalagros.com\/fr\/#organization"},"potentialAction":[{"@type":"SearchAction","target":{"@type":"EntryPoint","urlTemplate":"https:\/\/www.massalagros.com\/fr\/?s={search_term_string}"},"query-input":{"@type":"PropertyValueSpecification","valueRequired":true,"valueName":"search_term_string"}}],"inLanguage":"fr-FR"},{"@type":"Organization","@id":"https:\/\/www.massalagros.com\/fr\/#organization","name":"MAS SALAGROS HOTEL ECORESORT","url":"https:\/\/www.massalagros.com\/fr\/","logo":{"@type":"ImageObject","inLanguage":"fr-FR","@id":"https:\/\/www.massalagros.com\/fr\/#\/schema\/logo\/image\/","url":"\/wp-content\/uploads\/2018\/05\/IMG_0116.jpg","contentUrl":"\/wp-content\/uploads\/2018\/05\/IMG_0116.jpg","width":2000,"height":1333,"caption":"MAS SALAGROS HOTEL ECORESORT"},"image":{"@id":"https:\/\/www.massalagros.com\/fr\/#\/schema\/logo\/image\/"},"sameAs":["https:\/\/www.facebook.com\/MasSalagros\/","https:\/\/x.com\/MasSalagros","https:\/\/www.instagram.com\/massalagrosecoresort\/"]}]}},"_links":{"self":[{"href":"https:\/\/massalagros.com\/fr\/wp-json\/wp\/v2\/product\/30251","targetHints":{"allow":["GET"]}}],"collection":[{"href":"https:\/\/massalagros.com\/fr\/wp-json\/wp\/v2\/product"}],"about":[{"href":"https:\/\/massalagros.com\/fr\/wp-json\/wp\/v2\/types\/product"}],"wp:featuredmedia":[{"embeddable":true,"href":"https:\/\/massalagros.com\/fr\/wp-json\/wp\/v2\/media\/27571"}],"wp:attachment":[{"href":"https:\/\/massalagros.com\/fr\/wp-json\/wp\/v2\/media?parent=30251"}],"wp:term":[{"taxonomy":"product_brand","embeddable":true,"href":"https:\/\/massalagros.com\/fr\/wp-json\/wp\/v2\/product_brand?post=30251"},{"taxonomy":"product_cat","embeddable":true,"href":"https:\/\/massalagros.com\/fr\/wp-json\/wp\/v2\/product_cat?post=30251"},{"taxonomy":"product_tag","embeddable":true,"href":"https:\/\/massalagros.com\/fr\/wp-json\/wp\/v2\/product_tag?post=30251"}],"curies":[{"name":"wp","href":"https:\/\/api.w.org\/{rel}","templated":true}]}}