{"id":30249,"date":"2025-12-02T18:21:57","date_gmt":"2025-12-02T18:21:57","guid":{"rendered":"https:\/\/massalagros.com\/?post_type=product&#038;p=30249"},"modified":"2026-01-27T17:18:00","modified_gmt":"2026-01-27T17:18:00","slug":"experience-gastronomique","status":"publish","type":"product","link":"https:\/\/massalagros.com\/fr\/producto\/experience-gastronomique\/","title":{"rendered":"Exp\u00e9rience Gastronomique"},"content":{"rendered":"<p>L\u2019Exp\u00e9rience Gastronomique comprend l\u2019h\u00e9bergement en chambre double avec jardin, un petit-d\u00e9jeuner biologique \u00e9labor\u00e9 \u00e0 partir de produits locaux, ainsi que le menu d\u00e9gustation Albor au Restaurant 1497. Une proposition pens\u00e9e pour arriver sans h\u00e2te, se reposer entour\u00e9 de nature et savourer un d\u00eener qui met \u00e0 l\u2019honneur les produits biologiques et de saison. Au r\u00e9veil, le petit-d\u00e9jeuner vient compl\u00e9ter une exp\u00e9rience con\u00e7ue pour appr\u00e9cier Mas Salagros avec du temps, du calme et une attention port\u00e9e \u00e0 chaque d\u00e9tail \u2014 une proposition culinaire soigneusement \u00e9labor\u00e9e \u00e0 partir de produits biologiques et de saison, reflet de la cuisine m\u00e9diterran\u00e9enne durable du Restaurant 1497.<\/p>\n","protected":false},"excerpt":{"rendered":"<h3>L\u2019exp\u00e9rience id\u00e9ale pour les palais les plus exigeants.<\/h3>\n<p>Une invitation pour deux \u00e0 vivre l\u2019exp\u00e9rience et la cuisine biologique de Mas Salagros en toute tranquillit\u00e9 dans notre restaurant gastronomique 1497, r\u00e9compens\u00e9 par l\u2019\u00c9toile Verte Michelin et un Soleil Repsol, o\u00f9 chaque plat c\u00e9l\u00e8bre les produits de proximit\u00e9 et la saisonnalit\u00e9.<\/p>\n","protected":false},"featured_media":29380,"template":"","meta":{"_acf_changed":false},"product_brand":[],"product_cat":[1020],"product_tag":[1030,1047,1024],"class_list":{"0":"post-30249","1":"product","2":"type-product","3":"status-publish","4":"has-post-thumbnail","6":"product_cat-gastronomie","7":"product_tag-chambre-superieure","8":"product_tag-menu-degustation-albor","9":"product_tag-verre-de-bienvenue","11":"first","12":"instock","13":"virtual","14":"purchasable","15":"product-type-simple"},"acf":[],"yoast_head":"<!-- This site is optimized with the Yoast SEO plugin v27.2 - https:\/\/yoast.com\/product\/yoast-seo-wordpress\/ -->\n<title>Exp\u00e9rience Gastronomique &#8211; Mas Salagros<\/title>\n<meta name=\"description\" content=\"Une invitation pour deux \u00e0 vivre l\u2019exp\u00e9rience et la cuisine biologique de Mas Salagros en toute tranquillit\u00e9 dans notre restaurant gastronomique 1497.\" \/>\n<meta name=\"robots\" content=\"index, follow, max-snippet:-1, max-image-preview:large, max-video-preview:-1\" \/>\n<link rel=\"canonical\" href=\"https:\/\/massalagros.com\/fr\/producto\/experience-gastronomique\/\" \/>\n<meta property=\"og:locale\" content=\"fr_FR\" \/>\n<meta property=\"og:type\" content=\"article\" \/>\n<meta property=\"og:title\" content=\"Exp\u00e9rience Gastronomique &#8211; Mas Salagros\" \/>\n<meta property=\"og:description\" content=\"Une invitation pour deux \u00e0 vivre l\u2019exp\u00e9rience et la cuisine biologique de Mas Salagros en toute tranquillit\u00e9 dans notre restaurant gastronomique 1497.\" \/>\n<meta property=\"og:url\" content=\"https:\/\/massalagros.com\/fr\/producto\/experience-gastronomique\/\" \/>\n<meta property=\"og:site_name\" content=\"Mas Salagros\" \/>\n<meta property=\"article:publisher\" content=\"https:\/\/www.facebook.com\/MasSalagros\/\" \/>\n<meta property=\"article:modified_time\" content=\"2026-01-27T17:18:00+00:00\" \/>\n<meta property=\"og:image\" content=\"https:\/\/massalagros.com\/wp-content\/uploads\/2018\/05\/Alcachofas-rellenas-de-pluma-iberica-con-espuma-de-patata-trufada_7-e1764863935322.jpeg\" \/>\n\t<meta property=\"og:image:width\" content=\"1706\" \/>\n\t<meta property=\"og:image:height\" content=\"2560\" \/>\n\t<meta property=\"og:image:type\" content=\"image\/jpeg\" \/>\n<meta name=\"twitter:card\" content=\"summary_large_image\" \/>\n<meta name=\"twitter:site\" content=\"@MasSalagros\" \/>\n<meta name=\"twitter:label1\" content=\"Dur\u00e9e de lecture estim\u00e9e\" \/>\n\t<meta name=\"twitter:data1\" content=\"1 minute\" \/>\n<script type=\"application\/ld+json\" class=\"yoast-schema-graph\">{\"@context\":\"https:\/\/schema.org\",\"@graph\":[{\"@type\":\"WebPage\",\"@id\":\"https:\/\/massalagros.com\/fr\/producto\/experience-gastronomique\/\",\"url\":\"https:\/\/massalagros.com\/fr\/producto\/experience-gastronomique\/\",\"name\":\"Exp\u00e9rience Gastronomique &#8211; Mas Salagros\",\"isPartOf\":{\"@id\":\"https:\/\/www.massalagros.com\/fr\/#website\"},\"primaryImageOfPage\":{\"@id\":\"https:\/\/massalagros.com\/fr\/producto\/experience-gastronomique\/#primaryimage\"},\"image\":{\"@id\":\"https:\/\/massalagros.com\/fr\/producto\/experience-gastronomique\/#primaryimage\"},\"thumbnailUrl\":\"https:\/\/massalagros.com\/wp-content\/uploads\/2025\/12\/Experiencia_Menu-degustacion-1497_0002s_0000_1497-6-web.jpg\",\"datePublished\":\"2025-12-02T18:21:57+00:00\",\"dateModified\":\"2026-01-27T17:18:00+00:00\",\"description\":\"Une invitation pour deux \u00e0 vivre l\u2019exp\u00e9rience et la cuisine biologique de Mas Salagros en toute tranquillit\u00e9 dans notre restaurant gastronomique 1497.\",\"breadcrumb\":{\"@id\":\"https:\/\/massalagros.com\/fr\/producto\/experience-gastronomique\/#breadcrumb\"},\"inLanguage\":\"fr-FR\",\"potentialAction\":[{\"@type\":\"ReadAction\",\"target\":[\"https:\/\/massalagros.com\/fr\/producto\/experience-gastronomique\/\"]}]},{\"@type\":\"ImageObject\",\"inLanguage\":\"fr-FR\",\"@id\":\"https:\/\/massalagros.com\/fr\/producto\/experience-gastronomique\/#primaryimage\",\"url\":\"https:\/\/massalagros.com\/wp-content\/uploads\/2025\/12\/Experiencia_Menu-degustacion-1497_0002s_0000_1497-6-web.jpg\",\"contentUrl\":\"https:\/\/massalagros.com\/wp-content\/uploads\/2025\/12\/Experiencia_Menu-degustacion-1497_0002s_0000_1497-6-web.jpg\",\"width\":1920,\"height\":1080},{\"@type\":\"BreadcrumbList\",\"@id\":\"https:\/\/massalagros.com\/fr\/producto\/experience-gastronomique\/#breadcrumb\",\"itemListElement\":[{\"@type\":\"ListItem\",\"position\":1,\"name\":\"Portada\",\"item\":\"https:\/\/massalagros.com\/fr\/\"},{\"@type\":\"ListItem\",\"position\":2,\"name\":\"Boutique\",\"item\":\"https:\/\/massalagros.com\/fr\/boutique\/\"},{\"@type\":\"ListItem\",\"position\":3,\"name\":\"Exp\u00e9rience Gastronomique\"}]},{\"@type\":\"WebSite\",\"@id\":\"https:\/\/www.massalagros.com\/fr\/#website\",\"url\":\"https:\/\/www.massalagros.com\/fr\/\",\"name\":\"Mas Salagros\",\"description\":\"EcoResort de lujo en Barcelona - Vallromanes\",\"publisher\":{\"@id\":\"https:\/\/www.massalagros.com\/fr\/#organization\"},\"potentialAction\":[{\"@type\":\"SearchAction\",\"target\":{\"@type\":\"EntryPoint\",\"urlTemplate\":\"https:\/\/www.massalagros.com\/fr\/?s={search_term_string}\"},\"query-input\":{\"@type\":\"PropertyValueSpecification\",\"valueRequired\":true,\"valueName\":\"search_term_string\"}}],\"inLanguage\":\"fr-FR\"},{\"@type\":\"Organization\",\"@id\":\"https:\/\/www.massalagros.com\/fr\/#organization\",\"name\":\"MAS SALAGROS HOTEL ECORESORT\",\"url\":\"https:\/\/www.massalagros.com\/fr\/\",\"logo\":{\"@type\":\"ImageObject\",\"inLanguage\":\"fr-FR\",\"@id\":\"https:\/\/www.massalagros.com\/fr\/#\/schema\/logo\/image\/\",\"url\":\"\/wp-content\/uploads\/2018\/05\/IMG_0116.jpg\",\"contentUrl\":\"\/wp-content\/uploads\/2018\/05\/IMG_0116.jpg\",\"width\":2000,\"height\":1333,\"caption\":\"MAS SALAGROS HOTEL ECORESORT\"},\"image\":{\"@id\":\"https:\/\/www.massalagros.com\/fr\/#\/schema\/logo\/image\/\"},\"sameAs\":[\"https:\/\/www.facebook.com\/MasSalagros\/\",\"https:\/\/x.com\/MasSalagros\",\"https:\/\/www.instagram.com\/massalagrosecoresort\/\"]}]}<\/script>\n<!-- \/ Yoast SEO plugin. -->","yoast_head_json":{"title":"Exp\u00e9rience Gastronomique &#8211; Mas Salagros","description":"Une invitation pour deux \u00e0 vivre l\u2019exp\u00e9rience et la cuisine biologique de Mas Salagros en toute tranquillit\u00e9 dans notre restaurant gastronomique 1497.","robots":{"index":"index","follow":"follow","max-snippet":"max-snippet:-1","max-image-preview":"max-image-preview:large","max-video-preview":"max-video-preview:-1"},"canonical":"https:\/\/massalagros.com\/fr\/producto\/experience-gastronomique\/","og_locale":"fr_FR","og_type":"article","og_title":"Exp\u00e9rience Gastronomique &#8211; Mas Salagros","og_description":"Une invitation pour deux \u00e0 vivre l\u2019exp\u00e9rience et la cuisine biologique de Mas Salagros en toute tranquillit\u00e9 dans notre restaurant gastronomique 1497.","og_url":"https:\/\/massalagros.com\/fr\/producto\/experience-gastronomique\/","og_site_name":"Mas Salagros","article_publisher":"https:\/\/www.facebook.com\/MasSalagros\/","article_modified_time":"2026-01-27T17:18:00+00:00","og_image":[{"width":1706,"height":2560,"url":"https:\/\/massalagros.com\/wp-content\/uploads\/2018\/05\/Alcachofas-rellenas-de-pluma-iberica-con-espuma-de-patata-trufada_7-e1764863935322.jpeg","type":"image\/jpeg"}],"twitter_card":"summary_large_image","twitter_site":"@MasSalagros","twitter_misc":{"Dur\u00e9e de lecture estim\u00e9e":"1 minute"},"schema":{"@context":"https:\/\/schema.org","@graph":[{"@type":"WebPage","@id":"https:\/\/massalagros.com\/fr\/producto\/experience-gastronomique\/","url":"https:\/\/massalagros.com\/fr\/producto\/experience-gastronomique\/","name":"Exp\u00e9rience Gastronomique &#8211; Mas Salagros","isPartOf":{"@id":"https:\/\/www.massalagros.com\/fr\/#website"},"primaryImageOfPage":{"@id":"https:\/\/massalagros.com\/fr\/producto\/experience-gastronomique\/#primaryimage"},"image":{"@id":"https:\/\/massalagros.com\/fr\/producto\/experience-gastronomique\/#primaryimage"},"thumbnailUrl":"https:\/\/massalagros.com\/wp-content\/uploads\/2025\/12\/Experiencia_Menu-degustacion-1497_0002s_0000_1497-6-web.jpg","datePublished":"2025-12-02T18:21:57+00:00","dateModified":"2026-01-27T17:18:00+00:00","description":"Une invitation pour deux \u00e0 vivre l\u2019exp\u00e9rience et la cuisine biologique de Mas Salagros en toute tranquillit\u00e9 dans notre restaurant gastronomique 1497.","breadcrumb":{"@id":"https:\/\/massalagros.com\/fr\/producto\/experience-gastronomique\/#breadcrumb"},"inLanguage":"fr-FR","potentialAction":[{"@type":"ReadAction","target":["https:\/\/massalagros.com\/fr\/producto\/experience-gastronomique\/"]}]},{"@type":"ImageObject","inLanguage":"fr-FR","@id":"https:\/\/massalagros.com\/fr\/producto\/experience-gastronomique\/#primaryimage","url":"https:\/\/massalagros.com\/wp-content\/uploads\/2025\/12\/Experiencia_Menu-degustacion-1497_0002s_0000_1497-6-web.jpg","contentUrl":"https:\/\/massalagros.com\/wp-content\/uploads\/2025\/12\/Experiencia_Menu-degustacion-1497_0002s_0000_1497-6-web.jpg","width":1920,"height":1080},{"@type":"BreadcrumbList","@id":"https:\/\/massalagros.com\/fr\/producto\/experience-gastronomique\/#breadcrumb","itemListElement":[{"@type":"ListItem","position":1,"name":"Portada","item":"https:\/\/massalagros.com\/fr\/"},{"@type":"ListItem","position":2,"name":"Boutique","item":"https:\/\/massalagros.com\/fr\/boutique\/"},{"@type":"ListItem","position":3,"name":"Exp\u00e9rience Gastronomique"}]},{"@type":"WebSite","@id":"https:\/\/www.massalagros.com\/fr\/#website","url":"https:\/\/www.massalagros.com\/fr\/","name":"Mas Salagros","description":"EcoResort de lujo en Barcelona - Vallromanes","publisher":{"@id":"https:\/\/www.massalagros.com\/fr\/#organization"},"potentialAction":[{"@type":"SearchAction","target":{"@type":"EntryPoint","urlTemplate":"https:\/\/www.massalagros.com\/fr\/?s={search_term_string}"},"query-input":{"@type":"PropertyValueSpecification","valueRequired":true,"valueName":"search_term_string"}}],"inLanguage":"fr-FR"},{"@type":"Organization","@id":"https:\/\/www.massalagros.com\/fr\/#organization","name":"MAS SALAGROS HOTEL ECORESORT","url":"https:\/\/www.massalagros.com\/fr\/","logo":{"@type":"ImageObject","inLanguage":"fr-FR","@id":"https:\/\/www.massalagros.com\/fr\/#\/schema\/logo\/image\/","url":"\/wp-content\/uploads\/2018\/05\/IMG_0116.jpg","contentUrl":"\/wp-content\/uploads\/2018\/05\/IMG_0116.jpg","width":2000,"height":1333,"caption":"MAS SALAGROS HOTEL ECORESORT"},"image":{"@id":"https:\/\/www.massalagros.com\/fr\/#\/schema\/logo\/image\/"},"sameAs":["https:\/\/www.facebook.com\/MasSalagros\/","https:\/\/x.com\/MasSalagros","https:\/\/www.instagram.com\/massalagrosecoresort\/"]}]}},"_links":{"self":[{"href":"https:\/\/massalagros.com\/fr\/wp-json\/wp\/v2\/product\/30249","targetHints":{"allow":["GET"]}}],"collection":[{"href":"https:\/\/massalagros.com\/fr\/wp-json\/wp\/v2\/product"}],"about":[{"href":"https:\/\/massalagros.com\/fr\/wp-json\/wp\/v2\/types\/product"}],"wp:featuredmedia":[{"embeddable":true,"href":"https:\/\/massalagros.com\/fr\/wp-json\/wp\/v2\/media\/29380"}],"wp:attachment":[{"href":"https:\/\/massalagros.com\/fr\/wp-json\/wp\/v2\/media?parent=30249"}],"wp:term":[{"taxonomy":"product_brand","embeddable":true,"href":"https:\/\/massalagros.com\/fr\/wp-json\/wp\/v2\/product_brand?post=30249"},{"taxonomy":"product_cat","embeddable":true,"href":"https:\/\/massalagros.com\/fr\/wp-json\/wp\/v2\/product_cat?post=30249"},{"taxonomy":"product_tag","embeddable":true,"href":"https:\/\/massalagros.com\/fr\/wp-json\/wp\/v2\/product_tag?post=30249"}],"curies":[{"name":"wp","href":"https:\/\/api.w.org\/{rel}","templated":true}]}}