{"id":30248,"date":"2025-12-02T19:02:51","date_gmt":"2025-12-02T19:02:51","guid":{"rendered":"https:\/\/massalagros.com\/?post_type=product&#038;p=30248"},"modified":"2026-01-27T16:47:40","modified_gmt":"2026-01-27T16:47:40","slug":"5-sens","status":"publish","type":"product","link":"https:\/\/massalagros.com\/fr\/producto\/5-sens\/","title":{"rendered":"5 Sens"},"content":{"rendered":"<p>5 Sens comprend l\u2019h\u00e9bergement dans l\u2019une de nos suites exclusives de la Masia, un petit-d\u00e9jeuner biologique, l\u2019acc\u00e8s au circuit d\u2019eaux de AIRE Ancient Baths Vallromanes, ainsi qu\u2019une exp\u00e9rience gastronomique au Restaurant 1497, r\u00e9compens\u00e9 par une \u00c9toile Verte Michelin et un Soleil Repsol. Une proposition pens\u00e9e pour vivre Mas Salagros de mani\u00e8re globale, en combinant repos de qualit\u00e9, bien-\u00eatre et cuisine biologique. Le tout se d\u00e9roule dans un cadre soign\u00e9 et paisible, o\u00f9 chaque service accompagne un s\u00e9jour \u00e9quilibr\u00e9 et confortable.<\/p>\n","protected":false},"excerpt":{"rendered":"<h3>Bien-\u00eatre, repos et gastronomie en parfait \u00e9quilibre.<\/h3>\n<p>D\u00e9couvrez le luxe incomparable de Mas Salagros. Une exp\u00e9rience compl\u00e8te qui associe h\u00e9bergement, bien-\u00eatre et gastronomie biologique, le tout dans un environnement naturel unique, pens\u00e9 pour ralentir et se reconnecter \u00e0 l\u2019essentiel.<\/p>\n","protected":false},"featured_media":29240,"template":"","meta":{"_acf_changed":false},"product_brand":[],"product_cat":[972],"product_tag":[1022,1033,1041,1026,1044,1024],"class_list":{"0":"post-30248","1":"product","2":"type-product","3":"status-publish","4":"has-post-thumbnail","6":"product_cat-ecoresort","7":"product_tag-circuit-thermal","8":"product_tag-massage","9":"product_tag-menu-degustation-1497","10":"product_tag-petit-dejeuner-bio","11":"product_tag-suite-masia","12":"product_tag-verre-de-bienvenue","14":"first","15":"instock","16":"virtual","17":"purchasable","18":"product-type-simple"},"acf":[],"yoast_head":"<!-- This site is optimized with the Yoast SEO plugin v27.4 - https:\/\/yoast.com\/product\/yoast-seo-wordpress\/ -->\n<title>5 Sens &#8211; Mas Salagros<\/title>\n<meta name=\"description\" content=\"D\u00e9couvrez le luxe incomparable de Mas Salagros. Une exp\u00e9rience compl\u00e8te qui associe h\u00e9bergement, bien-\u00eatre et gastronomie biologique.\" \/>\n<meta name=\"robots\" content=\"index, follow, max-snippet:-1, max-image-preview:large, max-video-preview:-1\" \/>\n<link rel=\"canonical\" href=\"https:\/\/massalagros.com\/fr\/producto\/5-sens\/\" \/>\n<meta property=\"og:locale\" content=\"fr_FR\" \/>\n<meta property=\"og:type\" content=\"article\" \/>\n<meta property=\"og:title\" content=\"5 Sens &#8211; Mas Salagros\" \/>\n<meta property=\"og:description\" content=\"D\u00e9couvrez le luxe incomparable de Mas Salagros. Une exp\u00e9rience compl\u00e8te qui associe h\u00e9bergement, bien-\u00eatre et gastronomie biologique.\" \/>\n<meta property=\"og:url\" content=\"https:\/\/massalagros.com\/fr\/producto\/5-sens\/\" \/>\n<meta property=\"og:site_name\" content=\"Mas Salagros\" \/>\n<meta property=\"article:publisher\" content=\"https:\/\/www.facebook.com\/MasSalagros\/\" \/>\n<meta property=\"article:modified_time\" content=\"2026-01-27T16:47:40+00:00\" \/>\n<meta property=\"og:image\" content=\"https:\/\/massalagros.com\/wp-content\/uploads\/2025\/12\/Experiencia_Mas-Salagros-Plus_0005s_0002_Suite-Salvia-web.jpg\" \/>\n\t<meta property=\"og:image:width\" content=\"1920\" \/>\n\t<meta property=\"og:image:height\" content=\"1080\" \/>\n\t<meta property=\"og:image:type\" content=\"image\/jpeg\" \/>\n<meta name=\"twitter:card\" content=\"summary_large_image\" \/>\n<meta name=\"twitter:site\" content=\"@MasSalagros\" \/>\n<meta name=\"twitter:label1\" content=\"Dur\u00e9e de lecture estim\u00e9e\" \/>\n\t<meta name=\"twitter:data1\" content=\"1 minute\" \/>\n<script type=\"application\/ld+json\" class=\"yoast-schema-graph\">{\"@context\":\"https:\\\/\\\/schema.org\",\"@graph\":[{\"@type\":\"WebPage\",\"@id\":\"https:\\\/\\\/massalagros.com\\\/fr\\\/producto\\\/5-sens\\\/\",\"url\":\"https:\\\/\\\/massalagros.com\\\/fr\\\/producto\\\/5-sens\\\/\",\"name\":\"5 Sens &#8211; Mas Salagros\",\"isPartOf\":{\"@id\":\"https:\\\/\\\/www.massalagros.com\\\/fr\\\/#website\"},\"primaryImageOfPage\":{\"@id\":\"https:\\\/\\\/massalagros.com\\\/fr\\\/producto\\\/5-sens\\\/#primaryimage\"},\"image\":{\"@id\":\"https:\\\/\\\/massalagros.com\\\/fr\\\/producto\\\/5-sens\\\/#primaryimage\"},\"thumbnailUrl\":\"https:\\\/\\\/massalagros.com\\\/wp-content\\\/uploads\\\/2025\\\/12\\\/Experiencia_Mas-Salagros-Plus_0005s_0002_Suite-Salvia-web.jpg\",\"datePublished\":\"2025-12-02T19:02:51+00:00\",\"dateModified\":\"2026-01-27T16:47:40+00:00\",\"description\":\"D\u00e9couvrez le luxe incomparable de Mas Salagros. Une exp\u00e9rience compl\u00e8te qui associe h\u00e9bergement, bien-\u00eatre et gastronomie biologique.\",\"breadcrumb\":{\"@id\":\"https:\\\/\\\/massalagros.com\\\/fr\\\/producto\\\/5-sens\\\/#breadcrumb\"},\"inLanguage\":\"fr-FR\",\"potentialAction\":[{\"@type\":\"ReadAction\",\"target\":[\"https:\\\/\\\/massalagros.com\\\/fr\\\/producto\\\/5-sens\\\/\"]}]},{\"@type\":\"ImageObject\",\"inLanguage\":\"fr-FR\",\"@id\":\"https:\\\/\\\/massalagros.com\\\/fr\\\/producto\\\/5-sens\\\/#primaryimage\",\"url\":\"https:\\\/\\\/massalagros.com\\\/wp-content\\\/uploads\\\/2025\\\/12\\\/Experiencia_Mas-Salagros-Plus_0005s_0002_Suite-Salvia-web.jpg\",\"contentUrl\":\"https:\\\/\\\/massalagros.com\\\/wp-content\\\/uploads\\\/2025\\\/12\\\/Experiencia_Mas-Salagros-Plus_0005s_0002_Suite-Salvia-web.jpg\",\"width\":1920,\"height\":1080},{\"@type\":\"BreadcrumbList\",\"@id\":\"https:\\\/\\\/massalagros.com\\\/fr\\\/producto\\\/5-sens\\\/#breadcrumb\",\"itemListElement\":[{\"@type\":\"ListItem\",\"position\":1,\"name\":\"Portada\",\"item\":\"https:\\\/\\\/massalagros.com\\\/fr\\\/\"},{\"@type\":\"ListItem\",\"position\":2,\"name\":\"Boutique\",\"item\":\"https:\\\/\\\/massalagros.com\\\/fr\\\/boutique\\\/\"},{\"@type\":\"ListItem\",\"position\":3,\"name\":\"5 Sens\"}]},{\"@type\":\"WebSite\",\"@id\":\"https:\\\/\\\/www.massalagros.com\\\/fr\\\/#website\",\"url\":\"https:\\\/\\\/www.massalagros.com\\\/fr\\\/\",\"name\":\"Mas Salagros\",\"description\":\"EcoResort de lujo en Barcelona - Vallromanes\",\"publisher\":{\"@id\":\"https:\\\/\\\/www.massalagros.com\\\/fr\\\/#organization\"},\"potentialAction\":[{\"@type\":\"SearchAction\",\"target\":{\"@type\":\"EntryPoint\",\"urlTemplate\":\"https:\\\/\\\/www.massalagros.com\\\/fr\\\/?s={search_term_string}\"},\"query-input\":{\"@type\":\"PropertyValueSpecification\",\"valueRequired\":true,\"valueName\":\"search_term_string\"}}],\"inLanguage\":\"fr-FR\"},{\"@type\":\"Organization\",\"@id\":\"https:\\\/\\\/www.massalagros.com\\\/fr\\\/#organization\",\"name\":\"MAS SALAGROS HOTEL ECORESORT\",\"url\":\"https:\\\/\\\/www.massalagros.com\\\/fr\\\/\",\"logo\":{\"@type\":\"ImageObject\",\"inLanguage\":\"fr-FR\",\"@id\":\"https:\\\/\\\/www.massalagros.com\\\/fr\\\/#\\\/schema\\\/logo\\\/image\\\/\",\"url\":\"\\\/wp-content\\\/uploads\\\/2018\\\/05\\\/IMG_0116.jpg\",\"contentUrl\":\"\\\/wp-content\\\/uploads\\\/2018\\\/05\\\/IMG_0116.jpg\",\"width\":2000,\"height\":1333,\"caption\":\"MAS SALAGROS HOTEL ECORESORT\"},\"image\":{\"@id\":\"https:\\\/\\\/www.massalagros.com\\\/fr\\\/#\\\/schema\\\/logo\\\/image\\\/\"},\"sameAs\":[\"https:\\\/\\\/www.facebook.com\\\/MasSalagros\\\/\",\"https:\\\/\\\/x.com\\\/MasSalagros\",\"https:\\\/\\\/www.instagram.com\\\/massalagrosecoresort\\\/\"]}]}<\/script>\n<!-- \/ Yoast SEO plugin. -->","yoast_head_json":{"title":"5 Sens &#8211; Mas Salagros","description":"D\u00e9couvrez le luxe incomparable de Mas Salagros. Une exp\u00e9rience compl\u00e8te qui associe h\u00e9bergement, bien-\u00eatre et gastronomie biologique.","robots":{"index":"index","follow":"follow","max-snippet":"max-snippet:-1","max-image-preview":"max-image-preview:large","max-video-preview":"max-video-preview:-1"},"canonical":"https:\/\/massalagros.com\/fr\/producto\/5-sens\/","og_locale":"fr_FR","og_type":"article","og_title":"5 Sens &#8211; Mas Salagros","og_description":"D\u00e9couvrez le luxe incomparable de Mas Salagros. Une exp\u00e9rience compl\u00e8te qui associe h\u00e9bergement, bien-\u00eatre et gastronomie biologique.","og_url":"https:\/\/massalagros.com\/fr\/producto\/5-sens\/","og_site_name":"Mas Salagros","article_publisher":"https:\/\/www.facebook.com\/MasSalagros\/","article_modified_time":"2026-01-27T16:47:40+00:00","og_image":[{"width":1920,"height":1080,"url":"https:\/\/massalagros.com\/wp-content\/uploads\/2025\/12\/Experiencia_Mas-Salagros-Plus_0005s_0002_Suite-Salvia-web.jpg","type":"image\/jpeg"}],"twitter_card":"summary_large_image","twitter_site":"@MasSalagros","twitter_misc":{"Dur\u00e9e de lecture estim\u00e9e":"1 minute"},"schema":{"@context":"https:\/\/schema.org","@graph":[{"@type":"WebPage","@id":"https:\/\/massalagros.com\/fr\/producto\/5-sens\/","url":"https:\/\/massalagros.com\/fr\/producto\/5-sens\/","name":"5 Sens &#8211; Mas Salagros","isPartOf":{"@id":"https:\/\/www.massalagros.com\/fr\/#website"},"primaryImageOfPage":{"@id":"https:\/\/massalagros.com\/fr\/producto\/5-sens\/#primaryimage"},"image":{"@id":"https:\/\/massalagros.com\/fr\/producto\/5-sens\/#primaryimage"},"thumbnailUrl":"https:\/\/massalagros.com\/wp-content\/uploads\/2025\/12\/Experiencia_Mas-Salagros-Plus_0005s_0002_Suite-Salvia-web.jpg","datePublished":"2025-12-02T19:02:51+00:00","dateModified":"2026-01-27T16:47:40+00:00","description":"D\u00e9couvrez le luxe incomparable de Mas Salagros. Une exp\u00e9rience compl\u00e8te qui associe h\u00e9bergement, bien-\u00eatre et gastronomie biologique.","breadcrumb":{"@id":"https:\/\/massalagros.com\/fr\/producto\/5-sens\/#breadcrumb"},"inLanguage":"fr-FR","potentialAction":[{"@type":"ReadAction","target":["https:\/\/massalagros.com\/fr\/producto\/5-sens\/"]}]},{"@type":"ImageObject","inLanguage":"fr-FR","@id":"https:\/\/massalagros.com\/fr\/producto\/5-sens\/#primaryimage","url":"https:\/\/massalagros.com\/wp-content\/uploads\/2025\/12\/Experiencia_Mas-Salagros-Plus_0005s_0002_Suite-Salvia-web.jpg","contentUrl":"https:\/\/massalagros.com\/wp-content\/uploads\/2025\/12\/Experiencia_Mas-Salagros-Plus_0005s_0002_Suite-Salvia-web.jpg","width":1920,"height":1080},{"@type":"BreadcrumbList","@id":"https:\/\/massalagros.com\/fr\/producto\/5-sens\/#breadcrumb","itemListElement":[{"@type":"ListItem","position":1,"name":"Portada","item":"https:\/\/massalagros.com\/fr\/"},{"@type":"ListItem","position":2,"name":"Boutique","item":"https:\/\/massalagros.com\/fr\/boutique\/"},{"@type":"ListItem","position":3,"name":"5 Sens"}]},{"@type":"WebSite","@id":"https:\/\/www.massalagros.com\/fr\/#website","url":"https:\/\/www.massalagros.com\/fr\/","name":"Mas Salagros","description":"EcoResort de lujo en Barcelona - Vallromanes","publisher":{"@id":"https:\/\/www.massalagros.com\/fr\/#organization"},"potentialAction":[{"@type":"SearchAction","target":{"@type":"EntryPoint","urlTemplate":"https:\/\/www.massalagros.com\/fr\/?s={search_term_string}"},"query-input":{"@type":"PropertyValueSpecification","valueRequired":true,"valueName":"search_term_string"}}],"inLanguage":"fr-FR"},{"@type":"Organization","@id":"https:\/\/www.massalagros.com\/fr\/#organization","name":"MAS SALAGROS HOTEL ECORESORT","url":"https:\/\/www.massalagros.com\/fr\/","logo":{"@type":"ImageObject","inLanguage":"fr-FR","@id":"https:\/\/www.massalagros.com\/fr\/#\/schema\/logo\/image\/","url":"\/wp-content\/uploads\/2018\/05\/IMG_0116.jpg","contentUrl":"\/wp-content\/uploads\/2018\/05\/IMG_0116.jpg","width":2000,"height":1333,"caption":"MAS SALAGROS HOTEL ECORESORT"},"image":{"@id":"https:\/\/www.massalagros.com\/fr\/#\/schema\/logo\/image\/"},"sameAs":["https:\/\/www.facebook.com\/MasSalagros\/","https:\/\/x.com\/MasSalagros","https:\/\/www.instagram.com\/massalagrosecoresort\/"]}]}},"_links":{"self":[{"href":"https:\/\/massalagros.com\/fr\/wp-json\/wp\/v2\/product\/30248","targetHints":{"allow":["GET"]}}],"collection":[{"href":"https:\/\/massalagros.com\/fr\/wp-json\/wp\/v2\/product"}],"about":[{"href":"https:\/\/massalagros.com\/fr\/wp-json\/wp\/v2\/types\/product"}],"wp:featuredmedia":[{"embeddable":true,"href":"https:\/\/massalagros.com\/fr\/wp-json\/wp\/v2\/media\/29240"}],"wp:attachment":[{"href":"https:\/\/massalagros.com\/fr\/wp-json\/wp\/v2\/media?parent=30248"}],"wp:term":[{"taxonomy":"product_brand","embeddable":true,"href":"https:\/\/massalagros.com\/fr\/wp-json\/wp\/v2\/product_brand?post=30248"},{"taxonomy":"product_cat","embeddable":true,"href":"https:\/\/massalagros.com\/fr\/wp-json\/wp\/v2\/product_cat?post=30248"},{"taxonomy":"product_tag","embeddable":true,"href":"https:\/\/massalagros.com\/fr\/wp-json\/wp\/v2\/product_tag?post=30248"}],"curies":[{"name":"wp","href":"https:\/\/api.w.org\/{rel}","templated":true}]}}