{"id":30230,"date":"2025-12-02T18:14:28","date_gmt":"2025-12-02T18:14:28","guid":{"rendered":"https:\/\/massalagros.com\/?post_type=product&#038;p=30230"},"modified":"2026-01-27T12:19:32","modified_gmt":"2026-01-27T12:19:32","slug":"menu-degustation-albor-et-selection-de-vins","status":"publish","type":"product","link":"https:\/\/massalagros.com\/fr\/producto\/menu-degustation-albor-et-selection-de-vins\/","title":{"rendered":"Menu d\u00e9gustation Albor et s\u00e9lection de vins"},"content":{"rendered":"<p>Le menu d\u00e9gustation Albor propose un parcours culinaire en plusieurs temps, \u00e9labor\u00e9 \u00e0 partir de produits biologiques et de saison, dont beaucoup proviennent du potager de Mas Salagros, des amuse-bouches cr\u00e9atifs aux plats de la mer et de la terre. L\u2019exp\u00e9rience est accompagn\u00e9e d\u2019une s\u00e9lection de vins biodynamiques qui mettent en valeur chaque cr\u00e9ation avec \u00e9quilibre et subtilit\u00e9. Con\u00e7u pour celles et ceux qui recherchent une gastronomie raffin\u00e9e, durable et profond\u00e9ment ancr\u00e9e dans la tradition m\u00e9diterran\u00e9enne, le tout dans un cadre serein o\u00f9 chaque d\u00e9tail est soigneusement pens\u00e9.<\/p>\n","protected":false},"excerpt":{"rendered":"<h3>Cuisine biologique de saison, soign\u00e9e dans les moindres d\u00e9tails.<\/h3>\n<p>Un menu d\u00e9gustation pour deux personnes, r\u00e9compens\u00e9 par l\u2019\u00c9toile Verte Michelin et un Soleil Repsol, qui c\u00e9l\u00e8bre la cuisine m\u00e9diterran\u00e9enne biologique \u00e0 travers des produits de saison, accompagn\u00e9 d\u2019une s\u00e9lection de vins de la r\u00e9gion pens\u00e9e pour sublimer chaque plat.<\/p>\n","protected":false},"featured_media":29407,"template":"","meta":{"_acf_changed":false},"product_brand":[],"product_cat":[1020],"product_tag":[1047],"class_list":{"0":"post-30230","1":"product","2":"type-product","3":"status-publish","4":"has-post-thumbnail","6":"product_cat-gastronomie","7":"product_tag-menu-degustation-albor","9":"first","10":"instock","11":"sale","12":"virtual","13":"purchasable","14":"product-type-simple"},"acf":[],"yoast_head":"<!-- This site is optimized with the Yoast SEO plugin v27.2 - https:\/\/yoast.com\/product\/yoast-seo-wordpress\/ -->\n<title>Menu d\u00e9gustation Albor et s\u00e9lection de vins &#8211; Mas Salagros<\/title>\n<meta name=\"description\" content=\"Un menu d\u00e9gustation pour deux personnes, r\u00e9compens\u00e9 par l\u2019\u00c9toile Verte Michelin et un Soleil Repsol, qui c\u00e9l\u00e8bre la cuisine m\u00e9diterran\u00e9enne biologique.\" \/>\n<meta name=\"robots\" content=\"index, follow, max-snippet:-1, max-image-preview:large, max-video-preview:-1\" \/>\n<link rel=\"canonical\" href=\"https:\/\/massalagros.com\/fr\/producto\/menu-degustation-albor-et-selection-de-vins\/\" \/>\n<meta property=\"og:locale\" content=\"fr_FR\" \/>\n<meta property=\"og:type\" content=\"article\" \/>\n<meta property=\"og:title\" content=\"Menu d\u00e9gustation Albor et s\u00e9lection de vins &#8211; Mas Salagros\" \/>\n<meta property=\"og:description\" content=\"Un menu d\u00e9gustation pour deux personnes, r\u00e9compens\u00e9 par l\u2019\u00c9toile Verte Michelin et un Soleil Repsol, qui c\u00e9l\u00e8bre la cuisine m\u00e9diterran\u00e9enne biologique.\" \/>\n<meta property=\"og:url\" content=\"https:\/\/massalagros.com\/fr\/producto\/menu-degustation-albor-et-selection-de-vins\/\" \/>\n<meta property=\"og:site_name\" content=\"Mas Salagros\" \/>\n<meta property=\"article:publisher\" content=\"https:\/\/www.facebook.com\/MasSalagros\/\" \/>\n<meta property=\"article:modified_time\" content=\"2026-01-27T12:19:32+00:00\" \/>\n<meta property=\"og:image\" content=\"https:\/\/massalagros.com\/wp-content\/uploads\/2025\/12\/Experiencia_Albor_0000s_0005_Albor-3-web.jpg\" \/>\n\t<meta property=\"og:image:width\" content=\"1920\" \/>\n\t<meta property=\"og:image:height\" content=\"1080\" \/>\n\t<meta property=\"og:image:type\" content=\"image\/jpeg\" \/>\n<meta name=\"twitter:card\" content=\"summary_large_image\" \/>\n<meta name=\"twitter:site\" content=\"@MasSalagros\" \/>\n<meta name=\"twitter:label1\" content=\"Dur\u00e9e de lecture estim\u00e9e\" \/>\n\t<meta name=\"twitter:data1\" content=\"1 minute\" \/>\n<script type=\"application\/ld+json\" class=\"yoast-schema-graph\">{\"@context\":\"https:\/\/schema.org\",\"@graph\":[{\"@type\":\"WebPage\",\"@id\":\"https:\/\/massalagros.com\/fr\/producto\/menu-degustation-albor-et-selection-de-vins\/\",\"url\":\"https:\/\/massalagros.com\/fr\/producto\/menu-degustation-albor-et-selection-de-vins\/\",\"name\":\"Menu d\u00e9gustation Albor et s\u00e9lection de vins &#8211; Mas Salagros\",\"isPartOf\":{\"@id\":\"https:\/\/www.massalagros.com\/fr\/#website\"},\"primaryImageOfPage\":{\"@id\":\"https:\/\/massalagros.com\/fr\/producto\/menu-degustation-albor-et-selection-de-vins\/#primaryimage\"},\"image\":{\"@id\":\"https:\/\/massalagros.com\/fr\/producto\/menu-degustation-albor-et-selection-de-vins\/#primaryimage\"},\"thumbnailUrl\":\"https:\/\/massalagros.com\/wp-content\/uploads\/2025\/12\/Experiencia_Albor_0000s_0005_Albor-3-web.jpg\",\"datePublished\":\"2025-12-02T18:14:28+00:00\",\"dateModified\":\"2026-01-27T12:19:32+00:00\",\"description\":\"Un menu d\u00e9gustation pour deux personnes, r\u00e9compens\u00e9 par l\u2019\u00c9toile Verte Michelin et un Soleil Repsol, qui c\u00e9l\u00e8bre la cuisine m\u00e9diterran\u00e9enne biologique.\",\"breadcrumb\":{\"@id\":\"https:\/\/massalagros.com\/fr\/producto\/menu-degustation-albor-et-selection-de-vins\/#breadcrumb\"},\"inLanguage\":\"fr-FR\",\"potentialAction\":[{\"@type\":\"ReadAction\",\"target\":[\"https:\/\/massalagros.com\/fr\/producto\/menu-degustation-albor-et-selection-de-vins\/\"]}]},{\"@type\":\"ImageObject\",\"inLanguage\":\"fr-FR\",\"@id\":\"https:\/\/massalagros.com\/fr\/producto\/menu-degustation-albor-et-selection-de-vins\/#primaryimage\",\"url\":\"https:\/\/massalagros.com\/wp-content\/uploads\/2025\/12\/Experiencia_Albor_0000s_0005_Albor-3-web.jpg\",\"contentUrl\":\"https:\/\/massalagros.com\/wp-content\/uploads\/2025\/12\/Experiencia_Albor_0000s_0005_Albor-3-web.jpg\",\"width\":1920,\"height\":1080},{\"@type\":\"BreadcrumbList\",\"@id\":\"https:\/\/massalagros.com\/fr\/producto\/menu-degustation-albor-et-selection-de-vins\/#breadcrumb\",\"itemListElement\":[{\"@type\":\"ListItem\",\"position\":1,\"name\":\"Portada\",\"item\":\"https:\/\/massalagros.com\/fr\/\"},{\"@type\":\"ListItem\",\"position\":2,\"name\":\"Boutique\",\"item\":\"https:\/\/massalagros.com\/fr\/boutique\/\"},{\"@type\":\"ListItem\",\"position\":3,\"name\":\"Menu d\u00e9gustation Albor et s\u00e9lection de vins\"}]},{\"@type\":\"WebSite\",\"@id\":\"https:\/\/www.massalagros.com\/fr\/#website\",\"url\":\"https:\/\/www.massalagros.com\/fr\/\",\"name\":\"Mas Salagros\",\"description\":\"EcoResort de lujo en Barcelona - Vallromanes\",\"publisher\":{\"@id\":\"https:\/\/www.massalagros.com\/fr\/#organization\"},\"potentialAction\":[{\"@type\":\"SearchAction\",\"target\":{\"@type\":\"EntryPoint\",\"urlTemplate\":\"https:\/\/www.massalagros.com\/fr\/?s={search_term_string}\"},\"query-input\":{\"@type\":\"PropertyValueSpecification\",\"valueRequired\":true,\"valueName\":\"search_term_string\"}}],\"inLanguage\":\"fr-FR\"},{\"@type\":\"Organization\",\"@id\":\"https:\/\/www.massalagros.com\/fr\/#organization\",\"name\":\"MAS SALAGROS HOTEL ECORESORT\",\"url\":\"https:\/\/www.massalagros.com\/fr\/\",\"logo\":{\"@type\":\"ImageObject\",\"inLanguage\":\"fr-FR\",\"@id\":\"https:\/\/www.massalagros.com\/fr\/#\/schema\/logo\/image\/\",\"url\":\"\/wp-content\/uploads\/2018\/05\/IMG_0116.jpg\",\"contentUrl\":\"\/wp-content\/uploads\/2018\/05\/IMG_0116.jpg\",\"width\":2000,\"height\":1333,\"caption\":\"MAS SALAGROS HOTEL ECORESORT\"},\"image\":{\"@id\":\"https:\/\/www.massalagros.com\/fr\/#\/schema\/logo\/image\/\"},\"sameAs\":[\"https:\/\/www.facebook.com\/MasSalagros\/\",\"https:\/\/x.com\/MasSalagros\",\"https:\/\/www.instagram.com\/massalagrosecoresort\/\"]}]}<\/script>\n<!-- \/ Yoast SEO plugin. -->","yoast_head_json":{"title":"Menu d\u00e9gustation Albor et s\u00e9lection de vins &#8211; Mas Salagros","description":"Un menu d\u00e9gustation pour deux personnes, r\u00e9compens\u00e9 par l\u2019\u00c9toile Verte Michelin et un Soleil Repsol, qui c\u00e9l\u00e8bre la cuisine m\u00e9diterran\u00e9enne biologique.","robots":{"index":"index","follow":"follow","max-snippet":"max-snippet:-1","max-image-preview":"max-image-preview:large","max-video-preview":"max-video-preview:-1"},"canonical":"https:\/\/massalagros.com\/fr\/producto\/menu-degustation-albor-et-selection-de-vins\/","og_locale":"fr_FR","og_type":"article","og_title":"Menu d\u00e9gustation Albor et s\u00e9lection de vins &#8211; Mas Salagros","og_description":"Un menu d\u00e9gustation pour deux personnes, r\u00e9compens\u00e9 par l\u2019\u00c9toile Verte Michelin et un Soleil Repsol, qui c\u00e9l\u00e8bre la cuisine m\u00e9diterran\u00e9enne biologique.","og_url":"https:\/\/massalagros.com\/fr\/producto\/menu-degustation-albor-et-selection-de-vins\/","og_site_name":"Mas Salagros","article_publisher":"https:\/\/www.facebook.com\/MasSalagros\/","article_modified_time":"2026-01-27T12:19:32+00:00","og_image":[{"width":1920,"height":1080,"url":"https:\/\/massalagros.com\/wp-content\/uploads\/2025\/12\/Experiencia_Albor_0000s_0005_Albor-3-web.jpg","type":"image\/jpeg"}],"twitter_card":"summary_large_image","twitter_site":"@MasSalagros","twitter_misc":{"Dur\u00e9e de lecture estim\u00e9e":"1 minute"},"schema":{"@context":"https:\/\/schema.org","@graph":[{"@type":"WebPage","@id":"https:\/\/massalagros.com\/fr\/producto\/menu-degustation-albor-et-selection-de-vins\/","url":"https:\/\/massalagros.com\/fr\/producto\/menu-degustation-albor-et-selection-de-vins\/","name":"Menu d\u00e9gustation Albor et s\u00e9lection de vins &#8211; Mas Salagros","isPartOf":{"@id":"https:\/\/www.massalagros.com\/fr\/#website"},"primaryImageOfPage":{"@id":"https:\/\/massalagros.com\/fr\/producto\/menu-degustation-albor-et-selection-de-vins\/#primaryimage"},"image":{"@id":"https:\/\/massalagros.com\/fr\/producto\/menu-degustation-albor-et-selection-de-vins\/#primaryimage"},"thumbnailUrl":"https:\/\/massalagros.com\/wp-content\/uploads\/2025\/12\/Experiencia_Albor_0000s_0005_Albor-3-web.jpg","datePublished":"2025-12-02T18:14:28+00:00","dateModified":"2026-01-27T12:19:32+00:00","description":"Un menu d\u00e9gustation pour deux personnes, r\u00e9compens\u00e9 par l\u2019\u00c9toile Verte Michelin et un Soleil Repsol, qui c\u00e9l\u00e8bre la cuisine m\u00e9diterran\u00e9enne biologique.","breadcrumb":{"@id":"https:\/\/massalagros.com\/fr\/producto\/menu-degustation-albor-et-selection-de-vins\/#breadcrumb"},"inLanguage":"fr-FR","potentialAction":[{"@type":"ReadAction","target":["https:\/\/massalagros.com\/fr\/producto\/menu-degustation-albor-et-selection-de-vins\/"]}]},{"@type":"ImageObject","inLanguage":"fr-FR","@id":"https:\/\/massalagros.com\/fr\/producto\/menu-degustation-albor-et-selection-de-vins\/#primaryimage","url":"https:\/\/massalagros.com\/wp-content\/uploads\/2025\/12\/Experiencia_Albor_0000s_0005_Albor-3-web.jpg","contentUrl":"https:\/\/massalagros.com\/wp-content\/uploads\/2025\/12\/Experiencia_Albor_0000s_0005_Albor-3-web.jpg","width":1920,"height":1080},{"@type":"BreadcrumbList","@id":"https:\/\/massalagros.com\/fr\/producto\/menu-degustation-albor-et-selection-de-vins\/#breadcrumb","itemListElement":[{"@type":"ListItem","position":1,"name":"Portada","item":"https:\/\/massalagros.com\/fr\/"},{"@type":"ListItem","position":2,"name":"Boutique","item":"https:\/\/massalagros.com\/fr\/boutique\/"},{"@type":"ListItem","position":3,"name":"Menu d\u00e9gustation Albor et s\u00e9lection de vins"}]},{"@type":"WebSite","@id":"https:\/\/www.massalagros.com\/fr\/#website","url":"https:\/\/www.massalagros.com\/fr\/","name":"Mas Salagros","description":"EcoResort de lujo en Barcelona - Vallromanes","publisher":{"@id":"https:\/\/www.massalagros.com\/fr\/#organization"},"potentialAction":[{"@type":"SearchAction","target":{"@type":"EntryPoint","urlTemplate":"https:\/\/www.massalagros.com\/fr\/?s={search_term_string}"},"query-input":{"@type":"PropertyValueSpecification","valueRequired":true,"valueName":"search_term_string"}}],"inLanguage":"fr-FR"},{"@type":"Organization","@id":"https:\/\/www.massalagros.com\/fr\/#organization","name":"MAS SALAGROS HOTEL ECORESORT","url":"https:\/\/www.massalagros.com\/fr\/","logo":{"@type":"ImageObject","inLanguage":"fr-FR","@id":"https:\/\/www.massalagros.com\/fr\/#\/schema\/logo\/image\/","url":"\/wp-content\/uploads\/2018\/05\/IMG_0116.jpg","contentUrl":"\/wp-content\/uploads\/2018\/05\/IMG_0116.jpg","width":2000,"height":1333,"caption":"MAS SALAGROS HOTEL ECORESORT"},"image":{"@id":"https:\/\/www.massalagros.com\/fr\/#\/schema\/logo\/image\/"},"sameAs":["https:\/\/www.facebook.com\/MasSalagros\/","https:\/\/x.com\/MasSalagros","https:\/\/www.instagram.com\/massalagrosecoresort\/"]}]}},"_links":{"self":[{"href":"https:\/\/massalagros.com\/fr\/wp-json\/wp\/v2\/product\/30230","targetHints":{"allow":["GET"]}}],"collection":[{"href":"https:\/\/massalagros.com\/fr\/wp-json\/wp\/v2\/product"}],"about":[{"href":"https:\/\/massalagros.com\/fr\/wp-json\/wp\/v2\/types\/product"}],"wp:featuredmedia":[{"embeddable":true,"href":"https:\/\/massalagros.com\/fr\/wp-json\/wp\/v2\/media\/29407"}],"wp:attachment":[{"href":"https:\/\/massalagros.com\/fr\/wp-json\/wp\/v2\/media?parent=30230"}],"wp:term":[{"taxonomy":"product_brand","embeddable":true,"href":"https:\/\/massalagros.com\/fr\/wp-json\/wp\/v2\/product_brand?post=30230"},{"taxonomy":"product_cat","embeddable":true,"href":"https:\/\/massalagros.com\/fr\/wp-json\/wp\/v2\/product_cat?post=30230"},{"taxonomy":"product_tag","embeddable":true,"href":"https:\/\/massalagros.com\/fr\/wp-json\/wp\/v2\/product_tag?post=30230"}],"curies":[{"name":"wp","href":"https:\/\/api.w.org\/{rel}","templated":true}]}}