{"id":30228,"date":"2025-12-02T17:33:47","date_gmt":"2025-12-02T17:33:47","guid":{"rendered":"https:\/\/massalagros.com\/?post_type=product&#038;p=30228"},"modified":"2026-01-27T12:07:52","modified_gmt":"2026-01-27T12:07:52","slug":"mas-del-bosc","status":"publish","type":"product","link":"https:\/\/massalagros.com\/fr\/producto\/mas-del-bosc\/","title":{"rendered":"Mas del bosc"},"content":{"rendered":"<p>Mas del Bosc comprend l\u2019h\u00e9bergement dans un espace ind\u00e9pendant, nich\u00e9 au c\u0153ur de la for\u00eat et con\u00e7u pour offrir une intimit\u00e9 absolue. Une proposition soigneusement \u00e9labor\u00e9e pour celles et ceux qui souhaitent se d\u00e9connecter de l\u2019environnement urbain et profiter du silence et du calme. Le contact direct avec la nature et la s\u00e9r\u00e9nit\u00e9 du cadre font de cette exp\u00e9rience une escapade intime et apaisante. L\u2019exp\u00e9rience Mas del Bosc est compl\u00e9t\u00e9e par un petit-d\u00e9jeuner biologique pour deux personnes au restaurant Cibus ainsi que l\u2019acc\u00e8s au circuit d\u2019eaux et \u00e0 l\u2019aromath\u00e9rapie by AIRE Ancient Baths Vallromanes.<\/p>\n","protected":false},"excerpt":{"rendered":"<h3>Un s\u00e9jour priv\u00e9 entour\u00e9 de nature et de calme.<\/h3>\n<p>S\u00e9journez dans le joyau le plus exclusif de Mas Salagros, avec un maximum d\u2019intimit\u00e9 et une attention port\u00e9e \u00e0 chaque d\u00e9tail.<br \/>\nUne exp\u00e9rience entour\u00e9 de for\u00eat, de silence et de tranquillit\u00e9 naturelle.<\/p>\n","protected":false},"featured_media":28100,"template":"","meta":{"_acf_changed":false},"product_brand":[],"product_cat":[972],"product_tag":[1022,1036,1026,1024],"class_list":{"0":"post-30228","1":"product","2":"type-product","3":"status-publish","4":"has-post-thumbnail","6":"product_cat-ecoresort","7":"product_tag-circuit-thermal","8":"product_tag-mas-del-bosc","9":"product_tag-petit-dejeuner-bio","10":"product_tag-verre-de-bienvenue","12":"first","13":"instock","14":"virtual","15":"purchasable","16":"product-type-simple"},"acf":[],"yoast_head":"<!-- This site is optimized with the Yoast SEO plugin v27.2 - https:\/\/yoast.com\/product\/yoast-seo-wordpress\/ -->\n<title>Mas del bosc &#8211; Mas Salagros<\/title>\n<meta name=\"description\" content=\"S\u00e9journez dans le joyau le plus exclusif de Mas Salagros, avec un maximum d\u2019intimit\u00e9 et une attention port\u00e9e \u00e0 chaque d\u00e9tail.\" \/>\n<meta name=\"robots\" content=\"index, follow, max-snippet:-1, max-image-preview:large, max-video-preview:-1\" \/>\n<link rel=\"canonical\" href=\"https:\/\/massalagros.com\/fr\/producto\/mas-del-bosc\/\" \/>\n<meta property=\"og:locale\" content=\"fr_FR\" \/>\n<meta property=\"og:type\" content=\"article\" \/>\n<meta property=\"og:title\" content=\"Mas del bosc &#8211; Mas Salagros\" \/>\n<meta property=\"og:description\" content=\"S\u00e9journez dans le joyau le plus exclusif de Mas Salagros, avec un maximum d\u2019intimit\u00e9 et une attention port\u00e9e \u00e0 chaque d\u00e9tail.\" \/>\n<meta property=\"og:url\" content=\"https:\/\/massalagros.com\/fr\/producto\/mas-del-bosc\/\" \/>\n<meta property=\"og:site_name\" content=\"Mas Salagros\" \/>\n<meta property=\"article:publisher\" content=\"https:\/\/www.facebook.com\/MasSalagros\/\" \/>\n<meta property=\"article:modified_time\" content=\"2026-01-27T12:07:52+00:00\" \/>\n<meta property=\"og:image\" content=\"https:\/\/massalagros.com\/wp-content\/uploads\/2025\/04\/Mas-del-Bosc-Chill-out.jpeg\" \/>\n\t<meta property=\"og:image:width\" content=\"2560\" \/>\n\t<meta property=\"og:image:height\" content=\"1707\" \/>\n\t<meta property=\"og:image:type\" content=\"image\/jpeg\" \/>\n<meta name=\"twitter:card\" content=\"summary_large_image\" \/>\n<meta name=\"twitter:site\" content=\"@MasSalagros\" \/>\n<meta name=\"twitter:label1\" content=\"Dur\u00e9e de lecture estim\u00e9e\" \/>\n\t<meta name=\"twitter:data1\" content=\"1 minute\" \/>\n<script type=\"application\/ld+json\" class=\"yoast-schema-graph\">{\"@context\":\"https:\/\/schema.org\",\"@graph\":[{\"@type\":\"WebPage\",\"@id\":\"https:\/\/massalagros.com\/fr\/producto\/mas-del-bosc\/\",\"url\":\"https:\/\/massalagros.com\/fr\/producto\/mas-del-bosc\/\",\"name\":\"Mas del bosc &#8211; Mas Salagros\",\"isPartOf\":{\"@id\":\"https:\/\/www.massalagros.com\/fr\/#website\"},\"primaryImageOfPage\":{\"@id\":\"https:\/\/massalagros.com\/fr\/producto\/mas-del-bosc\/#primaryimage\"},\"image\":{\"@id\":\"https:\/\/massalagros.com\/fr\/producto\/mas-del-bosc\/#primaryimage\"},\"thumbnailUrl\":\"https:\/\/massalagros.com\/wp-content\/uploads\/2025\/04\/Mas-del-Bosc-Chill-out.jpeg\",\"datePublished\":\"2025-12-02T17:33:47+00:00\",\"dateModified\":\"2026-01-27T12:07:52+00:00\",\"description\":\"S\u00e9journez dans le joyau le plus exclusif de Mas Salagros, avec un maximum d\u2019intimit\u00e9 et une attention port\u00e9e \u00e0 chaque d\u00e9tail.\",\"breadcrumb\":{\"@id\":\"https:\/\/massalagros.com\/fr\/producto\/mas-del-bosc\/#breadcrumb\"},\"inLanguage\":\"fr-FR\",\"potentialAction\":[{\"@type\":\"ReadAction\",\"target\":[\"https:\/\/massalagros.com\/fr\/producto\/mas-del-bosc\/\"]}]},{\"@type\":\"ImageObject\",\"inLanguage\":\"fr-FR\",\"@id\":\"https:\/\/massalagros.com\/fr\/producto\/mas-del-bosc\/#primaryimage\",\"url\":\"https:\/\/massalagros.com\/wp-content\/uploads\/2025\/04\/Mas-del-Bosc-Chill-out.jpeg\",\"contentUrl\":\"https:\/\/massalagros.com\/wp-content\/uploads\/2025\/04\/Mas-del-Bosc-Chill-out.jpeg\",\"width\":2560,\"height\":1707},{\"@type\":\"BreadcrumbList\",\"@id\":\"https:\/\/massalagros.com\/fr\/producto\/mas-del-bosc\/#breadcrumb\",\"itemListElement\":[{\"@type\":\"ListItem\",\"position\":1,\"name\":\"Portada\",\"item\":\"https:\/\/massalagros.com\/fr\/\"},{\"@type\":\"ListItem\",\"position\":2,\"name\":\"Boutique\",\"item\":\"https:\/\/massalagros.com\/fr\/boutique\/\"},{\"@type\":\"ListItem\",\"position\":3,\"name\":\"Mas del bosc\"}]},{\"@type\":\"WebSite\",\"@id\":\"https:\/\/www.massalagros.com\/fr\/#website\",\"url\":\"https:\/\/www.massalagros.com\/fr\/\",\"name\":\"Mas Salagros\",\"description\":\"EcoResort de lujo en Barcelona - Vallromanes\",\"publisher\":{\"@id\":\"https:\/\/www.massalagros.com\/fr\/#organization\"},\"potentialAction\":[{\"@type\":\"SearchAction\",\"target\":{\"@type\":\"EntryPoint\",\"urlTemplate\":\"https:\/\/www.massalagros.com\/fr\/?s={search_term_string}\"},\"query-input\":{\"@type\":\"PropertyValueSpecification\",\"valueRequired\":true,\"valueName\":\"search_term_string\"}}],\"inLanguage\":\"fr-FR\"},{\"@type\":\"Organization\",\"@id\":\"https:\/\/www.massalagros.com\/fr\/#organization\",\"name\":\"MAS SALAGROS HOTEL ECORESORT\",\"url\":\"https:\/\/www.massalagros.com\/fr\/\",\"logo\":{\"@type\":\"ImageObject\",\"inLanguage\":\"fr-FR\",\"@id\":\"https:\/\/www.massalagros.com\/fr\/#\/schema\/logo\/image\/\",\"url\":\"\/wp-content\/uploads\/2018\/05\/IMG_0116.jpg\",\"contentUrl\":\"\/wp-content\/uploads\/2018\/05\/IMG_0116.jpg\",\"width\":2000,\"height\":1333,\"caption\":\"MAS SALAGROS HOTEL ECORESORT\"},\"image\":{\"@id\":\"https:\/\/www.massalagros.com\/fr\/#\/schema\/logo\/image\/\"},\"sameAs\":[\"https:\/\/www.facebook.com\/MasSalagros\/\",\"https:\/\/x.com\/MasSalagros\",\"https:\/\/www.instagram.com\/massalagrosecoresort\/\"]}]}<\/script>\n<!-- \/ Yoast SEO plugin. -->","yoast_head_json":{"title":"Mas del bosc &#8211; Mas Salagros","description":"S\u00e9journez dans le joyau le plus exclusif de Mas Salagros, avec un maximum d\u2019intimit\u00e9 et une attention port\u00e9e \u00e0 chaque d\u00e9tail.","robots":{"index":"index","follow":"follow","max-snippet":"max-snippet:-1","max-image-preview":"max-image-preview:large","max-video-preview":"max-video-preview:-1"},"canonical":"https:\/\/massalagros.com\/fr\/producto\/mas-del-bosc\/","og_locale":"fr_FR","og_type":"article","og_title":"Mas del bosc &#8211; Mas Salagros","og_description":"S\u00e9journez dans le joyau le plus exclusif de Mas Salagros, avec un maximum d\u2019intimit\u00e9 et une attention port\u00e9e \u00e0 chaque d\u00e9tail.","og_url":"https:\/\/massalagros.com\/fr\/producto\/mas-del-bosc\/","og_site_name":"Mas Salagros","article_publisher":"https:\/\/www.facebook.com\/MasSalagros\/","article_modified_time":"2026-01-27T12:07:52+00:00","og_image":[{"width":2560,"height":1707,"url":"https:\/\/massalagros.com\/wp-content\/uploads\/2025\/04\/Mas-del-Bosc-Chill-out.jpeg","type":"image\/jpeg"}],"twitter_card":"summary_large_image","twitter_site":"@MasSalagros","twitter_misc":{"Dur\u00e9e de lecture estim\u00e9e":"1 minute"},"schema":{"@context":"https:\/\/schema.org","@graph":[{"@type":"WebPage","@id":"https:\/\/massalagros.com\/fr\/producto\/mas-del-bosc\/","url":"https:\/\/massalagros.com\/fr\/producto\/mas-del-bosc\/","name":"Mas del bosc &#8211; Mas Salagros","isPartOf":{"@id":"https:\/\/www.massalagros.com\/fr\/#website"},"primaryImageOfPage":{"@id":"https:\/\/massalagros.com\/fr\/producto\/mas-del-bosc\/#primaryimage"},"image":{"@id":"https:\/\/massalagros.com\/fr\/producto\/mas-del-bosc\/#primaryimage"},"thumbnailUrl":"https:\/\/massalagros.com\/wp-content\/uploads\/2025\/04\/Mas-del-Bosc-Chill-out.jpeg","datePublished":"2025-12-02T17:33:47+00:00","dateModified":"2026-01-27T12:07:52+00:00","description":"S\u00e9journez dans le joyau le plus exclusif de Mas Salagros, avec un maximum d\u2019intimit\u00e9 et une attention port\u00e9e \u00e0 chaque d\u00e9tail.","breadcrumb":{"@id":"https:\/\/massalagros.com\/fr\/producto\/mas-del-bosc\/#breadcrumb"},"inLanguage":"fr-FR","potentialAction":[{"@type":"ReadAction","target":["https:\/\/massalagros.com\/fr\/producto\/mas-del-bosc\/"]}]},{"@type":"ImageObject","inLanguage":"fr-FR","@id":"https:\/\/massalagros.com\/fr\/producto\/mas-del-bosc\/#primaryimage","url":"https:\/\/massalagros.com\/wp-content\/uploads\/2025\/04\/Mas-del-Bosc-Chill-out.jpeg","contentUrl":"https:\/\/massalagros.com\/wp-content\/uploads\/2025\/04\/Mas-del-Bosc-Chill-out.jpeg","width":2560,"height":1707},{"@type":"BreadcrumbList","@id":"https:\/\/massalagros.com\/fr\/producto\/mas-del-bosc\/#breadcrumb","itemListElement":[{"@type":"ListItem","position":1,"name":"Portada","item":"https:\/\/massalagros.com\/fr\/"},{"@type":"ListItem","position":2,"name":"Boutique","item":"https:\/\/massalagros.com\/fr\/boutique\/"},{"@type":"ListItem","position":3,"name":"Mas del bosc"}]},{"@type":"WebSite","@id":"https:\/\/www.massalagros.com\/fr\/#website","url":"https:\/\/www.massalagros.com\/fr\/","name":"Mas Salagros","description":"EcoResort de lujo en Barcelona - Vallromanes","publisher":{"@id":"https:\/\/www.massalagros.com\/fr\/#organization"},"potentialAction":[{"@type":"SearchAction","target":{"@type":"EntryPoint","urlTemplate":"https:\/\/www.massalagros.com\/fr\/?s={search_term_string}"},"query-input":{"@type":"PropertyValueSpecification","valueRequired":true,"valueName":"search_term_string"}}],"inLanguage":"fr-FR"},{"@type":"Organization","@id":"https:\/\/www.massalagros.com\/fr\/#organization","name":"MAS SALAGROS HOTEL ECORESORT","url":"https:\/\/www.massalagros.com\/fr\/","logo":{"@type":"ImageObject","inLanguage":"fr-FR","@id":"https:\/\/www.massalagros.com\/fr\/#\/schema\/logo\/image\/","url":"\/wp-content\/uploads\/2018\/05\/IMG_0116.jpg","contentUrl":"\/wp-content\/uploads\/2018\/05\/IMG_0116.jpg","width":2000,"height":1333,"caption":"MAS SALAGROS HOTEL ECORESORT"},"image":{"@id":"https:\/\/www.massalagros.com\/fr\/#\/schema\/logo\/image\/"},"sameAs":["https:\/\/www.facebook.com\/MasSalagros\/","https:\/\/x.com\/MasSalagros","https:\/\/www.instagram.com\/massalagrosecoresort\/"]}]}},"_links":{"self":[{"href":"https:\/\/massalagros.com\/fr\/wp-json\/wp\/v2\/product\/30228","targetHints":{"allow":["GET"]}}],"collection":[{"href":"https:\/\/massalagros.com\/fr\/wp-json\/wp\/v2\/product"}],"about":[{"href":"https:\/\/massalagros.com\/fr\/wp-json\/wp\/v2\/types\/product"}],"wp:featuredmedia":[{"embeddable":true,"href":"https:\/\/massalagros.com\/fr\/wp-json\/wp\/v2\/media\/28100"}],"wp:attachment":[{"href":"https:\/\/massalagros.com\/fr\/wp-json\/wp\/v2\/media?parent=30228"}],"wp:term":[{"taxonomy":"product_brand","embeddable":true,"href":"https:\/\/massalagros.com\/fr\/wp-json\/wp\/v2\/product_brand?post=30228"},{"taxonomy":"product_cat","embeddable":true,"href":"https:\/\/massalagros.com\/fr\/wp-json\/wp\/v2\/product_cat?post=30228"},{"taxonomy":"product_tag","embeddable":true,"href":"https:\/\/massalagros.com\/fr\/wp-json\/wp\/v2\/product_tag?post=30228"}],"curies":[{"name":"wp","href":"https:\/\/api.w.org\/{rel}","templated":true}]}}