{"id":30225,"date":"2025-12-02T18:53:46","date_gmt":"2025-12-02T18:53:46","guid":{"rendered":"https:\/\/massalagros.com\/?post_type=product&#038;p=30225"},"modified":"2026-01-27T11:53:53","modified_gmt":"2026-01-27T11:53:53","slug":"beauty-fall","status":"publish","type":"product","link":"https:\/\/massalagros.com\/fr\/producto\/beauty-fall\/","title":{"rendered":"Beauty Fall"},"content":{"rendered":"<p>Beauty Fall comprend une nuit en chambre double avec terrasse, un petit-d\u00e9jeuner biologique, le menu d\u00e9gustation Albor avec une s\u00e9lection de vins dans notre restaurant 1497, r\u00e9compens\u00e9 par une \u00c9toile Verte Michelin et un Sol Repsol, ainsi que l\u2019acc\u00e8s au circuit d\u2019eaux d\u2019AIRE Ancient Baths Vallromanes avec un massage de 30 minutes.<br \/>\nUne proposition con\u00e7ue pour se d\u00e9tendre, prendre soin de soi et retrouver l\u2019\u00e9nergie dans un environnement naturel. L\u2019alliance du repos, des soins et d\u2019un cadre paisible fait de cette exp\u00e9rience une parenth\u00e8se de bien-\u00eatre conscient et r\u00e9parateur.<\/p>\n","protected":false},"excerpt":{"rendered":"<h3>Repos, bien-\u00eatre et soins personnalis\u00e9s.Vivez l\u2019exp\u00e9rience.<\/h3>\n<p>Beauty Fall est une exp\u00e9rience d\u00e9di\u00e9e \u00e0 l\u2019autosoins, qui associe h\u00e9bergement, bien-\u00eatre et traitements sp\u00e9cifiques, pens\u00e9e pour vous aider \u00e0 vous d\u00e9connecter du quotidien et \u00e0 vous reconnecter \u00e0 vous-m\u00eame.<\/p>\n","protected":false},"featured_media":1849,"template":"","meta":{"_acf_changed":false},"product_brand":[],"product_cat":[972],"product_tag":[1030,1022,1033,1047,1024],"class_list":{"0":"post-30225","1":"product","2":"type-product","3":"status-publish","4":"has-post-thumbnail","6":"product_cat-ecoresort","7":"product_tag-chambre-superieure","8":"product_tag-circuit-thermal","9":"product_tag-massage","10":"product_tag-menu-degustation-albor","11":"product_tag-verre-de-bienvenue","13":"first","14":"instock","15":"virtual","16":"purchasable","17":"product-type-simple"},"acf":[],"yoast_head":"<!-- This site is optimized with the Yoast SEO plugin v27.2 - https:\/\/yoast.com\/product\/yoast-seo-wordpress\/ -->\n<title>Beauty Fall &#8211; Mas Salagros<\/title>\n<meta name=\"description\" content=\"Beauty Fall est une exp\u00e9rience d\u00e9di\u00e9e \u00e0 l\u2019autosoins, qui associe h\u00e9bergement, bien-\u00eatre et traitements sp\u00e9cifiques, pens\u00e9e pour vous.\" \/>\n<meta name=\"robots\" content=\"index, follow, max-snippet:-1, max-image-preview:large, max-video-preview:-1\" \/>\n<link rel=\"canonical\" href=\"https:\/\/massalagros.com\/fr\/producto\/beauty-fall\/\" \/>\n<meta property=\"og:locale\" content=\"fr_FR\" \/>\n<meta property=\"og:type\" content=\"article\" \/>\n<meta property=\"og:title\" content=\"Beauty Fall &#8211; Mas Salagros\" \/>\n<meta property=\"og:description\" content=\"Beauty Fall est une exp\u00e9rience d\u00e9di\u00e9e \u00e0 l\u2019autosoins, qui associe h\u00e9bergement, bien-\u00eatre et traitements sp\u00e9cifiques, pens\u00e9e pour vous.\" \/>\n<meta property=\"og:url\" content=\"https:\/\/massalagros.com\/fr\/producto\/beauty-fall\/\" \/>\n<meta property=\"og:site_name\" content=\"Mas Salagros\" \/>\n<meta property=\"article:publisher\" content=\"https:\/\/www.facebook.com\/MasSalagros\/\" \/>\n<meta property=\"article:modified_time\" content=\"2026-01-27T11:53:53+00:00\" \/>\n<meta property=\"og:image\" content=\"https:\/\/massalagros.com\/wp-content\/uploads\/2018\/05\/AIRE-ANCIENT-BATHS-VALLROMANES-MASIA-MAS-SALAGROS.jpg\" \/>\n\t<meta property=\"og:image:width\" content=\"2000\" \/>\n\t<meta property=\"og:image:height\" content=\"1334\" \/>\n\t<meta property=\"og:image:type\" content=\"image\/jpeg\" \/>\n<meta name=\"twitter:card\" content=\"summary_large_image\" \/>\n<meta name=\"twitter:site\" content=\"@MasSalagros\" \/>\n<meta name=\"twitter:label1\" content=\"Dur\u00e9e de lecture estim\u00e9e\" \/>\n\t<meta name=\"twitter:data1\" content=\"1 minute\" \/>\n<script type=\"application\/ld+json\" class=\"yoast-schema-graph\">{\"@context\":\"https:\/\/schema.org\",\"@graph\":[{\"@type\":\"WebPage\",\"@id\":\"https:\/\/massalagros.com\/fr\/producto\/beauty-fall\/\",\"url\":\"https:\/\/massalagros.com\/fr\/producto\/beauty-fall\/\",\"name\":\"Beauty Fall &#8211; Mas Salagros\",\"isPartOf\":{\"@id\":\"https:\/\/www.massalagros.com\/fr\/#website\"},\"primaryImageOfPage\":{\"@id\":\"https:\/\/massalagros.com\/fr\/producto\/beauty-fall\/#primaryimage\"},\"image\":{\"@id\":\"https:\/\/massalagros.com\/fr\/producto\/beauty-fall\/#primaryimage\"},\"thumbnailUrl\":\"https:\/\/massalagros.com\/wp-content\/uploads\/2018\/05\/AIRE-ANCIENT-BATHS-VALLROMANES-MASIA-MAS-SALAGROS.jpg\",\"datePublished\":\"2025-12-02T18:53:46+00:00\",\"dateModified\":\"2026-01-27T11:53:53+00:00\",\"description\":\"Beauty Fall est une exp\u00e9rience d\u00e9di\u00e9e \u00e0 l\u2019autosoins, qui associe h\u00e9bergement, bien-\u00eatre et traitements sp\u00e9cifiques, pens\u00e9e pour vous.\",\"breadcrumb\":{\"@id\":\"https:\/\/massalagros.com\/fr\/producto\/beauty-fall\/#breadcrumb\"},\"inLanguage\":\"fr-FR\",\"potentialAction\":[{\"@type\":\"ReadAction\",\"target\":[\"https:\/\/massalagros.com\/fr\/producto\/beauty-fall\/\"]}]},{\"@type\":\"ImageObject\",\"inLanguage\":\"fr-FR\",\"@id\":\"https:\/\/massalagros.com\/fr\/producto\/beauty-fall\/#primaryimage\",\"url\":\"https:\/\/massalagros.com\/wp-content\/uploads\/2018\/05\/AIRE-ANCIENT-BATHS-VALLROMANES-MASIA-MAS-SALAGROS.jpg\",\"contentUrl\":\"https:\/\/massalagros.com\/wp-content\/uploads\/2018\/05\/AIRE-ANCIENT-BATHS-VALLROMANES-MASIA-MAS-SALAGROS.jpg\",\"width\":2000,\"height\":1334,\"caption\":\"activit\u00e9s originales\"},{\"@type\":\"BreadcrumbList\",\"@id\":\"https:\/\/massalagros.com\/fr\/producto\/beauty-fall\/#breadcrumb\",\"itemListElement\":[{\"@type\":\"ListItem\",\"position\":1,\"name\":\"Portada\",\"item\":\"https:\/\/massalagros.com\/fr\/\"},{\"@type\":\"ListItem\",\"position\":2,\"name\":\"Boutique\",\"item\":\"https:\/\/massalagros.com\/fr\/boutique\/\"},{\"@type\":\"ListItem\",\"position\":3,\"name\":\"Beauty Fall\"}]},{\"@type\":\"WebSite\",\"@id\":\"https:\/\/www.massalagros.com\/fr\/#website\",\"url\":\"https:\/\/www.massalagros.com\/fr\/\",\"name\":\"Mas Salagros\",\"description\":\"EcoResort de lujo en Barcelona - Vallromanes\",\"publisher\":{\"@id\":\"https:\/\/www.massalagros.com\/fr\/#organization\"},\"potentialAction\":[{\"@type\":\"SearchAction\",\"target\":{\"@type\":\"EntryPoint\",\"urlTemplate\":\"https:\/\/www.massalagros.com\/fr\/?s={search_term_string}\"},\"query-input\":{\"@type\":\"PropertyValueSpecification\",\"valueRequired\":true,\"valueName\":\"search_term_string\"}}],\"inLanguage\":\"fr-FR\"},{\"@type\":\"Organization\",\"@id\":\"https:\/\/www.massalagros.com\/fr\/#organization\",\"name\":\"MAS SALAGROS HOTEL ECORESORT\",\"url\":\"https:\/\/www.massalagros.com\/fr\/\",\"logo\":{\"@type\":\"ImageObject\",\"inLanguage\":\"fr-FR\",\"@id\":\"https:\/\/www.massalagros.com\/fr\/#\/schema\/logo\/image\/\",\"url\":\"\/wp-content\/uploads\/2018\/05\/IMG_0116.jpg\",\"contentUrl\":\"\/wp-content\/uploads\/2018\/05\/IMG_0116.jpg\",\"width\":2000,\"height\":1333,\"caption\":\"MAS SALAGROS HOTEL ECORESORT\"},\"image\":{\"@id\":\"https:\/\/www.massalagros.com\/fr\/#\/schema\/logo\/image\/\"},\"sameAs\":[\"https:\/\/www.facebook.com\/MasSalagros\/\",\"https:\/\/x.com\/MasSalagros\",\"https:\/\/www.instagram.com\/massalagrosecoresort\/\"]}]}<\/script>\n<!-- \/ Yoast SEO plugin. -->","yoast_head_json":{"title":"Beauty Fall &#8211; Mas Salagros","description":"Beauty Fall est une exp\u00e9rience d\u00e9di\u00e9e \u00e0 l\u2019autosoins, qui associe h\u00e9bergement, bien-\u00eatre et traitements sp\u00e9cifiques, pens\u00e9e pour vous.","robots":{"index":"index","follow":"follow","max-snippet":"max-snippet:-1","max-image-preview":"max-image-preview:large","max-video-preview":"max-video-preview:-1"},"canonical":"https:\/\/massalagros.com\/fr\/producto\/beauty-fall\/","og_locale":"fr_FR","og_type":"article","og_title":"Beauty Fall &#8211; Mas Salagros","og_description":"Beauty Fall est une exp\u00e9rience d\u00e9di\u00e9e \u00e0 l\u2019autosoins, qui associe h\u00e9bergement, bien-\u00eatre et traitements sp\u00e9cifiques, pens\u00e9e pour vous.","og_url":"https:\/\/massalagros.com\/fr\/producto\/beauty-fall\/","og_site_name":"Mas Salagros","article_publisher":"https:\/\/www.facebook.com\/MasSalagros\/","article_modified_time":"2026-01-27T11:53:53+00:00","og_image":[{"width":2000,"height":1334,"url":"https:\/\/massalagros.com\/wp-content\/uploads\/2018\/05\/AIRE-ANCIENT-BATHS-VALLROMANES-MASIA-MAS-SALAGROS.jpg","type":"image\/jpeg"}],"twitter_card":"summary_large_image","twitter_site":"@MasSalagros","twitter_misc":{"Dur\u00e9e de lecture estim\u00e9e":"1 minute"},"schema":{"@context":"https:\/\/schema.org","@graph":[{"@type":"WebPage","@id":"https:\/\/massalagros.com\/fr\/producto\/beauty-fall\/","url":"https:\/\/massalagros.com\/fr\/producto\/beauty-fall\/","name":"Beauty Fall &#8211; Mas Salagros","isPartOf":{"@id":"https:\/\/www.massalagros.com\/fr\/#website"},"primaryImageOfPage":{"@id":"https:\/\/massalagros.com\/fr\/producto\/beauty-fall\/#primaryimage"},"image":{"@id":"https:\/\/massalagros.com\/fr\/producto\/beauty-fall\/#primaryimage"},"thumbnailUrl":"https:\/\/massalagros.com\/wp-content\/uploads\/2018\/05\/AIRE-ANCIENT-BATHS-VALLROMANES-MASIA-MAS-SALAGROS.jpg","datePublished":"2025-12-02T18:53:46+00:00","dateModified":"2026-01-27T11:53:53+00:00","description":"Beauty Fall est une exp\u00e9rience d\u00e9di\u00e9e \u00e0 l\u2019autosoins, qui associe h\u00e9bergement, bien-\u00eatre et traitements sp\u00e9cifiques, pens\u00e9e pour vous.","breadcrumb":{"@id":"https:\/\/massalagros.com\/fr\/producto\/beauty-fall\/#breadcrumb"},"inLanguage":"fr-FR","potentialAction":[{"@type":"ReadAction","target":["https:\/\/massalagros.com\/fr\/producto\/beauty-fall\/"]}]},{"@type":"ImageObject","inLanguage":"fr-FR","@id":"https:\/\/massalagros.com\/fr\/producto\/beauty-fall\/#primaryimage","url":"https:\/\/massalagros.com\/wp-content\/uploads\/2018\/05\/AIRE-ANCIENT-BATHS-VALLROMANES-MASIA-MAS-SALAGROS.jpg","contentUrl":"https:\/\/massalagros.com\/wp-content\/uploads\/2018\/05\/AIRE-ANCIENT-BATHS-VALLROMANES-MASIA-MAS-SALAGROS.jpg","width":2000,"height":1334,"caption":"activit\u00e9s originales"},{"@type":"BreadcrumbList","@id":"https:\/\/massalagros.com\/fr\/producto\/beauty-fall\/#breadcrumb","itemListElement":[{"@type":"ListItem","position":1,"name":"Portada","item":"https:\/\/massalagros.com\/fr\/"},{"@type":"ListItem","position":2,"name":"Boutique","item":"https:\/\/massalagros.com\/fr\/boutique\/"},{"@type":"ListItem","position":3,"name":"Beauty Fall"}]},{"@type":"WebSite","@id":"https:\/\/www.massalagros.com\/fr\/#website","url":"https:\/\/www.massalagros.com\/fr\/","name":"Mas Salagros","description":"EcoResort de lujo en Barcelona - Vallromanes","publisher":{"@id":"https:\/\/www.massalagros.com\/fr\/#organization"},"potentialAction":[{"@type":"SearchAction","target":{"@type":"EntryPoint","urlTemplate":"https:\/\/www.massalagros.com\/fr\/?s={search_term_string}"},"query-input":{"@type":"PropertyValueSpecification","valueRequired":true,"valueName":"search_term_string"}}],"inLanguage":"fr-FR"},{"@type":"Organization","@id":"https:\/\/www.massalagros.com\/fr\/#organization","name":"MAS SALAGROS HOTEL ECORESORT","url":"https:\/\/www.massalagros.com\/fr\/","logo":{"@type":"ImageObject","inLanguage":"fr-FR","@id":"https:\/\/www.massalagros.com\/fr\/#\/schema\/logo\/image\/","url":"\/wp-content\/uploads\/2018\/05\/IMG_0116.jpg","contentUrl":"\/wp-content\/uploads\/2018\/05\/IMG_0116.jpg","width":2000,"height":1333,"caption":"MAS SALAGROS HOTEL ECORESORT"},"image":{"@id":"https:\/\/www.massalagros.com\/fr\/#\/schema\/logo\/image\/"},"sameAs":["https:\/\/www.facebook.com\/MasSalagros\/","https:\/\/x.com\/MasSalagros","https:\/\/www.instagram.com\/massalagrosecoresort\/"]}]}},"_links":{"self":[{"href":"https:\/\/massalagros.com\/fr\/wp-json\/wp\/v2\/product\/30225","targetHints":{"allow":["GET"]}}],"collection":[{"href":"https:\/\/massalagros.com\/fr\/wp-json\/wp\/v2\/product"}],"about":[{"href":"https:\/\/massalagros.com\/fr\/wp-json\/wp\/v2\/types\/product"}],"wp:featuredmedia":[{"embeddable":true,"href":"https:\/\/massalagros.com\/fr\/wp-json\/wp\/v2\/media\/1849"}],"wp:attachment":[{"href":"https:\/\/massalagros.com\/fr\/wp-json\/wp\/v2\/media?parent=30225"}],"wp:term":[{"taxonomy":"product_brand","embeddable":true,"href":"https:\/\/massalagros.com\/fr\/wp-json\/wp\/v2\/product_brand?post=30225"},{"taxonomy":"product_cat","embeddable":true,"href":"https:\/\/massalagros.com\/fr\/wp-json\/wp\/v2\/product_cat?post=30225"},{"taxonomy":"product_tag","embeddable":true,"href":"https:\/\/massalagros.com\/fr\/wp-json\/wp\/v2\/product_tag?post=30225"}],"curies":[{"name":"wp","href":"https:\/\/api.w.org\/{rel}","templated":true}]}}