{"id":30224,"date":"2025-12-02T17:02:08","date_gmt":"2025-12-02T17:02:08","guid":{"rendered":"https:\/\/massalagros.com\/?post_type=product&#038;p=30224"},"modified":"2026-01-27T08:07:24","modified_gmt":"2026-01-27T08:07:24","slug":"decouvrez-mas-salagros-plus","status":"publish","type":"product","link":"https:\/\/massalagros.com\/fr\/producto\/decouvrez-mas-salagros-plus\/","title":{"rendered":"D\u00e9couvrez Mas Salagros Plus"},"content":{"rendered":"<p>D\u00e9couvrez Mas Salagros Plus comprend l\u2019h\u00e9bergement dans l\u2019une de nos suites les plus exclusives, un petit-d\u00e9jeuner biologique de type buffet compos\u00e9 de produits certifi\u00e9s biologiques, ainsi que l\u2019acc\u00e8s au circuit d\u2019eaux de AIRE Ancient Baths Vallromanes. Une proposition pens\u00e9e pour celles et ceux qui souhaitent une escapade plus compl\u00e8te, alliant repos et bien-\u00eatre. L\u2019\u00e9quilibre entre confort, nature et attention consciente d\u00e9finit cette exp\u00e9rience soigneusement con\u00e7ue dans les moindres d\u00e9tails.<\/p>\n","protected":false},"excerpt":{"rendered":"<h3>Un s\u00e9jour plus complet, avec plus de temps pour en profiter.<\/h3>\n<p>D\u00e9couvrez l\u2019essence de Mas Salagros depuis l\u2019une de nos Garden Suites : plus d\u2019espace pour vous, un jardin privatif et une baignoire pour deux. Une version enrichie de l\u2019exp\u00e9rience D\u00e9couvrez Mas Salagros.<\/p>\n","protected":false},"featured_media":29280,"template":"","meta":{"_acf_changed":false},"product_brand":[],"product_cat":[972],"product_tag":[1022,1028,1026,1024],"class_list":{"0":"post-30224","1":"product","2":"type-product","3":"status-publish","4":"has-post-thumbnail","6":"product_cat-ecoresort","7":"product_tag-circuit-thermal","8":"product_tag-garden-suite","9":"product_tag-petit-dejeuner-bio","10":"product_tag-verre-de-bienvenue","12":"first","13":"instock","14":"featured","15":"virtual","16":"purchasable","17":"product-type-simple"},"acf":[],"yoast_head":"<!-- This site is optimized with the Yoast SEO plugin v27.2 - https:\/\/yoast.com\/product\/yoast-seo-wordpress\/ -->\n<title>D\u00e9couvrez Mas Salagros Plus &#8211; Mas Salagros<\/title>\n<meta name=\"description\" content=\"D\u00e9couvrez l\u2019essence de Mas Salagros depuis l\u2019une de nos Garden Suites : plus d\u2019espace pour vous, un jardin privatif et une baignoire pour deux.\" \/>\n<meta name=\"robots\" content=\"index, follow, max-snippet:-1, max-image-preview:large, max-video-preview:-1\" \/>\n<link rel=\"canonical\" href=\"https:\/\/massalagros.com\/fr\/producto\/decouvrez-mas-salagros-plus\/\" \/>\n<meta property=\"og:locale\" content=\"fr_FR\" \/>\n<meta property=\"og:type\" content=\"article\" \/>\n<meta property=\"og:title\" content=\"D\u00e9couvrez Mas Salagros Plus &#8211; Mas Salagros\" \/>\n<meta property=\"og:description\" content=\"D\u00e9couvrez l\u2019essence de Mas Salagros depuis l\u2019une de nos Garden Suites : plus d\u2019espace pour vous, un jardin privatif et une baignoire pour deux.\" \/>\n<meta property=\"og:url\" content=\"https:\/\/massalagros.com\/fr\/producto\/decouvrez-mas-salagros-plus\/\" \/>\n<meta property=\"og:site_name\" content=\"Mas Salagros\" \/>\n<meta property=\"article:publisher\" content=\"https:\/\/www.facebook.com\/MasSalagros\/\" \/>\n<meta property=\"article:modified_time\" content=\"2026-01-27T08:07:24+00:00\" \/>\n<meta property=\"og:image\" content=\"https:\/\/massalagros.com\/wp-content\/uploads\/2025\/12\/Experiencia_Mas-Salagros-Plus_0009s_0001_Mas-Salagros-Garden-suite-interior-vistas_web.jpg\" \/>\n\t<meta property=\"og:image:width\" content=\"1920\" \/>\n\t<meta property=\"og:image:height\" content=\"1080\" \/>\n\t<meta property=\"og:image:type\" content=\"image\/jpeg\" \/>\n<meta name=\"twitter:card\" content=\"summary_large_image\" \/>\n<meta name=\"twitter:site\" content=\"@MasSalagros\" \/>\n<meta name=\"twitter:label1\" content=\"Dur\u00e9e de lecture estim\u00e9e\" \/>\n\t<meta name=\"twitter:data1\" content=\"1 minute\" \/>\n<script type=\"application\/ld+json\" class=\"yoast-schema-graph\">{\"@context\":\"https:\/\/schema.org\",\"@graph\":[{\"@type\":\"WebPage\",\"@id\":\"https:\/\/massalagros.com\/fr\/producto\/decouvrez-mas-salagros-plus\/\",\"url\":\"https:\/\/massalagros.com\/fr\/producto\/decouvrez-mas-salagros-plus\/\",\"name\":\"D\u00e9couvrez Mas Salagros Plus &#8211; Mas Salagros\",\"isPartOf\":{\"@id\":\"https:\/\/www.massalagros.com\/fr\/#website\"},\"primaryImageOfPage\":{\"@id\":\"https:\/\/massalagros.com\/fr\/producto\/decouvrez-mas-salagros-plus\/#primaryimage\"},\"image\":{\"@id\":\"https:\/\/massalagros.com\/fr\/producto\/decouvrez-mas-salagros-plus\/#primaryimage\"},\"thumbnailUrl\":\"https:\/\/massalagros.com\/wp-content\/uploads\/2025\/12\/Experiencia_Mas-Salagros-Plus_0009s_0001_Mas-Salagros-Garden-suite-interior-vistas_web.jpg\",\"datePublished\":\"2025-12-02T17:02:08+00:00\",\"dateModified\":\"2026-01-27T08:07:24+00:00\",\"description\":\"D\u00e9couvrez l\u2019essence de Mas Salagros depuis l\u2019une de nos Garden Suites : plus d\u2019espace pour vous, un jardin privatif et une baignoire pour deux.\",\"breadcrumb\":{\"@id\":\"https:\/\/massalagros.com\/fr\/producto\/decouvrez-mas-salagros-plus\/#breadcrumb\"},\"inLanguage\":\"fr-FR\",\"potentialAction\":[{\"@type\":\"ReadAction\",\"target\":[\"https:\/\/massalagros.com\/fr\/producto\/decouvrez-mas-salagros-plus\/\"]}]},{\"@type\":\"ImageObject\",\"inLanguage\":\"fr-FR\",\"@id\":\"https:\/\/massalagros.com\/fr\/producto\/decouvrez-mas-salagros-plus\/#primaryimage\",\"url\":\"https:\/\/massalagros.com\/wp-content\/uploads\/2025\/12\/Experiencia_Mas-Salagros-Plus_0009s_0001_Mas-Salagros-Garden-suite-interior-vistas_web.jpg\",\"contentUrl\":\"https:\/\/massalagros.com\/wp-content\/uploads\/2025\/12\/Experiencia_Mas-Salagros-Plus_0009s_0001_Mas-Salagros-Garden-suite-interior-vistas_web.jpg\",\"width\":1920,\"height\":1080},{\"@type\":\"BreadcrumbList\",\"@id\":\"https:\/\/massalagros.com\/fr\/producto\/decouvrez-mas-salagros-plus\/#breadcrumb\",\"itemListElement\":[{\"@type\":\"ListItem\",\"position\":1,\"name\":\"Portada\",\"item\":\"https:\/\/massalagros.com\/fr\/\"},{\"@type\":\"ListItem\",\"position\":2,\"name\":\"Boutique\",\"item\":\"https:\/\/massalagros.com\/fr\/boutique\/\"},{\"@type\":\"ListItem\",\"position\":3,\"name\":\"D\u00e9couvrez Mas Salagros Plus\"}]},{\"@type\":\"WebSite\",\"@id\":\"https:\/\/www.massalagros.com\/fr\/#website\",\"url\":\"https:\/\/www.massalagros.com\/fr\/\",\"name\":\"Mas Salagros\",\"description\":\"EcoResort de lujo en Barcelona - Vallromanes\",\"publisher\":{\"@id\":\"https:\/\/www.massalagros.com\/fr\/#organization\"},\"potentialAction\":[{\"@type\":\"SearchAction\",\"target\":{\"@type\":\"EntryPoint\",\"urlTemplate\":\"https:\/\/www.massalagros.com\/fr\/?s={search_term_string}\"},\"query-input\":{\"@type\":\"PropertyValueSpecification\",\"valueRequired\":true,\"valueName\":\"search_term_string\"}}],\"inLanguage\":\"fr-FR\"},{\"@type\":\"Organization\",\"@id\":\"https:\/\/www.massalagros.com\/fr\/#organization\",\"name\":\"MAS SALAGROS HOTEL ECORESORT\",\"url\":\"https:\/\/www.massalagros.com\/fr\/\",\"logo\":{\"@type\":\"ImageObject\",\"inLanguage\":\"fr-FR\",\"@id\":\"https:\/\/www.massalagros.com\/fr\/#\/schema\/logo\/image\/\",\"url\":\"\/wp-content\/uploads\/2018\/05\/IMG_0116.jpg\",\"contentUrl\":\"\/wp-content\/uploads\/2018\/05\/IMG_0116.jpg\",\"width\":2000,\"height\":1333,\"caption\":\"MAS SALAGROS HOTEL ECORESORT\"},\"image\":{\"@id\":\"https:\/\/www.massalagros.com\/fr\/#\/schema\/logo\/image\/\"},\"sameAs\":[\"https:\/\/www.facebook.com\/MasSalagros\/\",\"https:\/\/x.com\/MasSalagros\",\"https:\/\/www.instagram.com\/massalagrosecoresort\/\"]}]}<\/script>\n<!-- \/ Yoast SEO plugin. -->","yoast_head_json":{"title":"D\u00e9couvrez Mas Salagros Plus &#8211; Mas Salagros","description":"D\u00e9couvrez l\u2019essence de Mas Salagros depuis l\u2019une de nos Garden Suites : plus d\u2019espace pour vous, un jardin privatif et une baignoire pour deux.","robots":{"index":"index","follow":"follow","max-snippet":"max-snippet:-1","max-image-preview":"max-image-preview:large","max-video-preview":"max-video-preview:-1"},"canonical":"https:\/\/massalagros.com\/fr\/producto\/decouvrez-mas-salagros-plus\/","og_locale":"fr_FR","og_type":"article","og_title":"D\u00e9couvrez Mas Salagros Plus &#8211; Mas Salagros","og_description":"D\u00e9couvrez l\u2019essence de Mas Salagros depuis l\u2019une de nos Garden Suites : plus d\u2019espace pour vous, un jardin privatif et une baignoire pour deux.","og_url":"https:\/\/massalagros.com\/fr\/producto\/decouvrez-mas-salagros-plus\/","og_site_name":"Mas Salagros","article_publisher":"https:\/\/www.facebook.com\/MasSalagros\/","article_modified_time":"2026-01-27T08:07:24+00:00","og_image":[{"width":1920,"height":1080,"url":"https:\/\/massalagros.com\/wp-content\/uploads\/2025\/12\/Experiencia_Mas-Salagros-Plus_0009s_0001_Mas-Salagros-Garden-suite-interior-vistas_web.jpg","type":"image\/jpeg"}],"twitter_card":"summary_large_image","twitter_site":"@MasSalagros","twitter_misc":{"Dur\u00e9e de lecture estim\u00e9e":"1 minute"},"schema":{"@context":"https:\/\/schema.org","@graph":[{"@type":"WebPage","@id":"https:\/\/massalagros.com\/fr\/producto\/decouvrez-mas-salagros-plus\/","url":"https:\/\/massalagros.com\/fr\/producto\/decouvrez-mas-salagros-plus\/","name":"D\u00e9couvrez Mas Salagros Plus &#8211; Mas Salagros","isPartOf":{"@id":"https:\/\/www.massalagros.com\/fr\/#website"},"primaryImageOfPage":{"@id":"https:\/\/massalagros.com\/fr\/producto\/decouvrez-mas-salagros-plus\/#primaryimage"},"image":{"@id":"https:\/\/massalagros.com\/fr\/producto\/decouvrez-mas-salagros-plus\/#primaryimage"},"thumbnailUrl":"https:\/\/massalagros.com\/wp-content\/uploads\/2025\/12\/Experiencia_Mas-Salagros-Plus_0009s_0001_Mas-Salagros-Garden-suite-interior-vistas_web.jpg","datePublished":"2025-12-02T17:02:08+00:00","dateModified":"2026-01-27T08:07:24+00:00","description":"D\u00e9couvrez l\u2019essence de Mas Salagros depuis l\u2019une de nos Garden Suites : plus d\u2019espace pour vous, un jardin privatif et une baignoire pour deux.","breadcrumb":{"@id":"https:\/\/massalagros.com\/fr\/producto\/decouvrez-mas-salagros-plus\/#breadcrumb"},"inLanguage":"fr-FR","potentialAction":[{"@type":"ReadAction","target":["https:\/\/massalagros.com\/fr\/producto\/decouvrez-mas-salagros-plus\/"]}]},{"@type":"ImageObject","inLanguage":"fr-FR","@id":"https:\/\/massalagros.com\/fr\/producto\/decouvrez-mas-salagros-plus\/#primaryimage","url":"https:\/\/massalagros.com\/wp-content\/uploads\/2025\/12\/Experiencia_Mas-Salagros-Plus_0009s_0001_Mas-Salagros-Garden-suite-interior-vistas_web.jpg","contentUrl":"https:\/\/massalagros.com\/wp-content\/uploads\/2025\/12\/Experiencia_Mas-Salagros-Plus_0009s_0001_Mas-Salagros-Garden-suite-interior-vistas_web.jpg","width":1920,"height":1080},{"@type":"BreadcrumbList","@id":"https:\/\/massalagros.com\/fr\/producto\/decouvrez-mas-salagros-plus\/#breadcrumb","itemListElement":[{"@type":"ListItem","position":1,"name":"Portada","item":"https:\/\/massalagros.com\/fr\/"},{"@type":"ListItem","position":2,"name":"Boutique","item":"https:\/\/massalagros.com\/fr\/boutique\/"},{"@type":"ListItem","position":3,"name":"D\u00e9couvrez Mas Salagros Plus"}]},{"@type":"WebSite","@id":"https:\/\/www.massalagros.com\/fr\/#website","url":"https:\/\/www.massalagros.com\/fr\/","name":"Mas Salagros","description":"EcoResort de lujo en Barcelona - Vallromanes","publisher":{"@id":"https:\/\/www.massalagros.com\/fr\/#organization"},"potentialAction":[{"@type":"SearchAction","target":{"@type":"EntryPoint","urlTemplate":"https:\/\/www.massalagros.com\/fr\/?s={search_term_string}"},"query-input":{"@type":"PropertyValueSpecification","valueRequired":true,"valueName":"search_term_string"}}],"inLanguage":"fr-FR"},{"@type":"Organization","@id":"https:\/\/www.massalagros.com\/fr\/#organization","name":"MAS SALAGROS HOTEL ECORESORT","url":"https:\/\/www.massalagros.com\/fr\/","logo":{"@type":"ImageObject","inLanguage":"fr-FR","@id":"https:\/\/www.massalagros.com\/fr\/#\/schema\/logo\/image\/","url":"\/wp-content\/uploads\/2018\/05\/IMG_0116.jpg","contentUrl":"\/wp-content\/uploads\/2018\/05\/IMG_0116.jpg","width":2000,"height":1333,"caption":"MAS SALAGROS HOTEL ECORESORT"},"image":{"@id":"https:\/\/www.massalagros.com\/fr\/#\/schema\/logo\/image\/"},"sameAs":["https:\/\/www.facebook.com\/MasSalagros\/","https:\/\/x.com\/MasSalagros","https:\/\/www.instagram.com\/massalagrosecoresort\/"]}]}},"_links":{"self":[{"href":"https:\/\/massalagros.com\/fr\/wp-json\/wp\/v2\/product\/30224","targetHints":{"allow":["GET"]}}],"collection":[{"href":"https:\/\/massalagros.com\/fr\/wp-json\/wp\/v2\/product"}],"about":[{"href":"https:\/\/massalagros.com\/fr\/wp-json\/wp\/v2\/types\/product"}],"wp:featuredmedia":[{"embeddable":true,"href":"https:\/\/massalagros.com\/fr\/wp-json\/wp\/v2\/media\/29280"}],"wp:attachment":[{"href":"https:\/\/massalagros.com\/fr\/wp-json\/wp\/v2\/media?parent=30224"}],"wp:term":[{"taxonomy":"product_brand","embeddable":true,"href":"https:\/\/massalagros.com\/fr\/wp-json\/wp\/v2\/product_brand?post=30224"},{"taxonomy":"product_cat","embeddable":true,"href":"https:\/\/massalagros.com\/fr\/wp-json\/wp\/v2\/product_cat?post=30224"},{"taxonomy":"product_tag","embeddable":true,"href":"https:\/\/massalagros.com\/fr\/wp-json\/wp\/v2\/product_tag?post=30224"}],"curies":[{"name":"wp","href":"https:\/\/api.w.org\/{rel}","templated":true}]}}