{"id":30221,"date":"2025-11-14T15:14:11","date_gmt":"2025-11-14T15:14:11","guid":{"rendered":"https:\/\/massalagros.com\/?post_type=product&#038;p=30221"},"modified":"2026-01-27T07:56:15","modified_gmt":"2026-01-27T07:56:15","slug":"decouvrez-mas-salagros","status":"publish","type":"product","link":"https:\/\/massalagros.com\/fr\/producto\/decouvrez-mas-salagros\/","title":{"rendered":"D\u00e9couvrez Mas Salagros"},"content":{"rendered":"<p>D\u00e9couvrez Mas Salagros comprend l\u2019h\u00e9bergement en chambre double avec terrasse, l\u2019acc\u00e8s au circuit d\u2019eaux et \u00e0 l\u2019aromath\u00e9rapie by AIRE Ancient Baths Vallromanes, ainsi qu\u2019un petit-d\u00e9jeuner buffet compos\u00e9 de produits biologiques. Une mani\u00e8re compl\u00e8te et accessible de d\u00e9couvrir l\u2019\u00e9co-resort, son environnement naturel et sa philosophie durable. Pens\u00e9e pour profiter d\u2019un s\u00e9jour soign\u00e9, confortable et en contact direct avec la nature.<\/p>\n","protected":false},"excerpt":{"rendered":"<h3>L\u2019exp\u00e9rience essentielle pour d\u00e9couvrir l\u2019\u00e9co-resort.<\/h3>\n<p>D\u00e9couvrez le luxe de vous reconnecter dans un resort 100 % \u00e9cologique, entour\u00e9 de nature et pens\u00e9 pour \u00eatre v\u00e9cu avec calme. \u00c0 seulement 30 minutes de Barcelone, mais \u00e0 des ann\u00e9es-lumi\u00e8re du bruit et de l\u2019urgence.<\/p>\n","protected":false},"featured_media":29541,"template":"","meta":{"_acf_changed":false},"product_brand":[],"product_cat":[972],"product_tag":[1030,1022,1026,1024],"class_list":{"0":"post-30221","1":"product","2":"type-product","3":"status-publish","4":"has-post-thumbnail","6":"product_cat-ecoresort","7":"product_tag-chambre-superieure","8":"product_tag-circuit-thermal","9":"product_tag-petit-dejeuner-bio","10":"product_tag-verre-de-bienvenue","12":"first","13":"instock","14":"shipping-taxable","15":"purchasable","16":"product-type-variable"},"acf":[],"yoast_head":"<!-- This site is optimized with the Yoast SEO plugin v27.2 - https:\/\/yoast.com\/product\/yoast-seo-wordpress\/ -->\n<title>D\u00e9couvrez Mas Salagros &#8211; Mas Salagros<\/title>\n<meta name=\"description\" content=\"D\u00e9couvrez le luxe de vous reconnecter dans un resort 100 % \u00e9cologique, entour\u00e9 de nature et pens\u00e9 pour \u00eatre v\u00e9cu avec calme.\" \/>\n<meta name=\"robots\" content=\"index, follow, max-snippet:-1, max-image-preview:large, max-video-preview:-1\" \/>\n<link rel=\"canonical\" href=\"https:\/\/massalagros.com\/fr\/producto\/decouvrez-mas-salagros\/\" \/>\n<meta property=\"og:locale\" content=\"fr_FR\" \/>\n<meta property=\"og:type\" content=\"article\" \/>\n<meta property=\"og:title\" content=\"D\u00e9couvrez Mas Salagros &#8211; Mas Salagros\" \/>\n<meta property=\"og:description\" content=\"D\u00e9couvrez le luxe de vous reconnecter dans un resort 100 % \u00e9cologique, entour\u00e9 de nature et pens\u00e9 pour \u00eatre v\u00e9cu avec calme.\" \/>\n<meta property=\"og:url\" content=\"https:\/\/massalagros.com\/fr\/producto\/decouvrez-mas-salagros\/\" \/>\n<meta property=\"og:site_name\" content=\"Mas Salagros\" \/>\n<meta property=\"article:publisher\" content=\"https:\/\/www.facebook.com\/MasSalagros\/\" \/>\n<meta property=\"article:modified_time\" content=\"2026-01-27T07:56:15+00:00\" \/>\n<meta property=\"og:image\" content=\"https:\/\/massalagros.com\/wp-content\/uploads\/2025\/12\/Experiencia_5sentidos_0007s_0002_AIRE-EscapeTogether-2-web.jpg\" \/>\n\t<meta property=\"og:image:width\" content=\"1920\" \/>\n\t<meta property=\"og:image:height\" content=\"1080\" \/>\n\t<meta property=\"og:image:type\" content=\"image\/jpeg\" \/>\n<meta name=\"twitter:card\" content=\"summary_large_image\" \/>\n<meta name=\"twitter:site\" content=\"@MasSalagros\" \/>\n<meta name=\"twitter:label1\" content=\"Dur\u00e9e de lecture estim\u00e9e\" \/>\n\t<meta name=\"twitter:data1\" content=\"1 minute\" \/>\n<script type=\"application\/ld+json\" class=\"yoast-schema-graph\">{\"@context\":\"https:\/\/schema.org\",\"@graph\":[{\"@type\":\"WebPage\",\"@id\":\"https:\/\/massalagros.com\/fr\/producto\/decouvrez-mas-salagros\/\",\"url\":\"https:\/\/massalagros.com\/fr\/producto\/decouvrez-mas-salagros\/\",\"name\":\"D\u00e9couvrez Mas Salagros &#8211; Mas Salagros\",\"isPartOf\":{\"@id\":\"https:\/\/www.massalagros.com\/fr\/#website\"},\"primaryImageOfPage\":{\"@id\":\"https:\/\/massalagros.com\/fr\/producto\/decouvrez-mas-salagros\/#primaryimage\"},\"image\":{\"@id\":\"https:\/\/massalagros.com\/fr\/producto\/decouvrez-mas-salagros\/#primaryimage\"},\"thumbnailUrl\":\"https:\/\/massalagros.com\/wp-content\/uploads\/2025\/12\/Experiencia_5sentidos_0007s_0002_AIRE-EscapeTogether-2-web.jpg\",\"datePublished\":\"2025-11-14T15:14:11+00:00\",\"dateModified\":\"2026-01-27T07:56:15+00:00\",\"description\":\"D\u00e9couvrez le luxe de vous reconnecter dans un resort 100 % \u00e9cologique, entour\u00e9 de nature et pens\u00e9 pour \u00eatre v\u00e9cu avec calme.\",\"breadcrumb\":{\"@id\":\"https:\/\/massalagros.com\/fr\/producto\/decouvrez-mas-salagros\/#breadcrumb\"},\"inLanguage\":\"fr-FR\",\"potentialAction\":[{\"@type\":\"ReadAction\",\"target\":[\"https:\/\/massalagros.com\/fr\/producto\/decouvrez-mas-salagros\/\"]}]},{\"@type\":\"ImageObject\",\"inLanguage\":\"fr-FR\",\"@id\":\"https:\/\/massalagros.com\/fr\/producto\/decouvrez-mas-salagros\/#primaryimage\",\"url\":\"https:\/\/massalagros.com\/wp-content\/uploads\/2025\/12\/Experiencia_5sentidos_0007s_0002_AIRE-EscapeTogether-2-web.jpg\",\"contentUrl\":\"https:\/\/massalagros.com\/wp-content\/uploads\/2025\/12\/Experiencia_5sentidos_0007s_0002_AIRE-EscapeTogether-2-web.jpg\",\"width\":1920,\"height\":1080},{\"@type\":\"BreadcrumbList\",\"@id\":\"https:\/\/massalagros.com\/fr\/producto\/decouvrez-mas-salagros\/#breadcrumb\",\"itemListElement\":[{\"@type\":\"ListItem\",\"position\":1,\"name\":\"Portada\",\"item\":\"https:\/\/massalagros.com\/fr\/\"},{\"@type\":\"ListItem\",\"position\":2,\"name\":\"Boutique\",\"item\":\"https:\/\/massalagros.com\/fr\/boutique\/\"},{\"@type\":\"ListItem\",\"position\":3,\"name\":\"D\u00e9couvrez Mas Salagros\"}]},{\"@type\":\"WebSite\",\"@id\":\"https:\/\/www.massalagros.com\/fr\/#website\",\"url\":\"https:\/\/www.massalagros.com\/fr\/\",\"name\":\"Mas Salagros\",\"description\":\"EcoResort de lujo en Barcelona - Vallromanes\",\"publisher\":{\"@id\":\"https:\/\/www.massalagros.com\/fr\/#organization\"},\"potentialAction\":[{\"@type\":\"SearchAction\",\"target\":{\"@type\":\"EntryPoint\",\"urlTemplate\":\"https:\/\/www.massalagros.com\/fr\/?s={search_term_string}\"},\"query-input\":{\"@type\":\"PropertyValueSpecification\",\"valueRequired\":true,\"valueName\":\"search_term_string\"}}],\"inLanguage\":\"fr-FR\"},{\"@type\":\"Organization\",\"@id\":\"https:\/\/www.massalagros.com\/fr\/#organization\",\"name\":\"MAS SALAGROS HOTEL ECORESORT\",\"url\":\"https:\/\/www.massalagros.com\/fr\/\",\"logo\":{\"@type\":\"ImageObject\",\"inLanguage\":\"fr-FR\",\"@id\":\"https:\/\/www.massalagros.com\/fr\/#\/schema\/logo\/image\/\",\"url\":\"\/wp-content\/uploads\/2018\/05\/IMG_0116.jpg\",\"contentUrl\":\"\/wp-content\/uploads\/2018\/05\/IMG_0116.jpg\",\"width\":2000,\"height\":1333,\"caption\":\"MAS SALAGROS HOTEL ECORESORT\"},\"image\":{\"@id\":\"https:\/\/www.massalagros.com\/fr\/#\/schema\/logo\/image\/\"},\"sameAs\":[\"https:\/\/www.facebook.com\/MasSalagros\/\",\"https:\/\/x.com\/MasSalagros\",\"https:\/\/www.instagram.com\/massalagrosecoresort\/\"]}]}<\/script>\n<!-- \/ Yoast SEO plugin. -->","yoast_head_json":{"title":"D\u00e9couvrez Mas Salagros &#8211; Mas Salagros","description":"D\u00e9couvrez le luxe de vous reconnecter dans un resort 100 % \u00e9cologique, entour\u00e9 de nature et pens\u00e9 pour \u00eatre v\u00e9cu avec calme.","robots":{"index":"index","follow":"follow","max-snippet":"max-snippet:-1","max-image-preview":"max-image-preview:large","max-video-preview":"max-video-preview:-1"},"canonical":"https:\/\/massalagros.com\/fr\/producto\/decouvrez-mas-salagros\/","og_locale":"fr_FR","og_type":"article","og_title":"D\u00e9couvrez Mas Salagros &#8211; Mas Salagros","og_description":"D\u00e9couvrez le luxe de vous reconnecter dans un resort 100 % \u00e9cologique, entour\u00e9 de nature et pens\u00e9 pour \u00eatre v\u00e9cu avec calme.","og_url":"https:\/\/massalagros.com\/fr\/producto\/decouvrez-mas-salagros\/","og_site_name":"Mas Salagros","article_publisher":"https:\/\/www.facebook.com\/MasSalagros\/","article_modified_time":"2026-01-27T07:56:15+00:00","og_image":[{"width":1920,"height":1080,"url":"https:\/\/massalagros.com\/wp-content\/uploads\/2025\/12\/Experiencia_5sentidos_0007s_0002_AIRE-EscapeTogether-2-web.jpg","type":"image\/jpeg"}],"twitter_card":"summary_large_image","twitter_site":"@MasSalagros","twitter_misc":{"Dur\u00e9e de lecture estim\u00e9e":"1 minute"},"schema":{"@context":"https:\/\/schema.org","@graph":[{"@type":"WebPage","@id":"https:\/\/massalagros.com\/fr\/producto\/decouvrez-mas-salagros\/","url":"https:\/\/massalagros.com\/fr\/producto\/decouvrez-mas-salagros\/","name":"D\u00e9couvrez Mas Salagros &#8211; Mas Salagros","isPartOf":{"@id":"https:\/\/www.massalagros.com\/fr\/#website"},"primaryImageOfPage":{"@id":"https:\/\/massalagros.com\/fr\/producto\/decouvrez-mas-salagros\/#primaryimage"},"image":{"@id":"https:\/\/massalagros.com\/fr\/producto\/decouvrez-mas-salagros\/#primaryimage"},"thumbnailUrl":"https:\/\/massalagros.com\/wp-content\/uploads\/2025\/12\/Experiencia_5sentidos_0007s_0002_AIRE-EscapeTogether-2-web.jpg","datePublished":"2025-11-14T15:14:11+00:00","dateModified":"2026-01-27T07:56:15+00:00","description":"D\u00e9couvrez le luxe de vous reconnecter dans un resort 100 % \u00e9cologique, entour\u00e9 de nature et pens\u00e9 pour \u00eatre v\u00e9cu avec calme.","breadcrumb":{"@id":"https:\/\/massalagros.com\/fr\/producto\/decouvrez-mas-salagros\/#breadcrumb"},"inLanguage":"fr-FR","potentialAction":[{"@type":"ReadAction","target":["https:\/\/massalagros.com\/fr\/producto\/decouvrez-mas-salagros\/"]}]},{"@type":"ImageObject","inLanguage":"fr-FR","@id":"https:\/\/massalagros.com\/fr\/producto\/decouvrez-mas-salagros\/#primaryimage","url":"https:\/\/massalagros.com\/wp-content\/uploads\/2025\/12\/Experiencia_5sentidos_0007s_0002_AIRE-EscapeTogether-2-web.jpg","contentUrl":"https:\/\/massalagros.com\/wp-content\/uploads\/2025\/12\/Experiencia_5sentidos_0007s_0002_AIRE-EscapeTogether-2-web.jpg","width":1920,"height":1080},{"@type":"BreadcrumbList","@id":"https:\/\/massalagros.com\/fr\/producto\/decouvrez-mas-salagros\/#breadcrumb","itemListElement":[{"@type":"ListItem","position":1,"name":"Portada","item":"https:\/\/massalagros.com\/fr\/"},{"@type":"ListItem","position":2,"name":"Boutique","item":"https:\/\/massalagros.com\/fr\/boutique\/"},{"@type":"ListItem","position":3,"name":"D\u00e9couvrez Mas Salagros"}]},{"@type":"WebSite","@id":"https:\/\/www.massalagros.com\/fr\/#website","url":"https:\/\/www.massalagros.com\/fr\/","name":"Mas Salagros","description":"EcoResort de lujo en Barcelona - Vallromanes","publisher":{"@id":"https:\/\/www.massalagros.com\/fr\/#organization"},"potentialAction":[{"@type":"SearchAction","target":{"@type":"EntryPoint","urlTemplate":"https:\/\/www.massalagros.com\/fr\/?s={search_term_string}"},"query-input":{"@type":"PropertyValueSpecification","valueRequired":true,"valueName":"search_term_string"}}],"inLanguage":"fr-FR"},{"@type":"Organization","@id":"https:\/\/www.massalagros.com\/fr\/#organization","name":"MAS SALAGROS HOTEL ECORESORT","url":"https:\/\/www.massalagros.com\/fr\/","logo":{"@type":"ImageObject","inLanguage":"fr-FR","@id":"https:\/\/www.massalagros.com\/fr\/#\/schema\/logo\/image\/","url":"\/wp-content\/uploads\/2018\/05\/IMG_0116.jpg","contentUrl":"\/wp-content\/uploads\/2018\/05\/IMG_0116.jpg","width":2000,"height":1333,"caption":"MAS SALAGROS HOTEL ECORESORT"},"image":{"@id":"https:\/\/www.massalagros.com\/fr\/#\/schema\/logo\/image\/"},"sameAs":["https:\/\/www.facebook.com\/MasSalagros\/","https:\/\/x.com\/MasSalagros","https:\/\/www.instagram.com\/massalagrosecoresort\/"]}]}},"_links":{"self":[{"href":"https:\/\/massalagros.com\/fr\/wp-json\/wp\/v2\/product\/30221","targetHints":{"allow":["GET"]}}],"collection":[{"href":"https:\/\/massalagros.com\/fr\/wp-json\/wp\/v2\/product"}],"about":[{"href":"https:\/\/massalagros.com\/fr\/wp-json\/wp\/v2\/types\/product"}],"wp:featuredmedia":[{"embeddable":true,"href":"https:\/\/massalagros.com\/fr\/wp-json\/wp\/v2\/media\/29541"}],"wp:attachment":[{"href":"https:\/\/massalagros.com\/fr\/wp-json\/wp\/v2\/media?parent=30221"}],"wp:term":[{"taxonomy":"product_brand","embeddable":true,"href":"https:\/\/massalagros.com\/fr\/wp-json\/wp\/v2\/product_brand?post=30221"},{"taxonomy":"product_cat","embeddable":true,"href":"https:\/\/massalagros.com\/fr\/wp-json\/wp\/v2\/product_cat?post=30221"},{"taxonomy":"product_tag","embeddable":true,"href":"https:\/\/massalagros.com\/fr\/wp-json\/wp\/v2\/product_tag?post=30221"}],"curies":[{"name":"wp","href":"https:\/\/api.w.org\/{rel}","templated":true}]}}