{"id":30220,"date":"2025-11-24T15:24:40","date_gmt":"2025-11-24T15:24:40","guid":{"rendered":"https:\/\/massalagros.com\/?post_type=product&#038;p=30220"},"modified":"2026-01-27T07:47:40","modified_gmt":"2026-01-27T07:47:40","slug":"slow-life","status":"publish","type":"product","link":"https:\/\/massalagros.com\/fr\/producto\/slow-life\/","title":{"rendered":"Slow Life"},"content":{"rendered":"<p>Slow Life combine l\u2019h\u00e9bergement en chambre double avec terrasse, l\u2019acc\u00e8s au circuit d\u2019eaux et \u00e0 l\u2019aromath\u00e9rapie by AIRE Ancient Baths Vallromanes, un d\u00e9jeuner casual dans notre restaurant Cibus, un petit-d\u00e9jeuner biologique et du temps pour profiter de l\u2019environnement naturel de l\u2019\u00e9co-resort. Une exp\u00e9rience con\u00e7ue pour se reposer et se reconnecter. Le confort de la chambre et la s\u00e9r\u00e9nit\u00e9 du cadre invitent \u00e0 vivre le s\u00e9jour \u00e0 un rythme paisible, en privil\u00e9giant le repos et le bien-\u00eatre.<\/p>\n","protected":false},"excerpt":{"rendered":"<h3>Vivre lentement, bien dormir et profiter sans horaires.<\/h3>\n<p>Un s\u00e9jour pens\u00e9 pour ralentir et revenir \u00e0 l\u2019essentiel, o\u00f9 bien-\u00eatre, repos et gastronomie biologique s\u2019unissent pour offrir une exp\u00e9rience de calme profond et de connexion authentique.<\/p>\n","protected":false},"featured_media":27646,"template":"","meta":{"_acf_changed":false},"product_brand":[],"product_cat":[972],"product_tag":[1030,1022,1038,1026,1024],"class_list":{"0":"post-30220","1":"product","2":"type-product","3":"status-publish","4":"has-post-thumbnail","6":"product_cat-ecoresort","7":"product_tag-chambre-superieure","8":"product_tag-circuit-thermal","9":"product_tag-menu-a-la-carte","10":"product_tag-petit-dejeuner-bio","11":"product_tag-verre-de-bienvenue","13":"first","14":"instock","15":"sale","16":"virtual","17":"purchasable","18":"product-type-simple"},"acf":[],"yoast_head":"<!-- This site is optimized with the Yoast SEO plugin v27.2 - https:\/\/yoast.com\/product\/yoast-seo-wordpress\/ -->\n<title>Slow Life &#8211; Mas Salagros<\/title>\n<meta name=\"description\" content=\"Un s\u00e9jour pens\u00e9 pour ralentir et revenir \u00e0 l\u2019essentiel, o\u00f9 bien-\u00eatre, repos et gastronomie biologique s\u2019unissent pour offrir une exp\u00e9rience de calme.\" \/>\n<meta name=\"robots\" content=\"index, follow, max-snippet:-1, max-image-preview:large, max-video-preview:-1\" \/>\n<link rel=\"canonical\" href=\"https:\/\/massalagros.com\/fr\/producto\/slow-life\/\" \/>\n<meta property=\"og:locale\" content=\"fr_FR\" \/>\n<meta property=\"og:type\" content=\"article\" \/>\n<meta property=\"og:title\" content=\"Slow Life &#8211; Mas Salagros\" \/>\n<meta property=\"og:description\" content=\"Un s\u00e9jour pens\u00e9 pour ralentir et revenir \u00e0 l\u2019essentiel, o\u00f9 bien-\u00eatre, repos et gastronomie biologique s\u2019unissent pour offrir une exp\u00e9rience de calme.\" \/>\n<meta property=\"og:url\" content=\"https:\/\/massalagros.com\/fr\/producto\/slow-life\/\" \/>\n<meta property=\"og:site_name\" content=\"Mas Salagros\" \/>\n<meta property=\"article:publisher\" content=\"https:\/\/www.facebook.com\/MasSalagros\/\" \/>\n<meta property=\"article:modified_time\" content=\"2026-01-27T07:47:40+00:00\" \/>\n<meta property=\"og:image\" content=\"https:\/\/massalagros.com\/wp-content\/uploads\/2023\/10\/fotos-experiencias_slowlofe.jpeg\" \/>\n\t<meta property=\"og:image:width\" content=\"2560\" \/>\n\t<meta property=\"og:image:height\" content=\"1440\" \/>\n\t<meta property=\"og:image:type\" content=\"image\/jpeg\" \/>\n<meta name=\"twitter:card\" content=\"summary_large_image\" \/>\n<meta name=\"twitter:site\" content=\"@MasSalagros\" \/>\n<meta name=\"twitter:label1\" content=\"Dur\u00e9e de lecture estim\u00e9e\" \/>\n\t<meta name=\"twitter:data1\" content=\"1 minute\" \/>\n<script type=\"application\/ld+json\" class=\"yoast-schema-graph\">{\"@context\":\"https:\/\/schema.org\",\"@graph\":[{\"@type\":\"WebPage\",\"@id\":\"https:\/\/massalagros.com\/fr\/producto\/slow-life\/\",\"url\":\"https:\/\/massalagros.com\/fr\/producto\/slow-life\/\",\"name\":\"Slow Life &#8211; Mas Salagros\",\"isPartOf\":{\"@id\":\"https:\/\/www.massalagros.com\/fr\/#website\"},\"primaryImageOfPage\":{\"@id\":\"https:\/\/massalagros.com\/fr\/producto\/slow-life\/#primaryimage\"},\"image\":{\"@id\":\"https:\/\/massalagros.com\/fr\/producto\/slow-life\/#primaryimage\"},\"thumbnailUrl\":\"https:\/\/massalagros.com\/wp-content\/uploads\/2023\/10\/fotos-experiencias_slowlofe.jpeg\",\"datePublished\":\"2025-11-24T15:24:40+00:00\",\"dateModified\":\"2026-01-27T07:47:40+00:00\",\"description\":\"Un s\u00e9jour pens\u00e9 pour ralentir et revenir \u00e0 l\u2019essentiel, o\u00f9 bien-\u00eatre, repos et gastronomie biologique s\u2019unissent pour offrir une exp\u00e9rience de calme.\",\"breadcrumb\":{\"@id\":\"https:\/\/massalagros.com\/fr\/producto\/slow-life\/#breadcrumb\"},\"inLanguage\":\"fr-FR\",\"potentialAction\":[{\"@type\":\"ReadAction\",\"target\":[\"https:\/\/massalagros.com\/fr\/producto\/slow-life\/\"]}]},{\"@type\":\"ImageObject\",\"inLanguage\":\"fr-FR\",\"@id\":\"https:\/\/massalagros.com\/fr\/producto\/slow-life\/#primaryimage\",\"url\":\"https:\/\/massalagros.com\/wp-content\/uploads\/2023\/10\/fotos-experiencias_slowlofe.jpeg\",\"contentUrl\":\"https:\/\/massalagros.com\/wp-content\/uploads\/2023\/10\/fotos-experiencias_slowlofe.jpeg\",\"width\":2560,\"height\":1440},{\"@type\":\"BreadcrumbList\",\"@id\":\"https:\/\/massalagros.com\/fr\/producto\/slow-life\/#breadcrumb\",\"itemListElement\":[{\"@type\":\"ListItem\",\"position\":1,\"name\":\"Portada\",\"item\":\"https:\/\/massalagros.com\/fr\/\"},{\"@type\":\"ListItem\",\"position\":2,\"name\":\"Boutique\",\"item\":\"https:\/\/massalagros.com\/fr\/boutique\/\"},{\"@type\":\"ListItem\",\"position\":3,\"name\":\"Slow Life\"}]},{\"@type\":\"WebSite\",\"@id\":\"https:\/\/www.massalagros.com\/fr\/#website\",\"url\":\"https:\/\/www.massalagros.com\/fr\/\",\"name\":\"Mas Salagros\",\"description\":\"EcoResort de lujo en Barcelona - Vallromanes\",\"publisher\":{\"@id\":\"https:\/\/www.massalagros.com\/fr\/#organization\"},\"potentialAction\":[{\"@type\":\"SearchAction\",\"target\":{\"@type\":\"EntryPoint\",\"urlTemplate\":\"https:\/\/www.massalagros.com\/fr\/?s={search_term_string}\"},\"query-input\":{\"@type\":\"PropertyValueSpecification\",\"valueRequired\":true,\"valueName\":\"search_term_string\"}}],\"inLanguage\":\"fr-FR\"},{\"@type\":\"Organization\",\"@id\":\"https:\/\/www.massalagros.com\/fr\/#organization\",\"name\":\"MAS SALAGROS HOTEL ECORESORT\",\"url\":\"https:\/\/www.massalagros.com\/fr\/\",\"logo\":{\"@type\":\"ImageObject\",\"inLanguage\":\"fr-FR\",\"@id\":\"https:\/\/www.massalagros.com\/fr\/#\/schema\/logo\/image\/\",\"url\":\"\/wp-content\/uploads\/2018\/05\/IMG_0116.jpg\",\"contentUrl\":\"\/wp-content\/uploads\/2018\/05\/IMG_0116.jpg\",\"width\":2000,\"height\":1333,\"caption\":\"MAS SALAGROS HOTEL ECORESORT\"},\"image\":{\"@id\":\"https:\/\/www.massalagros.com\/fr\/#\/schema\/logo\/image\/\"},\"sameAs\":[\"https:\/\/www.facebook.com\/MasSalagros\/\",\"https:\/\/x.com\/MasSalagros\",\"https:\/\/www.instagram.com\/massalagrosecoresort\/\"]}]}<\/script>\n<!-- \/ Yoast SEO plugin. -->","yoast_head_json":{"title":"Slow Life &#8211; Mas Salagros","description":"Un s\u00e9jour pens\u00e9 pour ralentir et revenir \u00e0 l\u2019essentiel, o\u00f9 bien-\u00eatre, repos et gastronomie biologique s\u2019unissent pour offrir une exp\u00e9rience de calme.","robots":{"index":"index","follow":"follow","max-snippet":"max-snippet:-1","max-image-preview":"max-image-preview:large","max-video-preview":"max-video-preview:-1"},"canonical":"https:\/\/massalagros.com\/fr\/producto\/slow-life\/","og_locale":"fr_FR","og_type":"article","og_title":"Slow Life &#8211; Mas Salagros","og_description":"Un s\u00e9jour pens\u00e9 pour ralentir et revenir \u00e0 l\u2019essentiel, o\u00f9 bien-\u00eatre, repos et gastronomie biologique s\u2019unissent pour offrir une exp\u00e9rience de calme.","og_url":"https:\/\/massalagros.com\/fr\/producto\/slow-life\/","og_site_name":"Mas Salagros","article_publisher":"https:\/\/www.facebook.com\/MasSalagros\/","article_modified_time":"2026-01-27T07:47:40+00:00","og_image":[{"width":2560,"height":1440,"url":"https:\/\/massalagros.com\/wp-content\/uploads\/2023\/10\/fotos-experiencias_slowlofe.jpeg","type":"image\/jpeg"}],"twitter_card":"summary_large_image","twitter_site":"@MasSalagros","twitter_misc":{"Dur\u00e9e de lecture estim\u00e9e":"1 minute"},"schema":{"@context":"https:\/\/schema.org","@graph":[{"@type":"WebPage","@id":"https:\/\/massalagros.com\/fr\/producto\/slow-life\/","url":"https:\/\/massalagros.com\/fr\/producto\/slow-life\/","name":"Slow Life &#8211; Mas Salagros","isPartOf":{"@id":"https:\/\/www.massalagros.com\/fr\/#website"},"primaryImageOfPage":{"@id":"https:\/\/massalagros.com\/fr\/producto\/slow-life\/#primaryimage"},"image":{"@id":"https:\/\/massalagros.com\/fr\/producto\/slow-life\/#primaryimage"},"thumbnailUrl":"https:\/\/massalagros.com\/wp-content\/uploads\/2023\/10\/fotos-experiencias_slowlofe.jpeg","datePublished":"2025-11-24T15:24:40+00:00","dateModified":"2026-01-27T07:47:40+00:00","description":"Un s\u00e9jour pens\u00e9 pour ralentir et revenir \u00e0 l\u2019essentiel, o\u00f9 bien-\u00eatre, repos et gastronomie biologique s\u2019unissent pour offrir une exp\u00e9rience de calme.","breadcrumb":{"@id":"https:\/\/massalagros.com\/fr\/producto\/slow-life\/#breadcrumb"},"inLanguage":"fr-FR","potentialAction":[{"@type":"ReadAction","target":["https:\/\/massalagros.com\/fr\/producto\/slow-life\/"]}]},{"@type":"ImageObject","inLanguage":"fr-FR","@id":"https:\/\/massalagros.com\/fr\/producto\/slow-life\/#primaryimage","url":"https:\/\/massalagros.com\/wp-content\/uploads\/2023\/10\/fotos-experiencias_slowlofe.jpeg","contentUrl":"https:\/\/massalagros.com\/wp-content\/uploads\/2023\/10\/fotos-experiencias_slowlofe.jpeg","width":2560,"height":1440},{"@type":"BreadcrumbList","@id":"https:\/\/massalagros.com\/fr\/producto\/slow-life\/#breadcrumb","itemListElement":[{"@type":"ListItem","position":1,"name":"Portada","item":"https:\/\/massalagros.com\/fr\/"},{"@type":"ListItem","position":2,"name":"Boutique","item":"https:\/\/massalagros.com\/fr\/boutique\/"},{"@type":"ListItem","position":3,"name":"Slow Life"}]},{"@type":"WebSite","@id":"https:\/\/www.massalagros.com\/fr\/#website","url":"https:\/\/www.massalagros.com\/fr\/","name":"Mas Salagros","description":"EcoResort de lujo en Barcelona - Vallromanes","publisher":{"@id":"https:\/\/www.massalagros.com\/fr\/#organization"},"potentialAction":[{"@type":"SearchAction","target":{"@type":"EntryPoint","urlTemplate":"https:\/\/www.massalagros.com\/fr\/?s={search_term_string}"},"query-input":{"@type":"PropertyValueSpecification","valueRequired":true,"valueName":"search_term_string"}}],"inLanguage":"fr-FR"},{"@type":"Organization","@id":"https:\/\/www.massalagros.com\/fr\/#organization","name":"MAS SALAGROS HOTEL ECORESORT","url":"https:\/\/www.massalagros.com\/fr\/","logo":{"@type":"ImageObject","inLanguage":"fr-FR","@id":"https:\/\/www.massalagros.com\/fr\/#\/schema\/logo\/image\/","url":"\/wp-content\/uploads\/2018\/05\/IMG_0116.jpg","contentUrl":"\/wp-content\/uploads\/2018\/05\/IMG_0116.jpg","width":2000,"height":1333,"caption":"MAS SALAGROS HOTEL ECORESORT"},"image":{"@id":"https:\/\/www.massalagros.com\/fr\/#\/schema\/logo\/image\/"},"sameAs":["https:\/\/www.facebook.com\/MasSalagros\/","https:\/\/x.com\/MasSalagros","https:\/\/www.instagram.com\/massalagrosecoresort\/"]}]}},"_links":{"self":[{"href":"https:\/\/massalagros.com\/fr\/wp-json\/wp\/v2\/product\/30220","targetHints":{"allow":["GET"]}}],"collection":[{"href":"https:\/\/massalagros.com\/fr\/wp-json\/wp\/v2\/product"}],"about":[{"href":"https:\/\/massalagros.com\/fr\/wp-json\/wp\/v2\/types\/product"}],"wp:featuredmedia":[{"embeddable":true,"href":"https:\/\/massalagros.com\/fr\/wp-json\/wp\/v2\/media\/27646"}],"wp:attachment":[{"href":"https:\/\/massalagros.com\/fr\/wp-json\/wp\/v2\/media?parent=30220"}],"wp:term":[{"taxonomy":"product_brand","embeddable":true,"href":"https:\/\/massalagros.com\/fr\/wp-json\/wp\/v2\/product_brand?post=30220"},{"taxonomy":"product_cat","embeddable":true,"href":"https:\/\/massalagros.com\/fr\/wp-json\/wp\/v2\/product_cat?post=30220"},{"taxonomy":"product_tag","embeddable":true,"href":"https:\/\/massalagros.com\/fr\/wp-json\/wp\/v2\/product_tag?post=30220"}],"curies":[{"name":"wp","href":"https:\/\/api.w.org\/{rel}","templated":true}]}}