{"id":30217,"date":"2025-11-14T15:14:11","date_gmt":"2025-11-14T15:14:11","guid":{"rendered":"https:\/\/massalagros.com\/?post_type=product&#038;p=30217"},"modified":"2026-02-17T17:05:43","modified_gmt":"2026-02-17T17:05:43","slug":"retraite-singuliere","status":"publish","type":"product","link":"https:\/\/massalagros.com\/fr\/producto\/retraite-singuliere\/","title":{"rendered":"Express Reconnection"},"content":{"rendered":"<p>\u00c9vadez-vous et ressourcez-vous gr\u00e2ce \u00e0 notre exp\u00e9rience Express Reconnection. D\u00e9tendez-vous dans une magnifique chambre avec terrasse, savourez un d\u00e9jeuner ou un d\u00eener 100 % bio certifi\u00e9 au restaurant Cibus et r\u00e9veillez-vous avec un d\u00e9licieux petit-d\u00e9jeuner pr\u00e9par\u00e9 \u00e0 partir des meilleurs ingr\u00e9dients locaux. L\u2019exp\u00e9rience se prolonge par un s\u00e9jour pens\u00e9 pour un repos profond, entour\u00e9 de nature et de silence. Chaque espace et chaque service sont con\u00e7us pour favoriser la d\u00e9tente et le bien-\u00eatre, en offrant du temps pour prendre soin de soi sans pr\u00e9cipitation. Id\u00e9ale pour se d\u00e9connecter du quotidien et retrouver l\u2019\u00e9quilibre en toute s\u00e9r\u00e9nit\u00e9.<\/p>\n","protected":false},"excerpt":{"rendered":"<h3>Repos profond et bien-\u00eatre en pleine nature.<\/h3>\n<p>Offrez-vous une journ\u00e9e rien que pour vous, sans avoir besoin de partir loin. Une occasion de vous d\u00e9tendre, de retrouver de l\u2019\u00e9nergie et de vous reconnecter \u00e0 vous-m\u00eame dans un environnement de calme absolu.<\/p>\n","protected":false},"featured_media":29003,"template":"","meta":{"_acf_changed":false},"product_brand":[],"product_cat":[972],"product_tag":[1030,1038,1026,1024],"class_list":{"0":"post-30217","1":"product","2":"type-product","3":"status-publish","4":"has-post-thumbnail","6":"product_cat-ecoresort","7":"product_tag-chambre-superieure","8":"product_tag-menu-a-la-carte","9":"product_tag-petit-dejeuner-bio","10":"product_tag-verre-de-bienvenue","12":"first","13":"instock","14":"shipping-taxable","15":"purchasable","16":"product-type-variable"},"acf":[],"yoast_head":"<!-- This site is optimized with the Yoast SEO plugin v27.2 - https:\/\/yoast.com\/product\/yoast-seo-wordpress\/ -->\n<title>Express Reconnection &#8211; Mas Salagros<\/title>\n<meta name=\"description\" content=\"Offrez-vous une journ\u00e9e rien que pour vous, sans avoir besoin de partir loin. Une occasion de vous d\u00e9tendre, de retrouver de l\u2019\u00e9nergie.\" \/>\n<meta name=\"robots\" content=\"index, follow, max-snippet:-1, max-image-preview:large, max-video-preview:-1\" \/>\n<link rel=\"canonical\" href=\"https:\/\/massalagros.com\/fr\/producto\/retraite-singuliere\/\" \/>\n<meta property=\"og:locale\" content=\"fr_FR\" \/>\n<meta property=\"og:type\" content=\"article\" \/>\n<meta property=\"og:title\" content=\"Express Reconnection &#8211; Mas Salagros\" \/>\n<meta property=\"og:description\" content=\"Offrez-vous une journ\u00e9e rien que pour vous, sans avoir besoin de partir loin. Une occasion de vous d\u00e9tendre, de retrouver de l\u2019\u00e9nergie.\" \/>\n<meta property=\"og:url\" content=\"https:\/\/massalagros.com\/fr\/producto\/retraite-singuliere\/\" \/>\n<meta property=\"og:site_name\" content=\"Mas Salagros\" \/>\n<meta property=\"article:publisher\" content=\"https:\/\/www.facebook.com\/MasSalagros\/\" \/>\n<meta property=\"article:modified_time\" content=\"2026-02-17T17:05:43+00:00\" \/>\n<meta property=\"og:image\" content=\"https:\/\/massalagros.com\/wp-content\/uploads\/2025\/10\/Motor_otono2.jpg\" \/>\n\t<meta property=\"og:image:width\" content=\"1920\" \/>\n\t<meta property=\"og:image:height\" content=\"1080\" \/>\n\t<meta property=\"og:image:type\" content=\"image\/jpeg\" \/>\n<meta name=\"twitter:card\" content=\"summary_large_image\" \/>\n<meta name=\"twitter:site\" content=\"@MasSalagros\" \/>\n<meta name=\"twitter:label1\" content=\"Dur\u00e9e de lecture estim\u00e9e\" \/>\n\t<meta name=\"twitter:data1\" content=\"1 minute\" \/>\n<script type=\"application\/ld+json\" class=\"yoast-schema-graph\">{\"@context\":\"https:\/\/schema.org\",\"@graph\":[{\"@type\":\"WebPage\",\"@id\":\"https:\/\/massalagros.com\/fr\/producto\/retraite-singuliere\/\",\"url\":\"https:\/\/massalagros.com\/fr\/producto\/retraite-singuliere\/\",\"name\":\"Express Reconnection &#8211; Mas Salagros\",\"isPartOf\":{\"@id\":\"https:\/\/www.massalagros.com\/fr\/#website\"},\"primaryImageOfPage\":{\"@id\":\"https:\/\/massalagros.com\/fr\/producto\/retraite-singuliere\/#primaryimage\"},\"image\":{\"@id\":\"https:\/\/massalagros.com\/fr\/producto\/retraite-singuliere\/#primaryimage\"},\"thumbnailUrl\":\"https:\/\/massalagros.com\/wp-content\/uploads\/2025\/10\/Motor_otono2.jpg\",\"datePublished\":\"2025-11-14T15:14:11+00:00\",\"dateModified\":\"2026-02-17T17:05:43+00:00\",\"description\":\"Offrez-vous une journ\u00e9e rien que pour vous, sans avoir besoin de partir loin. Une occasion de vous d\u00e9tendre, de retrouver de l\u2019\u00e9nergie.\",\"breadcrumb\":{\"@id\":\"https:\/\/massalagros.com\/fr\/producto\/retraite-singuliere\/#breadcrumb\"},\"inLanguage\":\"fr-FR\",\"potentialAction\":[{\"@type\":\"ReadAction\",\"target\":[\"https:\/\/massalagros.com\/fr\/producto\/retraite-singuliere\/\"]}]},{\"@type\":\"ImageObject\",\"inLanguage\":\"fr-FR\",\"@id\":\"https:\/\/massalagros.com\/fr\/producto\/retraite-singuliere\/#primaryimage\",\"url\":\"https:\/\/massalagros.com\/wp-content\/uploads\/2025\/10\/Motor_otono2.jpg\",\"contentUrl\":\"https:\/\/massalagros.com\/wp-content\/uploads\/2025\/10\/Motor_otono2.jpg\",\"width\":1920,\"height\":1080},{\"@type\":\"BreadcrumbList\",\"@id\":\"https:\/\/massalagros.com\/fr\/producto\/retraite-singuliere\/#breadcrumb\",\"itemListElement\":[{\"@type\":\"ListItem\",\"position\":1,\"name\":\"Portada\",\"item\":\"https:\/\/massalagros.com\/fr\/\"},{\"@type\":\"ListItem\",\"position\":2,\"name\":\"Boutique\",\"item\":\"https:\/\/massalagros.com\/fr\/boutique\/\"},{\"@type\":\"ListItem\",\"position\":3,\"name\":\"Express Reconnection\"}]},{\"@type\":\"WebSite\",\"@id\":\"https:\/\/www.massalagros.com\/fr\/#website\",\"url\":\"https:\/\/www.massalagros.com\/fr\/\",\"name\":\"Mas Salagros\",\"description\":\"EcoResort de lujo en Barcelona - Vallromanes\",\"publisher\":{\"@id\":\"https:\/\/www.massalagros.com\/fr\/#organization\"},\"potentialAction\":[{\"@type\":\"SearchAction\",\"target\":{\"@type\":\"EntryPoint\",\"urlTemplate\":\"https:\/\/www.massalagros.com\/fr\/?s={search_term_string}\"},\"query-input\":{\"@type\":\"PropertyValueSpecification\",\"valueRequired\":true,\"valueName\":\"search_term_string\"}}],\"inLanguage\":\"fr-FR\"},{\"@type\":\"Organization\",\"@id\":\"https:\/\/www.massalagros.com\/fr\/#organization\",\"name\":\"MAS SALAGROS HOTEL ECORESORT\",\"url\":\"https:\/\/www.massalagros.com\/fr\/\",\"logo\":{\"@type\":\"ImageObject\",\"inLanguage\":\"fr-FR\",\"@id\":\"https:\/\/www.massalagros.com\/fr\/#\/schema\/logo\/image\/\",\"url\":\"\/wp-content\/uploads\/2018\/05\/IMG_0116.jpg\",\"contentUrl\":\"\/wp-content\/uploads\/2018\/05\/IMG_0116.jpg\",\"width\":2000,\"height\":1333,\"caption\":\"MAS SALAGROS HOTEL ECORESORT\"},\"image\":{\"@id\":\"https:\/\/www.massalagros.com\/fr\/#\/schema\/logo\/image\/\"},\"sameAs\":[\"https:\/\/www.facebook.com\/MasSalagros\/\",\"https:\/\/x.com\/MasSalagros\",\"https:\/\/www.instagram.com\/massalagrosecoresort\/\"]}]}<\/script>\n<!-- \/ Yoast SEO plugin. -->","yoast_head_json":{"title":"Express Reconnection &#8211; Mas Salagros","description":"Offrez-vous une journ\u00e9e rien que pour vous, sans avoir besoin de partir loin. Une occasion de vous d\u00e9tendre, de retrouver de l\u2019\u00e9nergie.","robots":{"index":"index","follow":"follow","max-snippet":"max-snippet:-1","max-image-preview":"max-image-preview:large","max-video-preview":"max-video-preview:-1"},"canonical":"https:\/\/massalagros.com\/fr\/producto\/retraite-singuliere\/","og_locale":"fr_FR","og_type":"article","og_title":"Express Reconnection &#8211; Mas Salagros","og_description":"Offrez-vous une journ\u00e9e rien que pour vous, sans avoir besoin de partir loin. Une occasion de vous d\u00e9tendre, de retrouver de l\u2019\u00e9nergie.","og_url":"https:\/\/massalagros.com\/fr\/producto\/retraite-singuliere\/","og_site_name":"Mas Salagros","article_publisher":"https:\/\/www.facebook.com\/MasSalagros\/","article_modified_time":"2026-02-17T17:05:43+00:00","og_image":[{"width":1920,"height":1080,"url":"https:\/\/massalagros.com\/wp-content\/uploads\/2025\/10\/Motor_otono2.jpg","type":"image\/jpeg"}],"twitter_card":"summary_large_image","twitter_site":"@MasSalagros","twitter_misc":{"Dur\u00e9e de lecture estim\u00e9e":"1 minute"},"schema":{"@context":"https:\/\/schema.org","@graph":[{"@type":"WebPage","@id":"https:\/\/massalagros.com\/fr\/producto\/retraite-singuliere\/","url":"https:\/\/massalagros.com\/fr\/producto\/retraite-singuliere\/","name":"Express Reconnection &#8211; Mas Salagros","isPartOf":{"@id":"https:\/\/www.massalagros.com\/fr\/#website"},"primaryImageOfPage":{"@id":"https:\/\/massalagros.com\/fr\/producto\/retraite-singuliere\/#primaryimage"},"image":{"@id":"https:\/\/massalagros.com\/fr\/producto\/retraite-singuliere\/#primaryimage"},"thumbnailUrl":"https:\/\/massalagros.com\/wp-content\/uploads\/2025\/10\/Motor_otono2.jpg","datePublished":"2025-11-14T15:14:11+00:00","dateModified":"2026-02-17T17:05:43+00:00","description":"Offrez-vous une journ\u00e9e rien que pour vous, sans avoir besoin de partir loin. Une occasion de vous d\u00e9tendre, de retrouver de l\u2019\u00e9nergie.","breadcrumb":{"@id":"https:\/\/massalagros.com\/fr\/producto\/retraite-singuliere\/#breadcrumb"},"inLanguage":"fr-FR","potentialAction":[{"@type":"ReadAction","target":["https:\/\/massalagros.com\/fr\/producto\/retraite-singuliere\/"]}]},{"@type":"ImageObject","inLanguage":"fr-FR","@id":"https:\/\/massalagros.com\/fr\/producto\/retraite-singuliere\/#primaryimage","url":"https:\/\/massalagros.com\/wp-content\/uploads\/2025\/10\/Motor_otono2.jpg","contentUrl":"https:\/\/massalagros.com\/wp-content\/uploads\/2025\/10\/Motor_otono2.jpg","width":1920,"height":1080},{"@type":"BreadcrumbList","@id":"https:\/\/massalagros.com\/fr\/producto\/retraite-singuliere\/#breadcrumb","itemListElement":[{"@type":"ListItem","position":1,"name":"Portada","item":"https:\/\/massalagros.com\/fr\/"},{"@type":"ListItem","position":2,"name":"Boutique","item":"https:\/\/massalagros.com\/fr\/boutique\/"},{"@type":"ListItem","position":3,"name":"Express Reconnection"}]},{"@type":"WebSite","@id":"https:\/\/www.massalagros.com\/fr\/#website","url":"https:\/\/www.massalagros.com\/fr\/","name":"Mas Salagros","description":"EcoResort de lujo en Barcelona - Vallromanes","publisher":{"@id":"https:\/\/www.massalagros.com\/fr\/#organization"},"potentialAction":[{"@type":"SearchAction","target":{"@type":"EntryPoint","urlTemplate":"https:\/\/www.massalagros.com\/fr\/?s={search_term_string}"},"query-input":{"@type":"PropertyValueSpecification","valueRequired":true,"valueName":"search_term_string"}}],"inLanguage":"fr-FR"},{"@type":"Organization","@id":"https:\/\/www.massalagros.com\/fr\/#organization","name":"MAS SALAGROS HOTEL ECORESORT","url":"https:\/\/www.massalagros.com\/fr\/","logo":{"@type":"ImageObject","inLanguage":"fr-FR","@id":"https:\/\/www.massalagros.com\/fr\/#\/schema\/logo\/image\/","url":"\/wp-content\/uploads\/2018\/05\/IMG_0116.jpg","contentUrl":"\/wp-content\/uploads\/2018\/05\/IMG_0116.jpg","width":2000,"height":1333,"caption":"MAS SALAGROS HOTEL ECORESORT"},"image":{"@id":"https:\/\/www.massalagros.com\/fr\/#\/schema\/logo\/image\/"},"sameAs":["https:\/\/www.facebook.com\/MasSalagros\/","https:\/\/x.com\/MasSalagros","https:\/\/www.instagram.com\/massalagrosecoresort\/"]}]}},"_links":{"self":[{"href":"https:\/\/massalagros.com\/fr\/wp-json\/wp\/v2\/product\/30217","targetHints":{"allow":["GET"]}}],"collection":[{"href":"https:\/\/massalagros.com\/fr\/wp-json\/wp\/v2\/product"}],"about":[{"href":"https:\/\/massalagros.com\/fr\/wp-json\/wp\/v2\/types\/product"}],"wp:featuredmedia":[{"embeddable":true,"href":"https:\/\/massalagros.com\/fr\/wp-json\/wp\/v2\/media\/29003"}],"wp:attachment":[{"href":"https:\/\/massalagros.com\/fr\/wp-json\/wp\/v2\/media?parent=30217"}],"wp:term":[{"taxonomy":"product_brand","embeddable":true,"href":"https:\/\/massalagros.com\/fr\/wp-json\/wp\/v2\/product_brand?post=30217"},{"taxonomy":"product_cat","embeddable":true,"href":"https:\/\/massalagros.com\/fr\/wp-json\/wp\/v2\/product_cat?post=30217"},{"taxonomy":"product_tag","embeddable":true,"href":"https:\/\/massalagros.com\/fr\/wp-json\/wp\/v2\/product_tag?post=30217"}],"curies":[{"name":"wp","href":"https:\/\/api.w.org\/{rel}","templated":true}]}}