{"id":8977,"date":"2019-10-31T16:52:33","date_gmt":"2019-10-31T16:52:33","guid":{"rendered":"https:\/\/massalagros.com\/christmas\/"},"modified":"2024-11-07T18:09:45","modified_gmt":"2024-11-07T18:09:45","slug":"noel-en-espagne","status":"publish","type":"page","link":"https:\/\/massalagros.com\/fr\/noel-en-espagne\/","title":{"rendered":"No\u00ebl"},"content":{"rendered":"","protected":false},"excerpt":{"rendered":"","protected":false},"author":3,"featured_media":8861,"parent":0,"menu_order":128,"comment_status":"closed","ping_status":"closed","template":"views\/template-full-options.blade.php","meta":{"_acf_changed":false,"footnotes":""},"class_list":["post-8977","page","type-page","status-publish","has-post-thumbnail","hentry"],"acf":[],"yoast_head":"<!-- This site is optimized with the Yoast SEO plugin v27.2 - https:\/\/yoast.com\/product\/yoast-seo-wordpress\/ -->\n<title>Mas Salagros pour vos vacances de No\u00ebl en Espagne!<\/title>\n<meta name=\"description\" content=\"Vous souhaitez terminer l\u2019ann\u00e9e loin du stress citadin et dans un cadre unique? R\u00e9servez \u00e0 Mas Salagros pour vos vacances de fin d\u2019ann\u00e9e en Espagne.\" \/>\n<meta name=\"robots\" content=\"index, follow, max-snippet:-1, max-image-preview:large, max-video-preview:-1\" \/>\n<link rel=\"canonical\" href=\"https:\/\/massalagros.com\/fr\/noel-en-espagne\/\" \/>\n<meta property=\"og:locale\" content=\"fr_FR\" \/>\n<meta property=\"og:type\" content=\"article\" \/>\n<meta property=\"og:title\" content=\"Mas Salagros pour vos vacances de No\u00ebl en Espagne!\" \/>\n<meta property=\"og:description\" content=\"Vous souhaitez terminer l\u2019ann\u00e9e loin du stress citadin et dans un cadre unique? R\u00e9servez \u00e0 Mas Salagros pour vos vacances de fin d\u2019ann\u00e9e en Espagne.\" \/>\n<meta property=\"og:url\" content=\"https:\/\/massalagros.com\/fr\/noel-en-espagne\/\" \/>\n<meta property=\"og:site_name\" content=\"Mas Salagros\" \/>\n<meta property=\"article:publisher\" content=\"https:\/\/www.facebook.com\/MasSalagros\/\" \/>\n<meta property=\"article:modified_time\" content=\"2024-11-07T18:09:45+00:00\" \/>\n<meta property=\"og:image\" content=\"https:\/\/www.massalagros.com\/wp-content\/uploads\/2020\/12\/NAVIDAD-2020-MASSALAGROS-LANDING-1.jpg\" \/>\n\t<meta property=\"og:image:width\" content=\"1532\" \/>\n\t<meta property=\"og:image:height\" content=\"2294\" \/>\n\t<meta property=\"og:image:type\" content=\"image\/jpeg\" \/>\n<meta name=\"twitter:card\" content=\"summary_large_image\" \/>\n<meta name=\"twitter:site\" content=\"@MasSalagros\" \/>\n<meta name=\"twitter:label1\" content=\"Dur\u00e9e de lecture estim\u00e9e\" \/>\n\t<meta name=\"twitter:data1\" content=\"5 minutes\" \/>\n<script type=\"application\/ld+json\" class=\"yoast-schema-graph\">{\"@context\":\"https:\/\/schema.org\",\"@graph\":[{\"@type\":\"WebPage\",\"@id\":\"https:\/\/massalagros.com\/fr\/noel-en-espagne\/\",\"url\":\"https:\/\/massalagros.com\/fr\/noel-en-espagne\/\",\"name\":\"Mas Salagros pour vos vacances de No\u00ebl en Espagne!\",\"isPartOf\":{\"@id\":\"https:\/\/www.massalagros.com\/fr\/#website\"},\"primaryImageOfPage\":{\"@id\":\"https:\/\/massalagros.com\/fr\/noel-en-espagne\/#primaryimage\"},\"image\":{\"@id\":\"https:\/\/massalagros.com\/fr\/noel-en-espagne\/#primaryimage\"},\"thumbnailUrl\":\"https:\/\/massalagros.com\/wp-content\/uploads\/2020\/12\/NAVIDAD-2020-MASSALAGROS-LANDING-1.jpg\",\"datePublished\":\"2019-10-31T16:52:33+00:00\",\"dateModified\":\"2024-11-07T18:09:45+00:00\",\"description\":\"Vous souhaitez terminer l\u2019ann\u00e9e loin du stress citadin et dans un cadre unique? R\u00e9servez \u00e0 Mas Salagros pour vos vacances de fin d\u2019ann\u00e9e en Espagne.\",\"breadcrumb\":{\"@id\":\"https:\/\/massalagros.com\/fr\/noel-en-espagne\/#breadcrumb\"},\"inLanguage\":\"fr-FR\",\"potentialAction\":[{\"@type\":\"ReadAction\",\"target\":[\"https:\/\/massalagros.com\/fr\/noel-en-espagne\/\"]}]},{\"@type\":\"ImageObject\",\"inLanguage\":\"fr-FR\",\"@id\":\"https:\/\/massalagros.com\/fr\/noel-en-espagne\/#primaryimage\",\"url\":\"https:\/\/massalagros.com\/wp-content\/uploads\/2020\/12\/NAVIDAD-2020-MASSALAGROS-LANDING-1.jpg\",\"contentUrl\":\"https:\/\/massalagros.com\/wp-content\/uploads\/2020\/12\/NAVIDAD-2020-MASSALAGROS-LANDING-1.jpg\",\"width\":1532,\"height\":2294,\"caption\":\"navidad Mas Salagros EcoResort\"},{\"@type\":\"BreadcrumbList\",\"@id\":\"https:\/\/massalagros.com\/fr\/noel-en-espagne\/#breadcrumb\",\"itemListElement\":[{\"@type\":\"ListItem\",\"position\":1,\"name\":\"Portada\",\"item\":\"https:\/\/massalagros.com\/fr\/\"},{\"@type\":\"ListItem\",\"position\":2,\"name\":\"No\u00ebl\"}]},{\"@type\":\"WebSite\",\"@id\":\"https:\/\/www.massalagros.com\/fr\/#website\",\"url\":\"https:\/\/www.massalagros.com\/fr\/\",\"name\":\"Mas Salagros\",\"description\":\"EcoResort de lujo en Barcelona - Vallromanes\",\"publisher\":{\"@id\":\"https:\/\/www.massalagros.com\/fr\/#organization\"},\"potentialAction\":[{\"@type\":\"SearchAction\",\"target\":{\"@type\":\"EntryPoint\",\"urlTemplate\":\"https:\/\/www.massalagros.com\/fr\/?s={search_term_string}\"},\"query-input\":{\"@type\":\"PropertyValueSpecification\",\"valueRequired\":true,\"valueName\":\"search_term_string\"}}],\"inLanguage\":\"fr-FR\"},{\"@type\":\"Organization\",\"@id\":\"https:\/\/www.massalagros.com\/fr\/#organization\",\"name\":\"MAS SALAGROS HOTEL ECORESORT\",\"url\":\"https:\/\/www.massalagros.com\/fr\/\",\"logo\":{\"@type\":\"ImageObject\",\"inLanguage\":\"fr-FR\",\"@id\":\"https:\/\/www.massalagros.com\/fr\/#\/schema\/logo\/image\/\",\"url\":\"\/wp-content\/uploads\/2018\/05\/IMG_0116.jpg\",\"contentUrl\":\"\/wp-content\/uploads\/2018\/05\/IMG_0116.jpg\",\"width\":2000,\"height\":1333,\"caption\":\"MAS SALAGROS HOTEL ECORESORT\"},\"image\":{\"@id\":\"https:\/\/www.massalagros.com\/fr\/#\/schema\/logo\/image\/\"},\"sameAs\":[\"https:\/\/www.facebook.com\/MasSalagros\/\",\"https:\/\/x.com\/MasSalagros\",\"https:\/\/www.instagram.com\/massalagrosecoresort\/\"]}]}<\/script>\n<!-- \/ Yoast SEO plugin. -->","yoast_head_json":{"title":"Mas Salagros pour vos vacances de No\u00ebl en Espagne!","description":"Vous souhaitez terminer l\u2019ann\u00e9e loin du stress citadin et dans un cadre unique? R\u00e9servez \u00e0 Mas Salagros pour vos vacances de fin d\u2019ann\u00e9e en Espagne.","robots":{"index":"index","follow":"follow","max-snippet":"max-snippet:-1","max-image-preview":"max-image-preview:large","max-video-preview":"max-video-preview:-1"},"canonical":"https:\/\/massalagros.com\/fr\/noel-en-espagne\/","og_locale":"fr_FR","og_type":"article","og_title":"Mas Salagros pour vos vacances de No\u00ebl en Espagne!","og_description":"Vous souhaitez terminer l\u2019ann\u00e9e loin du stress citadin et dans un cadre unique? R\u00e9servez \u00e0 Mas Salagros pour vos vacances de fin d\u2019ann\u00e9e en Espagne.","og_url":"https:\/\/massalagros.com\/fr\/noel-en-espagne\/","og_site_name":"Mas Salagros","article_publisher":"https:\/\/www.facebook.com\/MasSalagros\/","article_modified_time":"2024-11-07T18:09:45+00:00","og_image":[{"width":1532,"height":2294,"url":"https:\/\/www.massalagros.com\/wp-content\/uploads\/2020\/12\/NAVIDAD-2020-MASSALAGROS-LANDING-1.jpg","type":"image\/jpeg"}],"twitter_card":"summary_large_image","twitter_site":"@MasSalagros","twitter_misc":{"Dur\u00e9e de lecture estim\u00e9e":"5 minutes"},"schema":{"@context":"https:\/\/schema.org","@graph":[{"@type":"WebPage","@id":"https:\/\/massalagros.com\/fr\/noel-en-espagne\/","url":"https:\/\/massalagros.com\/fr\/noel-en-espagne\/","name":"Mas Salagros pour vos vacances de No\u00ebl en Espagne!","isPartOf":{"@id":"https:\/\/www.massalagros.com\/fr\/#website"},"primaryImageOfPage":{"@id":"https:\/\/massalagros.com\/fr\/noel-en-espagne\/#primaryimage"},"image":{"@id":"https:\/\/massalagros.com\/fr\/noel-en-espagne\/#primaryimage"},"thumbnailUrl":"https:\/\/massalagros.com\/wp-content\/uploads\/2020\/12\/NAVIDAD-2020-MASSALAGROS-LANDING-1.jpg","datePublished":"2019-10-31T16:52:33+00:00","dateModified":"2024-11-07T18:09:45+00:00","description":"Vous souhaitez terminer l\u2019ann\u00e9e loin du stress citadin et dans un cadre unique? R\u00e9servez \u00e0 Mas Salagros pour vos vacances de fin d\u2019ann\u00e9e en Espagne.","breadcrumb":{"@id":"https:\/\/massalagros.com\/fr\/noel-en-espagne\/#breadcrumb"},"inLanguage":"fr-FR","potentialAction":[{"@type":"ReadAction","target":["https:\/\/massalagros.com\/fr\/noel-en-espagne\/"]}]},{"@type":"ImageObject","inLanguage":"fr-FR","@id":"https:\/\/massalagros.com\/fr\/noel-en-espagne\/#primaryimage","url":"https:\/\/massalagros.com\/wp-content\/uploads\/2020\/12\/NAVIDAD-2020-MASSALAGROS-LANDING-1.jpg","contentUrl":"https:\/\/massalagros.com\/wp-content\/uploads\/2020\/12\/NAVIDAD-2020-MASSALAGROS-LANDING-1.jpg","width":1532,"height":2294,"caption":"navidad Mas Salagros EcoResort"},{"@type":"BreadcrumbList","@id":"https:\/\/massalagros.com\/fr\/noel-en-espagne\/#breadcrumb","itemListElement":[{"@type":"ListItem","position":1,"name":"Portada","item":"https:\/\/massalagros.com\/fr\/"},{"@type":"ListItem","position":2,"name":"No\u00ebl"}]},{"@type":"WebSite","@id":"https:\/\/www.massalagros.com\/fr\/#website","url":"https:\/\/www.massalagros.com\/fr\/","name":"Mas Salagros","description":"EcoResort de lujo en Barcelona - Vallromanes","publisher":{"@id":"https:\/\/www.massalagros.com\/fr\/#organization"},"potentialAction":[{"@type":"SearchAction","target":{"@type":"EntryPoint","urlTemplate":"https:\/\/www.massalagros.com\/fr\/?s={search_term_string}"},"query-input":{"@type":"PropertyValueSpecification","valueRequired":true,"valueName":"search_term_string"}}],"inLanguage":"fr-FR"},{"@type":"Organization","@id":"https:\/\/www.massalagros.com\/fr\/#organization","name":"MAS SALAGROS HOTEL ECORESORT","url":"https:\/\/www.massalagros.com\/fr\/","logo":{"@type":"ImageObject","inLanguage":"fr-FR","@id":"https:\/\/www.massalagros.com\/fr\/#\/schema\/logo\/image\/","url":"\/wp-content\/uploads\/2018\/05\/IMG_0116.jpg","contentUrl":"\/wp-content\/uploads\/2018\/05\/IMG_0116.jpg","width":2000,"height":1333,"caption":"MAS SALAGROS HOTEL ECORESORT"},"image":{"@id":"https:\/\/www.massalagros.com\/fr\/#\/schema\/logo\/image\/"},"sameAs":["https:\/\/www.facebook.com\/MasSalagros\/","https:\/\/x.com\/MasSalagros","https:\/\/www.instagram.com\/massalagrosecoresort\/"]}]}},"_links":{"self":[{"href":"https:\/\/massalagros.com\/fr\/wp-json\/wp\/v2\/pages\/8977","targetHints":{"allow":["GET"]}}],"collection":[{"href":"https:\/\/massalagros.com\/fr\/wp-json\/wp\/v2\/pages"}],"about":[{"href":"https:\/\/massalagros.com\/fr\/wp-json\/wp\/v2\/types\/page"}],"author":[{"embeddable":true,"href":"https:\/\/massalagros.com\/fr\/wp-json\/wp\/v2\/users\/3"}],"replies":[{"embeddable":true,"href":"https:\/\/massalagros.com\/fr\/wp-json\/wp\/v2\/comments?post=8977"}],"version-history":[{"count":5,"href":"https:\/\/massalagros.com\/fr\/wp-json\/wp\/v2\/pages\/8977\/revisions"}],"predecessor-version":[{"id":27183,"href":"https:\/\/massalagros.com\/fr\/wp-json\/wp\/v2\/pages\/8977\/revisions\/27183"}],"wp:featuredmedia":[{"embeddable":true,"href":"https:\/\/massalagros.com\/fr\/wp-json\/wp\/v2\/media\/8861"}],"wp:attachment":[{"href":"https:\/\/massalagros.com\/fr\/wp-json\/wp\/v2\/media?parent=8977"}],"curies":[{"name":"wp","href":"https:\/\/api.w.org\/{rel}","templated":true}]}}