{"id":7144,"date":"2020-05-27T06:19:46","date_gmt":"2020-05-27T06:19:46","guid":{"rendered":"https:\/\/massalagros.com\/breakfast-menu\/"},"modified":"2021-03-15T13:01:27","modified_gmt":"2021-03-15T13:01:27","slug":"petit-dejeuner","status":"publish","type":"page","link":"https:\/\/massalagros.com\/fr\/petit-dejeuner\/","title":{"rendered":"Menu de petit d\u00e9jeuner"},"content":{"rendered":"","protected":false},"excerpt":{"rendered":"","protected":false},"author":3,"featured_media":8552,"parent":0,"menu_order":93,"comment_status":"closed","ping_status":"closed","template":"views\/template-carta.blade.php","meta":{"_acf_changed":false,"footnotes":""},"class_list":["post-7144","page","type-page","status-publish","has-post-thumbnail","hentry"],"acf":[],"yoast_head":"<!-- This site is optimized with the Yoast SEO plugin v27.2 - https:\/\/yoast.com\/product\/yoast-seo-wordpress\/ -->\n<title>Menu Petit D\u00e9juner - Cuisine | Mas Salagros EcoResort<\/title>\n<meta name=\"description\" content=\"Choisissez le petit-d\u00e9jeuner que vous pr\u00e9f\u00e9rez: am\u00e9ricain ou continental et profitez de la vue sur la Serralada Litoral.\" \/>\n<meta name=\"robots\" content=\"index, follow, max-snippet:-1, max-image-preview:large, max-video-preview:-1\" \/>\n<link rel=\"canonical\" href=\"https:\/\/massalagros.com\/fr\/petit-dejeuner\/\" \/>\n<meta property=\"og:locale\" content=\"fr_FR\" \/>\n<meta property=\"og:type\" content=\"article\" \/>\n<meta property=\"og:title\" content=\"Menu Petit D\u00e9juner - Cuisine | Mas Salagros EcoResort\" \/>\n<meta property=\"og:description\" content=\"Choisissez le petit-d\u00e9jeuner que vous pr\u00e9f\u00e9rez: am\u00e9ricain ou continental et profitez de la vue sur la Serralada Litoral.\" \/>\n<meta property=\"og:url\" content=\"https:\/\/massalagros.com\/fr\/petit-dejeuner\/\" \/>\n<meta property=\"og:site_name\" content=\"Mas Salagros\" \/>\n<meta property=\"article:publisher\" content=\"https:\/\/www.facebook.com\/MasSalagros\/\" \/>\n<meta property=\"article:modified_time\" content=\"2021-03-15T13:01:27+00:00\" \/>\n<meta property=\"og:image\" content=\"https:\/\/massalagros.com\/wp-content\/uploads\/2020\/11\/Carta-desayunos-Mas-Salagros-EcoResort.jpg\" \/>\n\t<meta property=\"og:image:width\" content=\"1620\" \/>\n\t<meta property=\"og:image:height\" content=\"1080\" \/>\n\t<meta property=\"og:image:type\" content=\"image\/jpeg\" \/>\n<meta name=\"twitter:card\" content=\"summary_large_image\" \/>\n<meta name=\"twitter:site\" content=\"@MasSalagros\" \/>\n<script type=\"application\/ld+json\" class=\"yoast-schema-graph\">{\"@context\":\"https:\/\/schema.org\",\"@graph\":[{\"@type\":\"WebPage\",\"@id\":\"https:\/\/massalagros.com\/fr\/petit-dejeuner\/\",\"url\":\"https:\/\/massalagros.com\/fr\/petit-dejeuner\/\",\"name\":\"Menu Petit D\u00e9juner - Cuisine | Mas Salagros EcoResort\",\"isPartOf\":{\"@id\":\"https:\/\/www.massalagros.com\/fr\/#website\"},\"primaryImageOfPage\":{\"@id\":\"https:\/\/massalagros.com\/fr\/petit-dejeuner\/#primaryimage\"},\"image\":{\"@id\":\"https:\/\/massalagros.com\/fr\/petit-dejeuner\/#primaryimage\"},\"thumbnailUrl\":\"https:\/\/massalagros.com\/wp-content\/uploads\/2020\/11\/Carta-desayunos-Mas-Salagros-EcoResort.jpg\",\"datePublished\":\"2020-05-27T06:19:46+00:00\",\"dateModified\":\"2021-03-15T13:01:27+00:00\",\"description\":\"Choisissez le petit-d\u00e9jeuner que vous pr\u00e9f\u00e9rez: am\u00e9ricain ou continental et profitez de la vue sur la Serralada Litoral.\",\"breadcrumb\":{\"@id\":\"https:\/\/massalagros.com\/fr\/petit-dejeuner\/#breadcrumb\"},\"inLanguage\":\"fr-FR\",\"potentialAction\":[{\"@type\":\"ReadAction\",\"target\":[\"https:\/\/massalagros.com\/fr\/petit-dejeuner\/\"]}]},{\"@type\":\"ImageObject\",\"inLanguage\":\"fr-FR\",\"@id\":\"https:\/\/massalagros.com\/fr\/petit-dejeuner\/#primaryimage\",\"url\":\"https:\/\/massalagros.com\/wp-content\/uploads\/2020\/11\/Carta-desayunos-Mas-Salagros-EcoResort.jpg\",\"contentUrl\":\"https:\/\/massalagros.com\/wp-content\/uploads\/2020\/11\/Carta-desayunos-Mas-Salagros-EcoResort.jpg\",\"width\":1620,\"height\":1080,\"caption\":\"espagne vacances ete\"},{\"@type\":\"BreadcrumbList\",\"@id\":\"https:\/\/massalagros.com\/fr\/petit-dejeuner\/#breadcrumb\",\"itemListElement\":[{\"@type\":\"ListItem\",\"position\":1,\"name\":\"Portada\",\"item\":\"https:\/\/massalagros.com\/fr\/\"},{\"@type\":\"ListItem\",\"position\":2,\"name\":\"Menu de petit d\u00e9jeuner\"}]},{\"@type\":\"WebSite\",\"@id\":\"https:\/\/www.massalagros.com\/fr\/#website\",\"url\":\"https:\/\/www.massalagros.com\/fr\/\",\"name\":\"Mas Salagros\",\"description\":\"EcoResort de lujo en Barcelona - Vallromanes\",\"publisher\":{\"@id\":\"https:\/\/www.massalagros.com\/fr\/#organization\"},\"potentialAction\":[{\"@type\":\"SearchAction\",\"target\":{\"@type\":\"EntryPoint\",\"urlTemplate\":\"https:\/\/www.massalagros.com\/fr\/?s={search_term_string}\"},\"query-input\":{\"@type\":\"PropertyValueSpecification\",\"valueRequired\":true,\"valueName\":\"search_term_string\"}}],\"inLanguage\":\"fr-FR\"},{\"@type\":\"Organization\",\"@id\":\"https:\/\/www.massalagros.com\/fr\/#organization\",\"name\":\"MAS SALAGROS HOTEL ECORESORT\",\"url\":\"https:\/\/www.massalagros.com\/fr\/\",\"logo\":{\"@type\":\"ImageObject\",\"inLanguage\":\"fr-FR\",\"@id\":\"https:\/\/www.massalagros.com\/fr\/#\/schema\/logo\/image\/\",\"url\":\"\/wp-content\/uploads\/2018\/05\/IMG_0116.jpg\",\"contentUrl\":\"\/wp-content\/uploads\/2018\/05\/IMG_0116.jpg\",\"width\":2000,\"height\":1333,\"caption\":\"MAS SALAGROS HOTEL ECORESORT\"},\"image\":{\"@id\":\"https:\/\/www.massalagros.com\/fr\/#\/schema\/logo\/image\/\"},\"sameAs\":[\"https:\/\/www.facebook.com\/MasSalagros\/\",\"https:\/\/x.com\/MasSalagros\",\"https:\/\/www.instagram.com\/massalagrosecoresort\/\"]}]}<\/script>\n<!-- \/ Yoast SEO plugin. -->","yoast_head_json":{"title":"Menu Petit D\u00e9juner - Cuisine | Mas Salagros EcoResort","description":"Choisissez le petit-d\u00e9jeuner que vous pr\u00e9f\u00e9rez: am\u00e9ricain ou continental et profitez de la vue sur la Serralada Litoral.","robots":{"index":"index","follow":"follow","max-snippet":"max-snippet:-1","max-image-preview":"max-image-preview:large","max-video-preview":"max-video-preview:-1"},"canonical":"https:\/\/massalagros.com\/fr\/petit-dejeuner\/","og_locale":"fr_FR","og_type":"article","og_title":"Menu Petit D\u00e9juner - Cuisine | Mas Salagros EcoResort","og_description":"Choisissez le petit-d\u00e9jeuner que vous pr\u00e9f\u00e9rez: am\u00e9ricain ou continental et profitez de la vue sur la Serralada Litoral.","og_url":"https:\/\/massalagros.com\/fr\/petit-dejeuner\/","og_site_name":"Mas Salagros","article_publisher":"https:\/\/www.facebook.com\/MasSalagros\/","article_modified_time":"2021-03-15T13:01:27+00:00","og_image":[{"width":1620,"height":1080,"url":"https:\/\/massalagros.com\/wp-content\/uploads\/2020\/11\/Carta-desayunos-Mas-Salagros-EcoResort.jpg","type":"image\/jpeg"}],"twitter_card":"summary_large_image","twitter_site":"@MasSalagros","schema":{"@context":"https:\/\/schema.org","@graph":[{"@type":"WebPage","@id":"https:\/\/massalagros.com\/fr\/petit-dejeuner\/","url":"https:\/\/massalagros.com\/fr\/petit-dejeuner\/","name":"Menu Petit D\u00e9juner - Cuisine | Mas Salagros EcoResort","isPartOf":{"@id":"https:\/\/www.massalagros.com\/fr\/#website"},"primaryImageOfPage":{"@id":"https:\/\/massalagros.com\/fr\/petit-dejeuner\/#primaryimage"},"image":{"@id":"https:\/\/massalagros.com\/fr\/petit-dejeuner\/#primaryimage"},"thumbnailUrl":"https:\/\/massalagros.com\/wp-content\/uploads\/2020\/11\/Carta-desayunos-Mas-Salagros-EcoResort.jpg","datePublished":"2020-05-27T06:19:46+00:00","dateModified":"2021-03-15T13:01:27+00:00","description":"Choisissez le petit-d\u00e9jeuner que vous pr\u00e9f\u00e9rez: am\u00e9ricain ou continental et profitez de la vue sur la Serralada Litoral.","breadcrumb":{"@id":"https:\/\/massalagros.com\/fr\/petit-dejeuner\/#breadcrumb"},"inLanguage":"fr-FR","potentialAction":[{"@type":"ReadAction","target":["https:\/\/massalagros.com\/fr\/petit-dejeuner\/"]}]},{"@type":"ImageObject","inLanguage":"fr-FR","@id":"https:\/\/massalagros.com\/fr\/petit-dejeuner\/#primaryimage","url":"https:\/\/massalagros.com\/wp-content\/uploads\/2020\/11\/Carta-desayunos-Mas-Salagros-EcoResort.jpg","contentUrl":"https:\/\/massalagros.com\/wp-content\/uploads\/2020\/11\/Carta-desayunos-Mas-Salagros-EcoResort.jpg","width":1620,"height":1080,"caption":"espagne vacances ete"},{"@type":"BreadcrumbList","@id":"https:\/\/massalagros.com\/fr\/petit-dejeuner\/#breadcrumb","itemListElement":[{"@type":"ListItem","position":1,"name":"Portada","item":"https:\/\/massalagros.com\/fr\/"},{"@type":"ListItem","position":2,"name":"Menu de petit d\u00e9jeuner"}]},{"@type":"WebSite","@id":"https:\/\/www.massalagros.com\/fr\/#website","url":"https:\/\/www.massalagros.com\/fr\/","name":"Mas Salagros","description":"EcoResort de lujo en Barcelona - Vallromanes","publisher":{"@id":"https:\/\/www.massalagros.com\/fr\/#organization"},"potentialAction":[{"@type":"SearchAction","target":{"@type":"EntryPoint","urlTemplate":"https:\/\/www.massalagros.com\/fr\/?s={search_term_string}"},"query-input":{"@type":"PropertyValueSpecification","valueRequired":true,"valueName":"search_term_string"}}],"inLanguage":"fr-FR"},{"@type":"Organization","@id":"https:\/\/www.massalagros.com\/fr\/#organization","name":"MAS SALAGROS HOTEL ECORESORT","url":"https:\/\/www.massalagros.com\/fr\/","logo":{"@type":"ImageObject","inLanguage":"fr-FR","@id":"https:\/\/www.massalagros.com\/fr\/#\/schema\/logo\/image\/","url":"\/wp-content\/uploads\/2018\/05\/IMG_0116.jpg","contentUrl":"\/wp-content\/uploads\/2018\/05\/IMG_0116.jpg","width":2000,"height":1333,"caption":"MAS SALAGROS HOTEL ECORESORT"},"image":{"@id":"https:\/\/www.massalagros.com\/fr\/#\/schema\/logo\/image\/"},"sameAs":["https:\/\/www.facebook.com\/MasSalagros\/","https:\/\/x.com\/MasSalagros","https:\/\/www.instagram.com\/massalagrosecoresort\/"]}]}},"_links":{"self":[{"href":"https:\/\/massalagros.com\/fr\/wp-json\/wp\/v2\/pages\/7144","targetHints":{"allow":["GET"]}}],"collection":[{"href":"https:\/\/massalagros.com\/fr\/wp-json\/wp\/v2\/pages"}],"about":[{"href":"https:\/\/massalagros.com\/fr\/wp-json\/wp\/v2\/types\/page"}],"author":[{"embeddable":true,"href":"https:\/\/massalagros.com\/fr\/wp-json\/wp\/v2\/users\/3"}],"replies":[{"embeddable":true,"href":"https:\/\/massalagros.com\/fr\/wp-json\/wp\/v2\/comments?post=7144"}],"version-history":[{"count":5,"href":"https:\/\/massalagros.com\/fr\/wp-json\/wp\/v2\/pages\/7144\/revisions"}],"predecessor-version":[{"id":8547,"href":"https:\/\/massalagros.com\/fr\/wp-json\/wp\/v2\/pages\/7144\/revisions\/8547"}],"wp:featuredmedia":[{"embeddable":true,"href":"https:\/\/massalagros.com\/fr\/wp-json\/wp\/v2\/media\/8552"}],"wp:attachment":[{"href":"https:\/\/massalagros.com\/fr\/wp-json\/wp\/v2\/media?parent=7144"}],"curies":[{"name":"wp","href":"https:\/\/api.w.org\/{rel}","templated":true}]}}