{"id":5867,"date":"2019-10-31T17:55:47","date_gmt":"2019-10-31T17:55:47","guid":{"rendered":"https:\/\/massalagros.com\/navidad-2\/"},"modified":"2024-09-13T07:31:37","modified_gmt":"2024-09-13T07:31:37","slug":"menus-noel","status":"publish","type":"page","link":"https:\/\/massalagros.com\/fr\/menus-noel\/","title":{"rendered":"Menus de No\u00ebl"},"content":{"rendered":"","protected":false},"excerpt":{"rendered":"","protected":false},"author":3,"featured_media":8843,"parent":0,"menu_order":117,"comment_status":"closed","ping_status":"closed","template":"views\/template-carta.blade.php","meta":{"_acf_changed":false,"footnotes":""},"class_list":["post-5867","page","type-page","status-publish","has-post-thumbnail","hentry"],"acf":[],"yoast_head":"<!-- This site is optimized with the Yoast SEO plugin v27.2 - https:\/\/yoast.com\/product\/yoast-seo-wordpress\/ -->\n<title>Menus de No\u00ebl - Cuisine | Mas Salagros EcoResort<\/title>\n<meta name=\"description\" content=\"Profitez de No\u00ebl au Mas Salagros EcoResort, nous vous proposons diff\u00e9rents menus de No\u00ebl bio pour les jours d\u00e9sign\u00e9s. Reserve maintenant !\" \/>\n<meta name=\"robots\" content=\"index, follow, max-snippet:-1, max-image-preview:large, max-video-preview:-1\" \/>\n<link rel=\"canonical\" href=\"https:\/\/massalagros.com\/fr\/menus-noel\/\" \/>\n<meta property=\"og:locale\" content=\"fr_FR\" \/>\n<meta property=\"og:type\" content=\"article\" \/>\n<meta property=\"og:title\" content=\"Menus de No\u00ebl - Cuisine | Mas Salagros EcoResort\" \/>\n<meta property=\"og:description\" content=\"Profitez de No\u00ebl au Mas Salagros EcoResort, nous vous proposons diff\u00e9rents menus de No\u00ebl bio pour les jours d\u00e9sign\u00e9s. Reserve maintenant !\" \/>\n<meta property=\"og:url\" content=\"https:\/\/massalagros.com\/fr\/menus-noel\/\" \/>\n<meta property=\"og:site_name\" content=\"Mas Salagros\" \/>\n<meta property=\"article:publisher\" content=\"https:\/\/www.facebook.com\/MasSalagros\/\" \/>\n<meta property=\"article:modified_time\" content=\"2024-09-13T07:31:37+00:00\" \/>\n<meta property=\"og:image\" content=\"https:\/\/www.massalagros.com\/wp-content\/uploads\/2020\/12\/NAVIDAD-2020.jpg\" \/>\n\t<meta property=\"og:image:width\" content=\"2500\" \/>\n\t<meta property=\"og:image:height\" content=\"1669\" \/>\n\t<meta property=\"og:image:type\" content=\"image\/jpeg\" \/>\n<meta name=\"twitter:card\" content=\"summary_large_image\" \/>\n<meta name=\"twitter:site\" content=\"@MasSalagros\" \/>\n<meta name=\"twitter:label1\" content=\"Dur\u00e9e de lecture estim\u00e9e\" \/>\n\t<meta name=\"twitter:data1\" content=\"3 minutes\" \/>\n<script type=\"application\/ld+json\" class=\"yoast-schema-graph\">{\"@context\":\"https:\/\/schema.org\",\"@graph\":[{\"@type\":\"WebPage\",\"@id\":\"https:\/\/massalagros.com\/fr\/menus-noel\/\",\"url\":\"https:\/\/massalagros.com\/fr\/menus-noel\/\",\"name\":\"Menus de No\u00ebl - Cuisine | Mas Salagros EcoResort\",\"isPartOf\":{\"@id\":\"https:\/\/www.massalagros.com\/fr\/#website\"},\"primaryImageOfPage\":{\"@id\":\"https:\/\/massalagros.com\/fr\/menus-noel\/#primaryimage\"},\"image\":{\"@id\":\"https:\/\/massalagros.com\/fr\/menus-noel\/#primaryimage\"},\"thumbnailUrl\":\"https:\/\/massalagros.com\/wp-content\/uploads\/2020\/12\/NAVIDAD-2020.jpg\",\"datePublished\":\"2019-10-31T17:55:47+00:00\",\"dateModified\":\"2024-09-13T07:31:37+00:00\",\"description\":\"Profitez de No\u00ebl au Mas Salagros EcoResort, nous vous proposons diff\u00e9rents menus de No\u00ebl bio pour les jours d\u00e9sign\u00e9s. Reserve maintenant !\",\"breadcrumb\":{\"@id\":\"https:\/\/massalagros.com\/fr\/menus-noel\/#breadcrumb\"},\"inLanguage\":\"fr-FR\",\"potentialAction\":[{\"@type\":\"ReadAction\",\"target\":[\"https:\/\/massalagros.com\/fr\/menus-noel\/\"]}]},{\"@type\":\"ImageObject\",\"inLanguage\":\"fr-FR\",\"@id\":\"https:\/\/massalagros.com\/fr\/menus-noel\/#primaryimage\",\"url\":\"https:\/\/massalagros.com\/wp-content\/uploads\/2020\/12\/NAVIDAD-2020.jpg\",\"contentUrl\":\"https:\/\/massalagros.com\/wp-content\/uploads\/2020\/12\/NAVIDAD-2020.jpg\",\"width\":2500,\"height\":1669,\"caption\":\"navidad Mas Salagros EcoResort\"},{\"@type\":\"BreadcrumbList\",\"@id\":\"https:\/\/massalagros.com\/fr\/menus-noel\/#breadcrumb\",\"itemListElement\":[{\"@type\":\"ListItem\",\"position\":1,\"name\":\"Portada\",\"item\":\"https:\/\/massalagros.com\/fr\/\"},{\"@type\":\"ListItem\",\"position\":2,\"name\":\"Menus de No\u00ebl\"}]},{\"@type\":\"WebSite\",\"@id\":\"https:\/\/www.massalagros.com\/fr\/#website\",\"url\":\"https:\/\/www.massalagros.com\/fr\/\",\"name\":\"Mas Salagros\",\"description\":\"EcoResort de lujo en Barcelona - Vallromanes\",\"publisher\":{\"@id\":\"https:\/\/www.massalagros.com\/fr\/#organization\"},\"potentialAction\":[{\"@type\":\"SearchAction\",\"target\":{\"@type\":\"EntryPoint\",\"urlTemplate\":\"https:\/\/www.massalagros.com\/fr\/?s={search_term_string}\"},\"query-input\":{\"@type\":\"PropertyValueSpecification\",\"valueRequired\":true,\"valueName\":\"search_term_string\"}}],\"inLanguage\":\"fr-FR\"},{\"@type\":\"Organization\",\"@id\":\"https:\/\/www.massalagros.com\/fr\/#organization\",\"name\":\"MAS SALAGROS HOTEL ECORESORT\",\"url\":\"https:\/\/www.massalagros.com\/fr\/\",\"logo\":{\"@type\":\"ImageObject\",\"inLanguage\":\"fr-FR\",\"@id\":\"https:\/\/www.massalagros.com\/fr\/#\/schema\/logo\/image\/\",\"url\":\"\/wp-content\/uploads\/2018\/05\/IMG_0116.jpg\",\"contentUrl\":\"\/wp-content\/uploads\/2018\/05\/IMG_0116.jpg\",\"width\":2000,\"height\":1333,\"caption\":\"MAS SALAGROS HOTEL ECORESORT\"},\"image\":{\"@id\":\"https:\/\/www.massalagros.com\/fr\/#\/schema\/logo\/image\/\"},\"sameAs\":[\"https:\/\/www.facebook.com\/MasSalagros\/\",\"https:\/\/x.com\/MasSalagros\",\"https:\/\/www.instagram.com\/massalagrosecoresort\/\"]}]}<\/script>\n<!-- \/ Yoast SEO plugin. -->","yoast_head_json":{"title":"Menus de No\u00ebl - Cuisine | Mas Salagros EcoResort","description":"Profitez de No\u00ebl au Mas Salagros EcoResort, nous vous proposons diff\u00e9rents menus de No\u00ebl bio pour les jours d\u00e9sign\u00e9s. Reserve maintenant !","robots":{"index":"index","follow":"follow","max-snippet":"max-snippet:-1","max-image-preview":"max-image-preview:large","max-video-preview":"max-video-preview:-1"},"canonical":"https:\/\/massalagros.com\/fr\/menus-noel\/","og_locale":"fr_FR","og_type":"article","og_title":"Menus de No\u00ebl - Cuisine | Mas Salagros EcoResort","og_description":"Profitez de No\u00ebl au Mas Salagros EcoResort, nous vous proposons diff\u00e9rents menus de No\u00ebl bio pour les jours d\u00e9sign\u00e9s. Reserve maintenant !","og_url":"https:\/\/massalagros.com\/fr\/menus-noel\/","og_site_name":"Mas Salagros","article_publisher":"https:\/\/www.facebook.com\/MasSalagros\/","article_modified_time":"2024-09-13T07:31:37+00:00","og_image":[{"width":2500,"height":1669,"url":"https:\/\/www.massalagros.com\/wp-content\/uploads\/2020\/12\/NAVIDAD-2020.jpg","type":"image\/jpeg"}],"twitter_card":"summary_large_image","twitter_site":"@MasSalagros","twitter_misc":{"Dur\u00e9e de lecture estim\u00e9e":"3 minutes"},"schema":{"@context":"https:\/\/schema.org","@graph":[{"@type":"WebPage","@id":"https:\/\/massalagros.com\/fr\/menus-noel\/","url":"https:\/\/massalagros.com\/fr\/menus-noel\/","name":"Menus de No\u00ebl - Cuisine | Mas Salagros EcoResort","isPartOf":{"@id":"https:\/\/www.massalagros.com\/fr\/#website"},"primaryImageOfPage":{"@id":"https:\/\/massalagros.com\/fr\/menus-noel\/#primaryimage"},"image":{"@id":"https:\/\/massalagros.com\/fr\/menus-noel\/#primaryimage"},"thumbnailUrl":"https:\/\/massalagros.com\/wp-content\/uploads\/2020\/12\/NAVIDAD-2020.jpg","datePublished":"2019-10-31T17:55:47+00:00","dateModified":"2024-09-13T07:31:37+00:00","description":"Profitez de No\u00ebl au Mas Salagros EcoResort, nous vous proposons diff\u00e9rents menus de No\u00ebl bio pour les jours d\u00e9sign\u00e9s. Reserve maintenant !","breadcrumb":{"@id":"https:\/\/massalagros.com\/fr\/menus-noel\/#breadcrumb"},"inLanguage":"fr-FR","potentialAction":[{"@type":"ReadAction","target":["https:\/\/massalagros.com\/fr\/menus-noel\/"]}]},{"@type":"ImageObject","inLanguage":"fr-FR","@id":"https:\/\/massalagros.com\/fr\/menus-noel\/#primaryimage","url":"https:\/\/massalagros.com\/wp-content\/uploads\/2020\/12\/NAVIDAD-2020.jpg","contentUrl":"https:\/\/massalagros.com\/wp-content\/uploads\/2020\/12\/NAVIDAD-2020.jpg","width":2500,"height":1669,"caption":"navidad Mas Salagros EcoResort"},{"@type":"BreadcrumbList","@id":"https:\/\/massalagros.com\/fr\/menus-noel\/#breadcrumb","itemListElement":[{"@type":"ListItem","position":1,"name":"Portada","item":"https:\/\/massalagros.com\/fr\/"},{"@type":"ListItem","position":2,"name":"Menus de No\u00ebl"}]},{"@type":"WebSite","@id":"https:\/\/www.massalagros.com\/fr\/#website","url":"https:\/\/www.massalagros.com\/fr\/","name":"Mas Salagros","description":"EcoResort de lujo en Barcelona - Vallromanes","publisher":{"@id":"https:\/\/www.massalagros.com\/fr\/#organization"},"potentialAction":[{"@type":"SearchAction","target":{"@type":"EntryPoint","urlTemplate":"https:\/\/www.massalagros.com\/fr\/?s={search_term_string}"},"query-input":{"@type":"PropertyValueSpecification","valueRequired":true,"valueName":"search_term_string"}}],"inLanguage":"fr-FR"},{"@type":"Organization","@id":"https:\/\/www.massalagros.com\/fr\/#organization","name":"MAS SALAGROS HOTEL ECORESORT","url":"https:\/\/www.massalagros.com\/fr\/","logo":{"@type":"ImageObject","inLanguage":"fr-FR","@id":"https:\/\/www.massalagros.com\/fr\/#\/schema\/logo\/image\/","url":"\/wp-content\/uploads\/2018\/05\/IMG_0116.jpg","contentUrl":"\/wp-content\/uploads\/2018\/05\/IMG_0116.jpg","width":2000,"height":1333,"caption":"MAS SALAGROS HOTEL ECORESORT"},"image":{"@id":"https:\/\/www.massalagros.com\/fr\/#\/schema\/logo\/image\/"},"sameAs":["https:\/\/www.facebook.com\/MasSalagros\/","https:\/\/x.com\/MasSalagros","https:\/\/www.instagram.com\/massalagrosecoresort\/"]}]}},"_links":{"self":[{"href":"https:\/\/massalagros.com\/fr\/wp-json\/wp\/v2\/pages\/5867","targetHints":{"allow":["GET"]}}],"collection":[{"href":"https:\/\/massalagros.com\/fr\/wp-json\/wp\/v2\/pages"}],"about":[{"href":"https:\/\/massalagros.com\/fr\/wp-json\/wp\/v2\/types\/page"}],"author":[{"embeddable":true,"href":"https:\/\/massalagros.com\/fr\/wp-json\/wp\/v2\/users\/3"}],"replies":[{"embeddable":true,"href":"https:\/\/massalagros.com\/fr\/wp-json\/wp\/v2\/comments?post=5867"}],"version-history":[{"count":5,"href":"https:\/\/massalagros.com\/fr\/wp-json\/wp\/v2\/pages\/5867\/revisions"}],"predecessor-version":[{"id":26696,"href":"https:\/\/massalagros.com\/fr\/wp-json\/wp\/v2\/pages\/5867\/revisions\/26696"}],"wp:featuredmedia":[{"embeddable":true,"href":"https:\/\/massalagros.com\/fr\/wp-json\/wp\/v2\/media\/8843"}],"wp:attachment":[{"href":"https:\/\/massalagros.com\/fr\/wp-json\/wp\/v2\/media?parent=5867"}],"curies":[{"name":"wp","href":"https:\/\/api.w.org\/{rel}","templated":true}]}}