{"id":26323,"date":"2024-06-26T09:33:39","date_gmt":"2024-06-26T09:33:39","guid":{"rendered":"https:\/\/massalagros.com\/trekking\/"},"modified":"2024-08-02T16:24:13","modified_gmt":"2024-08-02T16:24:13","slug":"hiking","status":"publish","type":"page","link":"https:\/\/massalagros.com\/fr\/hiking\/","title":{"rendered":"Sentiers de randonn\u00e9e"},"content":{"rendered":"","protected":false},"excerpt":{"rendered":"","protected":false},"author":2,"featured_media":26370,"parent":0,"menu_order":34,"comment_status":"closed","ping_status":"closed","template":"views\/template-new-trekking.blade.php","meta":{"_acf_changed":false,"footnotes":""},"class_list":["post-26323","page","type-page","status-publish","has-post-thumbnail","hentry"],"acf":[],"yoast_head":"<!-- This site is optimized with the Yoast SEO plugin v27.3 - https:\/\/yoast.com\/product\/yoast-seo-wordpress\/ -->\n<title>Sentiers de randonn\u00e9e - activit\u00e9 | Mas Salagros<\/title>\n<meta name=\"description\" content=\"D\u00e9couvrez le Parc de la Serralada Litoral avec Mas Salagros \u00e0 travers trois itin\u00e9raires de randonn\u00e9e, offrant des paysages vari\u00e9s tout au long de l&#039;ann\u00e9e dans ce tr\u00e9sor m\u00e9diterran\u00e9en.\" \/>\n<meta name=\"robots\" content=\"index, follow, max-snippet:-1, max-image-preview:large, max-video-preview:-1\" \/>\n<link rel=\"canonical\" href=\"https:\/\/massalagros.com\/fr\/hiking\/\" \/>\n<meta property=\"og:locale\" content=\"fr_FR\" \/>\n<meta property=\"og:type\" content=\"article\" \/>\n<meta property=\"og:title\" content=\"Sentiers de randonn\u00e9e - activit\u00e9 | Mas Salagros\" \/>\n<meta property=\"og:description\" content=\"D\u00e9couvrez le Parc de la Serralada Litoral avec Mas Salagros \u00e0 travers trois itin\u00e9raires de randonn\u00e9e, offrant des paysages vari\u00e9s tout au long de l&#039;ann\u00e9e dans ce tr\u00e9sor m\u00e9diterran\u00e9en.\" \/>\n<meta property=\"og:url\" content=\"https:\/\/massalagros.com\/fr\/hiking\/\" \/>\n<meta property=\"og:site_name\" content=\"Mas Salagros\" \/>\n<meta property=\"article:publisher\" content=\"https:\/\/www.facebook.com\/MasSalagros\/\" \/>\n<meta property=\"article:modified_time\" content=\"2024-08-02T16:24:13+00:00\" \/>\n<meta property=\"og:image\" content=\"https:\/\/www.massalagros.com\/wp-content\/uploads\/2024\/07\/img2-landing-rutas.jpg\" \/>\n\t<meta property=\"og:image:width\" content=\"2434\" \/>\n\t<meta property=\"og:image:height\" content=\"866\" \/>\n\t<meta property=\"og:image:type\" content=\"image\/jpeg\" \/>\n<meta name=\"twitter:card\" content=\"summary_large_image\" \/>\n<meta name=\"twitter:site\" content=\"@MasSalagros\" \/>\n<meta name=\"twitter:label1\" content=\"Dur\u00e9e de lecture estim\u00e9e\" \/>\n\t<meta name=\"twitter:data1\" content=\"2 minutes\" \/>\n<script type=\"application\/ld+json\" class=\"yoast-schema-graph\">{\"@context\":\"https:\\\/\\\/schema.org\",\"@graph\":[{\"@type\":\"WebPage\",\"@id\":\"https:\\\/\\\/massalagros.com\\\/fr\\\/hiking\\\/\",\"url\":\"https:\\\/\\\/massalagros.com\\\/fr\\\/hiking\\\/\",\"name\":\"Sentiers de randonn\u00e9e - activit\u00e9 | Mas Salagros\",\"isPartOf\":{\"@id\":\"https:\\\/\\\/www.massalagros.com\\\/fr\\\/#website\"},\"primaryImageOfPage\":{\"@id\":\"https:\\\/\\\/massalagros.com\\\/fr\\\/hiking\\\/#primaryimage\"},\"image\":{\"@id\":\"https:\\\/\\\/massalagros.com\\\/fr\\\/hiking\\\/#primaryimage\"},\"thumbnailUrl\":\"https:\\\/\\\/massalagros.com\\\/wp-content\\\/uploads\\\/2024\\\/07\\\/img2-landing-rutas.jpg\",\"datePublished\":\"2024-06-26T09:33:39+00:00\",\"dateModified\":\"2024-08-02T16:24:13+00:00\",\"description\":\"D\u00e9couvrez le Parc de la Serralada Litoral avec Mas Salagros \u00e0 travers trois itin\u00e9raires de randonn\u00e9e, offrant des paysages vari\u00e9s tout au long de l'ann\u00e9e dans ce tr\u00e9sor m\u00e9diterran\u00e9en.\",\"breadcrumb\":{\"@id\":\"https:\\\/\\\/massalagros.com\\\/fr\\\/hiking\\\/#breadcrumb\"},\"inLanguage\":\"fr-FR\",\"potentialAction\":[{\"@type\":\"ReadAction\",\"target\":[\"https:\\\/\\\/massalagros.com\\\/fr\\\/hiking\\\/\"]}]},{\"@type\":\"ImageObject\",\"inLanguage\":\"fr-FR\",\"@id\":\"https:\\\/\\\/massalagros.com\\\/fr\\\/hiking\\\/#primaryimage\",\"url\":\"https:\\\/\\\/massalagros.com\\\/wp-content\\\/uploads\\\/2024\\\/07\\\/img2-landing-rutas.jpg\",\"contentUrl\":\"https:\\\/\\\/massalagros.com\\\/wp-content\\\/uploads\\\/2024\\\/07\\\/img2-landing-rutas.jpg\",\"width\":2434,\"height\":866},{\"@type\":\"BreadcrumbList\",\"@id\":\"https:\\\/\\\/massalagros.com\\\/fr\\\/hiking\\\/#breadcrumb\",\"itemListElement\":[{\"@type\":\"ListItem\",\"position\":1,\"name\":\"Portada\",\"item\":\"https:\\\/\\\/massalagros.com\\\/fr\\\/\"},{\"@type\":\"ListItem\",\"position\":2,\"name\":\"Sentiers de randonn\u00e9e\"}]},{\"@type\":\"WebSite\",\"@id\":\"https:\\\/\\\/www.massalagros.com\\\/fr\\\/#website\",\"url\":\"https:\\\/\\\/www.massalagros.com\\\/fr\\\/\",\"name\":\"Mas Salagros\",\"description\":\"EcoResort de lujo en Barcelona - Vallromanes\",\"publisher\":{\"@id\":\"https:\\\/\\\/www.massalagros.com\\\/fr\\\/#organization\"},\"potentialAction\":[{\"@type\":\"SearchAction\",\"target\":{\"@type\":\"EntryPoint\",\"urlTemplate\":\"https:\\\/\\\/www.massalagros.com\\\/fr\\\/?s={search_term_string}\"},\"query-input\":{\"@type\":\"PropertyValueSpecification\",\"valueRequired\":true,\"valueName\":\"search_term_string\"}}],\"inLanguage\":\"fr-FR\"},{\"@type\":\"Organization\",\"@id\":\"https:\\\/\\\/www.massalagros.com\\\/fr\\\/#organization\",\"name\":\"MAS SALAGROS HOTEL ECORESORT\",\"url\":\"https:\\\/\\\/www.massalagros.com\\\/fr\\\/\",\"logo\":{\"@type\":\"ImageObject\",\"inLanguage\":\"fr-FR\",\"@id\":\"https:\\\/\\\/www.massalagros.com\\\/fr\\\/#\\\/schema\\\/logo\\\/image\\\/\",\"url\":\"\\\/wp-content\\\/uploads\\\/2018\\\/05\\\/IMG_0116.jpg\",\"contentUrl\":\"\\\/wp-content\\\/uploads\\\/2018\\\/05\\\/IMG_0116.jpg\",\"width\":2000,\"height\":1333,\"caption\":\"MAS SALAGROS HOTEL ECORESORT\"},\"image\":{\"@id\":\"https:\\\/\\\/www.massalagros.com\\\/fr\\\/#\\\/schema\\\/logo\\\/image\\\/\"},\"sameAs\":[\"https:\\\/\\\/www.facebook.com\\\/MasSalagros\\\/\",\"https:\\\/\\\/x.com\\\/MasSalagros\",\"https:\\\/\\\/www.instagram.com\\\/massalagrosecoresort\\\/\"]}]}<\/script>\n<!-- \/ Yoast SEO plugin. -->","yoast_head_json":{"title":"Sentiers de randonn\u00e9e - activit\u00e9 | Mas Salagros","description":"D\u00e9couvrez le Parc de la Serralada Litoral avec Mas Salagros \u00e0 travers trois itin\u00e9raires de randonn\u00e9e, offrant des paysages vari\u00e9s tout au long de l'ann\u00e9e dans ce tr\u00e9sor m\u00e9diterran\u00e9en.","robots":{"index":"index","follow":"follow","max-snippet":"max-snippet:-1","max-image-preview":"max-image-preview:large","max-video-preview":"max-video-preview:-1"},"canonical":"https:\/\/massalagros.com\/fr\/hiking\/","og_locale":"fr_FR","og_type":"article","og_title":"Sentiers de randonn\u00e9e - activit\u00e9 | Mas Salagros","og_description":"D\u00e9couvrez le Parc de la Serralada Litoral avec Mas Salagros \u00e0 travers trois itin\u00e9raires de randonn\u00e9e, offrant des paysages vari\u00e9s tout au long de l'ann\u00e9e dans ce tr\u00e9sor m\u00e9diterran\u00e9en.","og_url":"https:\/\/massalagros.com\/fr\/hiking\/","og_site_name":"Mas Salagros","article_publisher":"https:\/\/www.facebook.com\/MasSalagros\/","article_modified_time":"2024-08-02T16:24:13+00:00","og_image":[{"width":2434,"height":866,"url":"https:\/\/www.massalagros.com\/wp-content\/uploads\/2024\/07\/img2-landing-rutas.jpg","type":"image\/jpeg"}],"twitter_card":"summary_large_image","twitter_site":"@MasSalagros","twitter_misc":{"Dur\u00e9e de lecture estim\u00e9e":"2 minutes"},"schema":{"@context":"https:\/\/schema.org","@graph":[{"@type":"WebPage","@id":"https:\/\/massalagros.com\/fr\/hiking\/","url":"https:\/\/massalagros.com\/fr\/hiking\/","name":"Sentiers de randonn\u00e9e - activit\u00e9 | Mas Salagros","isPartOf":{"@id":"https:\/\/www.massalagros.com\/fr\/#website"},"primaryImageOfPage":{"@id":"https:\/\/massalagros.com\/fr\/hiking\/#primaryimage"},"image":{"@id":"https:\/\/massalagros.com\/fr\/hiking\/#primaryimage"},"thumbnailUrl":"https:\/\/massalagros.com\/wp-content\/uploads\/2024\/07\/img2-landing-rutas.jpg","datePublished":"2024-06-26T09:33:39+00:00","dateModified":"2024-08-02T16:24:13+00:00","description":"D\u00e9couvrez le Parc de la Serralada Litoral avec Mas Salagros \u00e0 travers trois itin\u00e9raires de randonn\u00e9e, offrant des paysages vari\u00e9s tout au long de l'ann\u00e9e dans ce tr\u00e9sor m\u00e9diterran\u00e9en.","breadcrumb":{"@id":"https:\/\/massalagros.com\/fr\/hiking\/#breadcrumb"},"inLanguage":"fr-FR","potentialAction":[{"@type":"ReadAction","target":["https:\/\/massalagros.com\/fr\/hiking\/"]}]},{"@type":"ImageObject","inLanguage":"fr-FR","@id":"https:\/\/massalagros.com\/fr\/hiking\/#primaryimage","url":"https:\/\/massalagros.com\/wp-content\/uploads\/2024\/07\/img2-landing-rutas.jpg","contentUrl":"https:\/\/massalagros.com\/wp-content\/uploads\/2024\/07\/img2-landing-rutas.jpg","width":2434,"height":866},{"@type":"BreadcrumbList","@id":"https:\/\/massalagros.com\/fr\/hiking\/#breadcrumb","itemListElement":[{"@type":"ListItem","position":1,"name":"Portada","item":"https:\/\/massalagros.com\/fr\/"},{"@type":"ListItem","position":2,"name":"Sentiers de randonn\u00e9e"}]},{"@type":"WebSite","@id":"https:\/\/www.massalagros.com\/fr\/#website","url":"https:\/\/www.massalagros.com\/fr\/","name":"Mas Salagros","description":"EcoResort de lujo en Barcelona - Vallromanes","publisher":{"@id":"https:\/\/www.massalagros.com\/fr\/#organization"},"potentialAction":[{"@type":"SearchAction","target":{"@type":"EntryPoint","urlTemplate":"https:\/\/www.massalagros.com\/fr\/?s={search_term_string}"},"query-input":{"@type":"PropertyValueSpecification","valueRequired":true,"valueName":"search_term_string"}}],"inLanguage":"fr-FR"},{"@type":"Organization","@id":"https:\/\/www.massalagros.com\/fr\/#organization","name":"MAS SALAGROS HOTEL ECORESORT","url":"https:\/\/www.massalagros.com\/fr\/","logo":{"@type":"ImageObject","inLanguage":"fr-FR","@id":"https:\/\/www.massalagros.com\/fr\/#\/schema\/logo\/image\/","url":"\/wp-content\/uploads\/2018\/05\/IMG_0116.jpg","contentUrl":"\/wp-content\/uploads\/2018\/05\/IMG_0116.jpg","width":2000,"height":1333,"caption":"MAS SALAGROS HOTEL ECORESORT"},"image":{"@id":"https:\/\/www.massalagros.com\/fr\/#\/schema\/logo\/image\/"},"sameAs":["https:\/\/www.facebook.com\/MasSalagros\/","https:\/\/x.com\/MasSalagros","https:\/\/www.instagram.com\/massalagrosecoresort\/"]}]}},"_links":{"self":[{"href":"https:\/\/massalagros.com\/fr\/wp-json\/wp\/v2\/pages\/26323","targetHints":{"allow":["GET"]}}],"collection":[{"href":"https:\/\/massalagros.com\/fr\/wp-json\/wp\/v2\/pages"}],"about":[{"href":"https:\/\/massalagros.com\/fr\/wp-json\/wp\/v2\/types\/page"}],"author":[{"embeddable":true,"href":"https:\/\/massalagros.com\/fr\/wp-json\/wp\/v2\/users\/2"}],"replies":[{"embeddable":true,"href":"https:\/\/massalagros.com\/fr\/wp-json\/wp\/v2\/comments?post=26323"}],"version-history":[{"count":5,"href":"https:\/\/massalagros.com\/fr\/wp-json\/wp\/v2\/pages\/26323\/revisions"}],"predecessor-version":[{"id":26516,"href":"https:\/\/massalagros.com\/fr\/wp-json\/wp\/v2\/pages\/26323\/revisions\/26516"}],"wp:featuredmedia":[{"embeddable":true,"href":"https:\/\/massalagros.com\/fr\/wp-json\/wp\/v2\/media\/26370"}],"wp:attachment":[{"href":"https:\/\/massalagros.com\/fr\/wp-json\/wp\/v2\/media?parent=26323"}],"curies":[{"name":"wp","href":"https:\/\/api.w.org\/{rel}","templated":true}]}}