{"id":2363,"date":"2018-04-11T15:17:18","date_gmt":"2018-04-11T15:17:18","guid":{"rendered":"https:\/\/massalagros.com\/wellness-aire-vallromanes\/"},"modified":"2025-05-10T05:52:39","modified_gmt":"2025-05-10T05:52:39","slug":"wellness","status":"publish","type":"page","link":"https:\/\/massalagros.com\/fr\/wellness\/","title":{"rendered":"AIRE Ancient Baths"},"content":{"rendered":"","protected":false},"excerpt":{"rendered":"","protected":false},"author":1,"featured_media":2673,"parent":0,"menu_order":217,"comment_status":"closed","ping_status":"closed","template":"views\/template-wellness.blade.php","meta":{"_acf_changed":false,"footnotes":""},"class_list":["post-2363","page","type-page","status-publish","has-post-thumbnail","hentry"],"acf":[],"yoast_head":"<!-- This site is optimized with the Yoast SEO plugin v27.2 - https:\/\/yoast.com\/product\/yoast-seo-wordpress\/ -->\n<title>Wellness &amp; Spa AIRE Ancient Baths | Mas Salagros EcoResort<\/title>\n<meta name=\"description\" content=\"D\u00e9tendez-vous au Mas Salagros wellness gr\u00e2ce au circuit d&#039;eau et aux massages relaxants de la marque internationale AIRE Ancient Baths.\" \/>\n<meta name=\"robots\" content=\"index, follow, max-snippet:-1, max-image-preview:large, max-video-preview:-1\" \/>\n<link rel=\"canonical\" href=\"https:\/\/massalagros.com\/fr\/wellness\/\" \/>\n<meta property=\"og:locale\" content=\"fr_FR\" \/>\n<meta property=\"og:type\" content=\"article\" \/>\n<meta property=\"og:title\" content=\"Wellness \u2013 AIRE Ancient Baths \u2013 EcoResort Mas Salagros\" \/>\n<meta property=\"og:description\" content=\"D\u00e9tendez-vous au Mas Salagros gr\u00e2ce au parcours thermal et aux massages relaxants et th\u00e9rapeutiques de la marque internationale AIRE Ancient Baths.\" \/>\n<meta property=\"og:url\" content=\"https:\/\/massalagros.com\/fr\/wellness\/\" \/>\n<meta property=\"og:site_name\" content=\"Mas Salagros\" \/>\n<meta property=\"article:publisher\" content=\"https:\/\/www.facebook.com\/MasSalagros\/\" \/>\n<meta property=\"article:modified_time\" content=\"2025-05-10T05:52:39+00:00\" \/>\n<meta property=\"og:image\" content=\"https:\/\/www.massalagros.com\/wp-content\/uploads\/2018\/05\/pantalla-wellness.jpg\" \/>\n\t<meta property=\"og:image:width\" content=\"1920\" \/>\n\t<meta property=\"og:image:height\" content=\"1080\" \/>\n\t<meta property=\"og:image:type\" content=\"image\/jpeg\" \/>\n<meta name=\"twitter:card\" content=\"summary_large_image\" \/>\n<meta name=\"twitter:title\" content=\"Wellness \u2013 AIRE Ancient Baths \u2013 EcoResort Mas Salagros\" \/>\n<meta name=\"twitter:description\" content=\"D\u00e9tendez-vous au Mas Salagros gr\u00e2ce au parcours thermal et aux massages relaxants et th\u00e9rapeutiques de la marque internationale AIRE Ancient Baths.\" \/>\n<meta name=\"twitter:site\" content=\"@MasSalagros\" \/>\n<meta name=\"twitter:label1\" content=\"Dur\u00e9e de lecture estim\u00e9e\" \/>\n\t<meta name=\"twitter:data1\" content=\"3 minutes\" \/>\n<script type=\"application\/ld+json\" class=\"yoast-schema-graph\">{\"@context\":\"https:\/\/schema.org\",\"@graph\":[{\"@type\":\"WebPage\",\"@id\":\"https:\/\/massalagros.com\/fr\/wellness\/\",\"url\":\"https:\/\/massalagros.com\/fr\/wellness\/\",\"name\":\"Wellness & Spa AIRE Ancient Baths | Mas Salagros EcoResort\",\"isPartOf\":{\"@id\":\"https:\/\/www.massalagros.com\/fr\/#website\"},\"primaryImageOfPage\":{\"@id\":\"https:\/\/massalagros.com\/fr\/wellness\/#primaryimage\"},\"image\":{\"@id\":\"https:\/\/massalagros.com\/fr\/wellness\/#primaryimage\"},\"thumbnailUrl\":\"https:\/\/massalagros.com\/wp-content\/uploads\/2018\/05\/pantalla-wellness.jpg\",\"datePublished\":\"2018-04-11T15:17:18+00:00\",\"dateModified\":\"2025-05-10T05:52:39+00:00\",\"description\":\"D\u00e9tendez-vous au Mas Salagros wellness gr\u00e2ce au circuit d'eau et aux massages relaxants de la marque internationale AIRE Ancient Baths.\",\"breadcrumb\":{\"@id\":\"https:\/\/massalagros.com\/fr\/wellness\/#breadcrumb\"},\"inLanguage\":\"fr-FR\",\"potentialAction\":[{\"@type\":\"ReadAction\",\"target\":[\"https:\/\/massalagros.com\/fr\/wellness\/\"]}]},{\"@type\":\"ImageObject\",\"inLanguage\":\"fr-FR\",\"@id\":\"https:\/\/massalagros.com\/fr\/wellness\/#primaryimage\",\"url\":\"https:\/\/massalagros.com\/wp-content\/uploads\/2018\/05\/pantalla-wellness.jpg\",\"contentUrl\":\"https:\/\/massalagros.com\/wp-content\/uploads\/2018\/05\/pantalla-wellness.jpg\",\"width\":1920,\"height\":1080,\"caption\":\"Wellness & Spa\"},{\"@type\":\"BreadcrumbList\",\"@id\":\"https:\/\/massalagros.com\/fr\/wellness\/#breadcrumb\",\"itemListElement\":[{\"@type\":\"ListItem\",\"position\":1,\"name\":\"Portada\",\"item\":\"https:\/\/massalagros.com\/fr\/\"},{\"@type\":\"ListItem\",\"position\":2,\"name\":\"AIRE Ancient Baths\"}]},{\"@type\":\"WebSite\",\"@id\":\"https:\/\/www.massalagros.com\/fr\/#website\",\"url\":\"https:\/\/www.massalagros.com\/fr\/\",\"name\":\"Mas Salagros\",\"description\":\"EcoResort de lujo en Barcelona - Vallromanes\",\"publisher\":{\"@id\":\"https:\/\/www.massalagros.com\/fr\/#organization\"},\"potentialAction\":[{\"@type\":\"SearchAction\",\"target\":{\"@type\":\"EntryPoint\",\"urlTemplate\":\"https:\/\/www.massalagros.com\/fr\/?s={search_term_string}\"},\"query-input\":{\"@type\":\"PropertyValueSpecification\",\"valueRequired\":true,\"valueName\":\"search_term_string\"}}],\"inLanguage\":\"fr-FR\"},{\"@type\":\"Organization\",\"@id\":\"https:\/\/www.massalagros.com\/fr\/#organization\",\"name\":\"MAS SALAGROS HOTEL ECORESORT\",\"url\":\"https:\/\/www.massalagros.com\/fr\/\",\"logo\":{\"@type\":\"ImageObject\",\"inLanguage\":\"fr-FR\",\"@id\":\"https:\/\/www.massalagros.com\/fr\/#\/schema\/logo\/image\/\",\"url\":\"\/wp-content\/uploads\/2018\/05\/IMG_0116.jpg\",\"contentUrl\":\"\/wp-content\/uploads\/2018\/05\/IMG_0116.jpg\",\"width\":2000,\"height\":1333,\"caption\":\"MAS SALAGROS HOTEL ECORESORT\"},\"image\":{\"@id\":\"https:\/\/www.massalagros.com\/fr\/#\/schema\/logo\/image\/\"},\"sameAs\":[\"https:\/\/www.facebook.com\/MasSalagros\/\",\"https:\/\/x.com\/MasSalagros\",\"https:\/\/www.instagram.com\/massalagrosecoresort\/\"]}]}<\/script>\n<!-- \/ Yoast SEO plugin. -->","yoast_head_json":{"title":"Wellness & Spa AIRE Ancient Baths | Mas Salagros EcoResort","description":"D\u00e9tendez-vous au Mas Salagros wellness gr\u00e2ce au circuit d'eau et aux massages relaxants de la marque internationale AIRE Ancient Baths.","robots":{"index":"index","follow":"follow","max-snippet":"max-snippet:-1","max-image-preview":"max-image-preview:large","max-video-preview":"max-video-preview:-1"},"canonical":"https:\/\/massalagros.com\/fr\/wellness\/","og_locale":"fr_FR","og_type":"article","og_title":"Wellness \u2013 AIRE Ancient Baths \u2013 EcoResort Mas Salagros","og_description":"D\u00e9tendez-vous au Mas Salagros gr\u00e2ce au parcours thermal et aux massages relaxants et th\u00e9rapeutiques de la marque internationale AIRE Ancient Baths.","og_url":"https:\/\/massalagros.com\/fr\/wellness\/","og_site_name":"Mas Salagros","article_publisher":"https:\/\/www.facebook.com\/MasSalagros\/","article_modified_time":"2025-05-10T05:52:39+00:00","og_image":[{"width":1920,"height":1080,"url":"https:\/\/www.massalagros.com\/wp-content\/uploads\/2018\/05\/pantalla-wellness.jpg","type":"image\/jpeg"}],"twitter_card":"summary_large_image","twitter_title":"Wellness \u2013 AIRE Ancient Baths \u2013 EcoResort Mas Salagros","twitter_description":"D\u00e9tendez-vous au Mas Salagros gr\u00e2ce au parcours thermal et aux massages relaxants et th\u00e9rapeutiques de la marque internationale AIRE Ancient Baths.","twitter_site":"@MasSalagros","twitter_misc":{"Dur\u00e9e de lecture estim\u00e9e":"3 minutes"},"schema":{"@context":"https:\/\/schema.org","@graph":[{"@type":"WebPage","@id":"https:\/\/massalagros.com\/fr\/wellness\/","url":"https:\/\/massalagros.com\/fr\/wellness\/","name":"Wellness & Spa AIRE Ancient Baths | Mas Salagros EcoResort","isPartOf":{"@id":"https:\/\/www.massalagros.com\/fr\/#website"},"primaryImageOfPage":{"@id":"https:\/\/massalagros.com\/fr\/wellness\/#primaryimage"},"image":{"@id":"https:\/\/massalagros.com\/fr\/wellness\/#primaryimage"},"thumbnailUrl":"https:\/\/massalagros.com\/wp-content\/uploads\/2018\/05\/pantalla-wellness.jpg","datePublished":"2018-04-11T15:17:18+00:00","dateModified":"2025-05-10T05:52:39+00:00","description":"D\u00e9tendez-vous au Mas Salagros wellness gr\u00e2ce au circuit d'eau et aux massages relaxants de la marque internationale AIRE Ancient Baths.","breadcrumb":{"@id":"https:\/\/massalagros.com\/fr\/wellness\/#breadcrumb"},"inLanguage":"fr-FR","potentialAction":[{"@type":"ReadAction","target":["https:\/\/massalagros.com\/fr\/wellness\/"]}]},{"@type":"ImageObject","inLanguage":"fr-FR","@id":"https:\/\/massalagros.com\/fr\/wellness\/#primaryimage","url":"https:\/\/massalagros.com\/wp-content\/uploads\/2018\/05\/pantalla-wellness.jpg","contentUrl":"https:\/\/massalagros.com\/wp-content\/uploads\/2018\/05\/pantalla-wellness.jpg","width":1920,"height":1080,"caption":"Wellness & Spa"},{"@type":"BreadcrumbList","@id":"https:\/\/massalagros.com\/fr\/wellness\/#breadcrumb","itemListElement":[{"@type":"ListItem","position":1,"name":"Portada","item":"https:\/\/massalagros.com\/fr\/"},{"@type":"ListItem","position":2,"name":"AIRE Ancient Baths"}]},{"@type":"WebSite","@id":"https:\/\/www.massalagros.com\/fr\/#website","url":"https:\/\/www.massalagros.com\/fr\/","name":"Mas Salagros","description":"EcoResort de lujo en Barcelona - Vallromanes","publisher":{"@id":"https:\/\/www.massalagros.com\/fr\/#organization"},"potentialAction":[{"@type":"SearchAction","target":{"@type":"EntryPoint","urlTemplate":"https:\/\/www.massalagros.com\/fr\/?s={search_term_string}"},"query-input":{"@type":"PropertyValueSpecification","valueRequired":true,"valueName":"search_term_string"}}],"inLanguage":"fr-FR"},{"@type":"Organization","@id":"https:\/\/www.massalagros.com\/fr\/#organization","name":"MAS SALAGROS HOTEL ECORESORT","url":"https:\/\/www.massalagros.com\/fr\/","logo":{"@type":"ImageObject","inLanguage":"fr-FR","@id":"https:\/\/www.massalagros.com\/fr\/#\/schema\/logo\/image\/","url":"\/wp-content\/uploads\/2018\/05\/IMG_0116.jpg","contentUrl":"\/wp-content\/uploads\/2018\/05\/IMG_0116.jpg","width":2000,"height":1333,"caption":"MAS SALAGROS HOTEL ECORESORT"},"image":{"@id":"https:\/\/www.massalagros.com\/fr\/#\/schema\/logo\/image\/"},"sameAs":["https:\/\/www.facebook.com\/MasSalagros\/","https:\/\/x.com\/MasSalagros","https:\/\/www.instagram.com\/massalagrosecoresort\/"]}]}},"_links":{"self":[{"href":"https:\/\/massalagros.com\/fr\/wp-json\/wp\/v2\/pages\/2363","targetHints":{"allow":["GET"]}}],"collection":[{"href":"https:\/\/massalagros.com\/fr\/wp-json\/wp\/v2\/pages"}],"about":[{"href":"https:\/\/massalagros.com\/fr\/wp-json\/wp\/v2\/types\/page"}],"author":[{"embeddable":true,"href":"https:\/\/massalagros.com\/fr\/wp-json\/wp\/v2\/users\/1"}],"replies":[{"embeddable":true,"href":"https:\/\/massalagros.com\/fr\/wp-json\/wp\/v2\/comments?post=2363"}],"version-history":[{"count":5,"href":"https:\/\/massalagros.com\/fr\/wp-json\/wp\/v2\/pages\/2363\/revisions"}],"predecessor-version":[{"id":28025,"href":"https:\/\/massalagros.com\/fr\/wp-json\/wp\/v2\/pages\/2363\/revisions\/28025"}],"wp:featuredmedia":[{"embeddable":true,"href":"https:\/\/massalagros.com\/fr\/wp-json\/wp\/v2\/media\/2673"}],"wp:attachment":[{"href":"https:\/\/massalagros.com\/fr\/wp-json\/wp\/v2\/media?parent=2363"}],"curies":[{"name":"wp","href":"https:\/\/api.w.org\/{rel}","templated":true}]}}