{"id":2360,"date":"2018-04-11T14:55:31","date_gmt":"2018-04-11T14:55:31","guid":{"rendered":"https:\/\/massalagros.com\/ecoresort\/"},"modified":"2025-05-19T08:07:28","modified_gmt":"2025-05-19T08:07:28","slug":"ecoresort","status":"publish","type":"page","link":"https:\/\/massalagros.com\/fr\/ecoresort\/","title":{"rendered":"EcoResort"},"content":{"rendered":"","protected":false},"excerpt":{"rendered":"","protected":false},"author":1,"featured_media":2648,"parent":0,"menu_order":212,"comment_status":"closed","ping_status":"closed","template":"views\/template-full-options.blade.php","meta":{"_acf_changed":false,"footnotes":""},"class_list":["post-2360","page","type-page","status-publish","has-post-thumbnail","hentry"],"acf":[],"yoast_head":"<!-- This site is optimized with the Yoast SEO plugin v27.2 - https:\/\/yoast.com\/product\/yoast-seo-wordpress\/ -->\n<title>Mas Salagros EcoResort 100% \u00e9cologique \u00e0 Vallromanes<\/title>\n<meta name=\"description\" content=\"Situ\u00e9 dans une r\u00e9serve naturelle, le fonctionnement 100 % durable en font un lieu unique dans la p\u00e9ninsule Ib\u00e9rique. Mas Salagros EcoResort.\" \/>\n<meta name=\"robots\" content=\"index, follow, max-snippet:-1, max-image-preview:large, max-video-preview:-1\" \/>\n<link rel=\"canonical\" href=\"https:\/\/massalagros.com\/fr\/ecoresort\/\" \/>\n<meta property=\"og:locale\" content=\"fr_FR\" \/>\n<meta property=\"og:type\" content=\"article\" \/>\n<meta property=\"og:title\" content=\"Mas Salagros EcoResort 100% \u00e9cologique \u00e0 Vallromanes\" \/>\n<meta property=\"og:description\" content=\"Situ\u00e9 dans une r\u00e9serve naturelle, le fonctionnement 100 % durable en font un lieu unique dans la p\u00e9ninsule Ib\u00e9rique. Mas Salagros EcoResort.\" \/>\n<meta property=\"og:url\" content=\"https:\/\/massalagros.com\/fr\/ecoresort\/\" \/>\n<meta property=\"og:site_name\" content=\"Mas Salagros\" \/>\n<meta property=\"article:publisher\" content=\"https:\/\/www.facebook.com\/MasSalagros\/\" \/>\n<meta property=\"article:modified_time\" content=\"2025-05-19T08:07:28+00:00\" \/>\n<meta property=\"og:image\" content=\"https:\/\/www.massalagros.com\/wp-content\/uploads\/2018\/05\/pantalla-ecoresort.jpg\" \/>\n\t<meta property=\"og:image:width\" content=\"1280\" \/>\n\t<meta property=\"og:image:height\" content=\"720\" \/>\n\t<meta property=\"og:image:type\" content=\"image\/jpeg\" \/>\n<meta name=\"twitter:card\" content=\"summary_large_image\" \/>\n<meta name=\"twitter:site\" content=\"@MasSalagros\" \/>\n<meta name=\"twitter:label1\" content=\"Dur\u00e9e de lecture estim\u00e9e\" \/>\n\t<meta name=\"twitter:data1\" content=\"11 minutes\" \/>\n<script type=\"application\/ld+json\" class=\"yoast-schema-graph\">{\"@context\":\"https:\/\/schema.org\",\"@graph\":[{\"@type\":\"WebPage\",\"@id\":\"https:\/\/massalagros.com\/fr\/ecoresort\/\",\"url\":\"https:\/\/massalagros.com\/fr\/ecoresort\/\",\"name\":\"Mas Salagros EcoResort 100% \u00e9cologique \u00e0 Vallromanes\",\"isPartOf\":{\"@id\":\"https:\/\/www.massalagros.com\/fr\/#website\"},\"primaryImageOfPage\":{\"@id\":\"https:\/\/massalagros.com\/fr\/ecoresort\/#primaryimage\"},\"image\":{\"@id\":\"https:\/\/massalagros.com\/fr\/ecoresort\/#primaryimage\"},\"thumbnailUrl\":\"https:\/\/massalagros.com\/wp-content\/uploads\/2018\/05\/pantalla-ecoresort.jpg\",\"datePublished\":\"2018-04-11T14:55:31+00:00\",\"dateModified\":\"2025-05-19T08:07:28+00:00\",\"description\":\"Situ\u00e9 dans une r\u00e9serve naturelle, le fonctionnement 100 % durable en font un lieu unique dans la p\u00e9ninsule Ib\u00e9rique. Mas Salagros EcoResort.\",\"breadcrumb\":{\"@id\":\"https:\/\/massalagros.com\/fr\/ecoresort\/#breadcrumb\"},\"inLanguage\":\"fr-FR\",\"potentialAction\":[{\"@type\":\"ReadAction\",\"target\":[\"https:\/\/massalagros.com\/fr\/ecoresort\/\"]}]},{\"@type\":\"ImageObject\",\"inLanguage\":\"fr-FR\",\"@id\":\"https:\/\/massalagros.com\/fr\/ecoresort\/#primaryimage\",\"url\":\"https:\/\/massalagros.com\/wp-content\/uploads\/2018\/05\/pantalla-ecoresort.jpg\",\"contentUrl\":\"https:\/\/massalagros.com\/wp-content\/uploads\/2018\/05\/pantalla-ecoresort.jpg\",\"width\":1280,\"height\":720},{\"@type\":\"BreadcrumbList\",\"@id\":\"https:\/\/massalagros.com\/fr\/ecoresort\/#breadcrumb\",\"itemListElement\":[{\"@type\":\"ListItem\",\"position\":1,\"name\":\"Portada\",\"item\":\"https:\/\/massalagros.com\/fr\/\"},{\"@type\":\"ListItem\",\"position\":2,\"name\":\"EcoResort\"}]},{\"@type\":\"WebSite\",\"@id\":\"https:\/\/www.massalagros.com\/fr\/#website\",\"url\":\"https:\/\/www.massalagros.com\/fr\/\",\"name\":\"Mas Salagros\",\"description\":\"EcoResort de lujo en Barcelona - Vallromanes\",\"publisher\":{\"@id\":\"https:\/\/www.massalagros.com\/fr\/#organization\"},\"potentialAction\":[{\"@type\":\"SearchAction\",\"target\":{\"@type\":\"EntryPoint\",\"urlTemplate\":\"https:\/\/www.massalagros.com\/fr\/?s={search_term_string}\"},\"query-input\":{\"@type\":\"PropertyValueSpecification\",\"valueRequired\":true,\"valueName\":\"search_term_string\"}}],\"inLanguage\":\"fr-FR\"},{\"@type\":\"Organization\",\"@id\":\"https:\/\/www.massalagros.com\/fr\/#organization\",\"name\":\"MAS SALAGROS HOTEL ECORESORT\",\"url\":\"https:\/\/www.massalagros.com\/fr\/\",\"logo\":{\"@type\":\"ImageObject\",\"inLanguage\":\"fr-FR\",\"@id\":\"https:\/\/www.massalagros.com\/fr\/#\/schema\/logo\/image\/\",\"url\":\"\/wp-content\/uploads\/2018\/05\/IMG_0116.jpg\",\"contentUrl\":\"\/wp-content\/uploads\/2018\/05\/IMG_0116.jpg\",\"width\":2000,\"height\":1333,\"caption\":\"MAS SALAGROS HOTEL ECORESORT\"},\"image\":{\"@id\":\"https:\/\/www.massalagros.com\/fr\/#\/schema\/logo\/image\/\"},\"sameAs\":[\"https:\/\/www.facebook.com\/MasSalagros\/\",\"https:\/\/x.com\/MasSalagros\",\"https:\/\/www.instagram.com\/massalagrosecoresort\/\"]}]}<\/script>\n<!-- \/ Yoast SEO plugin. -->","yoast_head_json":{"title":"Mas Salagros EcoResort 100% \u00e9cologique \u00e0 Vallromanes","description":"Situ\u00e9 dans une r\u00e9serve naturelle, le fonctionnement 100 % durable en font un lieu unique dans la p\u00e9ninsule Ib\u00e9rique. Mas Salagros EcoResort.","robots":{"index":"index","follow":"follow","max-snippet":"max-snippet:-1","max-image-preview":"max-image-preview:large","max-video-preview":"max-video-preview:-1"},"canonical":"https:\/\/massalagros.com\/fr\/ecoresort\/","og_locale":"fr_FR","og_type":"article","og_title":"Mas Salagros EcoResort 100% \u00e9cologique \u00e0 Vallromanes","og_description":"Situ\u00e9 dans une r\u00e9serve naturelle, le fonctionnement 100 % durable en font un lieu unique dans la p\u00e9ninsule Ib\u00e9rique. Mas Salagros EcoResort.","og_url":"https:\/\/massalagros.com\/fr\/ecoresort\/","og_site_name":"Mas Salagros","article_publisher":"https:\/\/www.facebook.com\/MasSalagros\/","article_modified_time":"2025-05-19T08:07:28+00:00","og_image":[{"width":1280,"height":720,"url":"https:\/\/www.massalagros.com\/wp-content\/uploads\/2018\/05\/pantalla-ecoresort.jpg","type":"image\/jpeg"}],"twitter_card":"summary_large_image","twitter_site":"@MasSalagros","twitter_misc":{"Dur\u00e9e de lecture estim\u00e9e":"11 minutes"},"schema":{"@context":"https:\/\/schema.org","@graph":[{"@type":"WebPage","@id":"https:\/\/massalagros.com\/fr\/ecoresort\/","url":"https:\/\/massalagros.com\/fr\/ecoresort\/","name":"Mas Salagros EcoResort 100% \u00e9cologique \u00e0 Vallromanes","isPartOf":{"@id":"https:\/\/www.massalagros.com\/fr\/#website"},"primaryImageOfPage":{"@id":"https:\/\/massalagros.com\/fr\/ecoresort\/#primaryimage"},"image":{"@id":"https:\/\/massalagros.com\/fr\/ecoresort\/#primaryimage"},"thumbnailUrl":"https:\/\/massalagros.com\/wp-content\/uploads\/2018\/05\/pantalla-ecoresort.jpg","datePublished":"2018-04-11T14:55:31+00:00","dateModified":"2025-05-19T08:07:28+00:00","description":"Situ\u00e9 dans une r\u00e9serve naturelle, le fonctionnement 100 % durable en font un lieu unique dans la p\u00e9ninsule Ib\u00e9rique. Mas Salagros EcoResort.","breadcrumb":{"@id":"https:\/\/massalagros.com\/fr\/ecoresort\/#breadcrumb"},"inLanguage":"fr-FR","potentialAction":[{"@type":"ReadAction","target":["https:\/\/massalagros.com\/fr\/ecoresort\/"]}]},{"@type":"ImageObject","inLanguage":"fr-FR","@id":"https:\/\/massalagros.com\/fr\/ecoresort\/#primaryimage","url":"https:\/\/massalagros.com\/wp-content\/uploads\/2018\/05\/pantalla-ecoresort.jpg","contentUrl":"https:\/\/massalagros.com\/wp-content\/uploads\/2018\/05\/pantalla-ecoresort.jpg","width":1280,"height":720},{"@type":"BreadcrumbList","@id":"https:\/\/massalagros.com\/fr\/ecoresort\/#breadcrumb","itemListElement":[{"@type":"ListItem","position":1,"name":"Portada","item":"https:\/\/massalagros.com\/fr\/"},{"@type":"ListItem","position":2,"name":"EcoResort"}]},{"@type":"WebSite","@id":"https:\/\/www.massalagros.com\/fr\/#website","url":"https:\/\/www.massalagros.com\/fr\/","name":"Mas Salagros","description":"EcoResort de lujo en Barcelona - Vallromanes","publisher":{"@id":"https:\/\/www.massalagros.com\/fr\/#organization"},"potentialAction":[{"@type":"SearchAction","target":{"@type":"EntryPoint","urlTemplate":"https:\/\/www.massalagros.com\/fr\/?s={search_term_string}"},"query-input":{"@type":"PropertyValueSpecification","valueRequired":true,"valueName":"search_term_string"}}],"inLanguage":"fr-FR"},{"@type":"Organization","@id":"https:\/\/www.massalagros.com\/fr\/#organization","name":"MAS SALAGROS HOTEL ECORESORT","url":"https:\/\/www.massalagros.com\/fr\/","logo":{"@type":"ImageObject","inLanguage":"fr-FR","@id":"https:\/\/www.massalagros.com\/fr\/#\/schema\/logo\/image\/","url":"\/wp-content\/uploads\/2018\/05\/IMG_0116.jpg","contentUrl":"\/wp-content\/uploads\/2018\/05\/IMG_0116.jpg","width":2000,"height":1333,"caption":"MAS SALAGROS HOTEL ECORESORT"},"image":{"@id":"https:\/\/www.massalagros.com\/fr\/#\/schema\/logo\/image\/"},"sameAs":["https:\/\/www.facebook.com\/MasSalagros\/","https:\/\/x.com\/MasSalagros","https:\/\/www.instagram.com\/massalagrosecoresort\/"]}]}},"_links":{"self":[{"href":"https:\/\/massalagros.com\/fr\/wp-json\/wp\/v2\/pages\/2360","targetHints":{"allow":["GET"]}}],"collection":[{"href":"https:\/\/massalagros.com\/fr\/wp-json\/wp\/v2\/pages"}],"about":[{"href":"https:\/\/massalagros.com\/fr\/wp-json\/wp\/v2\/types\/page"}],"author":[{"embeddable":true,"href":"https:\/\/massalagros.com\/fr\/wp-json\/wp\/v2\/users\/1"}],"replies":[{"embeddable":true,"href":"https:\/\/massalagros.com\/fr\/wp-json\/wp\/v2\/comments?post=2360"}],"version-history":[{"count":5,"href":"https:\/\/massalagros.com\/fr\/wp-json\/wp\/v2\/pages\/2360\/revisions"}],"predecessor-version":[{"id":28201,"href":"https:\/\/massalagros.com\/fr\/wp-json\/wp\/v2\/pages\/2360\/revisions\/28201"}],"wp:featuredmedia":[{"embeddable":true,"href":"https:\/\/massalagros.com\/fr\/wp-json\/wp\/v2\/media\/2648"}],"wp:attachment":[{"href":"https:\/\/massalagros.com\/fr\/wp-json\/wp\/v2\/media?parent=2360"}],"curies":[{"name":"wp","href":"https:\/\/api.w.org\/{rel}","templated":true}]}}