{"id":2335,"date":"2018-04-11T15:16:51","date_gmt":"2018-04-11T15:16:51","guid":{"rendered":"https:\/\/massalagros.com\/home\/"},"modified":"2026-01-28T14:51:16","modified_gmt":"2026-01-28T14:51:16","slug":"home","status":"publish","type":"page","link":"https:\/\/massalagros.com\/fr\/","title":{"rendered":"Home"},"content":{"rendered":"","protected":false},"excerpt":{"rendered":"","protected":false},"author":1,"featured_media":11530,"parent":0,"menu_order":207,"comment_status":"closed","ping_status":"closed","template":"views\/template-full-options.blade.php","meta":{"_acf_changed":false,"footnotes":""},"class_list":["post-2335","page","type-page","status-publish","has-post-thumbnail","hentry"],"acf":[],"yoast_head":"<!-- This site is optimized with the Yoast SEO plugin v27.2 - https:\/\/yoast.com\/product\/yoast-seo-wordpress\/ -->\n<title>\u00c9co-resort \u00e0 Barcelone | Mas Salagros<\/title>\n<meta name=\"description\" content=\"D\u00e9couvrez Mas Salagros, un \u00e9co-resort \u00e0 Barcelone o\u00f9 la nature, le silence et le bien-\u00eatre se rencontrent pour vous offrir un v\u00e9ritable moment de repos.\" \/>\n<meta name=\"robots\" content=\"index, follow, max-snippet:-1, max-image-preview:large, max-video-preview:-1\" \/>\n<link rel=\"canonical\" href=\"https:\/\/massalagros.com\/fr\/\" \/>\n<meta property=\"og:locale\" content=\"fr_FR\" \/>\n<meta property=\"og:type\" content=\"article\" \/>\n<meta property=\"og:title\" content=\"\u00c9co-resort \u00e0 Barcelone | Mas Salagros\" \/>\n<meta property=\"og:description\" content=\"D\u00e9couvrez Mas Salagros, un \u00e9co-resort \u00e0 Barcelone o\u00f9 la nature, le silence et le bien-\u00eatre se rencontrent pour vous offrir un v\u00e9ritable moment de repos.\" \/>\n<meta property=\"og:url\" content=\"https:\/\/massalagros.com\/fr\/\" \/>\n<meta property=\"og:site_name\" content=\"Mas Salagros\" \/>\n<meta property=\"article:publisher\" content=\"https:\/\/www.facebook.com\/MasSalagros\/\" \/>\n<meta property=\"article:modified_time\" content=\"2026-01-28T14:51:16+00:00\" \/>\n<meta property=\"og:image\" content=\"https:\/\/massalagros.com\/wp-content\/uploads\/2021\/07\/mas-salagros_masia-entrada.jpg\" \/>\n\t<meta property=\"og:image:width\" content=\"1920\" \/>\n\t<meta property=\"og:image:height\" content=\"1280\" \/>\n\t<meta property=\"og:image:type\" content=\"image\/jpeg\" \/>\n<meta name=\"twitter:card\" content=\"summary_large_image\" \/>\n<meta name=\"twitter:site\" content=\"@MasSalagros\" \/>\n<meta name=\"twitter:label1\" content=\"Dur\u00e9e de lecture estim\u00e9e\" \/>\n\t<meta name=\"twitter:data1\" content=\"1 minute\" \/>\n<script type=\"application\/ld+json\" class=\"yoast-schema-graph\">{\"@context\":\"https:\/\/schema.org\",\"@graph\":[{\"@type\":\"WebPage\",\"@id\":\"https:\/\/massalagros.com\/fr\/\",\"url\":\"https:\/\/massalagros.com\/fr\/\",\"name\":\"\u00c9co-resort \u00e0 Barcelone | Mas Salagros\",\"isPartOf\":{\"@id\":\"https:\/\/www.massalagros.com\/fr\/#website\"},\"primaryImageOfPage\":{\"@id\":\"https:\/\/massalagros.com\/fr\/#primaryimage\"},\"image\":{\"@id\":\"https:\/\/massalagros.com\/fr\/#primaryimage\"},\"thumbnailUrl\":\"https:\/\/massalagros.com\/wp-content\/uploads\/2021\/07\/mas-salagros_masia-entrada.jpg\",\"datePublished\":\"2018-04-11T15:16:51+00:00\",\"dateModified\":\"2026-01-28T14:51:16+00:00\",\"description\":\"D\u00e9couvrez Mas Salagros, un \u00e9co-resort \u00e0 Barcelone o\u00f9 la nature, le silence et le bien-\u00eatre se rencontrent pour vous offrir un v\u00e9ritable moment de repos.\",\"breadcrumb\":{\"@id\":\"https:\/\/massalagros.com\/fr\/#breadcrumb\"},\"inLanguage\":\"fr-FR\",\"potentialAction\":[{\"@type\":\"ReadAction\",\"target\":[\"https:\/\/massalagros.com\/fr\/\"]}]},{\"@type\":\"ImageObject\",\"inLanguage\":\"fr-FR\",\"@id\":\"https:\/\/massalagros.com\/fr\/#primaryimage\",\"url\":\"https:\/\/massalagros.com\/wp-content\/uploads\/2021\/07\/mas-salagros_masia-entrada.jpg\",\"contentUrl\":\"https:\/\/massalagros.com\/wp-content\/uploads\/2021\/07\/mas-salagros_masia-entrada.jpg\",\"width\":1920,\"height\":1280,\"caption\":\"techniques de massage\"},{\"@type\":\"BreadcrumbList\",\"@id\":\"https:\/\/massalagros.com\/fr\/#breadcrumb\",\"itemListElement\":[{\"@type\":\"ListItem\",\"position\":1,\"name\":\"Portada\",\"item\":\"https:\/\/massalagros.com\/fr\/\"},{\"@type\":\"ListItem\",\"position\":2,\"name\":\"Home\"}]},{\"@type\":\"WebSite\",\"@id\":\"https:\/\/www.massalagros.com\/fr\/#website\",\"url\":\"https:\/\/www.massalagros.com\/fr\/\",\"name\":\"Mas Salagros\",\"description\":\"EcoResort de lujo en Barcelona - Vallromanes\",\"publisher\":{\"@id\":\"https:\/\/www.massalagros.com\/fr\/#organization\"},\"potentialAction\":[{\"@type\":\"SearchAction\",\"target\":{\"@type\":\"EntryPoint\",\"urlTemplate\":\"https:\/\/www.massalagros.com\/fr\/?s={search_term_string}\"},\"query-input\":{\"@type\":\"PropertyValueSpecification\",\"valueRequired\":true,\"valueName\":\"search_term_string\"}}],\"inLanguage\":\"fr-FR\"},{\"@type\":\"Organization\",\"@id\":\"https:\/\/www.massalagros.com\/fr\/#organization\",\"name\":\"MAS SALAGROS HOTEL ECORESORT\",\"url\":\"https:\/\/www.massalagros.com\/fr\/\",\"logo\":{\"@type\":\"ImageObject\",\"inLanguage\":\"fr-FR\",\"@id\":\"https:\/\/www.massalagros.com\/fr\/#\/schema\/logo\/image\/\",\"url\":\"\/wp-content\/uploads\/2018\/05\/IMG_0116.jpg\",\"contentUrl\":\"\/wp-content\/uploads\/2018\/05\/IMG_0116.jpg\",\"width\":2000,\"height\":1333,\"caption\":\"MAS SALAGROS HOTEL ECORESORT\"},\"image\":{\"@id\":\"https:\/\/www.massalagros.com\/fr\/#\/schema\/logo\/image\/\"},\"sameAs\":[\"https:\/\/www.facebook.com\/MasSalagros\/\",\"https:\/\/x.com\/MasSalagros\",\"https:\/\/www.instagram.com\/massalagrosecoresort\/\"]}]}<\/script>\n<!-- \/ Yoast SEO plugin. -->","yoast_head_json":{"title":"\u00c9co-resort \u00e0 Barcelone | Mas Salagros","description":"D\u00e9couvrez Mas Salagros, un \u00e9co-resort \u00e0 Barcelone o\u00f9 la nature, le silence et le bien-\u00eatre se rencontrent pour vous offrir un v\u00e9ritable moment de repos.","robots":{"index":"index","follow":"follow","max-snippet":"max-snippet:-1","max-image-preview":"max-image-preview:large","max-video-preview":"max-video-preview:-1"},"canonical":"https:\/\/massalagros.com\/fr\/","og_locale":"fr_FR","og_type":"article","og_title":"\u00c9co-resort \u00e0 Barcelone | Mas Salagros","og_description":"D\u00e9couvrez Mas Salagros, un \u00e9co-resort \u00e0 Barcelone o\u00f9 la nature, le silence et le bien-\u00eatre se rencontrent pour vous offrir un v\u00e9ritable moment de repos.","og_url":"https:\/\/massalagros.com\/fr\/","og_site_name":"Mas Salagros","article_publisher":"https:\/\/www.facebook.com\/MasSalagros\/","article_modified_time":"2026-01-28T14:51:16+00:00","og_image":[{"width":1920,"height":1280,"url":"https:\/\/massalagros.com\/wp-content\/uploads\/2021\/07\/mas-salagros_masia-entrada.jpg","type":"image\/jpeg"}],"twitter_card":"summary_large_image","twitter_site":"@MasSalagros","twitter_misc":{"Dur\u00e9e de lecture estim\u00e9e":"1 minute"},"schema":{"@context":"https:\/\/schema.org","@graph":[{"@type":"WebPage","@id":"https:\/\/massalagros.com\/fr\/","url":"https:\/\/massalagros.com\/fr\/","name":"\u00c9co-resort \u00e0 Barcelone | Mas Salagros","isPartOf":{"@id":"https:\/\/www.massalagros.com\/fr\/#website"},"primaryImageOfPage":{"@id":"https:\/\/massalagros.com\/fr\/#primaryimage"},"image":{"@id":"https:\/\/massalagros.com\/fr\/#primaryimage"},"thumbnailUrl":"https:\/\/massalagros.com\/wp-content\/uploads\/2021\/07\/mas-salagros_masia-entrada.jpg","datePublished":"2018-04-11T15:16:51+00:00","dateModified":"2026-01-28T14:51:16+00:00","description":"D\u00e9couvrez Mas Salagros, un \u00e9co-resort \u00e0 Barcelone o\u00f9 la nature, le silence et le bien-\u00eatre se rencontrent pour vous offrir un v\u00e9ritable moment de repos.","breadcrumb":{"@id":"https:\/\/massalagros.com\/fr\/#breadcrumb"},"inLanguage":"fr-FR","potentialAction":[{"@type":"ReadAction","target":["https:\/\/massalagros.com\/fr\/"]}]},{"@type":"ImageObject","inLanguage":"fr-FR","@id":"https:\/\/massalagros.com\/fr\/#primaryimage","url":"https:\/\/massalagros.com\/wp-content\/uploads\/2021\/07\/mas-salagros_masia-entrada.jpg","contentUrl":"https:\/\/massalagros.com\/wp-content\/uploads\/2021\/07\/mas-salagros_masia-entrada.jpg","width":1920,"height":1280,"caption":"techniques de massage"},{"@type":"BreadcrumbList","@id":"https:\/\/massalagros.com\/fr\/#breadcrumb","itemListElement":[{"@type":"ListItem","position":1,"name":"Portada","item":"https:\/\/massalagros.com\/fr\/"},{"@type":"ListItem","position":2,"name":"Home"}]},{"@type":"WebSite","@id":"https:\/\/www.massalagros.com\/fr\/#website","url":"https:\/\/www.massalagros.com\/fr\/","name":"Mas Salagros","description":"EcoResort de lujo en Barcelona - Vallromanes","publisher":{"@id":"https:\/\/www.massalagros.com\/fr\/#organization"},"potentialAction":[{"@type":"SearchAction","target":{"@type":"EntryPoint","urlTemplate":"https:\/\/www.massalagros.com\/fr\/?s={search_term_string}"},"query-input":{"@type":"PropertyValueSpecification","valueRequired":true,"valueName":"search_term_string"}}],"inLanguage":"fr-FR"},{"@type":"Organization","@id":"https:\/\/www.massalagros.com\/fr\/#organization","name":"MAS SALAGROS HOTEL ECORESORT","url":"https:\/\/www.massalagros.com\/fr\/","logo":{"@type":"ImageObject","inLanguage":"fr-FR","@id":"https:\/\/www.massalagros.com\/fr\/#\/schema\/logo\/image\/","url":"\/wp-content\/uploads\/2018\/05\/IMG_0116.jpg","contentUrl":"\/wp-content\/uploads\/2018\/05\/IMG_0116.jpg","width":2000,"height":1333,"caption":"MAS SALAGROS HOTEL ECORESORT"},"image":{"@id":"https:\/\/www.massalagros.com\/fr\/#\/schema\/logo\/image\/"},"sameAs":["https:\/\/www.facebook.com\/MasSalagros\/","https:\/\/x.com\/MasSalagros","https:\/\/www.instagram.com\/massalagrosecoresort\/"]}]}},"_links":{"self":[{"href":"https:\/\/massalagros.com\/fr\/wp-json\/wp\/v2\/pages\/2335","targetHints":{"allow":["GET"]}}],"collection":[{"href":"https:\/\/massalagros.com\/fr\/wp-json\/wp\/v2\/pages"}],"about":[{"href":"https:\/\/massalagros.com\/fr\/wp-json\/wp\/v2\/types\/page"}],"author":[{"embeddable":true,"href":"https:\/\/massalagros.com\/fr\/wp-json\/wp\/v2\/users\/1"}],"replies":[{"embeddable":true,"href":"https:\/\/massalagros.com\/fr\/wp-json\/wp\/v2\/comments?post=2335"}],"version-history":[{"count":5,"href":"https:\/\/massalagros.com\/fr\/wp-json\/wp\/v2\/pages\/2335\/revisions"}],"predecessor-version":[{"id":30290,"href":"https:\/\/massalagros.com\/fr\/wp-json\/wp\/v2\/pages\/2335\/revisions\/30290"}],"wp:featuredmedia":[{"embeddable":true,"href":"https:\/\/massalagros.com\/fr\/wp-json\/wp\/v2\/media\/11530"}],"wp:attachment":[{"href":"https:\/\/massalagros.com\/fr\/wp-json\/wp\/v2\/media?parent=2335"}],"curies":[{"name":"wp","href":"https:\/\/api.w.org\/{rel}","templated":true}]}}