{"id":23313,"date":"2023-09-25T14:10:25","date_gmt":"2023-09-25T14:10:25","guid":{"rendered":"https:\/\/massalagros.com\/new-years-day-menu\/"},"modified":"2024-11-28T11:00:23","modified_gmt":"2024-11-28T11:00:23","slug":"menu-du-jour-de-lan","status":"publish","type":"page","link":"https:\/\/massalagros.com\/fr\/menu-du-jour-de-lan\/","title":{"rendered":"Menu du jour de l&rsquo;An"},"content":{"rendered":"","protected":false},"excerpt":{"rendered":"","protected":false},"author":3,"featured_media":23291,"parent":0,"menu_order":47,"comment_status":"closed","ping_status":"closed","template":"views\/template-carta.blade.php","meta":{"_acf_changed":false,"footnotes":""},"class_list":["post-23313","page","type-page","status-publish","has-post-thumbnail","hentry"],"acf":[],"yoast_head":"<!-- This site is optimized with the Yoast SEO plugin v27.2 - https:\/\/yoast.com\/product\/yoast-seo-wordpress\/ -->\n<title>Menu du jour de l&#039;An - Gastronomy | Mas Salagros<\/title>\n<meta name=\"description\" content=\"Profitez du premier d\u00e9jeuner de l&#039;ann\u00e9e avec un menu \u00e9labor\u00e9 \u00e0 partir de produits biologiques et locaux de notre jardin\" \/>\n<meta name=\"robots\" content=\"index, follow, max-snippet:-1, max-image-preview:large, max-video-preview:-1\" \/>\n<link rel=\"canonical\" href=\"https:\/\/massalagros.com\/fr\/menu-du-jour-de-lan\/\" \/>\n<meta property=\"og:locale\" content=\"fr_FR\" \/>\n<meta property=\"og:type\" content=\"article\" \/>\n<meta property=\"og:title\" content=\"Menu du jour de l&#039;An - Gastronomy | Mas Salagros\" \/>\n<meta property=\"og:description\" content=\"Profitez du premier d\u00e9jeuner de l&#039;ann\u00e9e avec un menu \u00e9labor\u00e9 \u00e0 partir de produits biologiques et locaux de notre jardin\" \/>\n<meta property=\"og:url\" content=\"https:\/\/massalagros.com\/fr\/menu-du-jour-de-lan\/\" \/>\n<meta property=\"og:site_name\" content=\"Mas Salagros\" \/>\n<meta property=\"article:publisher\" content=\"https:\/\/www.facebook.com\/MasSalagros\/\" \/>\n<meta property=\"article:modified_time\" content=\"2024-11-28T11:00:23+00:00\" \/>\n<meta property=\"og:image\" content=\"https:\/\/www.massalagros.com\/wp-content\/uploads\/2023\/09\/ANO-NUEVO-e1695650764982.jpg\" \/>\n\t<meta property=\"og:image:width\" content=\"1000\" \/>\n\t<meta property=\"og:image:height\" content=\"667\" \/>\n\t<meta property=\"og:image:type\" content=\"image\/jpeg\" \/>\n<meta name=\"twitter:card\" content=\"summary_large_image\" \/>\n<meta name=\"twitter:site\" content=\"@MasSalagros\" \/>\n<meta name=\"twitter:label1\" content=\"Dur\u00e9e de lecture estim\u00e9e\" \/>\n\t<meta name=\"twitter:data1\" content=\"3 minutes\" \/>\n<script type=\"application\/ld+json\" class=\"yoast-schema-graph\">{\"@context\":\"https:\/\/schema.org\",\"@graph\":[{\"@type\":\"WebPage\",\"@id\":\"https:\/\/massalagros.com\/fr\/menu-du-jour-de-lan\/\",\"url\":\"https:\/\/massalagros.com\/fr\/menu-du-jour-de-lan\/\",\"name\":\"Menu du jour de l'An - Gastronomy | Mas Salagros\",\"isPartOf\":{\"@id\":\"https:\/\/www.massalagros.com\/fr\/#website\"},\"primaryImageOfPage\":{\"@id\":\"https:\/\/massalagros.com\/fr\/menu-du-jour-de-lan\/#primaryimage\"},\"image\":{\"@id\":\"https:\/\/massalagros.com\/fr\/menu-du-jour-de-lan\/#primaryimage\"},\"thumbnailUrl\":\"https:\/\/massalagros.com\/wp-content\/uploads\/2023\/09\/ANO-NUEVO-e1695650764982.jpg\",\"datePublished\":\"2023-09-25T14:10:25+00:00\",\"dateModified\":\"2024-11-28T11:00:23+00:00\",\"description\":\"Profitez du premier d\u00e9jeuner de l'ann\u00e9e avec un menu \u00e9labor\u00e9 \u00e0 partir de produits biologiques et locaux de notre jardin\",\"breadcrumb\":{\"@id\":\"https:\/\/massalagros.com\/fr\/menu-du-jour-de-lan\/#breadcrumb\"},\"inLanguage\":\"fr-FR\",\"potentialAction\":[{\"@type\":\"ReadAction\",\"target\":[\"https:\/\/massalagros.com\/fr\/menu-du-jour-de-lan\/\"]}]},{\"@type\":\"ImageObject\",\"inLanguage\":\"fr-FR\",\"@id\":\"https:\/\/massalagros.com\/fr\/menu-du-jour-de-lan\/#primaryimage\",\"url\":\"https:\/\/massalagros.com\/wp-content\/uploads\/2023\/09\/ANO-NUEVO-e1695650764982.jpg\",\"contentUrl\":\"https:\/\/massalagros.com\/wp-content\/uploads\/2023\/09\/ANO-NUEVO-e1695650764982.jpg\",\"width\":1000,\"height\":520,\"caption\":\"A\u00d1O NUEVO\"},{\"@type\":\"BreadcrumbList\",\"@id\":\"https:\/\/massalagros.com\/fr\/menu-du-jour-de-lan\/#breadcrumb\",\"itemListElement\":[{\"@type\":\"ListItem\",\"position\":1,\"name\":\"Portada\",\"item\":\"https:\/\/massalagros.com\/fr\/\"},{\"@type\":\"ListItem\",\"position\":2,\"name\":\"Menu du jour de l&#8217;An\"}]},{\"@type\":\"WebSite\",\"@id\":\"https:\/\/www.massalagros.com\/fr\/#website\",\"url\":\"https:\/\/www.massalagros.com\/fr\/\",\"name\":\"Mas Salagros\",\"description\":\"EcoResort de lujo en Barcelona - Vallromanes\",\"publisher\":{\"@id\":\"https:\/\/www.massalagros.com\/fr\/#organization\"},\"potentialAction\":[{\"@type\":\"SearchAction\",\"target\":{\"@type\":\"EntryPoint\",\"urlTemplate\":\"https:\/\/www.massalagros.com\/fr\/?s={search_term_string}\"},\"query-input\":{\"@type\":\"PropertyValueSpecification\",\"valueRequired\":true,\"valueName\":\"search_term_string\"}}],\"inLanguage\":\"fr-FR\"},{\"@type\":\"Organization\",\"@id\":\"https:\/\/www.massalagros.com\/fr\/#organization\",\"name\":\"MAS SALAGROS HOTEL ECORESORT\",\"url\":\"https:\/\/www.massalagros.com\/fr\/\",\"logo\":{\"@type\":\"ImageObject\",\"inLanguage\":\"fr-FR\",\"@id\":\"https:\/\/www.massalagros.com\/fr\/#\/schema\/logo\/image\/\",\"url\":\"\/wp-content\/uploads\/2018\/05\/IMG_0116.jpg\",\"contentUrl\":\"\/wp-content\/uploads\/2018\/05\/IMG_0116.jpg\",\"width\":2000,\"height\":1333,\"caption\":\"MAS SALAGROS HOTEL ECORESORT\"},\"image\":{\"@id\":\"https:\/\/www.massalagros.com\/fr\/#\/schema\/logo\/image\/\"},\"sameAs\":[\"https:\/\/www.facebook.com\/MasSalagros\/\",\"https:\/\/x.com\/MasSalagros\",\"https:\/\/www.instagram.com\/massalagrosecoresort\/\"]}]}<\/script>\n<!-- \/ Yoast SEO plugin. -->","yoast_head_json":{"title":"Menu du jour de l'An - Gastronomy | Mas Salagros","description":"Profitez du premier d\u00e9jeuner de l'ann\u00e9e avec un menu \u00e9labor\u00e9 \u00e0 partir de produits biologiques et locaux de notre jardin","robots":{"index":"index","follow":"follow","max-snippet":"max-snippet:-1","max-image-preview":"max-image-preview:large","max-video-preview":"max-video-preview:-1"},"canonical":"https:\/\/massalagros.com\/fr\/menu-du-jour-de-lan\/","og_locale":"fr_FR","og_type":"article","og_title":"Menu du jour de l'An - Gastronomy | Mas Salagros","og_description":"Profitez du premier d\u00e9jeuner de l'ann\u00e9e avec un menu \u00e9labor\u00e9 \u00e0 partir de produits biologiques et locaux de notre jardin","og_url":"https:\/\/massalagros.com\/fr\/menu-du-jour-de-lan\/","og_site_name":"Mas Salagros","article_publisher":"https:\/\/www.facebook.com\/MasSalagros\/","article_modified_time":"2024-11-28T11:00:23+00:00","og_image":[{"width":1000,"height":667,"url":"https:\/\/www.massalagros.com\/wp-content\/uploads\/2023\/09\/ANO-NUEVO-e1695650764982.jpg","type":"image\/jpeg"}],"twitter_card":"summary_large_image","twitter_site":"@MasSalagros","twitter_misc":{"Dur\u00e9e de lecture estim\u00e9e":"3 minutes"},"schema":{"@context":"https:\/\/schema.org","@graph":[{"@type":"WebPage","@id":"https:\/\/massalagros.com\/fr\/menu-du-jour-de-lan\/","url":"https:\/\/massalagros.com\/fr\/menu-du-jour-de-lan\/","name":"Menu du jour de l'An - Gastronomy | Mas Salagros","isPartOf":{"@id":"https:\/\/www.massalagros.com\/fr\/#website"},"primaryImageOfPage":{"@id":"https:\/\/massalagros.com\/fr\/menu-du-jour-de-lan\/#primaryimage"},"image":{"@id":"https:\/\/massalagros.com\/fr\/menu-du-jour-de-lan\/#primaryimage"},"thumbnailUrl":"https:\/\/massalagros.com\/wp-content\/uploads\/2023\/09\/ANO-NUEVO-e1695650764982.jpg","datePublished":"2023-09-25T14:10:25+00:00","dateModified":"2024-11-28T11:00:23+00:00","description":"Profitez du premier d\u00e9jeuner de l'ann\u00e9e avec un menu \u00e9labor\u00e9 \u00e0 partir de produits biologiques et locaux de notre jardin","breadcrumb":{"@id":"https:\/\/massalagros.com\/fr\/menu-du-jour-de-lan\/#breadcrumb"},"inLanguage":"fr-FR","potentialAction":[{"@type":"ReadAction","target":["https:\/\/massalagros.com\/fr\/menu-du-jour-de-lan\/"]}]},{"@type":"ImageObject","inLanguage":"fr-FR","@id":"https:\/\/massalagros.com\/fr\/menu-du-jour-de-lan\/#primaryimage","url":"https:\/\/massalagros.com\/wp-content\/uploads\/2023\/09\/ANO-NUEVO-e1695650764982.jpg","contentUrl":"https:\/\/massalagros.com\/wp-content\/uploads\/2023\/09\/ANO-NUEVO-e1695650764982.jpg","width":1000,"height":520,"caption":"A\u00d1O NUEVO"},{"@type":"BreadcrumbList","@id":"https:\/\/massalagros.com\/fr\/menu-du-jour-de-lan\/#breadcrumb","itemListElement":[{"@type":"ListItem","position":1,"name":"Portada","item":"https:\/\/massalagros.com\/fr\/"},{"@type":"ListItem","position":2,"name":"Menu du jour de l&#8217;An"}]},{"@type":"WebSite","@id":"https:\/\/www.massalagros.com\/fr\/#website","url":"https:\/\/www.massalagros.com\/fr\/","name":"Mas Salagros","description":"EcoResort de lujo en Barcelona - Vallromanes","publisher":{"@id":"https:\/\/www.massalagros.com\/fr\/#organization"},"potentialAction":[{"@type":"SearchAction","target":{"@type":"EntryPoint","urlTemplate":"https:\/\/www.massalagros.com\/fr\/?s={search_term_string}"},"query-input":{"@type":"PropertyValueSpecification","valueRequired":true,"valueName":"search_term_string"}}],"inLanguage":"fr-FR"},{"@type":"Organization","@id":"https:\/\/www.massalagros.com\/fr\/#organization","name":"MAS SALAGROS HOTEL ECORESORT","url":"https:\/\/www.massalagros.com\/fr\/","logo":{"@type":"ImageObject","inLanguage":"fr-FR","@id":"https:\/\/www.massalagros.com\/fr\/#\/schema\/logo\/image\/","url":"\/wp-content\/uploads\/2018\/05\/IMG_0116.jpg","contentUrl":"\/wp-content\/uploads\/2018\/05\/IMG_0116.jpg","width":2000,"height":1333,"caption":"MAS SALAGROS HOTEL ECORESORT"},"image":{"@id":"https:\/\/www.massalagros.com\/fr\/#\/schema\/logo\/image\/"},"sameAs":["https:\/\/www.facebook.com\/MasSalagros\/","https:\/\/x.com\/MasSalagros","https:\/\/www.instagram.com\/massalagrosecoresort\/"]}]}},"_links":{"self":[{"href":"https:\/\/massalagros.com\/fr\/wp-json\/wp\/v2\/pages\/23313","targetHints":{"allow":["GET"]}}],"collection":[{"href":"https:\/\/massalagros.com\/fr\/wp-json\/wp\/v2\/pages"}],"about":[{"href":"https:\/\/massalagros.com\/fr\/wp-json\/wp\/v2\/types\/page"}],"author":[{"embeddable":true,"href":"https:\/\/massalagros.com\/fr\/wp-json\/wp\/v2\/users\/3"}],"replies":[{"embeddable":true,"href":"https:\/\/massalagros.com\/fr\/wp-json\/wp\/v2\/comments?post=23313"}],"version-history":[{"count":5,"href":"https:\/\/massalagros.com\/fr\/wp-json\/wp\/v2\/pages\/23313\/revisions"}],"predecessor-version":[{"id":27262,"href":"https:\/\/massalagros.com\/fr\/wp-json\/wp\/v2\/pages\/23313\/revisions\/27262"}],"wp:featuredmedia":[{"embeddable":true,"href":"https:\/\/massalagros.com\/fr\/wp-json\/wp\/v2\/media\/23291"}],"wp:attachment":[{"href":"https:\/\/massalagros.com\/fr\/wp-json\/wp\/v2\/media?parent=23313"}],"curies":[{"name":"wp","href":"https:\/\/api.w.org\/{rel}","templated":true}]}}