{"id":23270,"date":"2023-09-25T10:17:08","date_gmt":"2023-09-25T10:17:08","guid":{"rendered":"https:\/\/massalagros.com\/stephens-day-menu\/"},"modified":"2024-09-13T07:39:47","modified_gmt":"2024-09-13T07:39:47","slug":"menu-de-la-saint-etienne","status":"publish","type":"page","link":"https:\/\/massalagros.com\/fr\/menu-de-la-saint-etienne\/","title":{"rendered":"Menu de la Saint-\u00c9tienne"},"content":{"rendered":"","protected":false},"excerpt":{"rendered":"","protected":false},"author":3,"featured_media":23249,"parent":0,"menu_order":53,"comment_status":"closed","ping_status":"closed","template":"views\/template-carta.blade.php","meta":{"_acf_changed":false,"footnotes":""},"class_list":["post-23270","page","type-page","status-publish","has-post-thumbnail","hentry"],"acf":[],"yoast_head":"<!-- This site is optimized with the Yoast SEO plugin v27.2 - https:\/\/yoast.com\/product\/yoast-seo-wordpress\/ -->\n<title>Menu de la Saint-\u00c9tienne - Gastronomie | Mas Salagros<\/title>\n<meta name=\"description\" content=\"Menu avec des produits biologiques et locaux pour le repas de la Saint-\u00c9tienne le 26 d\u00e9cembre. Nous c\u00e9l\u00e9brons No\u00ebl avec des plats sp\u00e9ciaux\" \/>\n<meta name=\"robots\" content=\"index, follow, max-snippet:-1, max-image-preview:large, max-video-preview:-1\" \/>\n<link rel=\"canonical\" href=\"https:\/\/massalagros.com\/fr\/menu-de-la-saint-etienne\/\" \/>\n<meta property=\"og:locale\" content=\"fr_FR\" \/>\n<meta property=\"og:type\" content=\"article\" \/>\n<meta property=\"og:title\" content=\"Menu de la Saint-\u00c9tienne - Gastronomie | Mas Salagros\" \/>\n<meta property=\"og:description\" content=\"Menu avec des produits biologiques et locaux pour le repas de la Saint-\u00c9tienne le 26 d\u00e9cembre. Nous c\u00e9l\u00e9brons No\u00ebl avec des plats sp\u00e9ciaux\" \/>\n<meta property=\"og:url\" content=\"https:\/\/massalagros.com\/fr\/menu-de-la-saint-etienne\/\" \/>\n<meta property=\"og:site_name\" content=\"Mas Salagros\" \/>\n<meta property=\"article:publisher\" content=\"https:\/\/www.facebook.com\/MasSalagros\/\" \/>\n<meta property=\"article:modified_time\" content=\"2024-09-13T07:39:47+00:00\" \/>\n<meta property=\"og:image\" content=\"https:\/\/www.massalagros.com\/wp-content\/uploads\/2023\/09\/MENU-SAN-ESTEBAN.jpg\" \/>\n\t<meta property=\"og:image:width\" content=\"1000\" \/>\n\t<meta property=\"og:image:height\" content=\"667\" \/>\n\t<meta property=\"og:image:type\" content=\"image\/jpeg\" \/>\n<meta name=\"twitter:card\" content=\"summary_large_image\" \/>\n<meta name=\"twitter:site\" content=\"@MasSalagros\" \/>\n<meta name=\"twitter:label1\" content=\"Dur\u00e9e de lecture estim\u00e9e\" \/>\n\t<meta name=\"twitter:data1\" content=\"3 minutes\" \/>\n<script type=\"application\/ld+json\" class=\"yoast-schema-graph\">{\"@context\":\"https:\/\/schema.org\",\"@graph\":[{\"@type\":\"WebPage\",\"@id\":\"https:\/\/massalagros.com\/fr\/menu-de-la-saint-etienne\/\",\"url\":\"https:\/\/massalagros.com\/fr\/menu-de-la-saint-etienne\/\",\"name\":\"Menu de la Saint-\u00c9tienne - Gastronomie | Mas Salagros\",\"isPartOf\":{\"@id\":\"https:\/\/www.massalagros.com\/fr\/#website\"},\"primaryImageOfPage\":{\"@id\":\"https:\/\/massalagros.com\/fr\/menu-de-la-saint-etienne\/#primaryimage\"},\"image\":{\"@id\":\"https:\/\/massalagros.com\/fr\/menu-de-la-saint-etienne\/#primaryimage\"},\"thumbnailUrl\":\"https:\/\/massalagros.com\/wp-content\/uploads\/2023\/09\/MENU-SAN-ESTEBAN.jpg\",\"datePublished\":\"2023-09-25T10:17:08+00:00\",\"dateModified\":\"2024-09-13T07:39:47+00:00\",\"description\":\"Menu avec des produits biologiques et locaux pour le repas de la Saint-\u00c9tienne le 26 d\u00e9cembre. Nous c\u00e9l\u00e9brons No\u00ebl avec des plats sp\u00e9ciaux\",\"breadcrumb\":{\"@id\":\"https:\/\/massalagros.com\/fr\/menu-de-la-saint-etienne\/#breadcrumb\"},\"inLanguage\":\"fr-FR\",\"potentialAction\":[{\"@type\":\"ReadAction\",\"target\":[\"https:\/\/massalagros.com\/fr\/menu-de-la-saint-etienne\/\"]}]},{\"@type\":\"ImageObject\",\"inLanguage\":\"fr-FR\",\"@id\":\"https:\/\/massalagros.com\/fr\/menu-de-la-saint-etienne\/#primaryimage\",\"url\":\"https:\/\/massalagros.com\/wp-content\/uploads\/2023\/09\/MENU-SAN-ESTEBAN.jpg\",\"contentUrl\":\"https:\/\/massalagros.com\/wp-content\/uploads\/2023\/09\/MENU-SAN-ESTEBAN.jpg\",\"width\":1000,\"height\":667,\"caption\":\"Men\u00fa San Esteban\"},{\"@type\":\"BreadcrumbList\",\"@id\":\"https:\/\/massalagros.com\/fr\/menu-de-la-saint-etienne\/#breadcrumb\",\"itemListElement\":[{\"@type\":\"ListItem\",\"position\":1,\"name\":\"Portada\",\"item\":\"https:\/\/massalagros.com\/fr\/\"},{\"@type\":\"ListItem\",\"position\":2,\"name\":\"Menu de la Saint-\u00c9tienne\"}]},{\"@type\":\"WebSite\",\"@id\":\"https:\/\/www.massalagros.com\/fr\/#website\",\"url\":\"https:\/\/www.massalagros.com\/fr\/\",\"name\":\"Mas Salagros\",\"description\":\"EcoResort de lujo en Barcelona - Vallromanes\",\"publisher\":{\"@id\":\"https:\/\/www.massalagros.com\/fr\/#organization\"},\"potentialAction\":[{\"@type\":\"SearchAction\",\"target\":{\"@type\":\"EntryPoint\",\"urlTemplate\":\"https:\/\/www.massalagros.com\/fr\/?s={search_term_string}\"},\"query-input\":{\"@type\":\"PropertyValueSpecification\",\"valueRequired\":true,\"valueName\":\"search_term_string\"}}],\"inLanguage\":\"fr-FR\"},{\"@type\":\"Organization\",\"@id\":\"https:\/\/www.massalagros.com\/fr\/#organization\",\"name\":\"MAS SALAGROS HOTEL ECORESORT\",\"url\":\"https:\/\/www.massalagros.com\/fr\/\",\"logo\":{\"@type\":\"ImageObject\",\"inLanguage\":\"fr-FR\",\"@id\":\"https:\/\/www.massalagros.com\/fr\/#\/schema\/logo\/image\/\",\"url\":\"\/wp-content\/uploads\/2018\/05\/IMG_0116.jpg\",\"contentUrl\":\"\/wp-content\/uploads\/2018\/05\/IMG_0116.jpg\",\"width\":2000,\"height\":1333,\"caption\":\"MAS SALAGROS HOTEL ECORESORT\"},\"image\":{\"@id\":\"https:\/\/www.massalagros.com\/fr\/#\/schema\/logo\/image\/\"},\"sameAs\":[\"https:\/\/www.facebook.com\/MasSalagros\/\",\"https:\/\/x.com\/MasSalagros\",\"https:\/\/www.instagram.com\/massalagrosecoresort\/\"]}]}<\/script>\n<!-- \/ Yoast SEO plugin. -->","yoast_head_json":{"title":"Menu de la Saint-\u00c9tienne - Gastronomie | Mas Salagros","description":"Menu avec des produits biologiques et locaux pour le repas de la Saint-\u00c9tienne le 26 d\u00e9cembre. Nous c\u00e9l\u00e9brons No\u00ebl avec des plats sp\u00e9ciaux","robots":{"index":"index","follow":"follow","max-snippet":"max-snippet:-1","max-image-preview":"max-image-preview:large","max-video-preview":"max-video-preview:-1"},"canonical":"https:\/\/massalagros.com\/fr\/menu-de-la-saint-etienne\/","og_locale":"fr_FR","og_type":"article","og_title":"Menu de la Saint-\u00c9tienne - Gastronomie | Mas Salagros","og_description":"Menu avec des produits biologiques et locaux pour le repas de la Saint-\u00c9tienne le 26 d\u00e9cembre. Nous c\u00e9l\u00e9brons No\u00ebl avec des plats sp\u00e9ciaux","og_url":"https:\/\/massalagros.com\/fr\/menu-de-la-saint-etienne\/","og_site_name":"Mas Salagros","article_publisher":"https:\/\/www.facebook.com\/MasSalagros\/","article_modified_time":"2024-09-13T07:39:47+00:00","og_image":[{"width":1000,"height":667,"url":"https:\/\/www.massalagros.com\/wp-content\/uploads\/2023\/09\/MENU-SAN-ESTEBAN.jpg","type":"image\/jpeg"}],"twitter_card":"summary_large_image","twitter_site":"@MasSalagros","twitter_misc":{"Dur\u00e9e de lecture estim\u00e9e":"3 minutes"},"schema":{"@context":"https:\/\/schema.org","@graph":[{"@type":"WebPage","@id":"https:\/\/massalagros.com\/fr\/menu-de-la-saint-etienne\/","url":"https:\/\/massalagros.com\/fr\/menu-de-la-saint-etienne\/","name":"Menu de la Saint-\u00c9tienne - Gastronomie | Mas Salagros","isPartOf":{"@id":"https:\/\/www.massalagros.com\/fr\/#website"},"primaryImageOfPage":{"@id":"https:\/\/massalagros.com\/fr\/menu-de-la-saint-etienne\/#primaryimage"},"image":{"@id":"https:\/\/massalagros.com\/fr\/menu-de-la-saint-etienne\/#primaryimage"},"thumbnailUrl":"https:\/\/massalagros.com\/wp-content\/uploads\/2023\/09\/MENU-SAN-ESTEBAN.jpg","datePublished":"2023-09-25T10:17:08+00:00","dateModified":"2024-09-13T07:39:47+00:00","description":"Menu avec des produits biologiques et locaux pour le repas de la Saint-\u00c9tienne le 26 d\u00e9cembre. Nous c\u00e9l\u00e9brons No\u00ebl avec des plats sp\u00e9ciaux","breadcrumb":{"@id":"https:\/\/massalagros.com\/fr\/menu-de-la-saint-etienne\/#breadcrumb"},"inLanguage":"fr-FR","potentialAction":[{"@type":"ReadAction","target":["https:\/\/massalagros.com\/fr\/menu-de-la-saint-etienne\/"]}]},{"@type":"ImageObject","inLanguage":"fr-FR","@id":"https:\/\/massalagros.com\/fr\/menu-de-la-saint-etienne\/#primaryimage","url":"https:\/\/massalagros.com\/wp-content\/uploads\/2023\/09\/MENU-SAN-ESTEBAN.jpg","contentUrl":"https:\/\/massalagros.com\/wp-content\/uploads\/2023\/09\/MENU-SAN-ESTEBAN.jpg","width":1000,"height":667,"caption":"Men\u00fa San Esteban"},{"@type":"BreadcrumbList","@id":"https:\/\/massalagros.com\/fr\/menu-de-la-saint-etienne\/#breadcrumb","itemListElement":[{"@type":"ListItem","position":1,"name":"Portada","item":"https:\/\/massalagros.com\/fr\/"},{"@type":"ListItem","position":2,"name":"Menu de la Saint-\u00c9tienne"}]},{"@type":"WebSite","@id":"https:\/\/www.massalagros.com\/fr\/#website","url":"https:\/\/www.massalagros.com\/fr\/","name":"Mas Salagros","description":"EcoResort de lujo en Barcelona - Vallromanes","publisher":{"@id":"https:\/\/www.massalagros.com\/fr\/#organization"},"potentialAction":[{"@type":"SearchAction","target":{"@type":"EntryPoint","urlTemplate":"https:\/\/www.massalagros.com\/fr\/?s={search_term_string}"},"query-input":{"@type":"PropertyValueSpecification","valueRequired":true,"valueName":"search_term_string"}}],"inLanguage":"fr-FR"},{"@type":"Organization","@id":"https:\/\/www.massalagros.com\/fr\/#organization","name":"MAS SALAGROS HOTEL ECORESORT","url":"https:\/\/www.massalagros.com\/fr\/","logo":{"@type":"ImageObject","inLanguage":"fr-FR","@id":"https:\/\/www.massalagros.com\/fr\/#\/schema\/logo\/image\/","url":"\/wp-content\/uploads\/2018\/05\/IMG_0116.jpg","contentUrl":"\/wp-content\/uploads\/2018\/05\/IMG_0116.jpg","width":2000,"height":1333,"caption":"MAS SALAGROS HOTEL ECORESORT"},"image":{"@id":"https:\/\/www.massalagros.com\/fr\/#\/schema\/logo\/image\/"},"sameAs":["https:\/\/www.facebook.com\/MasSalagros\/","https:\/\/x.com\/MasSalagros","https:\/\/www.instagram.com\/massalagrosecoresort\/"]}]}},"_links":{"self":[{"href":"https:\/\/massalagros.com\/fr\/wp-json\/wp\/v2\/pages\/23270","targetHints":{"allow":["GET"]}}],"collection":[{"href":"https:\/\/massalagros.com\/fr\/wp-json\/wp\/v2\/pages"}],"about":[{"href":"https:\/\/massalagros.com\/fr\/wp-json\/wp\/v2\/types\/page"}],"author":[{"embeddable":true,"href":"https:\/\/massalagros.com\/fr\/wp-json\/wp\/v2\/users\/3"}],"replies":[{"embeddable":true,"href":"https:\/\/massalagros.com\/fr\/wp-json\/wp\/v2\/comments?post=23270"}],"version-history":[{"count":5,"href":"https:\/\/massalagros.com\/fr\/wp-json\/wp\/v2\/pages\/23270\/revisions"}],"predecessor-version":[{"id":26707,"href":"https:\/\/massalagros.com\/fr\/wp-json\/wp\/v2\/pages\/23270\/revisions\/26707"}],"wp:featuredmedia":[{"embeddable":true,"href":"https:\/\/massalagros.com\/fr\/wp-json\/wp\/v2\/media\/23249"}],"wp:attachment":[{"href":"https:\/\/massalagros.com\/fr\/wp-json\/wp\/v2\/media?parent=23270"}],"curies":[{"name":"wp","href":"https:\/\/api.w.org\/{rel}","templated":true}]}}