{"id":2283,"date":"2018-05-14T09:47:54","date_gmt":"2018-05-14T09:47:54","guid":{"rendered":"https:\/\/massalagros.com\/cibus-snack-bar\/"},"modified":"2026-03-26T21:10:31","modified_gmt":"2026-03-26T21:10:31","slug":"cibus-restaurant","status":"publish","type":"page","link":"https:\/\/massalagros.com\/fr\/cibus-restaurant\/","title":{"rendered":"Cibus Restaurant"},"content":{"rendered":"","protected":false},"excerpt":{"rendered":"","protected":false},"author":2,"featured_media":27406,"parent":0,"menu_order":179,"comment_status":"closed","ping_status":"closed","template":"views\/template-carta.blade.php","meta":{"_acf_changed":false,"footnotes":""},"class_list":["post-2283","page","type-page","status-publish","has-post-thumbnail","hentry"],"acf":[],"yoast_head":"<!-- This site is optimized with the Yoast SEO plugin v27.3 - https:\/\/yoast.com\/product\/yoast-seo-wordpress\/ -->\n<title>Restaurant Cibus \u2013 Gastronomie | Mas Salagros | Vallromanes<\/title>\n<meta name=\"description\" content=\"Restaurant id\u00e9al pour partager les d\u00e9jeuners et d\u00eeners. Leur sp\u00e9cialit\u00e9 est le riz et les braises. Terrasse avec vue.\" \/>\n<meta name=\"robots\" content=\"index, follow, max-snippet:-1, max-image-preview:large, max-video-preview:-1\" \/>\n<link rel=\"canonical\" href=\"https:\/\/massalagros.com\/fr\/cibus-restaurant\/\" \/>\n<meta property=\"og:locale\" content=\"fr_FR\" \/>\n<meta property=\"og:type\" content=\"article\" \/>\n<meta property=\"og:title\" content=\"Restaurant Cibus \u2013 Gastronomie | Mas Salagros | Vallromanes\" \/>\n<meta property=\"og:description\" content=\"Restaurant id\u00e9al pour partager les d\u00e9jeuners et d\u00eeners. Leur sp\u00e9cialit\u00e9 est le riz et les braises. Terrasse avec vue.\" \/>\n<meta property=\"og:url\" content=\"https:\/\/massalagros.com\/fr\/cibus-restaurant\/\" \/>\n<meta property=\"og:site_name\" content=\"Mas Salagros\" \/>\n<meta property=\"article:publisher\" content=\"https:\/\/www.facebook.com\/MasSalagros\/\" \/>\n<meta property=\"article:modified_time\" content=\"2026-03-26T21:10:31+00:00\" \/>\n<meta property=\"og:image\" content=\"https:\/\/massalagros.com\/wp-content\/uploads\/2025\/01\/81A5347.jpeg\" \/>\n\t<meta property=\"og:image:width\" content=\"1920\" \/>\n\t<meta property=\"og:image:height\" content=\"2560\" \/>\n\t<meta property=\"og:image:type\" content=\"image\/jpeg\" \/>\n<meta name=\"twitter:card\" content=\"summary_large_image\" \/>\n<meta name=\"twitter:site\" content=\"@MasSalagros\" \/>\n<meta name=\"twitter:label1\" content=\"Dur\u00e9e de lecture estim\u00e9e\" \/>\n\t<meta name=\"twitter:data1\" content=\"1 minute\" \/>\n<script type=\"application\/ld+json\" class=\"yoast-schema-graph\">{\"@context\":\"https:\\\/\\\/schema.org\",\"@graph\":[{\"@type\":\"WebPage\",\"@id\":\"https:\\\/\\\/massalagros.com\\\/fr\\\/cibus-restaurant\\\/\",\"url\":\"https:\\\/\\\/massalagros.com\\\/fr\\\/cibus-restaurant\\\/\",\"name\":\"Restaurant Cibus \u2013 Gastronomie | Mas Salagros | Vallromanes\",\"isPartOf\":{\"@id\":\"https:\\\/\\\/www.massalagros.com\\\/fr\\\/#website\"},\"primaryImageOfPage\":{\"@id\":\"https:\\\/\\\/massalagros.com\\\/fr\\\/cibus-restaurant\\\/#primaryimage\"},\"image\":{\"@id\":\"https:\\\/\\\/massalagros.com\\\/fr\\\/cibus-restaurant\\\/#primaryimage\"},\"thumbnailUrl\":\"https:\\\/\\\/massalagros.com\\\/wp-content\\\/uploads\\\/2025\\\/01\\\/81A5347.jpeg\",\"datePublished\":\"2018-05-14T09:47:54+00:00\",\"dateModified\":\"2026-03-26T21:10:31+00:00\",\"description\":\"Restaurant id\u00e9al pour partager les d\u00e9jeuners et d\u00eeners. Leur sp\u00e9cialit\u00e9 est le riz et les braises. Terrasse avec vue.\",\"breadcrumb\":{\"@id\":\"https:\\\/\\\/massalagros.com\\\/fr\\\/cibus-restaurant\\\/#breadcrumb\"},\"inLanguage\":\"fr-FR\",\"potentialAction\":[{\"@type\":\"ReadAction\",\"target\":[\"https:\\\/\\\/massalagros.com\\\/fr\\\/cibus-restaurant\\\/\"]}]},{\"@type\":\"ImageObject\",\"inLanguage\":\"fr-FR\",\"@id\":\"https:\\\/\\\/massalagros.com\\\/fr\\\/cibus-restaurant\\\/#primaryimage\",\"url\":\"https:\\\/\\\/massalagros.com\\\/wp-content\\\/uploads\\\/2025\\\/01\\\/81A5347.jpeg\",\"contentUrl\":\"https:\\\/\\\/massalagros.com\\\/wp-content\\\/uploads\\\/2025\\\/01\\\/81A5347.jpeg\",\"width\":1920,\"height\":2560},{\"@type\":\"BreadcrumbList\",\"@id\":\"https:\\\/\\\/massalagros.com\\\/fr\\\/cibus-restaurant\\\/#breadcrumb\",\"itemListElement\":[{\"@type\":\"ListItem\",\"position\":1,\"name\":\"Portada\",\"item\":\"https:\\\/\\\/massalagros.com\\\/fr\\\/\"},{\"@type\":\"ListItem\",\"position\":2,\"name\":\"Cibus Restaurant\"}]},{\"@type\":\"WebSite\",\"@id\":\"https:\\\/\\\/www.massalagros.com\\\/fr\\\/#website\",\"url\":\"https:\\\/\\\/www.massalagros.com\\\/fr\\\/\",\"name\":\"Mas Salagros\",\"description\":\"EcoResort de lujo en Barcelona - Vallromanes\",\"publisher\":{\"@id\":\"https:\\\/\\\/www.massalagros.com\\\/fr\\\/#organization\"},\"potentialAction\":[{\"@type\":\"SearchAction\",\"target\":{\"@type\":\"EntryPoint\",\"urlTemplate\":\"https:\\\/\\\/www.massalagros.com\\\/fr\\\/?s={search_term_string}\"},\"query-input\":{\"@type\":\"PropertyValueSpecification\",\"valueRequired\":true,\"valueName\":\"search_term_string\"}}],\"inLanguage\":\"fr-FR\"},{\"@type\":\"Organization\",\"@id\":\"https:\\\/\\\/www.massalagros.com\\\/fr\\\/#organization\",\"name\":\"MAS SALAGROS HOTEL ECORESORT\",\"url\":\"https:\\\/\\\/www.massalagros.com\\\/fr\\\/\",\"logo\":{\"@type\":\"ImageObject\",\"inLanguage\":\"fr-FR\",\"@id\":\"https:\\\/\\\/www.massalagros.com\\\/fr\\\/#\\\/schema\\\/logo\\\/image\\\/\",\"url\":\"\\\/wp-content\\\/uploads\\\/2018\\\/05\\\/IMG_0116.jpg\",\"contentUrl\":\"\\\/wp-content\\\/uploads\\\/2018\\\/05\\\/IMG_0116.jpg\",\"width\":2000,\"height\":1333,\"caption\":\"MAS SALAGROS HOTEL ECORESORT\"},\"image\":{\"@id\":\"https:\\\/\\\/www.massalagros.com\\\/fr\\\/#\\\/schema\\\/logo\\\/image\\\/\"},\"sameAs\":[\"https:\\\/\\\/www.facebook.com\\\/MasSalagros\\\/\",\"https:\\\/\\\/x.com\\\/MasSalagros\",\"https:\\\/\\\/www.instagram.com\\\/massalagrosecoresort\\\/\"]}]}<\/script>\n<!-- \/ Yoast SEO plugin. -->","yoast_head_json":{"title":"Restaurant Cibus \u2013 Gastronomie | Mas Salagros | Vallromanes","description":"Restaurant id\u00e9al pour partager les d\u00e9jeuners et d\u00eeners. Leur sp\u00e9cialit\u00e9 est le riz et les braises. Terrasse avec vue.","robots":{"index":"index","follow":"follow","max-snippet":"max-snippet:-1","max-image-preview":"max-image-preview:large","max-video-preview":"max-video-preview:-1"},"canonical":"https:\/\/massalagros.com\/fr\/cibus-restaurant\/","og_locale":"fr_FR","og_type":"article","og_title":"Restaurant Cibus \u2013 Gastronomie | Mas Salagros | Vallromanes","og_description":"Restaurant id\u00e9al pour partager les d\u00e9jeuners et d\u00eeners. Leur sp\u00e9cialit\u00e9 est le riz et les braises. Terrasse avec vue.","og_url":"https:\/\/massalagros.com\/fr\/cibus-restaurant\/","og_site_name":"Mas Salagros","article_publisher":"https:\/\/www.facebook.com\/MasSalagros\/","article_modified_time":"2026-03-26T21:10:31+00:00","og_image":[{"width":1920,"height":2560,"url":"https:\/\/massalagros.com\/wp-content\/uploads\/2025\/01\/81A5347.jpeg","type":"image\/jpeg"}],"twitter_card":"summary_large_image","twitter_site":"@MasSalagros","twitter_misc":{"Dur\u00e9e de lecture estim\u00e9e":"1 minute"},"schema":{"@context":"https:\/\/schema.org","@graph":[{"@type":"WebPage","@id":"https:\/\/massalagros.com\/fr\/cibus-restaurant\/","url":"https:\/\/massalagros.com\/fr\/cibus-restaurant\/","name":"Restaurant Cibus \u2013 Gastronomie | Mas Salagros | Vallromanes","isPartOf":{"@id":"https:\/\/www.massalagros.com\/fr\/#website"},"primaryImageOfPage":{"@id":"https:\/\/massalagros.com\/fr\/cibus-restaurant\/#primaryimage"},"image":{"@id":"https:\/\/massalagros.com\/fr\/cibus-restaurant\/#primaryimage"},"thumbnailUrl":"https:\/\/massalagros.com\/wp-content\/uploads\/2025\/01\/81A5347.jpeg","datePublished":"2018-05-14T09:47:54+00:00","dateModified":"2026-03-26T21:10:31+00:00","description":"Restaurant id\u00e9al pour partager les d\u00e9jeuners et d\u00eeners. Leur sp\u00e9cialit\u00e9 est le riz et les braises. Terrasse avec vue.","breadcrumb":{"@id":"https:\/\/massalagros.com\/fr\/cibus-restaurant\/#breadcrumb"},"inLanguage":"fr-FR","potentialAction":[{"@type":"ReadAction","target":["https:\/\/massalagros.com\/fr\/cibus-restaurant\/"]}]},{"@type":"ImageObject","inLanguage":"fr-FR","@id":"https:\/\/massalagros.com\/fr\/cibus-restaurant\/#primaryimage","url":"https:\/\/massalagros.com\/wp-content\/uploads\/2025\/01\/81A5347.jpeg","contentUrl":"https:\/\/massalagros.com\/wp-content\/uploads\/2025\/01\/81A5347.jpeg","width":1920,"height":2560},{"@type":"BreadcrumbList","@id":"https:\/\/massalagros.com\/fr\/cibus-restaurant\/#breadcrumb","itemListElement":[{"@type":"ListItem","position":1,"name":"Portada","item":"https:\/\/massalagros.com\/fr\/"},{"@type":"ListItem","position":2,"name":"Cibus Restaurant"}]},{"@type":"WebSite","@id":"https:\/\/www.massalagros.com\/fr\/#website","url":"https:\/\/www.massalagros.com\/fr\/","name":"Mas Salagros","description":"EcoResort de lujo en Barcelona - Vallromanes","publisher":{"@id":"https:\/\/www.massalagros.com\/fr\/#organization"},"potentialAction":[{"@type":"SearchAction","target":{"@type":"EntryPoint","urlTemplate":"https:\/\/www.massalagros.com\/fr\/?s={search_term_string}"},"query-input":{"@type":"PropertyValueSpecification","valueRequired":true,"valueName":"search_term_string"}}],"inLanguage":"fr-FR"},{"@type":"Organization","@id":"https:\/\/www.massalagros.com\/fr\/#organization","name":"MAS SALAGROS HOTEL ECORESORT","url":"https:\/\/www.massalagros.com\/fr\/","logo":{"@type":"ImageObject","inLanguage":"fr-FR","@id":"https:\/\/www.massalagros.com\/fr\/#\/schema\/logo\/image\/","url":"\/wp-content\/uploads\/2018\/05\/IMG_0116.jpg","contentUrl":"\/wp-content\/uploads\/2018\/05\/IMG_0116.jpg","width":2000,"height":1333,"caption":"MAS SALAGROS HOTEL ECORESORT"},"image":{"@id":"https:\/\/www.massalagros.com\/fr\/#\/schema\/logo\/image\/"},"sameAs":["https:\/\/www.facebook.com\/MasSalagros\/","https:\/\/x.com\/MasSalagros","https:\/\/www.instagram.com\/massalagrosecoresort\/"]}]}},"_links":{"self":[{"href":"https:\/\/massalagros.com\/fr\/wp-json\/wp\/v2\/pages\/2283","targetHints":{"allow":["GET"]}}],"collection":[{"href":"https:\/\/massalagros.com\/fr\/wp-json\/wp\/v2\/pages"}],"about":[{"href":"https:\/\/massalagros.com\/fr\/wp-json\/wp\/v2\/types\/page"}],"author":[{"embeddable":true,"href":"https:\/\/massalagros.com\/fr\/wp-json\/wp\/v2\/users\/2"}],"replies":[{"embeddable":true,"href":"https:\/\/massalagros.com\/fr\/wp-json\/wp\/v2\/comments?post=2283"}],"version-history":[{"count":6,"href":"https:\/\/massalagros.com\/fr\/wp-json\/wp\/v2\/pages\/2283\/revisions"}],"predecessor-version":[{"id":30698,"href":"https:\/\/massalagros.com\/fr\/wp-json\/wp\/v2\/pages\/2283\/revisions\/30698"}],"wp:featuredmedia":[{"embeddable":true,"href":"https:\/\/massalagros.com\/fr\/wp-json\/wp\/v2\/media\/27406"}],"wp:attachment":[{"href":"https:\/\/massalagros.com\/fr\/wp-json\/wp\/v2\/media?parent=2283"}],"curies":[{"name":"wp","href":"https:\/\/api.w.org\/{rel}","templated":true}]}}