{"id":30319,"date":"2025-12-02T18:10:38","date_gmt":"2025-12-02T18:10:38","guid":{"rendered":"https:\/\/massalagros.com\/?post_type=product&#038;p=30319"},"modified":"2026-01-30T08:31:56","modified_gmt":"2026-01-30T08:31:56","slug":"1497-degustationsmenue-mit-weinbegleitung","status":"publish","type":"product","link":"https:\/\/massalagros.com\/de\/producto\/1497-degustationsmenue-mit-weinbegleitung\/","title":{"rendered":"1497 Degustationsmen\u00fc mit Weinbegleitung"},"content":{"rendered":"<p data-start=\"378\" data-end=\"760\">Das 1497 Degustationsmen\u00fc ist eine kulinarische Autorenk\u00fcche, die verschiedene G\u00e4nge umfasst \u2013 von den Aperitifs des K\u00fcchenchefs \u00fcber Fisch- und Fleischgerichte bis hin zu feinen Desserts \u2013 zubereitet mit saisonalen, zertifizierten Bio-Produkten.<br data-start=\"628\" data-end=\"631\" \/>Inklusive einer ausgew\u00e4hlten Weinbegleitung aus der D.O. Alella, die jeden Gang mit ausgewogenen Aromen und Texturen erg\u00e4nzt.<\/p>\n<p data-start=\"762\" data-end=\"940\">Dieses Erlebnis richtet sich an G\u00e4ste, die nachhaltige Spitzenk\u00fcche in ihrer vollendetsten und raffiniertesten Form sch\u00e4tzen \u2013 in ruhiger Atmosph\u00e4re und mit aufmerksamem Service.<\/p>\n","protected":false},"excerpt":{"rendered":"<h3>\u00d6kologische Haute Cuisine mit sorgf\u00e4ltig ausgew\u00e4hlter Weinbegleitung.<\/h3>\n<p>Ein kreatives Degustationsmen\u00fc, ausgezeichnet mit dem Michelin Green Star und einem Repsol Sun, begleitet von einer sorgf\u00e4ltig ausgew\u00e4hlten Weinbegleitung, die jede kulinarische Kreation hervorhebt.<\/p>\n","protected":false},"featured_media":27572,"template":"","meta":{"_acf_changed":false},"product_brand":[],"product_cat":[1021],"product_tag":[1042],"class_list":{"0":"post-30319","1":"product","2":"type-product","3":"status-publish","4":"has-post-thumbnail","6":"product_cat-gastronomie","7":"product_tag-1497-degustationsmenu","9":"first","10":"instock","11":"virtual","12":"purchasable","13":"product-type-simple"},"acf":[],"yoast_head":"<!-- This site is optimized with the Yoast SEO plugin v27.2 - https:\/\/yoast.com\/product\/yoast-seo-wordpress\/ -->\n<title>1497 Degustationsmen\u00fc mit Weinbegleitung &#8211; Mas Salagros<\/title>\n<meta name=\"description\" content=\"Ein kreatives Degustationsmen\u00fc, ausgezeichnet mit dem Michelin Green Star und einem Repsol Sun, begleitet von einer sorgf\u00e4ltig ausgew\u00e4hlten Weinbegleitung.\" \/>\n<meta name=\"robots\" content=\"index, follow, max-snippet:-1, max-image-preview:large, max-video-preview:-1\" \/>\n<link rel=\"canonical\" href=\"https:\/\/massalagros.com\/de\/producto\/1497-degustationsmenue-mit-weinbegleitung\/\" \/>\n<meta property=\"og:locale\" content=\"de_DE\" \/>\n<meta property=\"og:type\" content=\"article\" \/>\n<meta property=\"og:title\" content=\"1497 Degustationsmen\u00fc mit Weinbegleitung &#8211; Mas Salagros\" \/>\n<meta property=\"og:description\" content=\"Ein kreatives Degustationsmen\u00fc, ausgezeichnet mit dem Michelin Green Star und einem Repsol Sun, begleitet von einer sorgf\u00e4ltig ausgew\u00e4hlten Weinbegleitung.\" \/>\n<meta property=\"og:url\" content=\"https:\/\/massalagros.com\/de\/producto\/1497-degustationsmenue-mit-weinbegleitung\/\" \/>\n<meta property=\"og:site_name\" content=\"Mas Salagros\" \/>\n<meta property=\"article:publisher\" content=\"https:\/\/www.facebook.com\/MasSalagros\/\" \/>\n<meta property=\"article:modified_time\" content=\"2026-01-30T08:31:56+00:00\" \/>\n<meta property=\"og:image\" content=\"https:\/\/massalagros.com\/wp-content\/uploads\/2018\/04\/Vieiras-a-la-plancha-con-crumble-de-hierbas-caviar-y-jugo-de-tomillo_2.jpeg\" \/>\n\t<meta property=\"og:image:width\" content=\"2560\" \/>\n\t<meta property=\"og:image:height\" content=\"1920\" \/>\n\t<meta property=\"og:image:type\" content=\"image\/jpeg\" \/>\n<meta name=\"twitter:card\" content=\"summary_large_image\" \/>\n<meta name=\"twitter:site\" content=\"@MasSalagros\" \/>\n<meta name=\"twitter:label1\" content=\"Gesch\u00e4tzte Lesezeit\" \/>\n\t<meta name=\"twitter:data1\" content=\"1\u00a0Minute\" \/>\n<script type=\"application\/ld+json\" class=\"yoast-schema-graph\">{\"@context\":\"https:\/\/schema.org\",\"@graph\":[{\"@type\":\"WebPage\",\"@id\":\"https:\/\/massalagros.com\/de\/producto\/1497-degustationsmenue-mit-weinbegleitung\/\",\"url\":\"https:\/\/massalagros.com\/de\/producto\/1497-degustationsmenue-mit-weinbegleitung\/\",\"name\":\"1497 Degustationsmen\u00fc mit Weinbegleitung &#8211; Mas Salagros\",\"isPartOf\":{\"@id\":\"https:\/\/www.massalagros.com\/de\/#website\"},\"primaryImageOfPage\":{\"@id\":\"https:\/\/massalagros.com\/de\/producto\/1497-degustationsmenue-mit-weinbegleitung\/#primaryimage\"},\"image\":{\"@id\":\"https:\/\/massalagros.com\/de\/producto\/1497-degustationsmenue-mit-weinbegleitung\/#primaryimage\"},\"thumbnailUrl\":\"https:\/\/massalagros.com\/wp-content\/uploads\/2018\/04\/Vieiras-a-la-plancha-con-crumble-de-hierbas-caviar-y-jugo-de-tomillo_2.jpeg\",\"datePublished\":\"2025-12-02T18:10:38+00:00\",\"dateModified\":\"2026-01-30T08:31:56+00:00\",\"description\":\"Ein kreatives Degustationsmen\u00fc, ausgezeichnet mit dem Michelin Green Star und einem Repsol Sun, begleitet von einer sorgf\u00e4ltig ausgew\u00e4hlten Weinbegleitung.\",\"breadcrumb\":{\"@id\":\"https:\/\/massalagros.com\/de\/producto\/1497-degustationsmenue-mit-weinbegleitung\/#breadcrumb\"},\"inLanguage\":\"de\",\"potentialAction\":[{\"@type\":\"ReadAction\",\"target\":[\"https:\/\/massalagros.com\/de\/producto\/1497-degustationsmenue-mit-weinbegleitung\/\"]}]},{\"@type\":\"ImageObject\",\"inLanguage\":\"de\",\"@id\":\"https:\/\/massalagros.com\/de\/producto\/1497-degustationsmenue-mit-weinbegleitung\/#primaryimage\",\"url\":\"https:\/\/massalagros.com\/wp-content\/uploads\/2018\/04\/Vieiras-a-la-plancha-con-crumble-de-hierbas-caviar-y-jugo-de-tomillo_2.jpeg\",\"contentUrl\":\"https:\/\/massalagros.com\/wp-content\/uploads\/2018\/04\/Vieiras-a-la-plancha-con-crumble-de-hierbas-caviar-y-jugo-de-tomillo_2.jpeg\",\"width\":2560,\"height\":1920},{\"@type\":\"BreadcrumbList\",\"@id\":\"https:\/\/massalagros.com\/de\/producto\/1497-degustationsmenue-mit-weinbegleitung\/#breadcrumb\",\"itemListElement\":[{\"@type\":\"ListItem\",\"position\":1,\"name\":\"Portada\",\"item\":\"https:\/\/massalagros.com\/de\/\"},{\"@type\":\"ListItem\",\"position\":2,\"name\":\"Onlineshop\",\"item\":\"https:\/\/massalagros.com\/de\/onlineshop\/\"},{\"@type\":\"ListItem\",\"position\":3,\"name\":\"1497 Degustationsmen\u00fc mit Weinbegleitung\"}]},{\"@type\":\"WebSite\",\"@id\":\"https:\/\/www.massalagros.com\/de\/#website\",\"url\":\"https:\/\/www.massalagros.com\/de\/\",\"name\":\"Mas Salagros\",\"description\":\"EcoResort de lujo en Barcelona - Vallromanes\",\"publisher\":{\"@id\":\"https:\/\/www.massalagros.com\/de\/#organization\"},\"potentialAction\":[{\"@type\":\"SearchAction\",\"target\":{\"@type\":\"EntryPoint\",\"urlTemplate\":\"https:\/\/www.massalagros.com\/de\/?s={search_term_string}\"},\"query-input\":{\"@type\":\"PropertyValueSpecification\",\"valueRequired\":true,\"valueName\":\"search_term_string\"}}],\"inLanguage\":\"de\"},{\"@type\":\"Organization\",\"@id\":\"https:\/\/www.massalagros.com\/de\/#organization\",\"name\":\"MAS SALAGROS HOTEL ECORESORT\",\"url\":\"https:\/\/www.massalagros.com\/de\/\",\"logo\":{\"@type\":\"ImageObject\",\"inLanguage\":\"de\",\"@id\":\"https:\/\/www.massalagros.com\/de\/#\/schema\/logo\/image\/\",\"url\":\"\/wp-content\/uploads\/2018\/05\/IMG_0116.jpg\",\"contentUrl\":\"\/wp-content\/uploads\/2018\/05\/IMG_0116.jpg\",\"width\":2000,\"height\":1333,\"caption\":\"MAS SALAGROS HOTEL ECORESORT\"},\"image\":{\"@id\":\"https:\/\/www.massalagros.com\/de\/#\/schema\/logo\/image\/\"},\"sameAs\":[\"https:\/\/www.facebook.com\/MasSalagros\/\",\"https:\/\/x.com\/MasSalagros\",\"https:\/\/www.instagram.com\/massalagrosecoresort\/\"]}]}<\/script>\n<!-- \/ Yoast SEO plugin. -->","yoast_head_json":{"title":"1497 Degustationsmen\u00fc mit Weinbegleitung &#8211; Mas Salagros","description":"Ein kreatives Degustationsmen\u00fc, ausgezeichnet mit dem Michelin Green Star und einem Repsol Sun, begleitet von einer sorgf\u00e4ltig ausgew\u00e4hlten Weinbegleitung.","robots":{"index":"index","follow":"follow","max-snippet":"max-snippet:-1","max-image-preview":"max-image-preview:large","max-video-preview":"max-video-preview:-1"},"canonical":"https:\/\/massalagros.com\/de\/producto\/1497-degustationsmenue-mit-weinbegleitung\/","og_locale":"de_DE","og_type":"article","og_title":"1497 Degustationsmen\u00fc mit Weinbegleitung &#8211; Mas Salagros","og_description":"Ein kreatives Degustationsmen\u00fc, ausgezeichnet mit dem Michelin Green Star und einem Repsol Sun, begleitet von einer sorgf\u00e4ltig ausgew\u00e4hlten Weinbegleitung.","og_url":"https:\/\/massalagros.com\/de\/producto\/1497-degustationsmenue-mit-weinbegleitung\/","og_site_name":"Mas Salagros","article_publisher":"https:\/\/www.facebook.com\/MasSalagros\/","article_modified_time":"2026-01-30T08:31:56+00:00","og_image":[{"width":2560,"height":1920,"url":"https:\/\/massalagros.com\/wp-content\/uploads\/2018\/04\/Vieiras-a-la-plancha-con-crumble-de-hierbas-caviar-y-jugo-de-tomillo_2.jpeg","type":"image\/jpeg"}],"twitter_card":"summary_large_image","twitter_site":"@MasSalagros","twitter_misc":{"Gesch\u00e4tzte Lesezeit":"1\u00a0Minute"},"schema":{"@context":"https:\/\/schema.org","@graph":[{"@type":"WebPage","@id":"https:\/\/massalagros.com\/de\/producto\/1497-degustationsmenue-mit-weinbegleitung\/","url":"https:\/\/massalagros.com\/de\/producto\/1497-degustationsmenue-mit-weinbegleitung\/","name":"1497 Degustationsmen\u00fc mit Weinbegleitung &#8211; Mas Salagros","isPartOf":{"@id":"https:\/\/www.massalagros.com\/de\/#website"},"primaryImageOfPage":{"@id":"https:\/\/massalagros.com\/de\/producto\/1497-degustationsmenue-mit-weinbegleitung\/#primaryimage"},"image":{"@id":"https:\/\/massalagros.com\/de\/producto\/1497-degustationsmenue-mit-weinbegleitung\/#primaryimage"},"thumbnailUrl":"https:\/\/massalagros.com\/wp-content\/uploads\/2018\/04\/Vieiras-a-la-plancha-con-crumble-de-hierbas-caviar-y-jugo-de-tomillo_2.jpeg","datePublished":"2025-12-02T18:10:38+00:00","dateModified":"2026-01-30T08:31:56+00:00","description":"Ein kreatives Degustationsmen\u00fc, ausgezeichnet mit dem Michelin Green Star und einem Repsol Sun, begleitet von einer sorgf\u00e4ltig ausgew\u00e4hlten Weinbegleitung.","breadcrumb":{"@id":"https:\/\/massalagros.com\/de\/producto\/1497-degustationsmenue-mit-weinbegleitung\/#breadcrumb"},"inLanguage":"de","potentialAction":[{"@type":"ReadAction","target":["https:\/\/massalagros.com\/de\/producto\/1497-degustationsmenue-mit-weinbegleitung\/"]}]},{"@type":"ImageObject","inLanguage":"de","@id":"https:\/\/massalagros.com\/de\/producto\/1497-degustationsmenue-mit-weinbegleitung\/#primaryimage","url":"https:\/\/massalagros.com\/wp-content\/uploads\/2018\/04\/Vieiras-a-la-plancha-con-crumble-de-hierbas-caviar-y-jugo-de-tomillo_2.jpeg","contentUrl":"https:\/\/massalagros.com\/wp-content\/uploads\/2018\/04\/Vieiras-a-la-plancha-con-crumble-de-hierbas-caviar-y-jugo-de-tomillo_2.jpeg","width":2560,"height":1920},{"@type":"BreadcrumbList","@id":"https:\/\/massalagros.com\/de\/producto\/1497-degustationsmenue-mit-weinbegleitung\/#breadcrumb","itemListElement":[{"@type":"ListItem","position":1,"name":"Portada","item":"https:\/\/massalagros.com\/de\/"},{"@type":"ListItem","position":2,"name":"Onlineshop","item":"https:\/\/massalagros.com\/de\/onlineshop\/"},{"@type":"ListItem","position":3,"name":"1497 Degustationsmen\u00fc mit Weinbegleitung"}]},{"@type":"WebSite","@id":"https:\/\/www.massalagros.com\/de\/#website","url":"https:\/\/www.massalagros.com\/de\/","name":"Mas Salagros","description":"EcoResort de lujo en Barcelona - Vallromanes","publisher":{"@id":"https:\/\/www.massalagros.com\/de\/#organization"},"potentialAction":[{"@type":"SearchAction","target":{"@type":"EntryPoint","urlTemplate":"https:\/\/www.massalagros.com\/de\/?s={search_term_string}"},"query-input":{"@type":"PropertyValueSpecification","valueRequired":true,"valueName":"search_term_string"}}],"inLanguage":"de"},{"@type":"Organization","@id":"https:\/\/www.massalagros.com\/de\/#organization","name":"MAS SALAGROS HOTEL ECORESORT","url":"https:\/\/www.massalagros.com\/de\/","logo":{"@type":"ImageObject","inLanguage":"de","@id":"https:\/\/www.massalagros.com\/de\/#\/schema\/logo\/image\/","url":"\/wp-content\/uploads\/2018\/05\/IMG_0116.jpg","contentUrl":"\/wp-content\/uploads\/2018\/05\/IMG_0116.jpg","width":2000,"height":1333,"caption":"MAS SALAGROS HOTEL ECORESORT"},"image":{"@id":"https:\/\/www.massalagros.com\/de\/#\/schema\/logo\/image\/"},"sameAs":["https:\/\/www.facebook.com\/MasSalagros\/","https:\/\/x.com\/MasSalagros","https:\/\/www.instagram.com\/massalagrosecoresort\/"]}]}},"_links":{"self":[{"href":"https:\/\/massalagros.com\/de\/wp-json\/wp\/v2\/product\/30319","targetHints":{"allow":["GET"]}}],"collection":[{"href":"https:\/\/massalagros.com\/de\/wp-json\/wp\/v2\/product"}],"about":[{"href":"https:\/\/massalagros.com\/de\/wp-json\/wp\/v2\/types\/product"}],"wp:featuredmedia":[{"embeddable":true,"href":"https:\/\/massalagros.com\/de\/wp-json\/wp\/v2\/media\/27572"}],"wp:attachment":[{"href":"https:\/\/massalagros.com\/de\/wp-json\/wp\/v2\/media?parent=30319"}],"wp:term":[{"taxonomy":"product_brand","embeddable":true,"href":"https:\/\/massalagros.com\/de\/wp-json\/wp\/v2\/product_brand?post=30319"},{"taxonomy":"product_cat","embeddable":true,"href":"https:\/\/massalagros.com\/de\/wp-json\/wp\/v2\/product_cat?post=30319"},{"taxonomy":"product_tag","embeddable":true,"href":"https:\/\/massalagros.com\/de\/wp-json\/wp\/v2\/product_tag?post=30319"}],"curies":[{"name":"wp","href":"https:\/\/api.w.org\/{rel}","templated":true}]}}