{"id":30318,"date":"2025-12-02T18:21:57","date_gmt":"2025-12-02T18:21:57","guid":{"rendered":"https:\/\/massalagros.com\/?post_type=product&#038;p=30318"},"modified":"2026-01-30T08:19:04","modified_gmt":"2026-01-30T08:19:04","slug":"gastronomisches-erlebnis","status":"publish","type":"product","link":"https:\/\/massalagros.com\/de\/producto\/gastronomisches-erlebnis\/","title":{"rendered":"Gastronomisches Erlebnis"},"content":{"rendered":"<p>Das Gastronomische Erlebnis umfasst eine \u00dcbernachtung im Doppelzimmer mit Garten, ein Bio-Fr\u00fchst\u00fcck mit regionalen Produkten sowie das Albor-Degustationsmen\u00fc im Restaurant 1497. Ein Angebot, um ohne Eile anzukommen, von Natur umgeben zu entspannen und ein Abendessen zu genie\u00dfen, das \u00f6kologische Produkte und die jeweilige Saison feiert. Beim Aufwachen rundet das Fr\u00fchst\u00fcck ein Erlebnis ab, das daf\u00fcr gedacht ist, Mas Salagros mit Zeit, Ruhe und Liebe zum Detail zu genie\u00dfen \u2013 ein sorgf\u00e4ltig ausgearbeitetes kulinarisches Angebot aus \u00f6kologischen und saisonalen Zutaten, das die nachhaltige mediterrane K\u00fcche des Restaurants 1497 widerspiegelt.<\/p>\n","protected":false},"excerpt":{"rendered":"<h3>Das perfekte Erlebnis f\u00fcr anspruchsvolle Genie\u00dfer.<\/h3>\n<p>Eine Einladung f\u00fcr zwei, die Erfahrung und die \u00f6kologische K\u00fcche von Mas Salagros in aller Ruhe in unserem Gourmetrestaurant 1497 zu genie\u00dfen, ausgezeichnet mit dem Gr\u00fcnen Michelin-Stern.<\/p>\n","protected":false},"featured_media":29381,"template":"","meta":{"_acf_changed":false},"product_brand":[],"product_cat":[1021],"product_tag":[1048,1025,1031],"class_list":{"0":"post-30318","1":"product","2":"type-product","3":"status-publish","4":"has-post-thumbnail","6":"product_cat-gastronomie","7":"product_tag-albor-degustationsmenu","8":"product_tag-begrusungsgetrank","9":"product_tag-superior-zimmer","11":"first","12":"instock","13":"virtual","14":"purchasable","15":"product-type-simple"},"acf":[],"yoast_head":"<!-- This site is optimized with the Yoast SEO plugin v27.2 - https:\/\/yoast.com\/product\/yoast-seo-wordpress\/ -->\n<title>Gastronomisches Erlebnis &#8211; Mas Salagros<\/title>\n<meta name=\"description\" content=\"Eine Einladung f\u00fcr zwei, die Erfahrung und die \u00f6kologische K\u00fcche von Mas Salagros in aller Ruhe in unserem Gourmetrestaurant 1497 zu genie\u00dfen.\" \/>\n<meta name=\"robots\" content=\"index, follow, max-snippet:-1, max-image-preview:large, max-video-preview:-1\" \/>\n<link rel=\"canonical\" href=\"https:\/\/massalagros.com\/de\/producto\/gastronomisches-erlebnis\/\" \/>\n<meta property=\"og:locale\" content=\"de_DE\" \/>\n<meta property=\"og:type\" content=\"article\" \/>\n<meta property=\"og:title\" content=\"Gastronomisches Erlebnis &#8211; Mas Salagros\" \/>\n<meta property=\"og:description\" content=\"Eine Einladung f\u00fcr zwei, die Erfahrung und die \u00f6kologische K\u00fcche von Mas Salagros in aller Ruhe in unserem Gourmetrestaurant 1497 zu genie\u00dfen.\" \/>\n<meta property=\"og:url\" content=\"https:\/\/massalagros.com\/de\/producto\/gastronomisches-erlebnis\/\" \/>\n<meta property=\"og:site_name\" content=\"Mas Salagros\" \/>\n<meta property=\"article:publisher\" content=\"https:\/\/www.facebook.com\/MasSalagros\/\" \/>\n<meta property=\"article:modified_time\" content=\"2026-01-30T08:19:04+00:00\" \/>\n<meta property=\"og:image\" content=\"https:\/\/massalagros.com\/wp-content\/uploads\/2025\/12\/Experiencia_5sentidos_0003s_0005_1497-1-web.jpg\" \/>\n\t<meta property=\"og:image:width\" content=\"1920\" \/>\n\t<meta property=\"og:image:height\" content=\"1080\" \/>\n\t<meta property=\"og:image:type\" content=\"image\/jpeg\" \/>\n<meta name=\"twitter:card\" content=\"summary_large_image\" \/>\n<meta name=\"twitter:site\" content=\"@MasSalagros\" \/>\n<meta name=\"twitter:label1\" content=\"Gesch\u00e4tzte Lesezeit\" \/>\n\t<meta name=\"twitter:data1\" content=\"1\u00a0Minute\" \/>\n<script type=\"application\/ld+json\" class=\"yoast-schema-graph\">{\"@context\":\"https:\/\/schema.org\",\"@graph\":[{\"@type\":\"WebPage\",\"@id\":\"https:\/\/massalagros.com\/de\/producto\/gastronomisches-erlebnis\/\",\"url\":\"https:\/\/massalagros.com\/de\/producto\/gastronomisches-erlebnis\/\",\"name\":\"Gastronomisches Erlebnis &#8211; Mas Salagros\",\"isPartOf\":{\"@id\":\"https:\/\/www.massalagros.com\/de\/#website\"},\"primaryImageOfPage\":{\"@id\":\"https:\/\/massalagros.com\/de\/producto\/gastronomisches-erlebnis\/#primaryimage\"},\"image\":{\"@id\":\"https:\/\/massalagros.com\/de\/producto\/gastronomisches-erlebnis\/#primaryimage\"},\"thumbnailUrl\":\"https:\/\/massalagros.com\/wp-content\/uploads\/2025\/12\/Experiencia_Menu-degustacion-1497_0002s_0000_1497-6-web.jpg\",\"datePublished\":\"2025-12-02T18:21:57+00:00\",\"dateModified\":\"2026-01-30T08:19:04+00:00\",\"description\":\"Eine Einladung f\u00fcr zwei, die Erfahrung und die \u00f6kologische K\u00fcche von Mas Salagros in aller Ruhe in unserem Gourmetrestaurant 1497 zu genie\u00dfen.\",\"breadcrumb\":{\"@id\":\"https:\/\/massalagros.com\/de\/producto\/gastronomisches-erlebnis\/#breadcrumb\"},\"inLanguage\":\"de\",\"potentialAction\":[{\"@type\":\"ReadAction\",\"target\":[\"https:\/\/massalagros.com\/de\/producto\/gastronomisches-erlebnis\/\"]}]},{\"@type\":\"ImageObject\",\"inLanguage\":\"de\",\"@id\":\"https:\/\/massalagros.com\/de\/producto\/gastronomisches-erlebnis\/#primaryimage\",\"url\":\"https:\/\/massalagros.com\/wp-content\/uploads\/2025\/12\/Experiencia_Menu-degustacion-1497_0002s_0000_1497-6-web.jpg\",\"contentUrl\":\"https:\/\/massalagros.com\/wp-content\/uploads\/2025\/12\/Experiencia_Menu-degustacion-1497_0002s_0000_1497-6-web.jpg\",\"width\":1920,\"height\":1080},{\"@type\":\"BreadcrumbList\",\"@id\":\"https:\/\/massalagros.com\/de\/producto\/gastronomisches-erlebnis\/#breadcrumb\",\"itemListElement\":[{\"@type\":\"ListItem\",\"position\":1,\"name\":\"Portada\",\"item\":\"https:\/\/massalagros.com\/de\/\"},{\"@type\":\"ListItem\",\"position\":2,\"name\":\"Onlineshop\",\"item\":\"https:\/\/massalagros.com\/de\/onlineshop\/\"},{\"@type\":\"ListItem\",\"position\":3,\"name\":\"Gastronomisches Erlebnis\"}]},{\"@type\":\"WebSite\",\"@id\":\"https:\/\/www.massalagros.com\/de\/#website\",\"url\":\"https:\/\/www.massalagros.com\/de\/\",\"name\":\"Mas Salagros\",\"description\":\"EcoResort de lujo en Barcelona - Vallromanes\",\"publisher\":{\"@id\":\"https:\/\/www.massalagros.com\/de\/#organization\"},\"potentialAction\":[{\"@type\":\"SearchAction\",\"target\":{\"@type\":\"EntryPoint\",\"urlTemplate\":\"https:\/\/www.massalagros.com\/de\/?s={search_term_string}\"},\"query-input\":{\"@type\":\"PropertyValueSpecification\",\"valueRequired\":true,\"valueName\":\"search_term_string\"}}],\"inLanguage\":\"de\"},{\"@type\":\"Organization\",\"@id\":\"https:\/\/www.massalagros.com\/de\/#organization\",\"name\":\"MAS SALAGROS HOTEL ECORESORT\",\"url\":\"https:\/\/www.massalagros.com\/de\/\",\"logo\":{\"@type\":\"ImageObject\",\"inLanguage\":\"de\",\"@id\":\"https:\/\/www.massalagros.com\/de\/#\/schema\/logo\/image\/\",\"url\":\"\/wp-content\/uploads\/2018\/05\/IMG_0116.jpg\",\"contentUrl\":\"\/wp-content\/uploads\/2018\/05\/IMG_0116.jpg\",\"width\":2000,\"height\":1333,\"caption\":\"MAS SALAGROS HOTEL ECORESORT\"},\"image\":{\"@id\":\"https:\/\/www.massalagros.com\/de\/#\/schema\/logo\/image\/\"},\"sameAs\":[\"https:\/\/www.facebook.com\/MasSalagros\/\",\"https:\/\/x.com\/MasSalagros\",\"https:\/\/www.instagram.com\/massalagrosecoresort\/\"]}]}<\/script>\n<!-- \/ Yoast SEO plugin. -->","yoast_head_json":{"title":"Gastronomisches Erlebnis &#8211; Mas Salagros","description":"Eine Einladung f\u00fcr zwei, die Erfahrung und die \u00f6kologische K\u00fcche von Mas Salagros in aller Ruhe in unserem Gourmetrestaurant 1497 zu genie\u00dfen.","robots":{"index":"index","follow":"follow","max-snippet":"max-snippet:-1","max-image-preview":"max-image-preview:large","max-video-preview":"max-video-preview:-1"},"canonical":"https:\/\/massalagros.com\/de\/producto\/gastronomisches-erlebnis\/","og_locale":"de_DE","og_type":"article","og_title":"Gastronomisches Erlebnis &#8211; Mas Salagros","og_description":"Eine Einladung f\u00fcr zwei, die Erfahrung und die \u00f6kologische K\u00fcche von Mas Salagros in aller Ruhe in unserem Gourmetrestaurant 1497 zu genie\u00dfen.","og_url":"https:\/\/massalagros.com\/de\/producto\/gastronomisches-erlebnis\/","og_site_name":"Mas Salagros","article_publisher":"https:\/\/www.facebook.com\/MasSalagros\/","article_modified_time":"2026-01-30T08:19:04+00:00","og_image":[{"width":1920,"height":1080,"url":"https:\/\/massalagros.com\/wp-content\/uploads\/2025\/12\/Experiencia_5sentidos_0003s_0005_1497-1-web.jpg","type":"image\/jpeg"}],"twitter_card":"summary_large_image","twitter_site":"@MasSalagros","twitter_misc":{"Gesch\u00e4tzte Lesezeit":"1\u00a0Minute"},"schema":{"@context":"https:\/\/schema.org","@graph":[{"@type":"WebPage","@id":"https:\/\/massalagros.com\/de\/producto\/gastronomisches-erlebnis\/","url":"https:\/\/massalagros.com\/de\/producto\/gastronomisches-erlebnis\/","name":"Gastronomisches Erlebnis &#8211; Mas Salagros","isPartOf":{"@id":"https:\/\/www.massalagros.com\/de\/#website"},"primaryImageOfPage":{"@id":"https:\/\/massalagros.com\/de\/producto\/gastronomisches-erlebnis\/#primaryimage"},"image":{"@id":"https:\/\/massalagros.com\/de\/producto\/gastronomisches-erlebnis\/#primaryimage"},"thumbnailUrl":"https:\/\/massalagros.com\/wp-content\/uploads\/2025\/12\/Experiencia_Menu-degustacion-1497_0002s_0000_1497-6-web.jpg","datePublished":"2025-12-02T18:21:57+00:00","dateModified":"2026-01-30T08:19:04+00:00","description":"Eine Einladung f\u00fcr zwei, die Erfahrung und die \u00f6kologische K\u00fcche von Mas Salagros in aller Ruhe in unserem Gourmetrestaurant 1497 zu genie\u00dfen.","breadcrumb":{"@id":"https:\/\/massalagros.com\/de\/producto\/gastronomisches-erlebnis\/#breadcrumb"},"inLanguage":"de","potentialAction":[{"@type":"ReadAction","target":["https:\/\/massalagros.com\/de\/producto\/gastronomisches-erlebnis\/"]}]},{"@type":"ImageObject","inLanguage":"de","@id":"https:\/\/massalagros.com\/de\/producto\/gastronomisches-erlebnis\/#primaryimage","url":"https:\/\/massalagros.com\/wp-content\/uploads\/2025\/12\/Experiencia_Menu-degustacion-1497_0002s_0000_1497-6-web.jpg","contentUrl":"https:\/\/massalagros.com\/wp-content\/uploads\/2025\/12\/Experiencia_Menu-degustacion-1497_0002s_0000_1497-6-web.jpg","width":1920,"height":1080},{"@type":"BreadcrumbList","@id":"https:\/\/massalagros.com\/de\/producto\/gastronomisches-erlebnis\/#breadcrumb","itemListElement":[{"@type":"ListItem","position":1,"name":"Portada","item":"https:\/\/massalagros.com\/de\/"},{"@type":"ListItem","position":2,"name":"Onlineshop","item":"https:\/\/massalagros.com\/de\/onlineshop\/"},{"@type":"ListItem","position":3,"name":"Gastronomisches Erlebnis"}]},{"@type":"WebSite","@id":"https:\/\/www.massalagros.com\/de\/#website","url":"https:\/\/www.massalagros.com\/de\/","name":"Mas Salagros","description":"EcoResort de lujo en Barcelona - Vallromanes","publisher":{"@id":"https:\/\/www.massalagros.com\/de\/#organization"},"potentialAction":[{"@type":"SearchAction","target":{"@type":"EntryPoint","urlTemplate":"https:\/\/www.massalagros.com\/de\/?s={search_term_string}"},"query-input":{"@type":"PropertyValueSpecification","valueRequired":true,"valueName":"search_term_string"}}],"inLanguage":"de"},{"@type":"Organization","@id":"https:\/\/www.massalagros.com\/de\/#organization","name":"MAS SALAGROS HOTEL ECORESORT","url":"https:\/\/www.massalagros.com\/de\/","logo":{"@type":"ImageObject","inLanguage":"de","@id":"https:\/\/www.massalagros.com\/de\/#\/schema\/logo\/image\/","url":"\/wp-content\/uploads\/2018\/05\/IMG_0116.jpg","contentUrl":"\/wp-content\/uploads\/2018\/05\/IMG_0116.jpg","width":2000,"height":1333,"caption":"MAS SALAGROS HOTEL ECORESORT"},"image":{"@id":"https:\/\/www.massalagros.com\/de\/#\/schema\/logo\/image\/"},"sameAs":["https:\/\/www.facebook.com\/MasSalagros\/","https:\/\/x.com\/MasSalagros","https:\/\/www.instagram.com\/massalagrosecoresort\/"]}]}},"_links":{"self":[{"href":"https:\/\/massalagros.com\/de\/wp-json\/wp\/v2\/product\/30318","targetHints":{"allow":["GET"]}}],"collection":[{"href":"https:\/\/massalagros.com\/de\/wp-json\/wp\/v2\/product"}],"about":[{"href":"https:\/\/massalagros.com\/de\/wp-json\/wp\/v2\/types\/product"}],"wp:featuredmedia":[{"embeddable":true,"href":"https:\/\/massalagros.com\/de\/wp-json\/wp\/v2\/media\/29381"}],"wp:attachment":[{"href":"https:\/\/massalagros.com\/de\/wp-json\/wp\/v2\/media?parent=30318"}],"wp:term":[{"taxonomy":"product_brand","embeddable":true,"href":"https:\/\/massalagros.com\/de\/wp-json\/wp\/v2\/product_brand?post=30318"},{"taxonomy":"product_cat","embeddable":true,"href":"https:\/\/massalagros.com\/de\/wp-json\/wp\/v2\/product_cat?post=30318"},{"taxonomy":"product_tag","embeddable":true,"href":"https:\/\/massalagros.com\/de\/wp-json\/wp\/v2\/product_tag?post=30318"}],"curies":[{"name":"wp","href":"https:\/\/api.w.org\/{rel}","templated":true}]}}