{"id":30315,"date":"2025-12-02T19:02:51","date_gmt":"2025-12-02T19:02:51","guid":{"rendered":"https:\/\/massalagros.com\/?post_type=product&#038;p=30315"},"modified":"2026-01-29T21:37:28","modified_gmt":"2026-01-29T21:37:28","slug":"5-sinne","status":"publish","type":"product","link":"https:\/\/massalagros.com\/de\/producto\/5-sinne\/","title":{"rendered":"5 Sinne"},"content":{"rendered":"<p>5 Sinne umfasst die \u00dcbernachtung in einer unserer exklusiven Masia-Suiten, ein biologisches Fr\u00fchst\u00fcck, den Zugang zum Wasserparcours von AIRE Ancient Baths Vallromanes sowie ein gastronomisches Erlebnis im Restaurant 1497, ausgezeichnet mit dem Michelin Green Star und einem Repsol Sun. Eine Erfahrung, die Mas Salagros in seiner ganzen Vielfalt erlebbar macht und hochwertige Erholung, Wohlbefinden und \u00f6kologische K\u00fcche harmonisch miteinander verbindet. Alles findet in einem gepflegten und ruhigen Umfeld statt, in dem jeder Service zu einem ausgewogenen und komfortablen Aufenthalt beitr\u00e4gt.<\/p>\n","protected":false},"excerpt":{"rendered":"<h3>Wohlbefinden, Erholung und Gastronomie in perfekter Balance.<\/h3>\n<p>Entdecken Sie den unvergleichlichen Luxus von Mas Salagros. Ein ganzheitliches Erlebnis, das Unterkunft, Wellness und \u00f6kologische Gastronomie vereint \u2013 eingebettet in eine einzigartige Naturlandschaft.<\/p>\n","protected":false},"featured_media":29241,"template":"","meta":{"_acf_changed":false},"product_brand":[],"product_cat":[973],"product_tag":[1042,1025,1027,1045,1034,1023],"class_list":{"0":"post-30315","1":"product","2":"type-product","3":"status-publish","4":"has-post-thumbnail","6":"product_cat-ecoresort","7":"product_tag-1497-degustationsmenu","8":"product_tag-begrusungsgetrank","9":"product_tag-bio-fruhstuck","10":"product_tag-masia-suite","11":"product_tag-massage","12":"product_tag-thermalparcours","14":"first","15":"instock","16":"virtual","17":"purchasable","18":"product-type-simple"},"acf":[],"yoast_head":"<!-- This site is optimized with the Yoast SEO plugin v27.2 - https:\/\/yoast.com\/product\/yoast-seo-wordpress\/ -->\n<title>5 Sinne &#8211; Mas Salagros<\/title>\n<meta name=\"description\" content=\"Entdecken Sie den unvergleichlichen Luxus von Mas Salagros. Ein ganzheitliches Erlebnis, das Unterkunft, Wellness und \u00f6kologische Gastronomie.\" \/>\n<meta name=\"robots\" content=\"index, follow, max-snippet:-1, max-image-preview:large, max-video-preview:-1\" \/>\n<link rel=\"canonical\" href=\"https:\/\/massalagros.com\/de\/producto\/5-sinne\/\" \/>\n<meta property=\"og:locale\" content=\"de_DE\" \/>\n<meta property=\"og:type\" content=\"article\" \/>\n<meta property=\"og:title\" content=\"5 Sinne &#8211; Mas Salagros\" \/>\n<meta property=\"og:description\" content=\"Entdecken Sie den unvergleichlichen Luxus von Mas Salagros. Ein ganzheitliches Erlebnis, das Unterkunft, Wellness und \u00f6kologische Gastronomie.\" \/>\n<meta property=\"og:url\" content=\"https:\/\/massalagros.com\/de\/producto\/5-sinne\/\" \/>\n<meta property=\"og:site_name\" content=\"Mas Salagros\" \/>\n<meta property=\"article:publisher\" content=\"https:\/\/www.facebook.com\/MasSalagros\/\" \/>\n<meta property=\"article:modified_time\" content=\"2026-01-29T21:37:28+00:00\" \/>\n<meta property=\"og:image\" content=\"https:\/\/massalagros.com\/wp-content\/uploads\/2025\/12\/Experiencia_Mas-Salagros-Plus_0005s_0002_Suite-Salvia-web.jpg\" \/>\n\t<meta property=\"og:image:width\" content=\"1920\" \/>\n\t<meta property=\"og:image:height\" content=\"1080\" \/>\n\t<meta property=\"og:image:type\" content=\"image\/jpeg\" \/>\n<meta name=\"twitter:card\" content=\"summary_large_image\" \/>\n<meta name=\"twitter:site\" content=\"@MasSalagros\" \/>\n<meta name=\"twitter:label1\" content=\"Gesch\u00e4tzte Lesezeit\" \/>\n\t<meta name=\"twitter:data1\" content=\"1\u00a0Minute\" \/>\n<script type=\"application\/ld+json\" class=\"yoast-schema-graph\">{\"@context\":\"https:\/\/schema.org\",\"@graph\":[{\"@type\":\"WebPage\",\"@id\":\"https:\/\/massalagros.com\/de\/producto\/5-sinne\/\",\"url\":\"https:\/\/massalagros.com\/de\/producto\/5-sinne\/\",\"name\":\"5 Sinne &#8211; Mas Salagros\",\"isPartOf\":{\"@id\":\"https:\/\/www.massalagros.com\/de\/#website\"},\"primaryImageOfPage\":{\"@id\":\"https:\/\/massalagros.com\/de\/producto\/5-sinne\/#primaryimage\"},\"image\":{\"@id\":\"https:\/\/massalagros.com\/de\/producto\/5-sinne\/#primaryimage\"},\"thumbnailUrl\":\"https:\/\/massalagros.com\/wp-content\/uploads\/2025\/12\/Experiencia_Mas-Salagros-Plus_0005s_0002_Suite-Salvia-web.jpg\",\"datePublished\":\"2025-12-02T19:02:51+00:00\",\"dateModified\":\"2026-01-29T21:37:28+00:00\",\"description\":\"Entdecken Sie den unvergleichlichen Luxus von Mas Salagros. Ein ganzheitliches Erlebnis, das Unterkunft, Wellness und \u00f6kologische Gastronomie.\",\"breadcrumb\":{\"@id\":\"https:\/\/massalagros.com\/de\/producto\/5-sinne\/#breadcrumb\"},\"inLanguage\":\"de\",\"potentialAction\":[{\"@type\":\"ReadAction\",\"target\":[\"https:\/\/massalagros.com\/de\/producto\/5-sinne\/\"]}]},{\"@type\":\"ImageObject\",\"inLanguage\":\"de\",\"@id\":\"https:\/\/massalagros.com\/de\/producto\/5-sinne\/#primaryimage\",\"url\":\"https:\/\/massalagros.com\/wp-content\/uploads\/2025\/12\/Experiencia_Mas-Salagros-Plus_0005s_0002_Suite-Salvia-web.jpg\",\"contentUrl\":\"https:\/\/massalagros.com\/wp-content\/uploads\/2025\/12\/Experiencia_Mas-Salagros-Plus_0005s_0002_Suite-Salvia-web.jpg\",\"width\":1920,\"height\":1080},{\"@type\":\"BreadcrumbList\",\"@id\":\"https:\/\/massalagros.com\/de\/producto\/5-sinne\/#breadcrumb\",\"itemListElement\":[{\"@type\":\"ListItem\",\"position\":1,\"name\":\"Portada\",\"item\":\"https:\/\/massalagros.com\/de\/\"},{\"@type\":\"ListItem\",\"position\":2,\"name\":\"Onlineshop\",\"item\":\"https:\/\/massalagros.com\/de\/onlineshop\/\"},{\"@type\":\"ListItem\",\"position\":3,\"name\":\"5 Sinne\"}]},{\"@type\":\"WebSite\",\"@id\":\"https:\/\/www.massalagros.com\/de\/#website\",\"url\":\"https:\/\/www.massalagros.com\/de\/\",\"name\":\"Mas Salagros\",\"description\":\"EcoResort de lujo en Barcelona - Vallromanes\",\"publisher\":{\"@id\":\"https:\/\/www.massalagros.com\/de\/#organization\"},\"potentialAction\":[{\"@type\":\"SearchAction\",\"target\":{\"@type\":\"EntryPoint\",\"urlTemplate\":\"https:\/\/www.massalagros.com\/de\/?s={search_term_string}\"},\"query-input\":{\"@type\":\"PropertyValueSpecification\",\"valueRequired\":true,\"valueName\":\"search_term_string\"}}],\"inLanguage\":\"de\"},{\"@type\":\"Organization\",\"@id\":\"https:\/\/www.massalagros.com\/de\/#organization\",\"name\":\"MAS SALAGROS HOTEL ECORESORT\",\"url\":\"https:\/\/www.massalagros.com\/de\/\",\"logo\":{\"@type\":\"ImageObject\",\"inLanguage\":\"de\",\"@id\":\"https:\/\/www.massalagros.com\/de\/#\/schema\/logo\/image\/\",\"url\":\"\/wp-content\/uploads\/2018\/05\/IMG_0116.jpg\",\"contentUrl\":\"\/wp-content\/uploads\/2018\/05\/IMG_0116.jpg\",\"width\":2000,\"height\":1333,\"caption\":\"MAS SALAGROS HOTEL ECORESORT\"},\"image\":{\"@id\":\"https:\/\/www.massalagros.com\/de\/#\/schema\/logo\/image\/\"},\"sameAs\":[\"https:\/\/www.facebook.com\/MasSalagros\/\",\"https:\/\/x.com\/MasSalagros\",\"https:\/\/www.instagram.com\/massalagrosecoresort\/\"]}]}<\/script>\n<!-- \/ Yoast SEO plugin. -->","yoast_head_json":{"title":"5 Sinne &#8211; Mas Salagros","description":"Entdecken Sie den unvergleichlichen Luxus von Mas Salagros. Ein ganzheitliches Erlebnis, das Unterkunft, Wellness und \u00f6kologische Gastronomie.","robots":{"index":"index","follow":"follow","max-snippet":"max-snippet:-1","max-image-preview":"max-image-preview:large","max-video-preview":"max-video-preview:-1"},"canonical":"https:\/\/massalagros.com\/de\/producto\/5-sinne\/","og_locale":"de_DE","og_type":"article","og_title":"5 Sinne &#8211; Mas Salagros","og_description":"Entdecken Sie den unvergleichlichen Luxus von Mas Salagros. Ein ganzheitliches Erlebnis, das Unterkunft, Wellness und \u00f6kologische Gastronomie.","og_url":"https:\/\/massalagros.com\/de\/producto\/5-sinne\/","og_site_name":"Mas Salagros","article_publisher":"https:\/\/www.facebook.com\/MasSalagros\/","article_modified_time":"2026-01-29T21:37:28+00:00","og_image":[{"width":1920,"height":1080,"url":"https:\/\/massalagros.com\/wp-content\/uploads\/2025\/12\/Experiencia_Mas-Salagros-Plus_0005s_0002_Suite-Salvia-web.jpg","type":"image\/jpeg"}],"twitter_card":"summary_large_image","twitter_site":"@MasSalagros","twitter_misc":{"Gesch\u00e4tzte Lesezeit":"1\u00a0Minute"},"schema":{"@context":"https:\/\/schema.org","@graph":[{"@type":"WebPage","@id":"https:\/\/massalagros.com\/de\/producto\/5-sinne\/","url":"https:\/\/massalagros.com\/de\/producto\/5-sinne\/","name":"5 Sinne &#8211; Mas Salagros","isPartOf":{"@id":"https:\/\/www.massalagros.com\/de\/#website"},"primaryImageOfPage":{"@id":"https:\/\/massalagros.com\/de\/producto\/5-sinne\/#primaryimage"},"image":{"@id":"https:\/\/massalagros.com\/de\/producto\/5-sinne\/#primaryimage"},"thumbnailUrl":"https:\/\/massalagros.com\/wp-content\/uploads\/2025\/12\/Experiencia_Mas-Salagros-Plus_0005s_0002_Suite-Salvia-web.jpg","datePublished":"2025-12-02T19:02:51+00:00","dateModified":"2026-01-29T21:37:28+00:00","description":"Entdecken Sie den unvergleichlichen Luxus von Mas Salagros. Ein ganzheitliches Erlebnis, das Unterkunft, Wellness und \u00f6kologische Gastronomie.","breadcrumb":{"@id":"https:\/\/massalagros.com\/de\/producto\/5-sinne\/#breadcrumb"},"inLanguage":"de","potentialAction":[{"@type":"ReadAction","target":["https:\/\/massalagros.com\/de\/producto\/5-sinne\/"]}]},{"@type":"ImageObject","inLanguage":"de","@id":"https:\/\/massalagros.com\/de\/producto\/5-sinne\/#primaryimage","url":"https:\/\/massalagros.com\/wp-content\/uploads\/2025\/12\/Experiencia_Mas-Salagros-Plus_0005s_0002_Suite-Salvia-web.jpg","contentUrl":"https:\/\/massalagros.com\/wp-content\/uploads\/2025\/12\/Experiencia_Mas-Salagros-Plus_0005s_0002_Suite-Salvia-web.jpg","width":1920,"height":1080},{"@type":"BreadcrumbList","@id":"https:\/\/massalagros.com\/de\/producto\/5-sinne\/#breadcrumb","itemListElement":[{"@type":"ListItem","position":1,"name":"Portada","item":"https:\/\/massalagros.com\/de\/"},{"@type":"ListItem","position":2,"name":"Onlineshop","item":"https:\/\/massalagros.com\/de\/onlineshop\/"},{"@type":"ListItem","position":3,"name":"5 Sinne"}]},{"@type":"WebSite","@id":"https:\/\/www.massalagros.com\/de\/#website","url":"https:\/\/www.massalagros.com\/de\/","name":"Mas Salagros","description":"EcoResort de lujo en Barcelona - Vallromanes","publisher":{"@id":"https:\/\/www.massalagros.com\/de\/#organization"},"potentialAction":[{"@type":"SearchAction","target":{"@type":"EntryPoint","urlTemplate":"https:\/\/www.massalagros.com\/de\/?s={search_term_string}"},"query-input":{"@type":"PropertyValueSpecification","valueRequired":true,"valueName":"search_term_string"}}],"inLanguage":"de"},{"@type":"Organization","@id":"https:\/\/www.massalagros.com\/de\/#organization","name":"MAS SALAGROS HOTEL ECORESORT","url":"https:\/\/www.massalagros.com\/de\/","logo":{"@type":"ImageObject","inLanguage":"de","@id":"https:\/\/www.massalagros.com\/de\/#\/schema\/logo\/image\/","url":"\/wp-content\/uploads\/2018\/05\/IMG_0116.jpg","contentUrl":"\/wp-content\/uploads\/2018\/05\/IMG_0116.jpg","width":2000,"height":1333,"caption":"MAS SALAGROS HOTEL ECORESORT"},"image":{"@id":"https:\/\/www.massalagros.com\/de\/#\/schema\/logo\/image\/"},"sameAs":["https:\/\/www.facebook.com\/MasSalagros\/","https:\/\/x.com\/MasSalagros","https:\/\/www.instagram.com\/massalagrosecoresort\/"]}]}},"_links":{"self":[{"href":"https:\/\/massalagros.com\/de\/wp-json\/wp\/v2\/product\/30315","targetHints":{"allow":["GET"]}}],"collection":[{"href":"https:\/\/massalagros.com\/de\/wp-json\/wp\/v2\/product"}],"about":[{"href":"https:\/\/massalagros.com\/de\/wp-json\/wp\/v2\/types\/product"}],"wp:featuredmedia":[{"embeddable":true,"href":"https:\/\/massalagros.com\/de\/wp-json\/wp\/v2\/media\/29241"}],"wp:attachment":[{"href":"https:\/\/massalagros.com\/de\/wp-json\/wp\/v2\/media?parent=30315"}],"wp:term":[{"taxonomy":"product_brand","embeddable":true,"href":"https:\/\/massalagros.com\/de\/wp-json\/wp\/v2\/product_brand?post=30315"},{"taxonomy":"product_cat","embeddable":true,"href":"https:\/\/massalagros.com\/de\/wp-json\/wp\/v2\/product_cat?post=30315"},{"taxonomy":"product_tag","embeddable":true,"href":"https:\/\/massalagros.com\/de\/wp-json\/wp\/v2\/product_tag?post=30315"}],"curies":[{"name":"wp","href":"https:\/\/api.w.org\/{rel}","templated":true}]}}