{"id":30312,"date":"2025-12-02T17:33:47","date_gmt":"2025-12-02T17:33:47","guid":{"rendered":"https:\/\/massalagros.com\/?post_type=product&#038;p=30312"},"modified":"2026-01-29T21:20:18","modified_gmt":"2026-01-29T21:20:18","slug":"mas-del-bosc","status":"publish","type":"product","link":"https:\/\/massalagros.com\/de\/producto\/mas-del-bosc\/","title":{"rendered":"Mas del Bosc"},"content":{"rendered":"<p>Mas del Bosc umfasst die \u00dcbernachtung in einem unabh\u00e4ngigen, von Wald umgebenen Bereich, der auf absolute Privatsph\u00e4re ausgelegt ist. Ein bis ins Detail gepflegtes Angebot f\u00fcr alle, die dem urbanen Umfeld entfliehen und Stille sowie Ruhe genie\u00dfen m\u00f6chten. Der direkte Kontakt zur Natur und die friedliche Umgebung machen dieses Erlebnis zu einer intimen und harmonischen Auszeit. Abgerundet wird Mas del Bosc durch ein biologisches Fr\u00fchst\u00fcck f\u00fcr zwei Personen im Restaurant Cibus sowie den Zugang zum Wasserparcours und zur Aromatherapie bei AIRE Ancient Baths Vallromanes.<\/p>\n","protected":false},"excerpt":{"rendered":"<h3>Ein privater Aufenthalt, umgeben von Natur und Ruhe.<\/h3>\n<p>\u00dcbernachten Sie im exklusivsten Juwel von Mas Salagros \u2013 mit maximaler Privatsph\u00e4re und Liebe zum Detail.<br data-start=\"310\" data-end=\"313\" \/>Ein intimes Erlebnis mit exklusiver Unterkunft.<\/p>\n","protected":false},"featured_media":28101,"template":"","meta":{"_acf_changed":false},"product_brand":[],"product_cat":[973],"product_tag":[1025,1027,1037,1023],"class_list":{"0":"post-30312","1":"product","2":"type-product","3":"status-publish","4":"has-post-thumbnail","6":"product_cat-ecoresort","7":"product_tag-begrusungsgetrank","8":"product_tag-bio-fruhstuck","9":"product_tag-mas-del-bosc","10":"product_tag-thermalparcours","12":"first","13":"instock","14":"virtual","15":"purchasable","16":"product-type-simple"},"acf":[],"yoast_head":"<!-- This site is optimized with the Yoast SEO plugin v27.2 - https:\/\/yoast.com\/product\/yoast-seo-wordpress\/ -->\n<title>Mas del Bosc &#8211; Mas Salagros<\/title>\n<meta name=\"description\" content=\"\u00dcbernachten Sie im exklusivsten Juwel von Mas Salagros \u2013 mit maximaler Privatsph\u00e4re und Liebe zum Detail.\" \/>\n<meta name=\"robots\" content=\"index, follow, max-snippet:-1, max-image-preview:large, max-video-preview:-1\" \/>\n<link rel=\"canonical\" href=\"https:\/\/massalagros.com\/de\/producto\/mas-del-bosc\/\" \/>\n<meta property=\"og:locale\" content=\"de_DE\" \/>\n<meta property=\"og:type\" content=\"article\" \/>\n<meta property=\"og:title\" content=\"Mas del Bosc &#8211; Mas Salagros\" \/>\n<meta property=\"og:description\" content=\"\u00dcbernachten Sie im exklusivsten Juwel von Mas Salagros \u2013 mit maximaler Privatsph\u00e4re und Liebe zum Detail.\" \/>\n<meta property=\"og:url\" content=\"https:\/\/massalagros.com\/de\/producto\/mas-del-bosc\/\" \/>\n<meta property=\"og:site_name\" content=\"Mas Salagros\" \/>\n<meta property=\"article:publisher\" content=\"https:\/\/www.facebook.com\/MasSalagros\/\" \/>\n<meta property=\"article:modified_time\" content=\"2026-01-29T21:20:18+00:00\" \/>\n<meta property=\"og:image\" content=\"https:\/\/massalagros.com\/wp-content\/uploads\/2025\/04\/Mas-del-Bosc-Chill-out.jpeg\" \/>\n\t<meta property=\"og:image:width\" content=\"2560\" \/>\n\t<meta property=\"og:image:height\" content=\"1707\" \/>\n\t<meta property=\"og:image:type\" content=\"image\/jpeg\" \/>\n<meta name=\"twitter:card\" content=\"summary_large_image\" \/>\n<meta name=\"twitter:site\" content=\"@MasSalagros\" \/>\n<meta name=\"twitter:label1\" content=\"Gesch\u00e4tzte Lesezeit\" \/>\n\t<meta name=\"twitter:data1\" content=\"1\u00a0Minute\" \/>\n<script type=\"application\/ld+json\" class=\"yoast-schema-graph\">{\"@context\":\"https:\/\/schema.org\",\"@graph\":[{\"@type\":\"WebPage\",\"@id\":\"https:\/\/massalagros.com\/de\/producto\/mas-del-bosc\/\",\"url\":\"https:\/\/massalagros.com\/de\/producto\/mas-del-bosc\/\",\"name\":\"Mas del Bosc &#8211; Mas Salagros\",\"isPartOf\":{\"@id\":\"https:\/\/www.massalagros.com\/de\/#website\"},\"primaryImageOfPage\":{\"@id\":\"https:\/\/massalagros.com\/de\/producto\/mas-del-bosc\/#primaryimage\"},\"image\":{\"@id\":\"https:\/\/massalagros.com\/de\/producto\/mas-del-bosc\/#primaryimage\"},\"thumbnailUrl\":\"https:\/\/massalagros.com\/wp-content\/uploads\/2025\/04\/Mas-del-Bosc-Chill-out.jpeg\",\"datePublished\":\"2025-12-02T17:33:47+00:00\",\"dateModified\":\"2026-01-29T21:20:18+00:00\",\"description\":\"\u00dcbernachten Sie im exklusivsten Juwel von Mas Salagros \u2013 mit maximaler Privatsph\u00e4re und Liebe zum Detail.\",\"breadcrumb\":{\"@id\":\"https:\/\/massalagros.com\/de\/producto\/mas-del-bosc\/#breadcrumb\"},\"inLanguage\":\"de\",\"potentialAction\":[{\"@type\":\"ReadAction\",\"target\":[\"https:\/\/massalagros.com\/de\/producto\/mas-del-bosc\/\"]}]},{\"@type\":\"ImageObject\",\"inLanguage\":\"de\",\"@id\":\"https:\/\/massalagros.com\/de\/producto\/mas-del-bosc\/#primaryimage\",\"url\":\"https:\/\/massalagros.com\/wp-content\/uploads\/2025\/04\/Mas-del-Bosc-Chill-out.jpeg\",\"contentUrl\":\"https:\/\/massalagros.com\/wp-content\/uploads\/2025\/04\/Mas-del-Bosc-Chill-out.jpeg\",\"width\":2560,\"height\":1707},{\"@type\":\"BreadcrumbList\",\"@id\":\"https:\/\/massalagros.com\/de\/producto\/mas-del-bosc\/#breadcrumb\",\"itemListElement\":[{\"@type\":\"ListItem\",\"position\":1,\"name\":\"Portada\",\"item\":\"https:\/\/massalagros.com\/de\/\"},{\"@type\":\"ListItem\",\"position\":2,\"name\":\"Onlineshop\",\"item\":\"https:\/\/massalagros.com\/de\/onlineshop\/\"},{\"@type\":\"ListItem\",\"position\":3,\"name\":\"Mas del Bosc\"}]},{\"@type\":\"WebSite\",\"@id\":\"https:\/\/www.massalagros.com\/de\/#website\",\"url\":\"https:\/\/www.massalagros.com\/de\/\",\"name\":\"Mas Salagros\",\"description\":\"EcoResort de lujo en Barcelona - Vallromanes\",\"publisher\":{\"@id\":\"https:\/\/www.massalagros.com\/de\/#organization\"},\"potentialAction\":[{\"@type\":\"SearchAction\",\"target\":{\"@type\":\"EntryPoint\",\"urlTemplate\":\"https:\/\/www.massalagros.com\/de\/?s={search_term_string}\"},\"query-input\":{\"@type\":\"PropertyValueSpecification\",\"valueRequired\":true,\"valueName\":\"search_term_string\"}}],\"inLanguage\":\"de\"},{\"@type\":\"Organization\",\"@id\":\"https:\/\/www.massalagros.com\/de\/#organization\",\"name\":\"MAS SALAGROS HOTEL ECORESORT\",\"url\":\"https:\/\/www.massalagros.com\/de\/\",\"logo\":{\"@type\":\"ImageObject\",\"inLanguage\":\"de\",\"@id\":\"https:\/\/www.massalagros.com\/de\/#\/schema\/logo\/image\/\",\"url\":\"\/wp-content\/uploads\/2018\/05\/IMG_0116.jpg\",\"contentUrl\":\"\/wp-content\/uploads\/2018\/05\/IMG_0116.jpg\",\"width\":2000,\"height\":1333,\"caption\":\"MAS SALAGROS HOTEL ECORESORT\"},\"image\":{\"@id\":\"https:\/\/www.massalagros.com\/de\/#\/schema\/logo\/image\/\"},\"sameAs\":[\"https:\/\/www.facebook.com\/MasSalagros\/\",\"https:\/\/x.com\/MasSalagros\",\"https:\/\/www.instagram.com\/massalagrosecoresort\/\"]}]}<\/script>\n<!-- \/ Yoast SEO plugin. -->","yoast_head_json":{"title":"Mas del Bosc &#8211; Mas Salagros","description":"\u00dcbernachten Sie im exklusivsten Juwel von Mas Salagros \u2013 mit maximaler Privatsph\u00e4re und Liebe zum Detail.","robots":{"index":"index","follow":"follow","max-snippet":"max-snippet:-1","max-image-preview":"max-image-preview:large","max-video-preview":"max-video-preview:-1"},"canonical":"https:\/\/massalagros.com\/de\/producto\/mas-del-bosc\/","og_locale":"de_DE","og_type":"article","og_title":"Mas del Bosc &#8211; Mas Salagros","og_description":"\u00dcbernachten Sie im exklusivsten Juwel von Mas Salagros \u2013 mit maximaler Privatsph\u00e4re und Liebe zum Detail.","og_url":"https:\/\/massalagros.com\/de\/producto\/mas-del-bosc\/","og_site_name":"Mas Salagros","article_publisher":"https:\/\/www.facebook.com\/MasSalagros\/","article_modified_time":"2026-01-29T21:20:18+00:00","og_image":[{"width":2560,"height":1707,"url":"https:\/\/massalagros.com\/wp-content\/uploads\/2025\/04\/Mas-del-Bosc-Chill-out.jpeg","type":"image\/jpeg"}],"twitter_card":"summary_large_image","twitter_site":"@MasSalagros","twitter_misc":{"Gesch\u00e4tzte Lesezeit":"1\u00a0Minute"},"schema":{"@context":"https:\/\/schema.org","@graph":[{"@type":"WebPage","@id":"https:\/\/massalagros.com\/de\/producto\/mas-del-bosc\/","url":"https:\/\/massalagros.com\/de\/producto\/mas-del-bosc\/","name":"Mas del Bosc &#8211; Mas Salagros","isPartOf":{"@id":"https:\/\/www.massalagros.com\/de\/#website"},"primaryImageOfPage":{"@id":"https:\/\/massalagros.com\/de\/producto\/mas-del-bosc\/#primaryimage"},"image":{"@id":"https:\/\/massalagros.com\/de\/producto\/mas-del-bosc\/#primaryimage"},"thumbnailUrl":"https:\/\/massalagros.com\/wp-content\/uploads\/2025\/04\/Mas-del-Bosc-Chill-out.jpeg","datePublished":"2025-12-02T17:33:47+00:00","dateModified":"2026-01-29T21:20:18+00:00","description":"\u00dcbernachten Sie im exklusivsten Juwel von Mas Salagros \u2013 mit maximaler Privatsph\u00e4re und Liebe zum Detail.","breadcrumb":{"@id":"https:\/\/massalagros.com\/de\/producto\/mas-del-bosc\/#breadcrumb"},"inLanguage":"de","potentialAction":[{"@type":"ReadAction","target":["https:\/\/massalagros.com\/de\/producto\/mas-del-bosc\/"]}]},{"@type":"ImageObject","inLanguage":"de","@id":"https:\/\/massalagros.com\/de\/producto\/mas-del-bosc\/#primaryimage","url":"https:\/\/massalagros.com\/wp-content\/uploads\/2025\/04\/Mas-del-Bosc-Chill-out.jpeg","contentUrl":"https:\/\/massalagros.com\/wp-content\/uploads\/2025\/04\/Mas-del-Bosc-Chill-out.jpeg","width":2560,"height":1707},{"@type":"BreadcrumbList","@id":"https:\/\/massalagros.com\/de\/producto\/mas-del-bosc\/#breadcrumb","itemListElement":[{"@type":"ListItem","position":1,"name":"Portada","item":"https:\/\/massalagros.com\/de\/"},{"@type":"ListItem","position":2,"name":"Onlineshop","item":"https:\/\/massalagros.com\/de\/onlineshop\/"},{"@type":"ListItem","position":3,"name":"Mas del Bosc"}]},{"@type":"WebSite","@id":"https:\/\/www.massalagros.com\/de\/#website","url":"https:\/\/www.massalagros.com\/de\/","name":"Mas Salagros","description":"EcoResort de lujo en Barcelona - Vallromanes","publisher":{"@id":"https:\/\/www.massalagros.com\/de\/#organization"},"potentialAction":[{"@type":"SearchAction","target":{"@type":"EntryPoint","urlTemplate":"https:\/\/www.massalagros.com\/de\/?s={search_term_string}"},"query-input":{"@type":"PropertyValueSpecification","valueRequired":true,"valueName":"search_term_string"}}],"inLanguage":"de"},{"@type":"Organization","@id":"https:\/\/www.massalagros.com\/de\/#organization","name":"MAS SALAGROS HOTEL ECORESORT","url":"https:\/\/www.massalagros.com\/de\/","logo":{"@type":"ImageObject","inLanguage":"de","@id":"https:\/\/www.massalagros.com\/de\/#\/schema\/logo\/image\/","url":"\/wp-content\/uploads\/2018\/05\/IMG_0116.jpg","contentUrl":"\/wp-content\/uploads\/2018\/05\/IMG_0116.jpg","width":2000,"height":1333,"caption":"MAS SALAGROS HOTEL ECORESORT"},"image":{"@id":"https:\/\/www.massalagros.com\/de\/#\/schema\/logo\/image\/"},"sameAs":["https:\/\/www.facebook.com\/MasSalagros\/","https:\/\/x.com\/MasSalagros","https:\/\/www.instagram.com\/massalagrosecoresort\/"]}]}},"_links":{"self":[{"href":"https:\/\/massalagros.com\/de\/wp-json\/wp\/v2\/product\/30312","targetHints":{"allow":["GET"]}}],"collection":[{"href":"https:\/\/massalagros.com\/de\/wp-json\/wp\/v2\/product"}],"about":[{"href":"https:\/\/massalagros.com\/de\/wp-json\/wp\/v2\/types\/product"}],"wp:featuredmedia":[{"embeddable":true,"href":"https:\/\/massalagros.com\/de\/wp-json\/wp\/v2\/media\/28101"}],"wp:attachment":[{"href":"https:\/\/massalagros.com\/de\/wp-json\/wp\/v2\/media?parent=30312"}],"wp:term":[{"taxonomy":"product_brand","embeddable":true,"href":"https:\/\/massalagros.com\/de\/wp-json\/wp\/v2\/product_brand?post=30312"},{"taxonomy":"product_cat","embeddable":true,"href":"https:\/\/massalagros.com\/de\/wp-json\/wp\/v2\/product_cat?post=30312"},{"taxonomy":"product_tag","embeddable":true,"href":"https:\/\/massalagros.com\/de\/wp-json\/wp\/v2\/product_tag?post=30312"}],"curies":[{"name":"wp","href":"https:\/\/api.w.org\/{rel}","templated":true}]}}