{"id":30311,"date":"2025-12-02T18:53:46","date_gmt":"2025-12-02T18:53:46","guid":{"rendered":"https:\/\/massalagros.com\/?post_type=product&#038;p=30311"},"modified":"2026-01-29T21:01:47","modified_gmt":"2026-01-29T21:01:47","slug":"beauty-fall","status":"publish","type":"product","link":"https:\/\/massalagros.com\/de\/producto\/beauty-fall\/","title":{"rendered":"Beauty Fall"},"content":{"rendered":"<p>Beauty Fall umfasst die \u00dcbernachtung in einem Doppelzimmer mit Terrasse, ein biologisches Fr\u00fchst\u00fcck, das Albor Degustationsmen\u00fc mit Weinauswahl in unserem Restaurant 1497, ausgezeichnet mit dem Michelin Green Star und einem Repsol Sun, sowie den Zugang zum Wasserparcours von AIRE Ancient Baths Vallromanes inklusive einer 30-min\u00fctigen Massage. Ein Angebot, das zum Entspannen, zur Regeneration und zum Krafttanken in nat\u00fcrlicher Umgebung einl\u00e4dt. Die Kombination aus Erholung, Behandlung und ruhigem Umfeld macht dieses Erlebnis zu einer bewussten und regenerierenden Auszeit.<\/p>\n","protected":false},"excerpt":{"rendered":"<h3>Erholung, Wohlbefinden und pers\u00f6nliche Pflegebehandlungen.<\/h3>\n<p>Genie\u00dfen Sie alles, was Mas Salagros zu bieten hat. Ein Erlebnis mit Fokus auf bewusste Selbstf\u00fcrsorge, das Unterkunft, Wellness und gezielte Behandlungen vereint \u2013 gedacht.<\/p>\n","protected":false},"featured_media":1850,"template":"","meta":{"_acf_changed":false},"product_brand":[],"product_cat":[973],"product_tag":[1048,1025,1034,1031,1023],"class_list":{"0":"post-30311","1":"product","2":"type-product","3":"status-publish","4":"has-post-thumbnail","6":"product_cat-ecoresort","7":"product_tag-albor-degustationsmenu","8":"product_tag-begrusungsgetrank","9":"product_tag-massage","10":"product_tag-superior-zimmer","11":"product_tag-thermalparcours","13":"first","14":"instock","15":"virtual","16":"purchasable","17":"product-type-simple"},"acf":[],"yoast_head":"<!-- This site is optimized with the Yoast SEO plugin v27.2 - https:\/\/yoast.com\/product\/yoast-seo-wordpress\/ -->\n<title>Beauty Fall &#8211; Mas Salagros<\/title>\n<meta name=\"description\" content=\"Genie\u00dfen Sie alles, was Mas Salagros zu bieten hat. Ein Erlebnis mit Fokus auf bewusste Selbstf\u00fcrsorge, das Unterkunft, Wellness.\" \/>\n<meta name=\"robots\" content=\"index, follow, max-snippet:-1, max-image-preview:large, max-video-preview:-1\" \/>\n<link rel=\"canonical\" href=\"https:\/\/massalagros.com\/de\/producto\/beauty-fall\/\" \/>\n<meta property=\"og:locale\" content=\"de_DE\" \/>\n<meta property=\"og:type\" content=\"article\" \/>\n<meta property=\"og:title\" content=\"Beauty Fall &#8211; Mas Salagros\" \/>\n<meta property=\"og:description\" content=\"Genie\u00dfen Sie alles, was Mas Salagros zu bieten hat. Ein Erlebnis mit Fokus auf bewusste Selbstf\u00fcrsorge, das Unterkunft, Wellness.\" \/>\n<meta property=\"og:url\" content=\"https:\/\/massalagros.com\/de\/producto\/beauty-fall\/\" \/>\n<meta property=\"og:site_name\" content=\"Mas Salagros\" \/>\n<meta property=\"article:publisher\" content=\"https:\/\/www.facebook.com\/MasSalagros\/\" \/>\n<meta property=\"article:modified_time\" content=\"2026-01-29T21:01:47+00:00\" \/>\n<meta property=\"og:image\" content=\"https:\/\/massalagros.com\/wp-content\/uploads\/2018\/05\/AIRE-ANCIENT-BATHS-VALLROMANES-MASIA-MAS-SALAGROS.jpg\" \/>\n\t<meta property=\"og:image:width\" content=\"2000\" \/>\n\t<meta property=\"og:image:height\" content=\"1334\" \/>\n\t<meta property=\"og:image:type\" content=\"image\/jpeg\" \/>\n<meta name=\"twitter:card\" content=\"summary_large_image\" \/>\n<meta name=\"twitter:site\" content=\"@MasSalagros\" \/>\n<meta name=\"twitter:label1\" content=\"Gesch\u00e4tzte Lesezeit\" \/>\n\t<meta name=\"twitter:data1\" content=\"1\u00a0Minute\" \/>\n<script type=\"application\/ld+json\" class=\"yoast-schema-graph\">{\"@context\":\"https:\/\/schema.org\",\"@graph\":[{\"@type\":\"WebPage\",\"@id\":\"https:\/\/massalagros.com\/de\/producto\/beauty-fall\/\",\"url\":\"https:\/\/massalagros.com\/de\/producto\/beauty-fall\/\",\"name\":\"Beauty Fall &#8211; Mas Salagros\",\"isPartOf\":{\"@id\":\"https:\/\/www.massalagros.com\/de\/#website\"},\"primaryImageOfPage\":{\"@id\":\"https:\/\/massalagros.com\/de\/producto\/beauty-fall\/#primaryimage\"},\"image\":{\"@id\":\"https:\/\/massalagros.com\/de\/producto\/beauty-fall\/#primaryimage\"},\"thumbnailUrl\":\"https:\/\/massalagros.com\/wp-content\/uploads\/2018\/05\/AIRE-ANCIENT-BATHS-VALLROMANES-MASIA-MAS-SALAGROS.jpg\",\"datePublished\":\"2025-12-02T18:53:46+00:00\",\"dateModified\":\"2026-01-29T21:01:47+00:00\",\"description\":\"Genie\u00dfen Sie alles, was Mas Salagros zu bieten hat. Ein Erlebnis mit Fokus auf bewusste Selbstf\u00fcrsorge, das Unterkunft, Wellness.\",\"breadcrumb\":{\"@id\":\"https:\/\/massalagros.com\/de\/producto\/beauty-fall\/#breadcrumb\"},\"inLanguage\":\"de\",\"potentialAction\":[{\"@type\":\"ReadAction\",\"target\":[\"https:\/\/massalagros.com\/de\/producto\/beauty-fall\/\"]}]},{\"@type\":\"ImageObject\",\"inLanguage\":\"de\",\"@id\":\"https:\/\/massalagros.com\/de\/producto\/beauty-fall\/#primaryimage\",\"url\":\"https:\/\/massalagros.com\/wp-content\/uploads\/2018\/05\/AIRE-ANCIENT-BATHS-VALLROMANES-MASIA-MAS-SALAGROS.jpg\",\"contentUrl\":\"https:\/\/massalagros.com\/wp-content\/uploads\/2018\/05\/AIRE-ANCIENT-BATHS-VALLROMANES-MASIA-MAS-SALAGROS.jpg\",\"width\":2000,\"height\":1334,\"caption\":\"Ba\u00f1os termales AIRE Ancient Baths Mas Salagros\"},{\"@type\":\"BreadcrumbList\",\"@id\":\"https:\/\/massalagros.com\/de\/producto\/beauty-fall\/#breadcrumb\",\"itemListElement\":[{\"@type\":\"ListItem\",\"position\":1,\"name\":\"Portada\",\"item\":\"https:\/\/massalagros.com\/de\/\"},{\"@type\":\"ListItem\",\"position\":2,\"name\":\"Onlineshop\",\"item\":\"https:\/\/massalagros.com\/de\/onlineshop\/\"},{\"@type\":\"ListItem\",\"position\":3,\"name\":\"Beauty Fall\"}]},{\"@type\":\"WebSite\",\"@id\":\"https:\/\/www.massalagros.com\/de\/#website\",\"url\":\"https:\/\/www.massalagros.com\/de\/\",\"name\":\"Mas Salagros\",\"description\":\"EcoResort de lujo en Barcelona - Vallromanes\",\"publisher\":{\"@id\":\"https:\/\/www.massalagros.com\/de\/#organization\"},\"potentialAction\":[{\"@type\":\"SearchAction\",\"target\":{\"@type\":\"EntryPoint\",\"urlTemplate\":\"https:\/\/www.massalagros.com\/de\/?s={search_term_string}\"},\"query-input\":{\"@type\":\"PropertyValueSpecification\",\"valueRequired\":true,\"valueName\":\"search_term_string\"}}],\"inLanguage\":\"de\"},{\"@type\":\"Organization\",\"@id\":\"https:\/\/www.massalagros.com\/de\/#organization\",\"name\":\"MAS SALAGROS HOTEL ECORESORT\",\"url\":\"https:\/\/www.massalagros.com\/de\/\",\"logo\":{\"@type\":\"ImageObject\",\"inLanguage\":\"de\",\"@id\":\"https:\/\/www.massalagros.com\/de\/#\/schema\/logo\/image\/\",\"url\":\"\/wp-content\/uploads\/2018\/05\/IMG_0116.jpg\",\"contentUrl\":\"\/wp-content\/uploads\/2018\/05\/IMG_0116.jpg\",\"width\":2000,\"height\":1333,\"caption\":\"MAS SALAGROS HOTEL ECORESORT\"},\"image\":{\"@id\":\"https:\/\/www.massalagros.com\/de\/#\/schema\/logo\/image\/\"},\"sameAs\":[\"https:\/\/www.facebook.com\/MasSalagros\/\",\"https:\/\/x.com\/MasSalagros\",\"https:\/\/www.instagram.com\/massalagrosecoresort\/\"]}]}<\/script>\n<!-- \/ Yoast SEO plugin. -->","yoast_head_json":{"title":"Beauty Fall &#8211; Mas Salagros","description":"Genie\u00dfen Sie alles, was Mas Salagros zu bieten hat. Ein Erlebnis mit Fokus auf bewusste Selbstf\u00fcrsorge, das Unterkunft, Wellness.","robots":{"index":"index","follow":"follow","max-snippet":"max-snippet:-1","max-image-preview":"max-image-preview:large","max-video-preview":"max-video-preview:-1"},"canonical":"https:\/\/massalagros.com\/de\/producto\/beauty-fall\/","og_locale":"de_DE","og_type":"article","og_title":"Beauty Fall &#8211; Mas Salagros","og_description":"Genie\u00dfen Sie alles, was Mas Salagros zu bieten hat. Ein Erlebnis mit Fokus auf bewusste Selbstf\u00fcrsorge, das Unterkunft, Wellness.","og_url":"https:\/\/massalagros.com\/de\/producto\/beauty-fall\/","og_site_name":"Mas Salagros","article_publisher":"https:\/\/www.facebook.com\/MasSalagros\/","article_modified_time":"2026-01-29T21:01:47+00:00","og_image":[{"width":2000,"height":1334,"url":"https:\/\/massalagros.com\/wp-content\/uploads\/2018\/05\/AIRE-ANCIENT-BATHS-VALLROMANES-MASIA-MAS-SALAGROS.jpg","type":"image\/jpeg"}],"twitter_card":"summary_large_image","twitter_site":"@MasSalagros","twitter_misc":{"Gesch\u00e4tzte Lesezeit":"1\u00a0Minute"},"schema":{"@context":"https:\/\/schema.org","@graph":[{"@type":"WebPage","@id":"https:\/\/massalagros.com\/de\/producto\/beauty-fall\/","url":"https:\/\/massalagros.com\/de\/producto\/beauty-fall\/","name":"Beauty Fall &#8211; Mas Salagros","isPartOf":{"@id":"https:\/\/www.massalagros.com\/de\/#website"},"primaryImageOfPage":{"@id":"https:\/\/massalagros.com\/de\/producto\/beauty-fall\/#primaryimage"},"image":{"@id":"https:\/\/massalagros.com\/de\/producto\/beauty-fall\/#primaryimage"},"thumbnailUrl":"https:\/\/massalagros.com\/wp-content\/uploads\/2018\/05\/AIRE-ANCIENT-BATHS-VALLROMANES-MASIA-MAS-SALAGROS.jpg","datePublished":"2025-12-02T18:53:46+00:00","dateModified":"2026-01-29T21:01:47+00:00","description":"Genie\u00dfen Sie alles, was Mas Salagros zu bieten hat. Ein Erlebnis mit Fokus auf bewusste Selbstf\u00fcrsorge, das Unterkunft, Wellness.","breadcrumb":{"@id":"https:\/\/massalagros.com\/de\/producto\/beauty-fall\/#breadcrumb"},"inLanguage":"de","potentialAction":[{"@type":"ReadAction","target":["https:\/\/massalagros.com\/de\/producto\/beauty-fall\/"]}]},{"@type":"ImageObject","inLanguage":"de","@id":"https:\/\/massalagros.com\/de\/producto\/beauty-fall\/#primaryimage","url":"https:\/\/massalagros.com\/wp-content\/uploads\/2018\/05\/AIRE-ANCIENT-BATHS-VALLROMANES-MASIA-MAS-SALAGROS.jpg","contentUrl":"https:\/\/massalagros.com\/wp-content\/uploads\/2018\/05\/AIRE-ANCIENT-BATHS-VALLROMANES-MASIA-MAS-SALAGROS.jpg","width":2000,"height":1334,"caption":"Ba\u00f1os termales AIRE Ancient Baths Mas Salagros"},{"@type":"BreadcrumbList","@id":"https:\/\/massalagros.com\/de\/producto\/beauty-fall\/#breadcrumb","itemListElement":[{"@type":"ListItem","position":1,"name":"Portada","item":"https:\/\/massalagros.com\/de\/"},{"@type":"ListItem","position":2,"name":"Onlineshop","item":"https:\/\/massalagros.com\/de\/onlineshop\/"},{"@type":"ListItem","position":3,"name":"Beauty Fall"}]},{"@type":"WebSite","@id":"https:\/\/www.massalagros.com\/de\/#website","url":"https:\/\/www.massalagros.com\/de\/","name":"Mas Salagros","description":"EcoResort de lujo en Barcelona - Vallromanes","publisher":{"@id":"https:\/\/www.massalagros.com\/de\/#organization"},"potentialAction":[{"@type":"SearchAction","target":{"@type":"EntryPoint","urlTemplate":"https:\/\/www.massalagros.com\/de\/?s={search_term_string}"},"query-input":{"@type":"PropertyValueSpecification","valueRequired":true,"valueName":"search_term_string"}}],"inLanguage":"de"},{"@type":"Organization","@id":"https:\/\/www.massalagros.com\/de\/#organization","name":"MAS SALAGROS HOTEL ECORESORT","url":"https:\/\/www.massalagros.com\/de\/","logo":{"@type":"ImageObject","inLanguage":"de","@id":"https:\/\/www.massalagros.com\/de\/#\/schema\/logo\/image\/","url":"\/wp-content\/uploads\/2018\/05\/IMG_0116.jpg","contentUrl":"\/wp-content\/uploads\/2018\/05\/IMG_0116.jpg","width":2000,"height":1333,"caption":"MAS SALAGROS HOTEL ECORESORT"},"image":{"@id":"https:\/\/www.massalagros.com\/de\/#\/schema\/logo\/image\/"},"sameAs":["https:\/\/www.facebook.com\/MasSalagros\/","https:\/\/x.com\/MasSalagros","https:\/\/www.instagram.com\/massalagrosecoresort\/"]}]}},"_links":{"self":[{"href":"https:\/\/massalagros.com\/de\/wp-json\/wp\/v2\/product\/30311","targetHints":{"allow":["GET"]}}],"collection":[{"href":"https:\/\/massalagros.com\/de\/wp-json\/wp\/v2\/product"}],"about":[{"href":"https:\/\/massalagros.com\/de\/wp-json\/wp\/v2\/types\/product"}],"wp:featuredmedia":[{"embeddable":true,"href":"https:\/\/massalagros.com\/de\/wp-json\/wp\/v2\/media\/1850"}],"wp:attachment":[{"href":"https:\/\/massalagros.com\/de\/wp-json\/wp\/v2\/media?parent=30311"}],"wp:term":[{"taxonomy":"product_brand","embeddable":true,"href":"https:\/\/massalagros.com\/de\/wp-json\/wp\/v2\/product_brand?post=30311"},{"taxonomy":"product_cat","embeddable":true,"href":"https:\/\/massalagros.com\/de\/wp-json\/wp\/v2\/product_cat?post=30311"},{"taxonomy":"product_tag","embeddable":true,"href":"https:\/\/massalagros.com\/de\/wp-json\/wp\/v2\/product_tag?post=30311"}],"curies":[{"name":"wp","href":"https:\/\/api.w.org\/{rel}","templated":true}]}}