{"id":30310,"date":"2025-12-02T17:02:08","date_gmt":"2025-12-02T17:02:08","guid":{"rendered":"https:\/\/massalagros.com\/?post_type=product&#038;p=30310"},"modified":"2026-01-29T20:43:54","modified_gmt":"2026-01-29T20:43:54","slug":"entdecken-sie-mas-salagros-plus","status":"publish","type":"product","link":"https:\/\/massalagros.com\/de\/producto\/entdecken-sie-mas-salagros-plus\/","title":{"rendered":"Entdecken Sie Mas Salagros Plus"},"content":{"rendered":"<p>Entdecken Sie Mas Salagros Plus umfasst die \u00dcbernachtung in einer unserer exklusivsten Suiten, ein biologisches Fr\u00fchst\u00fccksbuffet mit zertifizierten Bio-Produkten sowie den Zugang zum Wasserparcours von AIRE Ancient Baths Vallromanes. Ein Angebot f\u00fcr alle, die sich eine vollst\u00e4ndigere Auszeit w\u00fcnschen, in der Erholung und Wohlbefinden harmonisch miteinander verbunden sind. Das Gleichgewicht aus Komfort, Natur und bewusster F\u00fcrsorge pr\u00e4gt dieses bis ins Detail durchdachte Erlebnis.<\/p>\n","protected":false},"excerpt":{"rendered":"<h3>Ein umfassenderer Aufenthalt mit mehr Zeit zum Genie\u00dfen.<\/h3>\n<p>Entdecken Sie die Essenz von Mas Salagros in einer unserer <strong data-start=\"346\" data-end=\"363\">Garden Suiten<\/strong> \u2013 mit mehr Raum f\u00fcr Sie, privatem Garten und Badewanne f\u00fcr zwei Personen.<br data-start=\"437\" data-end=\"440\" \/><\/p>\n","protected":false},"featured_media":29281,"template":"","meta":{"_acf_changed":false},"product_brand":[],"product_cat":[973],"product_tag":[1025,1027,1029,1023],"class_list":{"0":"post-30310","1":"product","2":"type-product","3":"status-publish","4":"has-post-thumbnail","6":"product_cat-ecoresort","7":"product_tag-begrusungsgetrank","8":"product_tag-bio-fruhstuck","9":"product_tag-garden-suite","10":"product_tag-thermalparcours","12":"first","13":"instock","14":"featured","15":"virtual","16":"purchasable","17":"product-type-simple"},"acf":[],"yoast_head":"<!-- This site is optimized with the Yoast SEO plugin v27.2 - https:\/\/yoast.com\/product\/yoast-seo-wordpress\/ -->\n<title>Entdecken Sie Mas Salagros Plus &#8211; Mas Salagros<\/title>\n<meta name=\"description\" content=\"Entdecken Sie die Essenz von Mas Salagros in einer unserer Garden Suiten \u2013 mit mehr Raum f\u00fcr Sie, privatem Garten und Badewanne f\u00fcr zwei Personen.\" \/>\n<meta name=\"robots\" content=\"index, follow, max-snippet:-1, max-image-preview:large, max-video-preview:-1\" \/>\n<link rel=\"canonical\" href=\"https:\/\/massalagros.com\/de\/producto\/entdecken-sie-mas-salagros-plus\/\" \/>\n<meta property=\"og:locale\" content=\"de_DE\" \/>\n<meta property=\"og:type\" content=\"article\" \/>\n<meta property=\"og:title\" content=\"Entdecken Sie Mas Salagros Plus &#8211; Mas Salagros\" \/>\n<meta property=\"og:description\" content=\"Entdecken Sie die Essenz von Mas Salagros in einer unserer Garden Suiten \u2013 mit mehr Raum f\u00fcr Sie, privatem Garten und Badewanne f\u00fcr zwei Personen.\" \/>\n<meta property=\"og:url\" content=\"https:\/\/massalagros.com\/de\/producto\/entdecken-sie-mas-salagros-plus\/\" \/>\n<meta property=\"og:site_name\" content=\"Mas Salagros\" \/>\n<meta property=\"article:publisher\" content=\"https:\/\/www.facebook.com\/MasSalagros\/\" \/>\n<meta property=\"article:modified_time\" content=\"2026-01-29T20:43:54+00:00\" \/>\n<meta property=\"og:image\" content=\"https:\/\/massalagros.com\/wp-content\/uploads\/2025\/12\/Experiencia_Mas-Salagros-Plus_0009s_0001_Mas-Salagros-Garden-suite-interior-vistas_web.jpg\" \/>\n\t<meta property=\"og:image:width\" content=\"1920\" \/>\n\t<meta property=\"og:image:height\" content=\"1080\" \/>\n\t<meta property=\"og:image:type\" content=\"image\/jpeg\" \/>\n<meta name=\"twitter:card\" content=\"summary_large_image\" \/>\n<meta name=\"twitter:site\" content=\"@MasSalagros\" \/>\n<meta name=\"twitter:label1\" content=\"Gesch\u00e4tzte Lesezeit\" \/>\n\t<meta name=\"twitter:data1\" content=\"1\u00a0Minute\" \/>\n<script type=\"application\/ld+json\" class=\"yoast-schema-graph\">{\"@context\":\"https:\/\/schema.org\",\"@graph\":[{\"@type\":\"WebPage\",\"@id\":\"https:\/\/massalagros.com\/de\/producto\/entdecken-sie-mas-salagros-plus\/\",\"url\":\"https:\/\/massalagros.com\/de\/producto\/entdecken-sie-mas-salagros-plus\/\",\"name\":\"Entdecken Sie Mas Salagros Plus &#8211; Mas Salagros\",\"isPartOf\":{\"@id\":\"https:\/\/www.massalagros.com\/de\/#website\"},\"primaryImageOfPage\":{\"@id\":\"https:\/\/massalagros.com\/de\/producto\/entdecken-sie-mas-salagros-plus\/#primaryimage\"},\"image\":{\"@id\":\"https:\/\/massalagros.com\/de\/producto\/entdecken-sie-mas-salagros-plus\/#primaryimage\"},\"thumbnailUrl\":\"https:\/\/massalagros.com\/wp-content\/uploads\/2025\/12\/Experiencia_Mas-Salagros-Plus_0009s_0001_Mas-Salagros-Garden-suite-interior-vistas_web.jpg\",\"datePublished\":\"2025-12-02T17:02:08+00:00\",\"dateModified\":\"2026-01-29T20:43:54+00:00\",\"description\":\"Entdecken Sie die Essenz von Mas Salagros in einer unserer Garden Suiten \u2013 mit mehr Raum f\u00fcr Sie, privatem Garten und Badewanne f\u00fcr zwei Personen.\",\"breadcrumb\":{\"@id\":\"https:\/\/massalagros.com\/de\/producto\/entdecken-sie-mas-salagros-plus\/#breadcrumb\"},\"inLanguage\":\"de\",\"potentialAction\":[{\"@type\":\"ReadAction\",\"target\":[\"https:\/\/massalagros.com\/de\/producto\/entdecken-sie-mas-salagros-plus\/\"]}]},{\"@type\":\"ImageObject\",\"inLanguage\":\"de\",\"@id\":\"https:\/\/massalagros.com\/de\/producto\/entdecken-sie-mas-salagros-plus\/#primaryimage\",\"url\":\"https:\/\/massalagros.com\/wp-content\/uploads\/2025\/12\/Experiencia_Mas-Salagros-Plus_0009s_0001_Mas-Salagros-Garden-suite-interior-vistas_web.jpg\",\"contentUrl\":\"https:\/\/massalagros.com\/wp-content\/uploads\/2025\/12\/Experiencia_Mas-Salagros-Plus_0009s_0001_Mas-Salagros-Garden-suite-interior-vistas_web.jpg\",\"width\":1920,\"height\":1080},{\"@type\":\"BreadcrumbList\",\"@id\":\"https:\/\/massalagros.com\/de\/producto\/entdecken-sie-mas-salagros-plus\/#breadcrumb\",\"itemListElement\":[{\"@type\":\"ListItem\",\"position\":1,\"name\":\"Portada\",\"item\":\"https:\/\/massalagros.com\/de\/\"},{\"@type\":\"ListItem\",\"position\":2,\"name\":\"Onlineshop\",\"item\":\"https:\/\/massalagros.com\/de\/onlineshop\/\"},{\"@type\":\"ListItem\",\"position\":3,\"name\":\"Entdecken Sie Mas Salagros Plus\"}]},{\"@type\":\"WebSite\",\"@id\":\"https:\/\/www.massalagros.com\/de\/#website\",\"url\":\"https:\/\/www.massalagros.com\/de\/\",\"name\":\"Mas Salagros\",\"description\":\"EcoResort de lujo en Barcelona - Vallromanes\",\"publisher\":{\"@id\":\"https:\/\/www.massalagros.com\/de\/#organization\"},\"potentialAction\":[{\"@type\":\"SearchAction\",\"target\":{\"@type\":\"EntryPoint\",\"urlTemplate\":\"https:\/\/www.massalagros.com\/de\/?s={search_term_string}\"},\"query-input\":{\"@type\":\"PropertyValueSpecification\",\"valueRequired\":true,\"valueName\":\"search_term_string\"}}],\"inLanguage\":\"de\"},{\"@type\":\"Organization\",\"@id\":\"https:\/\/www.massalagros.com\/de\/#organization\",\"name\":\"MAS SALAGROS HOTEL ECORESORT\",\"url\":\"https:\/\/www.massalagros.com\/de\/\",\"logo\":{\"@type\":\"ImageObject\",\"inLanguage\":\"de\",\"@id\":\"https:\/\/www.massalagros.com\/de\/#\/schema\/logo\/image\/\",\"url\":\"\/wp-content\/uploads\/2018\/05\/IMG_0116.jpg\",\"contentUrl\":\"\/wp-content\/uploads\/2018\/05\/IMG_0116.jpg\",\"width\":2000,\"height\":1333,\"caption\":\"MAS SALAGROS HOTEL ECORESORT\"},\"image\":{\"@id\":\"https:\/\/www.massalagros.com\/de\/#\/schema\/logo\/image\/\"},\"sameAs\":[\"https:\/\/www.facebook.com\/MasSalagros\/\",\"https:\/\/x.com\/MasSalagros\",\"https:\/\/www.instagram.com\/massalagrosecoresort\/\"]}]}<\/script>\n<!-- \/ Yoast SEO plugin. -->","yoast_head_json":{"title":"Entdecken Sie Mas Salagros Plus &#8211; Mas Salagros","description":"Entdecken Sie die Essenz von Mas Salagros in einer unserer Garden Suiten \u2013 mit mehr Raum f\u00fcr Sie, privatem Garten und Badewanne f\u00fcr zwei Personen.","robots":{"index":"index","follow":"follow","max-snippet":"max-snippet:-1","max-image-preview":"max-image-preview:large","max-video-preview":"max-video-preview:-1"},"canonical":"https:\/\/massalagros.com\/de\/producto\/entdecken-sie-mas-salagros-plus\/","og_locale":"de_DE","og_type":"article","og_title":"Entdecken Sie Mas Salagros Plus &#8211; Mas Salagros","og_description":"Entdecken Sie die Essenz von Mas Salagros in einer unserer Garden Suiten \u2013 mit mehr Raum f\u00fcr Sie, privatem Garten und Badewanne f\u00fcr zwei Personen.","og_url":"https:\/\/massalagros.com\/de\/producto\/entdecken-sie-mas-salagros-plus\/","og_site_name":"Mas Salagros","article_publisher":"https:\/\/www.facebook.com\/MasSalagros\/","article_modified_time":"2026-01-29T20:43:54+00:00","og_image":[{"width":1920,"height":1080,"url":"https:\/\/massalagros.com\/wp-content\/uploads\/2025\/12\/Experiencia_Mas-Salagros-Plus_0009s_0001_Mas-Salagros-Garden-suite-interior-vistas_web.jpg","type":"image\/jpeg"}],"twitter_card":"summary_large_image","twitter_site":"@MasSalagros","twitter_misc":{"Gesch\u00e4tzte Lesezeit":"1\u00a0Minute"},"schema":{"@context":"https:\/\/schema.org","@graph":[{"@type":"WebPage","@id":"https:\/\/massalagros.com\/de\/producto\/entdecken-sie-mas-salagros-plus\/","url":"https:\/\/massalagros.com\/de\/producto\/entdecken-sie-mas-salagros-plus\/","name":"Entdecken Sie Mas Salagros Plus &#8211; Mas Salagros","isPartOf":{"@id":"https:\/\/www.massalagros.com\/de\/#website"},"primaryImageOfPage":{"@id":"https:\/\/massalagros.com\/de\/producto\/entdecken-sie-mas-salagros-plus\/#primaryimage"},"image":{"@id":"https:\/\/massalagros.com\/de\/producto\/entdecken-sie-mas-salagros-plus\/#primaryimage"},"thumbnailUrl":"https:\/\/massalagros.com\/wp-content\/uploads\/2025\/12\/Experiencia_Mas-Salagros-Plus_0009s_0001_Mas-Salagros-Garden-suite-interior-vistas_web.jpg","datePublished":"2025-12-02T17:02:08+00:00","dateModified":"2026-01-29T20:43:54+00:00","description":"Entdecken Sie die Essenz von Mas Salagros in einer unserer Garden Suiten \u2013 mit mehr Raum f\u00fcr Sie, privatem Garten und Badewanne f\u00fcr zwei Personen.","breadcrumb":{"@id":"https:\/\/massalagros.com\/de\/producto\/entdecken-sie-mas-salagros-plus\/#breadcrumb"},"inLanguage":"de","potentialAction":[{"@type":"ReadAction","target":["https:\/\/massalagros.com\/de\/producto\/entdecken-sie-mas-salagros-plus\/"]}]},{"@type":"ImageObject","inLanguage":"de","@id":"https:\/\/massalagros.com\/de\/producto\/entdecken-sie-mas-salagros-plus\/#primaryimage","url":"https:\/\/massalagros.com\/wp-content\/uploads\/2025\/12\/Experiencia_Mas-Salagros-Plus_0009s_0001_Mas-Salagros-Garden-suite-interior-vistas_web.jpg","contentUrl":"https:\/\/massalagros.com\/wp-content\/uploads\/2025\/12\/Experiencia_Mas-Salagros-Plus_0009s_0001_Mas-Salagros-Garden-suite-interior-vistas_web.jpg","width":1920,"height":1080},{"@type":"BreadcrumbList","@id":"https:\/\/massalagros.com\/de\/producto\/entdecken-sie-mas-salagros-plus\/#breadcrumb","itemListElement":[{"@type":"ListItem","position":1,"name":"Portada","item":"https:\/\/massalagros.com\/de\/"},{"@type":"ListItem","position":2,"name":"Onlineshop","item":"https:\/\/massalagros.com\/de\/onlineshop\/"},{"@type":"ListItem","position":3,"name":"Entdecken Sie Mas Salagros Plus"}]},{"@type":"WebSite","@id":"https:\/\/www.massalagros.com\/de\/#website","url":"https:\/\/www.massalagros.com\/de\/","name":"Mas Salagros","description":"EcoResort de lujo en Barcelona - Vallromanes","publisher":{"@id":"https:\/\/www.massalagros.com\/de\/#organization"},"potentialAction":[{"@type":"SearchAction","target":{"@type":"EntryPoint","urlTemplate":"https:\/\/www.massalagros.com\/de\/?s={search_term_string}"},"query-input":{"@type":"PropertyValueSpecification","valueRequired":true,"valueName":"search_term_string"}}],"inLanguage":"de"},{"@type":"Organization","@id":"https:\/\/www.massalagros.com\/de\/#organization","name":"MAS SALAGROS HOTEL ECORESORT","url":"https:\/\/www.massalagros.com\/de\/","logo":{"@type":"ImageObject","inLanguage":"de","@id":"https:\/\/www.massalagros.com\/de\/#\/schema\/logo\/image\/","url":"\/wp-content\/uploads\/2018\/05\/IMG_0116.jpg","contentUrl":"\/wp-content\/uploads\/2018\/05\/IMG_0116.jpg","width":2000,"height":1333,"caption":"MAS SALAGROS HOTEL ECORESORT"},"image":{"@id":"https:\/\/www.massalagros.com\/de\/#\/schema\/logo\/image\/"},"sameAs":["https:\/\/www.facebook.com\/MasSalagros\/","https:\/\/x.com\/MasSalagros","https:\/\/www.instagram.com\/massalagrosecoresort\/"]}]}},"_links":{"self":[{"href":"https:\/\/massalagros.com\/de\/wp-json\/wp\/v2\/product\/30310","targetHints":{"allow":["GET"]}}],"collection":[{"href":"https:\/\/massalagros.com\/de\/wp-json\/wp\/v2\/product"}],"about":[{"href":"https:\/\/massalagros.com\/de\/wp-json\/wp\/v2\/types\/product"}],"wp:featuredmedia":[{"embeddable":true,"href":"https:\/\/massalagros.com\/de\/wp-json\/wp\/v2\/media\/29281"}],"wp:attachment":[{"href":"https:\/\/massalagros.com\/de\/wp-json\/wp\/v2\/media?parent=30310"}],"wp:term":[{"taxonomy":"product_brand","embeddable":true,"href":"https:\/\/massalagros.com\/de\/wp-json\/wp\/v2\/product_brand?post=30310"},{"taxonomy":"product_cat","embeddable":true,"href":"https:\/\/massalagros.com\/de\/wp-json\/wp\/v2\/product_cat?post=30310"},{"taxonomy":"product_tag","embeddable":true,"href":"https:\/\/massalagros.com\/de\/wp-json\/wp\/v2\/product_tag?post=30310"}],"curies":[{"name":"wp","href":"https:\/\/api.w.org\/{rel}","templated":true}]}}