{"id":30306,"date":"2025-11-24T15:24:40","date_gmt":"2025-11-24T15:24:40","guid":{"rendered":"https:\/\/massalagros.com\/?post_type=product&#038;p=30306"},"modified":"2026-01-29T18:56:58","modified_gmt":"2026-01-29T18:56:58","slug":"slow-life","status":"publish","type":"product","link":"https:\/\/massalagros.com\/de\/producto\/slow-life\/","title":{"rendered":"Slow Life"},"content":{"rendered":"<p>Slow Life kombiniert die \u00dcbernachtung in einem Doppelzimmer mit Terrasse, den Wasserparcours und die Aromatherapie bei AIRE Ancient Baths Vallromanes, ein entspanntes Mittagessen in unserem Restaurant Cibus, ein biologisches Fr\u00fchst\u00fcck sowie Zeit, um die nat\u00fcrliche Umgebung des Eco-Resorts zu genie\u00dfen. Eine Erfahrung, die zum Abschalten und Wiederverbinden gedacht ist. Der Komfort des Zimmers und die Ruhe der Umgebung laden dazu ein, den Aufenthalt in einem entschleunigten Rhythmus zu erleben \u2013 mit Fokus auf Erholung und Wohlbefinden.<\/p>\n","protected":false},"excerpt":{"rendered":"<h3>Langsam leben, gut schlafen und ohne Zeitdruck genie\u00dfen.<\/h3>\n<p>Ein Aufenthalt, der dazu einl\u00e4dt, das Tempo zu reduzieren und zum Wesentlichen zur\u00fcckzufinden. Wohlbefinden, Erholung und \u00f6kologische Gastronomie.<\/p>\n","protected":false},"featured_media":27647,"template":"","meta":{"_acf_changed":false},"product_brand":[],"product_cat":[973],"product_tag":[1039,1025,1027,1031,1023],"class_list":{"0":"post-30306","1":"product","2":"type-product","3":"status-publish","4":"has-post-thumbnail","6":"product_cat-ecoresort","7":"product_tag-a-la-carte-menu","8":"product_tag-begrusungsgetrank","9":"product_tag-bio-fruhstuck","10":"product_tag-superior-zimmer","11":"product_tag-thermalparcours","13":"first","14":"instock","15":"sale","16":"virtual","17":"purchasable","18":"product-type-simple"},"acf":[],"yoast_head":"<!-- This site is optimized with the Yoast SEO plugin v27.2 - https:\/\/yoast.com\/product\/yoast-seo-wordpress\/ -->\n<title>Slow Life &#8211; Mas Salagros<\/title>\n<meta name=\"description\" content=\"Ein Aufenthalt, der dazu einl\u00e4dt, das Tempo zu reduzieren und zum Wesentlichen zur\u00fcckzufinden. Wohlbefinden, Erholung und \u00f6kologische Gastronomie.\" \/>\n<meta name=\"robots\" content=\"index, follow, max-snippet:-1, max-image-preview:large, max-video-preview:-1\" \/>\n<link rel=\"canonical\" href=\"https:\/\/massalagros.com\/de\/producto\/slow-life\/\" \/>\n<meta property=\"og:locale\" content=\"de_DE\" \/>\n<meta property=\"og:type\" content=\"article\" \/>\n<meta property=\"og:title\" content=\"Slow Life &#8211; Mas Salagros\" \/>\n<meta property=\"og:description\" content=\"Ein Aufenthalt, der dazu einl\u00e4dt, das Tempo zu reduzieren und zum Wesentlichen zur\u00fcckzufinden. Wohlbefinden, Erholung und \u00f6kologische Gastronomie.\" \/>\n<meta property=\"og:url\" content=\"https:\/\/massalagros.com\/de\/producto\/slow-life\/\" \/>\n<meta property=\"og:site_name\" content=\"Mas Salagros\" \/>\n<meta property=\"article:publisher\" content=\"https:\/\/www.facebook.com\/MasSalagros\/\" \/>\n<meta property=\"article:modified_time\" content=\"2026-01-29T18:56:58+00:00\" \/>\n<meta property=\"og:image\" content=\"https:\/\/massalagros.com\/wp-content\/uploads\/2023\/10\/fotos-experiencias_slowlofe.jpeg\" \/>\n\t<meta property=\"og:image:width\" content=\"2560\" \/>\n\t<meta property=\"og:image:height\" content=\"1440\" \/>\n\t<meta property=\"og:image:type\" content=\"image\/jpeg\" \/>\n<meta name=\"twitter:card\" content=\"summary_large_image\" \/>\n<meta name=\"twitter:site\" content=\"@MasSalagros\" \/>\n<meta name=\"twitter:label1\" content=\"Gesch\u00e4tzte Lesezeit\" \/>\n\t<meta name=\"twitter:data1\" content=\"1\u00a0Minute\" \/>\n<script type=\"application\/ld+json\" class=\"yoast-schema-graph\">{\"@context\":\"https:\/\/schema.org\",\"@graph\":[{\"@type\":\"WebPage\",\"@id\":\"https:\/\/massalagros.com\/de\/producto\/slow-life\/\",\"url\":\"https:\/\/massalagros.com\/de\/producto\/slow-life\/\",\"name\":\"Slow Life &#8211; Mas Salagros\",\"isPartOf\":{\"@id\":\"https:\/\/www.massalagros.com\/de\/#website\"},\"primaryImageOfPage\":{\"@id\":\"https:\/\/massalagros.com\/de\/producto\/slow-life\/#primaryimage\"},\"image\":{\"@id\":\"https:\/\/massalagros.com\/de\/producto\/slow-life\/#primaryimage\"},\"thumbnailUrl\":\"https:\/\/massalagros.com\/wp-content\/uploads\/2023\/10\/fotos-experiencias_slowlofe.jpeg\",\"datePublished\":\"2025-11-24T15:24:40+00:00\",\"dateModified\":\"2026-01-29T18:56:58+00:00\",\"description\":\"Ein Aufenthalt, der dazu einl\u00e4dt, das Tempo zu reduzieren und zum Wesentlichen zur\u00fcckzufinden. Wohlbefinden, Erholung und \u00f6kologische Gastronomie.\",\"breadcrumb\":{\"@id\":\"https:\/\/massalagros.com\/de\/producto\/slow-life\/#breadcrumb\"},\"inLanguage\":\"de\",\"potentialAction\":[{\"@type\":\"ReadAction\",\"target\":[\"https:\/\/massalagros.com\/de\/producto\/slow-life\/\"]}]},{\"@type\":\"ImageObject\",\"inLanguage\":\"de\",\"@id\":\"https:\/\/massalagros.com\/de\/producto\/slow-life\/#primaryimage\",\"url\":\"https:\/\/massalagros.com\/wp-content\/uploads\/2023\/10\/fotos-experiencias_slowlofe.jpeg\",\"contentUrl\":\"https:\/\/massalagros.com\/wp-content\/uploads\/2023\/10\/fotos-experiencias_slowlofe.jpeg\",\"width\":2560,\"height\":1440},{\"@type\":\"BreadcrumbList\",\"@id\":\"https:\/\/massalagros.com\/de\/producto\/slow-life\/#breadcrumb\",\"itemListElement\":[{\"@type\":\"ListItem\",\"position\":1,\"name\":\"Portada\",\"item\":\"https:\/\/massalagros.com\/de\/\"},{\"@type\":\"ListItem\",\"position\":2,\"name\":\"Onlineshop\",\"item\":\"https:\/\/massalagros.com\/de\/onlineshop\/\"},{\"@type\":\"ListItem\",\"position\":3,\"name\":\"Slow Life\"}]},{\"@type\":\"WebSite\",\"@id\":\"https:\/\/www.massalagros.com\/de\/#website\",\"url\":\"https:\/\/www.massalagros.com\/de\/\",\"name\":\"Mas Salagros\",\"description\":\"EcoResort de lujo en Barcelona - Vallromanes\",\"publisher\":{\"@id\":\"https:\/\/www.massalagros.com\/de\/#organization\"},\"potentialAction\":[{\"@type\":\"SearchAction\",\"target\":{\"@type\":\"EntryPoint\",\"urlTemplate\":\"https:\/\/www.massalagros.com\/de\/?s={search_term_string}\"},\"query-input\":{\"@type\":\"PropertyValueSpecification\",\"valueRequired\":true,\"valueName\":\"search_term_string\"}}],\"inLanguage\":\"de\"},{\"@type\":\"Organization\",\"@id\":\"https:\/\/www.massalagros.com\/de\/#organization\",\"name\":\"MAS SALAGROS HOTEL ECORESORT\",\"url\":\"https:\/\/www.massalagros.com\/de\/\",\"logo\":{\"@type\":\"ImageObject\",\"inLanguage\":\"de\",\"@id\":\"https:\/\/www.massalagros.com\/de\/#\/schema\/logo\/image\/\",\"url\":\"\/wp-content\/uploads\/2018\/05\/IMG_0116.jpg\",\"contentUrl\":\"\/wp-content\/uploads\/2018\/05\/IMG_0116.jpg\",\"width\":2000,\"height\":1333,\"caption\":\"MAS SALAGROS HOTEL ECORESORT\"},\"image\":{\"@id\":\"https:\/\/www.massalagros.com\/de\/#\/schema\/logo\/image\/\"},\"sameAs\":[\"https:\/\/www.facebook.com\/MasSalagros\/\",\"https:\/\/x.com\/MasSalagros\",\"https:\/\/www.instagram.com\/massalagrosecoresort\/\"]}]}<\/script>\n<!-- \/ Yoast SEO plugin. -->","yoast_head_json":{"title":"Slow Life &#8211; Mas Salagros","description":"Ein Aufenthalt, der dazu einl\u00e4dt, das Tempo zu reduzieren und zum Wesentlichen zur\u00fcckzufinden. Wohlbefinden, Erholung und \u00f6kologische Gastronomie.","robots":{"index":"index","follow":"follow","max-snippet":"max-snippet:-1","max-image-preview":"max-image-preview:large","max-video-preview":"max-video-preview:-1"},"canonical":"https:\/\/massalagros.com\/de\/producto\/slow-life\/","og_locale":"de_DE","og_type":"article","og_title":"Slow Life &#8211; Mas Salagros","og_description":"Ein Aufenthalt, der dazu einl\u00e4dt, das Tempo zu reduzieren und zum Wesentlichen zur\u00fcckzufinden. Wohlbefinden, Erholung und \u00f6kologische Gastronomie.","og_url":"https:\/\/massalagros.com\/de\/producto\/slow-life\/","og_site_name":"Mas Salagros","article_publisher":"https:\/\/www.facebook.com\/MasSalagros\/","article_modified_time":"2026-01-29T18:56:58+00:00","og_image":[{"width":2560,"height":1440,"url":"https:\/\/massalagros.com\/wp-content\/uploads\/2023\/10\/fotos-experiencias_slowlofe.jpeg","type":"image\/jpeg"}],"twitter_card":"summary_large_image","twitter_site":"@MasSalagros","twitter_misc":{"Gesch\u00e4tzte Lesezeit":"1\u00a0Minute"},"schema":{"@context":"https:\/\/schema.org","@graph":[{"@type":"WebPage","@id":"https:\/\/massalagros.com\/de\/producto\/slow-life\/","url":"https:\/\/massalagros.com\/de\/producto\/slow-life\/","name":"Slow Life &#8211; Mas Salagros","isPartOf":{"@id":"https:\/\/www.massalagros.com\/de\/#website"},"primaryImageOfPage":{"@id":"https:\/\/massalagros.com\/de\/producto\/slow-life\/#primaryimage"},"image":{"@id":"https:\/\/massalagros.com\/de\/producto\/slow-life\/#primaryimage"},"thumbnailUrl":"https:\/\/massalagros.com\/wp-content\/uploads\/2023\/10\/fotos-experiencias_slowlofe.jpeg","datePublished":"2025-11-24T15:24:40+00:00","dateModified":"2026-01-29T18:56:58+00:00","description":"Ein Aufenthalt, der dazu einl\u00e4dt, das Tempo zu reduzieren und zum Wesentlichen zur\u00fcckzufinden. Wohlbefinden, Erholung und \u00f6kologische Gastronomie.","breadcrumb":{"@id":"https:\/\/massalagros.com\/de\/producto\/slow-life\/#breadcrumb"},"inLanguage":"de","potentialAction":[{"@type":"ReadAction","target":["https:\/\/massalagros.com\/de\/producto\/slow-life\/"]}]},{"@type":"ImageObject","inLanguage":"de","@id":"https:\/\/massalagros.com\/de\/producto\/slow-life\/#primaryimage","url":"https:\/\/massalagros.com\/wp-content\/uploads\/2023\/10\/fotos-experiencias_slowlofe.jpeg","contentUrl":"https:\/\/massalagros.com\/wp-content\/uploads\/2023\/10\/fotos-experiencias_slowlofe.jpeg","width":2560,"height":1440},{"@type":"BreadcrumbList","@id":"https:\/\/massalagros.com\/de\/producto\/slow-life\/#breadcrumb","itemListElement":[{"@type":"ListItem","position":1,"name":"Portada","item":"https:\/\/massalagros.com\/de\/"},{"@type":"ListItem","position":2,"name":"Onlineshop","item":"https:\/\/massalagros.com\/de\/onlineshop\/"},{"@type":"ListItem","position":3,"name":"Slow Life"}]},{"@type":"WebSite","@id":"https:\/\/www.massalagros.com\/de\/#website","url":"https:\/\/www.massalagros.com\/de\/","name":"Mas Salagros","description":"EcoResort de lujo en Barcelona - Vallromanes","publisher":{"@id":"https:\/\/www.massalagros.com\/de\/#organization"},"potentialAction":[{"@type":"SearchAction","target":{"@type":"EntryPoint","urlTemplate":"https:\/\/www.massalagros.com\/de\/?s={search_term_string}"},"query-input":{"@type":"PropertyValueSpecification","valueRequired":true,"valueName":"search_term_string"}}],"inLanguage":"de"},{"@type":"Organization","@id":"https:\/\/www.massalagros.com\/de\/#organization","name":"MAS SALAGROS HOTEL ECORESORT","url":"https:\/\/www.massalagros.com\/de\/","logo":{"@type":"ImageObject","inLanguage":"de","@id":"https:\/\/www.massalagros.com\/de\/#\/schema\/logo\/image\/","url":"\/wp-content\/uploads\/2018\/05\/IMG_0116.jpg","contentUrl":"\/wp-content\/uploads\/2018\/05\/IMG_0116.jpg","width":2000,"height":1333,"caption":"MAS SALAGROS HOTEL ECORESORT"},"image":{"@id":"https:\/\/www.massalagros.com\/de\/#\/schema\/logo\/image\/"},"sameAs":["https:\/\/www.facebook.com\/MasSalagros\/","https:\/\/x.com\/MasSalagros","https:\/\/www.instagram.com\/massalagrosecoresort\/"]}]}},"_links":{"self":[{"href":"https:\/\/massalagros.com\/de\/wp-json\/wp\/v2\/product\/30306","targetHints":{"allow":["GET"]}}],"collection":[{"href":"https:\/\/massalagros.com\/de\/wp-json\/wp\/v2\/product"}],"about":[{"href":"https:\/\/massalagros.com\/de\/wp-json\/wp\/v2\/types\/product"}],"wp:featuredmedia":[{"embeddable":true,"href":"https:\/\/massalagros.com\/de\/wp-json\/wp\/v2\/media\/27647"}],"wp:attachment":[{"href":"https:\/\/massalagros.com\/de\/wp-json\/wp\/v2\/media?parent=30306"}],"wp:term":[{"taxonomy":"product_brand","embeddable":true,"href":"https:\/\/massalagros.com\/de\/wp-json\/wp\/v2\/product_brand?post=30306"},{"taxonomy":"product_cat","embeddable":true,"href":"https:\/\/massalagros.com\/de\/wp-json\/wp\/v2\/product_cat?post=30306"},{"taxonomy":"product_tag","embeddable":true,"href":"https:\/\/massalagros.com\/de\/wp-json\/wp\/v2\/product_tag?post=30306"}],"curies":[{"name":"wp","href":"https:\/\/api.w.org\/{rel}","templated":true}]}}