{"id":30256,"date":"2025-12-02T18:14:28","date_gmt":"2025-12-02T18:14:28","guid":{"rendered":"https:\/\/massalagros.com\/?post_type=product&#038;p=30256"},"modified":"2026-01-28T08:20:55","modified_gmt":"2026-01-28T08:20:55","slug":"albor-degustationsmenue-und-weinauswahl","status":"publish","type":"product","link":"https:\/\/massalagros.com\/de\/producto\/albor-degustationsmenue-und-weinauswahl\/","title":{"rendered":"Albor Degustationsmen\u00fc und Weinauswahl"},"content":{"rendered":"<p>Das Albor Degustationsmen\u00fc bietet eine mehrg\u00e4ngige kulinarische Reise mit biologischen und saisonalen Zutaten, von denen viele aus dem eigenen Garten von Mas Salagros stammen \u2013 von kreativen Amuse-bouches bis hin zu Gerichten aus Meer und Land. Die Erfahrung wird durch eine Auswahl biodynamischer Weine erg\u00e4nzt, die die Aromen jedes Gangs mit Balance und feinen Nuancen hervorheben. Konzipiert f\u00fcr alle, die eine raffinierte, nachhaltige Gastronomie mit mediterranen Wurzeln sch\u00e4tzen, in einem ruhigen Ambiente, in dem jedes Detail sorgf\u00e4ltig bedacht ist.<\/p>\n","protected":false},"excerpt":{"rendered":"<h3>Saisonale Bio-K\u00fcche, mit Liebe zum Detail zubereitet.<\/h3>\n<p>Ein Degustationsmen\u00fc f\u00fcr zwei Personen, ausgezeichnet mit dem Michelin Green Star und einem Repsol Sun, das die mediterrane Bio-K\u00fcche mit saisonalen Produkten feiert.<\/p>\n","protected":false},"featured_media":29408,"template":"","meta":{"_acf_changed":false},"product_brand":[],"product_cat":[1021],"product_tag":[1048],"class_list":{"0":"post-30256","1":"product","2":"type-product","3":"status-publish","4":"has-post-thumbnail","6":"product_cat-gastronomie","7":"product_tag-albor-degustationsmenu","9":"first","10":"instock","11":"sale","12":"virtual","13":"purchasable","14":"product-type-simple"},"acf":[],"yoast_head":"<!-- This site is optimized with the Yoast SEO plugin v27.3 - https:\/\/yoast.com\/product\/yoast-seo-wordpress\/ -->\n<title>Albor Degustationsmen\u00fc und Weinauswahl &#8211; Mas Salagros<\/title>\n<meta name=\"description\" content=\"Ein Degustationsmen\u00fc f\u00fcr zwei Personen, ausgezeichnet mit dem Michelin Green Star und einem Repsol Sun, das die mediterrane Bio-K\u00fcche.\" \/>\n<meta name=\"robots\" content=\"index, follow, max-snippet:-1, max-image-preview:large, max-video-preview:-1\" \/>\n<link rel=\"canonical\" href=\"https:\/\/massalagros.com\/de\/producto\/albor-degustationsmenue-und-weinauswahl\/\" \/>\n<meta property=\"og:locale\" content=\"de_DE\" \/>\n<meta property=\"og:type\" content=\"article\" \/>\n<meta property=\"og:title\" content=\"Albor Degustationsmen\u00fc und Weinauswahl &#8211; Mas Salagros\" \/>\n<meta property=\"og:description\" content=\"Ein Degustationsmen\u00fc f\u00fcr zwei Personen, ausgezeichnet mit dem Michelin Green Star und einem Repsol Sun, das die mediterrane Bio-K\u00fcche.\" \/>\n<meta property=\"og:url\" content=\"https:\/\/massalagros.com\/de\/producto\/albor-degustationsmenue-und-weinauswahl\/\" \/>\n<meta property=\"og:site_name\" content=\"Mas Salagros\" \/>\n<meta property=\"article:publisher\" content=\"https:\/\/www.facebook.com\/MasSalagros\/\" \/>\n<meta property=\"article:modified_time\" content=\"2026-01-28T08:20:55+00:00\" \/>\n<meta property=\"og:image\" content=\"https:\/\/massalagros.com\/wp-content\/uploads\/2025\/12\/Experiencia_Albor_0000s_0005_Albor-3-web.jpg\" \/>\n\t<meta property=\"og:image:width\" content=\"1920\" \/>\n\t<meta property=\"og:image:height\" content=\"1080\" \/>\n\t<meta property=\"og:image:type\" content=\"image\/jpeg\" \/>\n<meta name=\"twitter:card\" content=\"summary_large_image\" \/>\n<meta name=\"twitter:site\" content=\"@MasSalagros\" \/>\n<meta name=\"twitter:label1\" content=\"Gesch\u00e4tzte Lesezeit\" \/>\n\t<meta name=\"twitter:data1\" content=\"1\u00a0Minute\" \/>\n<script type=\"application\/ld+json\" class=\"yoast-schema-graph\">{\"@context\":\"https:\\\/\\\/schema.org\",\"@graph\":[{\"@type\":\"WebPage\",\"@id\":\"https:\\\/\\\/massalagros.com\\\/de\\\/producto\\\/albor-degustationsmenue-und-weinauswahl\\\/\",\"url\":\"https:\\\/\\\/massalagros.com\\\/de\\\/producto\\\/albor-degustationsmenue-und-weinauswahl\\\/\",\"name\":\"Albor Degustationsmen\u00fc und Weinauswahl &#8211; Mas Salagros\",\"isPartOf\":{\"@id\":\"https:\\\/\\\/www.massalagros.com\\\/de\\\/#website\"},\"primaryImageOfPage\":{\"@id\":\"https:\\\/\\\/massalagros.com\\\/de\\\/producto\\\/albor-degustationsmenue-und-weinauswahl\\\/#primaryimage\"},\"image\":{\"@id\":\"https:\\\/\\\/massalagros.com\\\/de\\\/producto\\\/albor-degustationsmenue-und-weinauswahl\\\/#primaryimage\"},\"thumbnailUrl\":\"https:\\\/\\\/massalagros.com\\\/wp-content\\\/uploads\\\/2025\\\/12\\\/Experiencia_Albor_0000s_0005_Albor-3-web.jpg\",\"datePublished\":\"2025-12-02T18:14:28+00:00\",\"dateModified\":\"2026-01-28T08:20:55+00:00\",\"description\":\"Ein Degustationsmen\u00fc f\u00fcr zwei Personen, ausgezeichnet mit dem Michelin Green Star und einem Repsol Sun, das die mediterrane Bio-K\u00fcche.\",\"breadcrumb\":{\"@id\":\"https:\\\/\\\/massalagros.com\\\/de\\\/producto\\\/albor-degustationsmenue-und-weinauswahl\\\/#breadcrumb\"},\"inLanguage\":\"de\",\"potentialAction\":[{\"@type\":\"ReadAction\",\"target\":[\"https:\\\/\\\/massalagros.com\\\/de\\\/producto\\\/albor-degustationsmenue-und-weinauswahl\\\/\"]}]},{\"@type\":\"ImageObject\",\"inLanguage\":\"de\",\"@id\":\"https:\\\/\\\/massalagros.com\\\/de\\\/producto\\\/albor-degustationsmenue-und-weinauswahl\\\/#primaryimage\",\"url\":\"https:\\\/\\\/massalagros.com\\\/wp-content\\\/uploads\\\/2025\\\/12\\\/Experiencia_Albor_0000s_0005_Albor-3-web.jpg\",\"contentUrl\":\"https:\\\/\\\/massalagros.com\\\/wp-content\\\/uploads\\\/2025\\\/12\\\/Experiencia_Albor_0000s_0005_Albor-3-web.jpg\",\"width\":1920,\"height\":1080},{\"@type\":\"BreadcrumbList\",\"@id\":\"https:\\\/\\\/massalagros.com\\\/de\\\/producto\\\/albor-degustationsmenue-und-weinauswahl\\\/#breadcrumb\",\"itemListElement\":[{\"@type\":\"ListItem\",\"position\":1,\"name\":\"Portada\",\"item\":\"https:\\\/\\\/massalagros.com\\\/de\\\/\"},{\"@type\":\"ListItem\",\"position\":2,\"name\":\"Onlineshop\",\"item\":\"https:\\\/\\\/massalagros.com\\\/de\\\/onlineshop\\\/\"},{\"@type\":\"ListItem\",\"position\":3,\"name\":\"Albor Degustationsmen\u00fc und Weinauswahl\"}]},{\"@type\":\"WebSite\",\"@id\":\"https:\\\/\\\/www.massalagros.com\\\/de\\\/#website\",\"url\":\"https:\\\/\\\/www.massalagros.com\\\/de\\\/\",\"name\":\"Mas Salagros\",\"description\":\"EcoResort de lujo en Barcelona - Vallromanes\",\"publisher\":{\"@id\":\"https:\\\/\\\/www.massalagros.com\\\/de\\\/#organization\"},\"potentialAction\":[{\"@type\":\"SearchAction\",\"target\":{\"@type\":\"EntryPoint\",\"urlTemplate\":\"https:\\\/\\\/www.massalagros.com\\\/de\\\/?s={search_term_string}\"},\"query-input\":{\"@type\":\"PropertyValueSpecification\",\"valueRequired\":true,\"valueName\":\"search_term_string\"}}],\"inLanguage\":\"de\"},{\"@type\":\"Organization\",\"@id\":\"https:\\\/\\\/www.massalagros.com\\\/de\\\/#organization\",\"name\":\"MAS SALAGROS HOTEL ECORESORT\",\"url\":\"https:\\\/\\\/www.massalagros.com\\\/de\\\/\",\"logo\":{\"@type\":\"ImageObject\",\"inLanguage\":\"de\",\"@id\":\"https:\\\/\\\/www.massalagros.com\\\/de\\\/#\\\/schema\\\/logo\\\/image\\\/\",\"url\":\"\\\/wp-content\\\/uploads\\\/2018\\\/05\\\/IMG_0116.jpg\",\"contentUrl\":\"\\\/wp-content\\\/uploads\\\/2018\\\/05\\\/IMG_0116.jpg\",\"width\":2000,\"height\":1333,\"caption\":\"MAS SALAGROS HOTEL ECORESORT\"},\"image\":{\"@id\":\"https:\\\/\\\/www.massalagros.com\\\/de\\\/#\\\/schema\\\/logo\\\/image\\\/\"},\"sameAs\":[\"https:\\\/\\\/www.facebook.com\\\/MasSalagros\\\/\",\"https:\\\/\\\/x.com\\\/MasSalagros\",\"https:\\\/\\\/www.instagram.com\\\/massalagrosecoresort\\\/\"]}]}<\/script>\n<!-- \/ Yoast SEO plugin. -->","yoast_head_json":{"title":"Albor Degustationsmen\u00fc und Weinauswahl &#8211; Mas Salagros","description":"Ein Degustationsmen\u00fc f\u00fcr zwei Personen, ausgezeichnet mit dem Michelin Green Star und einem Repsol Sun, das die mediterrane Bio-K\u00fcche.","robots":{"index":"index","follow":"follow","max-snippet":"max-snippet:-1","max-image-preview":"max-image-preview:large","max-video-preview":"max-video-preview:-1"},"canonical":"https:\/\/massalagros.com\/de\/producto\/albor-degustationsmenue-und-weinauswahl\/","og_locale":"de_DE","og_type":"article","og_title":"Albor Degustationsmen\u00fc und Weinauswahl &#8211; Mas Salagros","og_description":"Ein Degustationsmen\u00fc f\u00fcr zwei Personen, ausgezeichnet mit dem Michelin Green Star und einem Repsol Sun, das die mediterrane Bio-K\u00fcche.","og_url":"https:\/\/massalagros.com\/de\/producto\/albor-degustationsmenue-und-weinauswahl\/","og_site_name":"Mas Salagros","article_publisher":"https:\/\/www.facebook.com\/MasSalagros\/","article_modified_time":"2026-01-28T08:20:55+00:00","og_image":[{"width":1920,"height":1080,"url":"https:\/\/massalagros.com\/wp-content\/uploads\/2025\/12\/Experiencia_Albor_0000s_0005_Albor-3-web.jpg","type":"image\/jpeg"}],"twitter_card":"summary_large_image","twitter_site":"@MasSalagros","twitter_misc":{"Gesch\u00e4tzte Lesezeit":"1\u00a0Minute"},"schema":{"@context":"https:\/\/schema.org","@graph":[{"@type":"WebPage","@id":"https:\/\/massalagros.com\/de\/producto\/albor-degustationsmenue-und-weinauswahl\/","url":"https:\/\/massalagros.com\/de\/producto\/albor-degustationsmenue-und-weinauswahl\/","name":"Albor Degustationsmen\u00fc und Weinauswahl &#8211; Mas Salagros","isPartOf":{"@id":"https:\/\/www.massalagros.com\/de\/#website"},"primaryImageOfPage":{"@id":"https:\/\/massalagros.com\/de\/producto\/albor-degustationsmenue-und-weinauswahl\/#primaryimage"},"image":{"@id":"https:\/\/massalagros.com\/de\/producto\/albor-degustationsmenue-und-weinauswahl\/#primaryimage"},"thumbnailUrl":"https:\/\/massalagros.com\/wp-content\/uploads\/2025\/12\/Experiencia_Albor_0000s_0005_Albor-3-web.jpg","datePublished":"2025-12-02T18:14:28+00:00","dateModified":"2026-01-28T08:20:55+00:00","description":"Ein Degustationsmen\u00fc f\u00fcr zwei Personen, ausgezeichnet mit dem Michelin Green Star und einem Repsol Sun, das die mediterrane Bio-K\u00fcche.","breadcrumb":{"@id":"https:\/\/massalagros.com\/de\/producto\/albor-degustationsmenue-und-weinauswahl\/#breadcrumb"},"inLanguage":"de","potentialAction":[{"@type":"ReadAction","target":["https:\/\/massalagros.com\/de\/producto\/albor-degustationsmenue-und-weinauswahl\/"]}]},{"@type":"ImageObject","inLanguage":"de","@id":"https:\/\/massalagros.com\/de\/producto\/albor-degustationsmenue-und-weinauswahl\/#primaryimage","url":"https:\/\/massalagros.com\/wp-content\/uploads\/2025\/12\/Experiencia_Albor_0000s_0005_Albor-3-web.jpg","contentUrl":"https:\/\/massalagros.com\/wp-content\/uploads\/2025\/12\/Experiencia_Albor_0000s_0005_Albor-3-web.jpg","width":1920,"height":1080},{"@type":"BreadcrumbList","@id":"https:\/\/massalagros.com\/de\/producto\/albor-degustationsmenue-und-weinauswahl\/#breadcrumb","itemListElement":[{"@type":"ListItem","position":1,"name":"Portada","item":"https:\/\/massalagros.com\/de\/"},{"@type":"ListItem","position":2,"name":"Onlineshop","item":"https:\/\/massalagros.com\/de\/onlineshop\/"},{"@type":"ListItem","position":3,"name":"Albor Degustationsmen\u00fc und Weinauswahl"}]},{"@type":"WebSite","@id":"https:\/\/www.massalagros.com\/de\/#website","url":"https:\/\/www.massalagros.com\/de\/","name":"Mas Salagros","description":"EcoResort de lujo en Barcelona - Vallromanes","publisher":{"@id":"https:\/\/www.massalagros.com\/de\/#organization"},"potentialAction":[{"@type":"SearchAction","target":{"@type":"EntryPoint","urlTemplate":"https:\/\/www.massalagros.com\/de\/?s={search_term_string}"},"query-input":{"@type":"PropertyValueSpecification","valueRequired":true,"valueName":"search_term_string"}}],"inLanguage":"de"},{"@type":"Organization","@id":"https:\/\/www.massalagros.com\/de\/#organization","name":"MAS SALAGROS HOTEL ECORESORT","url":"https:\/\/www.massalagros.com\/de\/","logo":{"@type":"ImageObject","inLanguage":"de","@id":"https:\/\/www.massalagros.com\/de\/#\/schema\/logo\/image\/","url":"\/wp-content\/uploads\/2018\/05\/IMG_0116.jpg","contentUrl":"\/wp-content\/uploads\/2018\/05\/IMG_0116.jpg","width":2000,"height":1333,"caption":"MAS SALAGROS HOTEL ECORESORT"},"image":{"@id":"https:\/\/www.massalagros.com\/de\/#\/schema\/logo\/image\/"},"sameAs":["https:\/\/www.facebook.com\/MasSalagros\/","https:\/\/x.com\/MasSalagros","https:\/\/www.instagram.com\/massalagrosecoresort\/"]}]}},"_links":{"self":[{"href":"https:\/\/massalagros.com\/de\/wp-json\/wp\/v2\/product\/30256","targetHints":{"allow":["GET"]}}],"collection":[{"href":"https:\/\/massalagros.com\/de\/wp-json\/wp\/v2\/product"}],"about":[{"href":"https:\/\/massalagros.com\/de\/wp-json\/wp\/v2\/types\/product"}],"wp:featuredmedia":[{"embeddable":true,"href":"https:\/\/massalagros.com\/de\/wp-json\/wp\/v2\/media\/29408"}],"wp:attachment":[{"href":"https:\/\/massalagros.com\/de\/wp-json\/wp\/v2\/media?parent=30256"}],"wp:term":[{"taxonomy":"product_brand","embeddable":true,"href":"https:\/\/massalagros.com\/de\/wp-json\/wp\/v2\/product_brand?post=30256"},{"taxonomy":"product_cat","embeddable":true,"href":"https:\/\/massalagros.com\/de\/wp-json\/wp\/v2\/product_cat?post=30256"},{"taxonomy":"product_tag","embeddable":true,"href":"https:\/\/massalagros.com\/de\/wp-json\/wp\/v2\/product_tag?post=30256"}],"curies":[{"name":"wp","href":"https:\/\/api.w.org\/{rel}","templated":true}]}}