{"id":30253,"date":"2025-11-14T15:14:11","date_gmt":"2025-11-14T15:14:11","guid":{"rendered":"https:\/\/massalagros.com\/?post_type=product&#038;p=30253"},"modified":"2026-02-17T17:07:08","modified_gmt":"2026-02-17T17:07:08","slug":"singulaerer-rueckzug","status":"publish","type":"product","link":"https:\/\/massalagros.com\/de\/producto\/singulaerer-rueckzug\/","title":{"rendered":"Singul\u00e4rer R\u00fcckzug"},"content":{"rendered":"<p>Entfliehen Sie dem Alltag und tanken Sie neue Energie mit unserem Express-Reconnection-Erlebnis. Entspannen Sie sich in einem sch\u00f6nen Zimmer mit Terrasse, genie\u00dfen Sie ein 100% zertifiziertes Bio-Mittag- oder Abendessen im Restaurant Cibus und starten Sie mit einem k\u00f6stlichen Fr\u00fchst\u00fcck aus besten regionalen Zutaten in den Tag. Erg\u00e4nzt wird das Erlebnis durch einen Aufenthalt, der auf tiefe Erholung ausgelegt ist, umgeben von Natur und Stille. Jeder Raum und jeder Service sind darauf ausgerichtet, Entspannung und Wohlbefinden zu f\u00f6rdern und Zeit f\u00fcr bewusste Selbstf\u00fcrsorge zu schenken. Ideal, um dem Alltag zu entfliehen und in aller Ruhe das innere Gleichgewicht wiederzufinden.<\/p>\n","protected":false},"excerpt":{"rendered":"<h3>Tiefe Erholung und Wohlbefinden inmitten der Natur.<\/h3>\n<p>G\u00f6nnen Sie sich einen Tag ganz f\u00fcr sich \u2013 ohne eine Reise antreten zu m\u00fcssen. Eine Gelegenheit, zu entspannen, neue Energie zu sch\u00f6pfen und in einer Umgebung absoluter Ruhe wieder zu sich selbst zu finden.<\/p>\n","protected":false},"featured_media":29004,"template":"","meta":{"_acf_changed":false},"product_brand":[],"product_cat":[973],"product_tag":[1039,1025,1027,1031],"class_list":{"0":"post-30253","1":"product","2":"type-product","3":"status-publish","4":"has-post-thumbnail","6":"product_cat-ecoresort","7":"product_tag-a-la-carte-menu","8":"product_tag-begrusungsgetrank","9":"product_tag-bio-fruhstuck","10":"product_tag-superior-zimmer","12":"first","13":"instock","14":"shipping-taxable","15":"purchasable","16":"product-type-variable"},"acf":[],"yoast_head":"<!-- This site is optimized with the Yoast SEO plugin v27.2 - https:\/\/yoast.com\/product\/yoast-seo-wordpress\/ -->\n<title>Singul\u00e4rer R\u00fcckzug &#8211; Mas Salagros<\/title>\n<meta name=\"description\" content=\"G\u00f6nnen Sie sich einen Tag ganz f\u00fcr sich \u2013 ohne eine Reise antreten zu m\u00fcssen. Eine Gelegenheit, zu entspannen, neue Energie zu sch\u00f6pfen.\" \/>\n<meta name=\"robots\" content=\"index, follow, max-snippet:-1, max-image-preview:large, max-video-preview:-1\" \/>\n<link rel=\"canonical\" href=\"https:\/\/massalagros.com\/de\/producto\/singulaerer-rueckzug\/\" \/>\n<meta property=\"og:locale\" content=\"de_DE\" \/>\n<meta property=\"og:type\" content=\"article\" \/>\n<meta property=\"og:title\" content=\"Singul\u00e4rer R\u00fcckzug &#8211; Mas Salagros\" \/>\n<meta property=\"og:description\" content=\"G\u00f6nnen Sie sich einen Tag ganz f\u00fcr sich \u2013 ohne eine Reise antreten zu m\u00fcssen. Eine Gelegenheit, zu entspannen, neue Energie zu sch\u00f6pfen.\" \/>\n<meta property=\"og:url\" content=\"https:\/\/massalagros.com\/de\/producto\/singulaerer-rueckzug\/\" \/>\n<meta property=\"og:site_name\" content=\"Mas Salagros\" \/>\n<meta property=\"article:publisher\" content=\"https:\/\/www.facebook.com\/MasSalagros\/\" \/>\n<meta property=\"article:modified_time\" content=\"2026-02-17T17:07:08+00:00\" \/>\n<meta property=\"og:image\" content=\"https:\/\/massalagros.com\/wp-content\/uploads\/2025\/10\/Motor_otono2.jpg\" \/>\n\t<meta property=\"og:image:width\" content=\"1920\" \/>\n\t<meta property=\"og:image:height\" content=\"1080\" \/>\n\t<meta property=\"og:image:type\" content=\"image\/jpeg\" \/>\n<meta name=\"twitter:card\" content=\"summary_large_image\" \/>\n<meta name=\"twitter:site\" content=\"@MasSalagros\" \/>\n<meta name=\"twitter:label1\" content=\"Gesch\u00e4tzte Lesezeit\" \/>\n\t<meta name=\"twitter:data1\" content=\"1\u00a0Minute\" \/>\n<script type=\"application\/ld+json\" class=\"yoast-schema-graph\">{\"@context\":\"https:\/\/schema.org\",\"@graph\":[{\"@type\":\"WebPage\",\"@id\":\"https:\/\/massalagros.com\/de\/producto\/singulaerer-rueckzug\/\",\"url\":\"https:\/\/massalagros.com\/de\/producto\/singulaerer-rueckzug\/\",\"name\":\"Singul\u00e4rer R\u00fcckzug &#8211; Mas Salagros\",\"isPartOf\":{\"@id\":\"https:\/\/www.massalagros.com\/de\/#website\"},\"primaryImageOfPage\":{\"@id\":\"https:\/\/massalagros.com\/de\/producto\/singulaerer-rueckzug\/#primaryimage\"},\"image\":{\"@id\":\"https:\/\/massalagros.com\/de\/producto\/singulaerer-rueckzug\/#primaryimage\"},\"thumbnailUrl\":\"https:\/\/massalagros.com\/wp-content\/uploads\/2025\/10\/Motor_otono2.jpg\",\"datePublished\":\"2025-11-14T15:14:11+00:00\",\"dateModified\":\"2026-02-17T17:07:08+00:00\",\"description\":\"G\u00f6nnen Sie sich einen Tag ganz f\u00fcr sich \u2013 ohne eine Reise antreten zu m\u00fcssen. Eine Gelegenheit, zu entspannen, neue Energie zu sch\u00f6pfen.\",\"breadcrumb\":{\"@id\":\"https:\/\/massalagros.com\/de\/producto\/singulaerer-rueckzug\/#breadcrumb\"},\"inLanguage\":\"de\",\"potentialAction\":[{\"@type\":\"ReadAction\",\"target\":[\"https:\/\/massalagros.com\/de\/producto\/singulaerer-rueckzug\/\"]}]},{\"@type\":\"ImageObject\",\"inLanguage\":\"de\",\"@id\":\"https:\/\/massalagros.com\/de\/producto\/singulaerer-rueckzug\/#primaryimage\",\"url\":\"https:\/\/massalagros.com\/wp-content\/uploads\/2025\/10\/Motor_otono2.jpg\",\"contentUrl\":\"https:\/\/massalagros.com\/wp-content\/uploads\/2025\/10\/Motor_otono2.jpg\",\"width\":1920,\"height\":1080},{\"@type\":\"BreadcrumbList\",\"@id\":\"https:\/\/massalagros.com\/de\/producto\/singulaerer-rueckzug\/#breadcrumb\",\"itemListElement\":[{\"@type\":\"ListItem\",\"position\":1,\"name\":\"Portada\",\"item\":\"https:\/\/massalagros.com\/de\/\"},{\"@type\":\"ListItem\",\"position\":2,\"name\":\"Onlineshop\",\"item\":\"https:\/\/massalagros.com\/de\/onlineshop\/\"},{\"@type\":\"ListItem\",\"position\":3,\"name\":\"Singul\u00e4rer R\u00fcckzug\"}]},{\"@type\":\"WebSite\",\"@id\":\"https:\/\/www.massalagros.com\/de\/#website\",\"url\":\"https:\/\/www.massalagros.com\/de\/\",\"name\":\"Mas Salagros\",\"description\":\"EcoResort de lujo en Barcelona - Vallromanes\",\"publisher\":{\"@id\":\"https:\/\/www.massalagros.com\/de\/#organization\"},\"potentialAction\":[{\"@type\":\"SearchAction\",\"target\":{\"@type\":\"EntryPoint\",\"urlTemplate\":\"https:\/\/www.massalagros.com\/de\/?s={search_term_string}\"},\"query-input\":{\"@type\":\"PropertyValueSpecification\",\"valueRequired\":true,\"valueName\":\"search_term_string\"}}],\"inLanguage\":\"de\"},{\"@type\":\"Organization\",\"@id\":\"https:\/\/www.massalagros.com\/de\/#organization\",\"name\":\"MAS SALAGROS HOTEL ECORESORT\",\"url\":\"https:\/\/www.massalagros.com\/de\/\",\"logo\":{\"@type\":\"ImageObject\",\"inLanguage\":\"de\",\"@id\":\"https:\/\/www.massalagros.com\/de\/#\/schema\/logo\/image\/\",\"url\":\"\/wp-content\/uploads\/2018\/05\/IMG_0116.jpg\",\"contentUrl\":\"\/wp-content\/uploads\/2018\/05\/IMG_0116.jpg\",\"width\":2000,\"height\":1333,\"caption\":\"MAS SALAGROS HOTEL ECORESORT\"},\"image\":{\"@id\":\"https:\/\/www.massalagros.com\/de\/#\/schema\/logo\/image\/\"},\"sameAs\":[\"https:\/\/www.facebook.com\/MasSalagros\/\",\"https:\/\/x.com\/MasSalagros\",\"https:\/\/www.instagram.com\/massalagrosecoresort\/\"]}]}<\/script>\n<!-- \/ Yoast SEO plugin. -->","yoast_head_json":{"title":"Singul\u00e4rer R\u00fcckzug &#8211; Mas Salagros","description":"G\u00f6nnen Sie sich einen Tag ganz f\u00fcr sich \u2013 ohne eine Reise antreten zu m\u00fcssen. Eine Gelegenheit, zu entspannen, neue Energie zu sch\u00f6pfen.","robots":{"index":"index","follow":"follow","max-snippet":"max-snippet:-1","max-image-preview":"max-image-preview:large","max-video-preview":"max-video-preview:-1"},"canonical":"https:\/\/massalagros.com\/de\/producto\/singulaerer-rueckzug\/","og_locale":"de_DE","og_type":"article","og_title":"Singul\u00e4rer R\u00fcckzug &#8211; Mas Salagros","og_description":"G\u00f6nnen Sie sich einen Tag ganz f\u00fcr sich \u2013 ohne eine Reise antreten zu m\u00fcssen. Eine Gelegenheit, zu entspannen, neue Energie zu sch\u00f6pfen.","og_url":"https:\/\/massalagros.com\/de\/producto\/singulaerer-rueckzug\/","og_site_name":"Mas Salagros","article_publisher":"https:\/\/www.facebook.com\/MasSalagros\/","article_modified_time":"2026-02-17T17:07:08+00:00","og_image":[{"width":1920,"height":1080,"url":"https:\/\/massalagros.com\/wp-content\/uploads\/2025\/10\/Motor_otono2.jpg","type":"image\/jpeg"}],"twitter_card":"summary_large_image","twitter_site":"@MasSalagros","twitter_misc":{"Gesch\u00e4tzte Lesezeit":"1\u00a0Minute"},"schema":{"@context":"https:\/\/schema.org","@graph":[{"@type":"WebPage","@id":"https:\/\/massalagros.com\/de\/producto\/singulaerer-rueckzug\/","url":"https:\/\/massalagros.com\/de\/producto\/singulaerer-rueckzug\/","name":"Singul\u00e4rer R\u00fcckzug &#8211; Mas Salagros","isPartOf":{"@id":"https:\/\/www.massalagros.com\/de\/#website"},"primaryImageOfPage":{"@id":"https:\/\/massalagros.com\/de\/producto\/singulaerer-rueckzug\/#primaryimage"},"image":{"@id":"https:\/\/massalagros.com\/de\/producto\/singulaerer-rueckzug\/#primaryimage"},"thumbnailUrl":"https:\/\/massalagros.com\/wp-content\/uploads\/2025\/10\/Motor_otono2.jpg","datePublished":"2025-11-14T15:14:11+00:00","dateModified":"2026-02-17T17:07:08+00:00","description":"G\u00f6nnen Sie sich einen Tag ganz f\u00fcr sich \u2013 ohne eine Reise antreten zu m\u00fcssen. Eine Gelegenheit, zu entspannen, neue Energie zu sch\u00f6pfen.","breadcrumb":{"@id":"https:\/\/massalagros.com\/de\/producto\/singulaerer-rueckzug\/#breadcrumb"},"inLanguage":"de","potentialAction":[{"@type":"ReadAction","target":["https:\/\/massalagros.com\/de\/producto\/singulaerer-rueckzug\/"]}]},{"@type":"ImageObject","inLanguage":"de","@id":"https:\/\/massalagros.com\/de\/producto\/singulaerer-rueckzug\/#primaryimage","url":"https:\/\/massalagros.com\/wp-content\/uploads\/2025\/10\/Motor_otono2.jpg","contentUrl":"https:\/\/massalagros.com\/wp-content\/uploads\/2025\/10\/Motor_otono2.jpg","width":1920,"height":1080},{"@type":"BreadcrumbList","@id":"https:\/\/massalagros.com\/de\/producto\/singulaerer-rueckzug\/#breadcrumb","itemListElement":[{"@type":"ListItem","position":1,"name":"Portada","item":"https:\/\/massalagros.com\/de\/"},{"@type":"ListItem","position":2,"name":"Onlineshop","item":"https:\/\/massalagros.com\/de\/onlineshop\/"},{"@type":"ListItem","position":3,"name":"Singul\u00e4rer R\u00fcckzug"}]},{"@type":"WebSite","@id":"https:\/\/www.massalagros.com\/de\/#website","url":"https:\/\/www.massalagros.com\/de\/","name":"Mas Salagros","description":"EcoResort de lujo en Barcelona - Vallromanes","publisher":{"@id":"https:\/\/www.massalagros.com\/de\/#organization"},"potentialAction":[{"@type":"SearchAction","target":{"@type":"EntryPoint","urlTemplate":"https:\/\/www.massalagros.com\/de\/?s={search_term_string}"},"query-input":{"@type":"PropertyValueSpecification","valueRequired":true,"valueName":"search_term_string"}}],"inLanguage":"de"},{"@type":"Organization","@id":"https:\/\/www.massalagros.com\/de\/#organization","name":"MAS SALAGROS HOTEL ECORESORT","url":"https:\/\/www.massalagros.com\/de\/","logo":{"@type":"ImageObject","inLanguage":"de","@id":"https:\/\/www.massalagros.com\/de\/#\/schema\/logo\/image\/","url":"\/wp-content\/uploads\/2018\/05\/IMG_0116.jpg","contentUrl":"\/wp-content\/uploads\/2018\/05\/IMG_0116.jpg","width":2000,"height":1333,"caption":"MAS SALAGROS HOTEL ECORESORT"},"image":{"@id":"https:\/\/www.massalagros.com\/de\/#\/schema\/logo\/image\/"},"sameAs":["https:\/\/www.facebook.com\/MasSalagros\/","https:\/\/x.com\/MasSalagros","https:\/\/www.instagram.com\/massalagrosecoresort\/"]}]}},"_links":{"self":[{"href":"https:\/\/massalagros.com\/de\/wp-json\/wp\/v2\/product\/30253","targetHints":{"allow":["GET"]}}],"collection":[{"href":"https:\/\/massalagros.com\/de\/wp-json\/wp\/v2\/product"}],"about":[{"href":"https:\/\/massalagros.com\/de\/wp-json\/wp\/v2\/types\/product"}],"wp:featuredmedia":[{"embeddable":true,"href":"https:\/\/massalagros.com\/de\/wp-json\/wp\/v2\/media\/29004"}],"wp:attachment":[{"href":"https:\/\/massalagros.com\/de\/wp-json\/wp\/v2\/media?parent=30253"}],"wp:term":[{"taxonomy":"product_brand","embeddable":true,"href":"https:\/\/massalagros.com\/de\/wp-json\/wp\/v2\/product_brand?post=30253"},{"taxonomy":"product_cat","embeddable":true,"href":"https:\/\/massalagros.com\/de\/wp-json\/wp\/v2\/product_cat?post=30253"},{"taxonomy":"product_tag","embeddable":true,"href":"https:\/\/massalagros.com\/de\/wp-json\/wp\/v2\/product_tag?post=30253"}],"curies":[{"name":"wp","href":"https:\/\/api.w.org\/{rel}","templated":true}]}}