{"id":5875,"date":"2019-10-31T17:55:47","date_gmt":"2019-10-31T17:55:47","guid":{"rendered":"https:\/\/massalagros.com\/navidad-2\/"},"modified":"2024-09-13T07:33:34","modified_gmt":"2024-09-13T07:33:34","slug":"weihnachtsmenus","status":"publish","type":"page","link":"https:\/\/massalagros.com\/de\/weihnachtsmenus\/","title":{"rendered":"Weihnachtsmen\u00fcs"},"content":{"rendered":"","protected":false},"excerpt":{"rendered":"","protected":false},"author":3,"featured_media":8844,"parent":0,"menu_order":118,"comment_status":"closed","ping_status":"closed","template":"views\/template-carta.blade.php","meta":{"_acf_changed":false,"footnotes":""},"class_list":["post-5875","page","type-page","status-publish","has-post-thumbnail","hentry"],"acf":[],"yoast_head":"<!-- This site is optimized with the Yoast SEO plugin v27.2 - https:\/\/yoast.com\/product\/yoast-seo-wordpress\/ -->\n<title>Weihnachtsmen\u00fcs - Gastronomie | Mas Salagros EcoResort<\/title>\n<meta name=\"description\" content=\"Genie\u00dfen Sie Weihnachten im Mas Salagros EcoResort. Wir bieten Ihnen verschiedene \u00f6kologische Weihnachtsmen\u00fcs f\u00fcr die angegebenen Tage.\" \/>\n<meta name=\"robots\" content=\"index, follow, max-snippet:-1, max-image-preview:large, max-video-preview:-1\" \/>\n<link rel=\"canonical\" href=\"https:\/\/massalagros.com\/de\/weihnachtsmenus\/\" \/>\n<meta property=\"og:locale\" content=\"de_DE\" \/>\n<meta property=\"og:type\" content=\"article\" \/>\n<meta property=\"og:title\" content=\"Weihnachtsmen\u00fcs - Gastronomie | Mas Salagros EcoResort\" \/>\n<meta property=\"og:description\" content=\"Genie\u00dfen Sie Weihnachten im Mas Salagros EcoResort. Wir bieten Ihnen verschiedene \u00f6kologische Weihnachtsmen\u00fcs f\u00fcr die angegebenen Tage.\" \/>\n<meta property=\"og:url\" content=\"https:\/\/massalagros.com\/de\/weihnachtsmenus\/\" \/>\n<meta property=\"og:site_name\" content=\"Mas Salagros\" \/>\n<meta property=\"article:publisher\" content=\"https:\/\/www.facebook.com\/MasSalagros\/\" \/>\n<meta property=\"article:modified_time\" content=\"2024-09-13T07:33:34+00:00\" \/>\n<meta property=\"og:image\" content=\"https:\/\/www.massalagros.com\/wp-content\/uploads\/2020\/12\/NAVIDAD-2020.jpg\" \/>\n\t<meta property=\"og:image:width\" content=\"2500\" \/>\n\t<meta property=\"og:image:height\" content=\"1669\" \/>\n\t<meta property=\"og:image:type\" content=\"image\/jpeg\" \/>\n<meta name=\"twitter:card\" content=\"summary_large_image\" \/>\n<meta name=\"twitter:site\" content=\"@MasSalagros\" \/>\n<meta name=\"twitter:label1\" content=\"Gesch\u00e4tzte Lesezeit\" \/>\n\t<meta name=\"twitter:data1\" content=\"3\u00a0Minuten\" \/>\n<script type=\"application\/ld+json\" class=\"yoast-schema-graph\">{\"@context\":\"https:\/\/schema.org\",\"@graph\":[{\"@type\":\"WebPage\",\"@id\":\"https:\/\/massalagros.com\/de\/weihnachtsmenus\/\",\"url\":\"https:\/\/massalagros.com\/de\/weihnachtsmenus\/\",\"name\":\"Weihnachtsmen\u00fcs - Gastronomie | Mas Salagros EcoResort\",\"isPartOf\":{\"@id\":\"https:\/\/www.massalagros.com\/de\/#website\"},\"primaryImageOfPage\":{\"@id\":\"https:\/\/massalagros.com\/de\/weihnachtsmenus\/#primaryimage\"},\"image\":{\"@id\":\"https:\/\/massalagros.com\/de\/weihnachtsmenus\/#primaryimage\"},\"thumbnailUrl\":\"https:\/\/massalagros.com\/wp-content\/uploads\/2020\/12\/NAVIDAD-2020.jpg\",\"datePublished\":\"2019-10-31T17:55:47+00:00\",\"dateModified\":\"2024-09-13T07:33:34+00:00\",\"description\":\"Genie\u00dfen Sie Weihnachten im Mas Salagros EcoResort. Wir bieten Ihnen verschiedene \u00f6kologische Weihnachtsmen\u00fcs f\u00fcr die angegebenen Tage.\",\"breadcrumb\":{\"@id\":\"https:\/\/massalagros.com\/de\/weihnachtsmenus\/#breadcrumb\"},\"inLanguage\":\"de\",\"potentialAction\":[{\"@type\":\"ReadAction\",\"target\":[\"https:\/\/massalagros.com\/de\/weihnachtsmenus\/\"]}]},{\"@type\":\"ImageObject\",\"inLanguage\":\"de\",\"@id\":\"https:\/\/massalagros.com\/de\/weihnachtsmenus\/#primaryimage\",\"url\":\"https:\/\/massalagros.com\/wp-content\/uploads\/2020\/12\/NAVIDAD-2020.jpg\",\"contentUrl\":\"https:\/\/massalagros.com\/wp-content\/uploads\/2020\/12\/NAVIDAD-2020.jpg\",\"width\":2500,\"height\":1669,\"caption\":\"navidad Mas Salagros EcoResort\"},{\"@type\":\"BreadcrumbList\",\"@id\":\"https:\/\/massalagros.com\/de\/weihnachtsmenus\/#breadcrumb\",\"itemListElement\":[{\"@type\":\"ListItem\",\"position\":1,\"name\":\"Portada\",\"item\":\"https:\/\/massalagros.com\/de\/\"},{\"@type\":\"ListItem\",\"position\":2,\"name\":\"Weihnachtsmen\u00fcs\"}]},{\"@type\":\"WebSite\",\"@id\":\"https:\/\/www.massalagros.com\/de\/#website\",\"url\":\"https:\/\/www.massalagros.com\/de\/\",\"name\":\"Mas Salagros\",\"description\":\"EcoResort de lujo en Barcelona - Vallromanes\",\"publisher\":{\"@id\":\"https:\/\/www.massalagros.com\/de\/#organization\"},\"potentialAction\":[{\"@type\":\"SearchAction\",\"target\":{\"@type\":\"EntryPoint\",\"urlTemplate\":\"https:\/\/www.massalagros.com\/de\/?s={search_term_string}\"},\"query-input\":{\"@type\":\"PropertyValueSpecification\",\"valueRequired\":true,\"valueName\":\"search_term_string\"}}],\"inLanguage\":\"de\"},{\"@type\":\"Organization\",\"@id\":\"https:\/\/www.massalagros.com\/de\/#organization\",\"name\":\"MAS SALAGROS HOTEL ECORESORT\",\"url\":\"https:\/\/www.massalagros.com\/de\/\",\"logo\":{\"@type\":\"ImageObject\",\"inLanguage\":\"de\",\"@id\":\"https:\/\/www.massalagros.com\/de\/#\/schema\/logo\/image\/\",\"url\":\"\/wp-content\/uploads\/2018\/05\/IMG_0116.jpg\",\"contentUrl\":\"\/wp-content\/uploads\/2018\/05\/IMG_0116.jpg\",\"width\":2000,\"height\":1333,\"caption\":\"MAS SALAGROS HOTEL ECORESORT\"},\"image\":{\"@id\":\"https:\/\/www.massalagros.com\/de\/#\/schema\/logo\/image\/\"},\"sameAs\":[\"https:\/\/www.facebook.com\/MasSalagros\/\",\"https:\/\/x.com\/MasSalagros\",\"https:\/\/www.instagram.com\/massalagrosecoresort\/\"]}]}<\/script>\n<!-- \/ Yoast SEO plugin. -->","yoast_head_json":{"title":"Weihnachtsmen\u00fcs - Gastronomie | Mas Salagros EcoResort","description":"Genie\u00dfen Sie Weihnachten im Mas Salagros EcoResort. Wir bieten Ihnen verschiedene \u00f6kologische Weihnachtsmen\u00fcs f\u00fcr die angegebenen Tage.","robots":{"index":"index","follow":"follow","max-snippet":"max-snippet:-1","max-image-preview":"max-image-preview:large","max-video-preview":"max-video-preview:-1"},"canonical":"https:\/\/massalagros.com\/de\/weihnachtsmenus\/","og_locale":"de_DE","og_type":"article","og_title":"Weihnachtsmen\u00fcs - Gastronomie | Mas Salagros EcoResort","og_description":"Genie\u00dfen Sie Weihnachten im Mas Salagros EcoResort. Wir bieten Ihnen verschiedene \u00f6kologische Weihnachtsmen\u00fcs f\u00fcr die angegebenen Tage.","og_url":"https:\/\/massalagros.com\/de\/weihnachtsmenus\/","og_site_name":"Mas Salagros","article_publisher":"https:\/\/www.facebook.com\/MasSalagros\/","article_modified_time":"2024-09-13T07:33:34+00:00","og_image":[{"width":2500,"height":1669,"url":"https:\/\/www.massalagros.com\/wp-content\/uploads\/2020\/12\/NAVIDAD-2020.jpg","type":"image\/jpeg"}],"twitter_card":"summary_large_image","twitter_site":"@MasSalagros","twitter_misc":{"Gesch\u00e4tzte Lesezeit":"3\u00a0Minuten"},"schema":{"@context":"https:\/\/schema.org","@graph":[{"@type":"WebPage","@id":"https:\/\/massalagros.com\/de\/weihnachtsmenus\/","url":"https:\/\/massalagros.com\/de\/weihnachtsmenus\/","name":"Weihnachtsmen\u00fcs - Gastronomie | Mas Salagros EcoResort","isPartOf":{"@id":"https:\/\/www.massalagros.com\/de\/#website"},"primaryImageOfPage":{"@id":"https:\/\/massalagros.com\/de\/weihnachtsmenus\/#primaryimage"},"image":{"@id":"https:\/\/massalagros.com\/de\/weihnachtsmenus\/#primaryimage"},"thumbnailUrl":"https:\/\/massalagros.com\/wp-content\/uploads\/2020\/12\/NAVIDAD-2020.jpg","datePublished":"2019-10-31T17:55:47+00:00","dateModified":"2024-09-13T07:33:34+00:00","description":"Genie\u00dfen Sie Weihnachten im Mas Salagros EcoResort. Wir bieten Ihnen verschiedene \u00f6kologische Weihnachtsmen\u00fcs f\u00fcr die angegebenen Tage.","breadcrumb":{"@id":"https:\/\/massalagros.com\/de\/weihnachtsmenus\/#breadcrumb"},"inLanguage":"de","potentialAction":[{"@type":"ReadAction","target":["https:\/\/massalagros.com\/de\/weihnachtsmenus\/"]}]},{"@type":"ImageObject","inLanguage":"de","@id":"https:\/\/massalagros.com\/de\/weihnachtsmenus\/#primaryimage","url":"https:\/\/massalagros.com\/wp-content\/uploads\/2020\/12\/NAVIDAD-2020.jpg","contentUrl":"https:\/\/massalagros.com\/wp-content\/uploads\/2020\/12\/NAVIDAD-2020.jpg","width":2500,"height":1669,"caption":"navidad Mas Salagros EcoResort"},{"@type":"BreadcrumbList","@id":"https:\/\/massalagros.com\/de\/weihnachtsmenus\/#breadcrumb","itemListElement":[{"@type":"ListItem","position":1,"name":"Portada","item":"https:\/\/massalagros.com\/de\/"},{"@type":"ListItem","position":2,"name":"Weihnachtsmen\u00fcs"}]},{"@type":"WebSite","@id":"https:\/\/www.massalagros.com\/de\/#website","url":"https:\/\/www.massalagros.com\/de\/","name":"Mas Salagros","description":"EcoResort de lujo en Barcelona - Vallromanes","publisher":{"@id":"https:\/\/www.massalagros.com\/de\/#organization"},"potentialAction":[{"@type":"SearchAction","target":{"@type":"EntryPoint","urlTemplate":"https:\/\/www.massalagros.com\/de\/?s={search_term_string}"},"query-input":{"@type":"PropertyValueSpecification","valueRequired":true,"valueName":"search_term_string"}}],"inLanguage":"de"},{"@type":"Organization","@id":"https:\/\/www.massalagros.com\/de\/#organization","name":"MAS SALAGROS HOTEL ECORESORT","url":"https:\/\/www.massalagros.com\/de\/","logo":{"@type":"ImageObject","inLanguage":"de","@id":"https:\/\/www.massalagros.com\/de\/#\/schema\/logo\/image\/","url":"\/wp-content\/uploads\/2018\/05\/IMG_0116.jpg","contentUrl":"\/wp-content\/uploads\/2018\/05\/IMG_0116.jpg","width":2000,"height":1333,"caption":"MAS SALAGROS HOTEL ECORESORT"},"image":{"@id":"https:\/\/www.massalagros.com\/de\/#\/schema\/logo\/image\/"},"sameAs":["https:\/\/www.facebook.com\/MasSalagros\/","https:\/\/x.com\/MasSalagros","https:\/\/www.instagram.com\/massalagrosecoresort\/"]}]}},"_links":{"self":[{"href":"https:\/\/massalagros.com\/de\/wp-json\/wp\/v2\/pages\/5875","targetHints":{"allow":["GET"]}}],"collection":[{"href":"https:\/\/massalagros.com\/de\/wp-json\/wp\/v2\/pages"}],"about":[{"href":"https:\/\/massalagros.com\/de\/wp-json\/wp\/v2\/types\/page"}],"author":[{"embeddable":true,"href":"https:\/\/massalagros.com\/de\/wp-json\/wp\/v2\/users\/3"}],"replies":[{"embeddable":true,"href":"https:\/\/massalagros.com\/de\/wp-json\/wp\/v2\/comments?post=5875"}],"version-history":[{"count":5,"href":"https:\/\/massalagros.com\/de\/wp-json\/wp\/v2\/pages\/5875\/revisions"}],"predecessor-version":[{"id":26702,"href":"https:\/\/massalagros.com\/de\/wp-json\/wp\/v2\/pages\/5875\/revisions\/26702"}],"wp:featuredmedia":[{"embeddable":true,"href":"https:\/\/massalagros.com\/de\/wp-json\/wp\/v2\/media\/8844"}],"wp:attachment":[{"href":"https:\/\/massalagros.com\/de\/wp-json\/wp\/v2\/media?parent=5875"}],"curies":[{"name":"wp","href":"https:\/\/api.w.org\/{rel}","templated":true}]}}