{"id":4759,"date":"2019-02-26T14:13:55","date_gmt":"2019-02-26T14:13:55","guid":{"rendered":"https:\/\/massalagros.com\/paques\/"},"modified":"2022-02-14T10:27:11","modified_gmt":"2022-02-14T10:27:11","slug":"osterferien-in-spanien","status":"publish","type":"page","link":"https:\/\/massalagros.com\/de\/osterferien-in-spanien\/","title":{"rendered":"Ostern"},"content":{"rendered":"","protected":false},"excerpt":{"rendered":"","protected":false},"author":3,"featured_media":9268,"parent":0,"menu_order":150,"comment_status":"closed","ping_status":"closed","template":"views\/template-full-options.blade.php","meta":{"_acf_changed":false,"footnotes":""},"class_list":["post-4759","page","type-page","status-publish","has-post-thumbnail","hentry"],"acf":[],"yoast_head":"<!-- This site is optimized with the Yoast SEO plugin v27.2 - https:\/\/yoast.com\/product\/yoast-seo-wordpress\/ -->\n<title>Osterferien in Spanien | Mas Salagros EcoResort<\/title>\n<meta name=\"description\" content=\"Sie m\u00f6chten sich w\u00e4hrend Ihres Osterurlaubs in Spanien entspannen? Buchen Sie im Mas Salagros und genie\u00dfen Sie magische Momente im Herzen der Natur.\" \/>\n<meta name=\"robots\" content=\"index, follow, max-snippet:-1, max-image-preview:large, max-video-preview:-1\" \/>\n<link rel=\"canonical\" href=\"https:\/\/massalagros.com\/de\/osterferien-in-spanien\/\" \/>\n<meta property=\"og:locale\" content=\"de_DE\" \/>\n<meta property=\"og:type\" content=\"article\" \/>\n<meta property=\"og:title\" content=\"Osterferien in Spanien | Mas Salagros EcoResort\" \/>\n<meta property=\"og:description\" content=\"Sie m\u00f6chten sich w\u00e4hrend Ihres Osterurlaubs in Spanien entspannen? Buchen Sie im Mas Salagros und genie\u00dfen Sie magische Momente im Herzen der Natur.\" \/>\n<meta property=\"og:url\" content=\"https:\/\/massalagros.com\/de\/osterferien-in-spanien\/\" \/>\n<meta property=\"og:site_name\" content=\"Mas Salagros\" \/>\n<meta property=\"article:publisher\" content=\"https:\/\/www.facebook.com\/MasSalagros\/\" \/>\n<meta property=\"article:modified_time\" content=\"2022-02-14T10:27:11+00:00\" \/>\n<meta property=\"og:image\" content=\"https:\/\/www.massalagros.com\/wp-content\/uploads\/2021\/03\/Setmana-Santa-Mas-Salagros-EcoResort.jpg\" \/>\n\t<meta property=\"og:image:width\" content=\"1500\" \/>\n\t<meta property=\"og:image:height\" content=\"955\" \/>\n\t<meta property=\"og:image:type\" content=\"image\/jpeg\" \/>\n<meta name=\"twitter:card\" content=\"summary_large_image\" \/>\n<meta name=\"twitter:site\" content=\"@MasSalagros\" \/>\n<script type=\"application\/ld+json\" class=\"yoast-schema-graph\">{\"@context\":\"https:\/\/schema.org\",\"@graph\":[{\"@type\":\"WebPage\",\"@id\":\"https:\/\/massalagros.com\/de\/osterferien-in-spanien\/\",\"url\":\"https:\/\/massalagros.com\/de\/osterferien-in-spanien\/\",\"name\":\"Osterferien in Spanien | Mas Salagros EcoResort\",\"isPartOf\":{\"@id\":\"https:\/\/www.massalagros.com\/de\/#website\"},\"primaryImageOfPage\":{\"@id\":\"https:\/\/massalagros.com\/de\/osterferien-in-spanien\/#primaryimage\"},\"image\":{\"@id\":\"https:\/\/massalagros.com\/de\/osterferien-in-spanien\/#primaryimage\"},\"thumbnailUrl\":\"https:\/\/massalagros.com\/wp-content\/uploads\/2021\/03\/Setmana-Santa-Mas-Salagros-EcoResort.jpg\",\"datePublished\":\"2019-02-26T14:13:55+00:00\",\"dateModified\":\"2022-02-14T10:27:11+00:00\",\"description\":\"Sie m\u00f6chten sich w\u00e4hrend Ihres Osterurlaubs in Spanien entspannen? Buchen Sie im Mas Salagros und genie\u00dfen Sie magische Momente im Herzen der Natur.\",\"breadcrumb\":{\"@id\":\"https:\/\/massalagros.com\/de\/osterferien-in-spanien\/#breadcrumb\"},\"inLanguage\":\"de\",\"potentialAction\":[{\"@type\":\"ReadAction\",\"target\":[\"https:\/\/massalagros.com\/de\/osterferien-in-spanien\/\"]}]},{\"@type\":\"ImageObject\",\"inLanguage\":\"de\",\"@id\":\"https:\/\/massalagros.com\/de\/osterferien-in-spanien\/#primaryimage\",\"url\":\"https:\/\/massalagros.com\/wp-content\/uploads\/2021\/03\/Setmana-Santa-Mas-Salagros-EcoResort.jpg\",\"contentUrl\":\"https:\/\/massalagros.com\/wp-content\/uploads\/2021\/03\/Setmana-Santa-Mas-Salagros-EcoResort.jpg\",\"width\":1500,\"height\":955,\"caption\":\"actividad exterior yoga Mas Salagros EcoResort\"},{\"@type\":\"BreadcrumbList\",\"@id\":\"https:\/\/massalagros.com\/de\/osterferien-in-spanien\/#breadcrumb\",\"itemListElement\":[{\"@type\":\"ListItem\",\"position\":1,\"name\":\"Portada\",\"item\":\"https:\/\/massalagros.com\/de\/\"},{\"@type\":\"ListItem\",\"position\":2,\"name\":\"Ostern\"}]},{\"@type\":\"WebSite\",\"@id\":\"https:\/\/www.massalagros.com\/de\/#website\",\"url\":\"https:\/\/www.massalagros.com\/de\/\",\"name\":\"Mas Salagros\",\"description\":\"EcoResort de lujo en Barcelona - Vallromanes\",\"publisher\":{\"@id\":\"https:\/\/www.massalagros.com\/de\/#organization\"},\"potentialAction\":[{\"@type\":\"SearchAction\",\"target\":{\"@type\":\"EntryPoint\",\"urlTemplate\":\"https:\/\/www.massalagros.com\/de\/?s={search_term_string}\"},\"query-input\":{\"@type\":\"PropertyValueSpecification\",\"valueRequired\":true,\"valueName\":\"search_term_string\"}}],\"inLanguage\":\"de\"},{\"@type\":\"Organization\",\"@id\":\"https:\/\/www.massalagros.com\/de\/#organization\",\"name\":\"MAS SALAGROS HOTEL ECORESORT\",\"url\":\"https:\/\/www.massalagros.com\/de\/\",\"logo\":{\"@type\":\"ImageObject\",\"inLanguage\":\"de\",\"@id\":\"https:\/\/www.massalagros.com\/de\/#\/schema\/logo\/image\/\",\"url\":\"\/wp-content\/uploads\/2018\/05\/IMG_0116.jpg\",\"contentUrl\":\"\/wp-content\/uploads\/2018\/05\/IMG_0116.jpg\",\"width\":2000,\"height\":1333,\"caption\":\"MAS SALAGROS HOTEL ECORESORT\"},\"image\":{\"@id\":\"https:\/\/www.massalagros.com\/de\/#\/schema\/logo\/image\/\"},\"sameAs\":[\"https:\/\/www.facebook.com\/MasSalagros\/\",\"https:\/\/x.com\/MasSalagros\",\"https:\/\/www.instagram.com\/massalagrosecoresort\/\"]}]}<\/script>\n<!-- \/ Yoast SEO plugin. -->","yoast_head_json":{"title":"Osterferien in Spanien | Mas Salagros EcoResort","description":"Sie m\u00f6chten sich w\u00e4hrend Ihres Osterurlaubs in Spanien entspannen? Buchen Sie im Mas Salagros und genie\u00dfen Sie magische Momente im Herzen der Natur.","robots":{"index":"index","follow":"follow","max-snippet":"max-snippet:-1","max-image-preview":"max-image-preview:large","max-video-preview":"max-video-preview:-1"},"canonical":"https:\/\/massalagros.com\/de\/osterferien-in-spanien\/","og_locale":"de_DE","og_type":"article","og_title":"Osterferien in Spanien | Mas Salagros EcoResort","og_description":"Sie m\u00f6chten sich w\u00e4hrend Ihres Osterurlaubs in Spanien entspannen? Buchen Sie im Mas Salagros und genie\u00dfen Sie magische Momente im Herzen der Natur.","og_url":"https:\/\/massalagros.com\/de\/osterferien-in-spanien\/","og_site_name":"Mas Salagros","article_publisher":"https:\/\/www.facebook.com\/MasSalagros\/","article_modified_time":"2022-02-14T10:27:11+00:00","og_image":[{"width":1500,"height":955,"url":"https:\/\/www.massalagros.com\/wp-content\/uploads\/2021\/03\/Setmana-Santa-Mas-Salagros-EcoResort.jpg","type":"image\/jpeg"}],"twitter_card":"summary_large_image","twitter_site":"@MasSalagros","schema":{"@context":"https:\/\/schema.org","@graph":[{"@type":"WebPage","@id":"https:\/\/massalagros.com\/de\/osterferien-in-spanien\/","url":"https:\/\/massalagros.com\/de\/osterferien-in-spanien\/","name":"Osterferien in Spanien | Mas Salagros EcoResort","isPartOf":{"@id":"https:\/\/www.massalagros.com\/de\/#website"},"primaryImageOfPage":{"@id":"https:\/\/massalagros.com\/de\/osterferien-in-spanien\/#primaryimage"},"image":{"@id":"https:\/\/massalagros.com\/de\/osterferien-in-spanien\/#primaryimage"},"thumbnailUrl":"https:\/\/massalagros.com\/wp-content\/uploads\/2021\/03\/Setmana-Santa-Mas-Salagros-EcoResort.jpg","datePublished":"2019-02-26T14:13:55+00:00","dateModified":"2022-02-14T10:27:11+00:00","description":"Sie m\u00f6chten sich w\u00e4hrend Ihres Osterurlaubs in Spanien entspannen? Buchen Sie im Mas Salagros und genie\u00dfen Sie magische Momente im Herzen der Natur.","breadcrumb":{"@id":"https:\/\/massalagros.com\/de\/osterferien-in-spanien\/#breadcrumb"},"inLanguage":"de","potentialAction":[{"@type":"ReadAction","target":["https:\/\/massalagros.com\/de\/osterferien-in-spanien\/"]}]},{"@type":"ImageObject","inLanguage":"de","@id":"https:\/\/massalagros.com\/de\/osterferien-in-spanien\/#primaryimage","url":"https:\/\/massalagros.com\/wp-content\/uploads\/2021\/03\/Setmana-Santa-Mas-Salagros-EcoResort.jpg","contentUrl":"https:\/\/massalagros.com\/wp-content\/uploads\/2021\/03\/Setmana-Santa-Mas-Salagros-EcoResort.jpg","width":1500,"height":955,"caption":"actividad exterior yoga Mas Salagros EcoResort"},{"@type":"BreadcrumbList","@id":"https:\/\/massalagros.com\/de\/osterferien-in-spanien\/#breadcrumb","itemListElement":[{"@type":"ListItem","position":1,"name":"Portada","item":"https:\/\/massalagros.com\/de\/"},{"@type":"ListItem","position":2,"name":"Ostern"}]},{"@type":"WebSite","@id":"https:\/\/www.massalagros.com\/de\/#website","url":"https:\/\/www.massalagros.com\/de\/","name":"Mas Salagros","description":"EcoResort de lujo en Barcelona - Vallromanes","publisher":{"@id":"https:\/\/www.massalagros.com\/de\/#organization"},"potentialAction":[{"@type":"SearchAction","target":{"@type":"EntryPoint","urlTemplate":"https:\/\/www.massalagros.com\/de\/?s={search_term_string}"},"query-input":{"@type":"PropertyValueSpecification","valueRequired":true,"valueName":"search_term_string"}}],"inLanguage":"de"},{"@type":"Organization","@id":"https:\/\/www.massalagros.com\/de\/#organization","name":"MAS SALAGROS HOTEL ECORESORT","url":"https:\/\/www.massalagros.com\/de\/","logo":{"@type":"ImageObject","inLanguage":"de","@id":"https:\/\/www.massalagros.com\/de\/#\/schema\/logo\/image\/","url":"\/wp-content\/uploads\/2018\/05\/IMG_0116.jpg","contentUrl":"\/wp-content\/uploads\/2018\/05\/IMG_0116.jpg","width":2000,"height":1333,"caption":"MAS SALAGROS HOTEL ECORESORT"},"image":{"@id":"https:\/\/www.massalagros.com\/de\/#\/schema\/logo\/image\/"},"sameAs":["https:\/\/www.facebook.com\/MasSalagros\/","https:\/\/x.com\/MasSalagros","https:\/\/www.instagram.com\/massalagrosecoresort\/"]}]}},"_links":{"self":[{"href":"https:\/\/massalagros.com\/de\/wp-json\/wp\/v2\/pages\/4759","targetHints":{"allow":["GET"]}}],"collection":[{"href":"https:\/\/massalagros.com\/de\/wp-json\/wp\/v2\/pages"}],"about":[{"href":"https:\/\/massalagros.com\/de\/wp-json\/wp\/v2\/types\/page"}],"author":[{"embeddable":true,"href":"https:\/\/massalagros.com\/de\/wp-json\/wp\/v2\/users\/3"}],"replies":[{"embeddable":true,"href":"https:\/\/massalagros.com\/de\/wp-json\/wp\/v2\/comments?post=4759"}],"version-history":[{"count":5,"href":"https:\/\/massalagros.com\/de\/wp-json\/wp\/v2\/pages\/4759\/revisions"}],"predecessor-version":[{"id":14348,"href":"https:\/\/massalagros.com\/de\/wp-json\/wp\/v2\/pages\/4759\/revisions\/14348"}],"wp:featuredmedia":[{"embeddable":true,"href":"https:\/\/massalagros.com\/de\/wp-json\/wp\/v2\/media\/9268"}],"wp:attachment":[{"href":"https:\/\/massalagros.com\/de\/wp-json\/wp\/v2\/media?parent=4759"}],"curies":[{"name":"wp","href":"https:\/\/api.w.org\/{rel}","templated":true}]}}