{"id":2470,"date":"2018-05-22T11:36:48","date_gmt":"2018-05-22T11:36:48","guid":{"rendered":"https:\/\/massalagros.com\/celebraciones-y-eventos\/"},"modified":"2020-04-27T15:07:40","modified_gmt":"2020-04-27T15:07:40","slug":"feiern-und-veranstaltungen","status":"publish","type":"page","link":"https:\/\/massalagros.com\/de\/feiern-und-veranstaltungen\/","title":{"rendered":"Feiern und Veranstaltungen"},"content":{"rendered":"","protected":false},"excerpt":{"rendered":"","protected":false},"author":2,"featured_media":6786,"parent":0,"menu_order":162,"comment_status":"closed","ping_status":"closed","template":"views\/template-full-options.blade.php","meta":{"_acf_changed":false,"footnotes":""},"class_list":["post-2470","page","type-page","status-publish","has-post-thumbnail","hentry"],"acf":[],"yoast_head":"<!-- This site is optimized with the Yoast SEO plugin v27.2 - https:\/\/yoast.com\/product\/yoast-seo-wordpress\/ -->\n<title>Feierlichkeiten und Veranstaltungen | Mas Salagros EcoResort<\/title>\n<meta name=\"description\" content=\"Die charmanten R\u00e4ume von Mas Salagros EcoResort sind ideal f\u00fcr Ihre Veranstaltungen. Kontaktieren Sie uns, wir sorgen daf\u00fcr, dass alles perfekt ist.\" \/>\n<meta name=\"robots\" content=\"index, follow, max-snippet:-1, max-image-preview:large, max-video-preview:-1\" \/>\n<link rel=\"canonical\" href=\"https:\/\/massalagros.com\/de\/feiern-und-veranstaltungen\/\" \/>\n<meta property=\"og:locale\" content=\"de_DE\" \/>\n<meta property=\"og:type\" content=\"article\" \/>\n<meta property=\"og:title\" content=\"Feierlichkeiten und Veranstaltungen | Mas Salagros EcoResort\" \/>\n<meta property=\"og:description\" content=\"Die charmanten R\u00e4ume von Mas Salagros EcoResort sind ideal f\u00fcr Ihre Veranstaltungen. Kontaktieren Sie uns, wir sorgen daf\u00fcr, dass alles perfekt ist.\" \/>\n<meta property=\"og:url\" content=\"https:\/\/massalagros.com\/de\/feiern-und-veranstaltungen\/\" \/>\n<meta property=\"og:site_name\" content=\"Mas Salagros\" \/>\n<meta property=\"article:publisher\" content=\"https:\/\/www.facebook.com\/MasSalagros\/\" \/>\n<meta property=\"article:modified_time\" content=\"2020-04-27T15:07:40+00:00\" \/>\n<meta property=\"og:image\" content=\"https:\/\/www.massalagros.com\/wp-content\/uploads\/2020\/02\/Gastro-Wine-Bar-Terraza-montaje-3.jpg\" \/>\n\t<meta property=\"og:image:width\" content=\"1750\" \/>\n\t<meta property=\"og:image:height\" content=\"1167\" \/>\n\t<meta property=\"og:image:type\" content=\"image\/jpeg\" \/>\n<meta name=\"twitter:card\" content=\"summary_large_image\" \/>\n<meta name=\"twitter:site\" content=\"@MasSalagros\" \/>\n<script type=\"application\/ld+json\" class=\"yoast-schema-graph\">{\"@context\":\"https:\/\/schema.org\",\"@graph\":[{\"@type\":\"WebPage\",\"@id\":\"https:\/\/massalagros.com\/de\/feiern-und-veranstaltungen\/\",\"url\":\"https:\/\/massalagros.com\/de\/feiern-und-veranstaltungen\/\",\"name\":\"Feierlichkeiten und Veranstaltungen | Mas Salagros EcoResort\",\"isPartOf\":{\"@id\":\"https:\/\/www.massalagros.com\/de\/#website\"},\"primaryImageOfPage\":{\"@id\":\"https:\/\/massalagros.com\/de\/feiern-und-veranstaltungen\/#primaryimage\"},\"image\":{\"@id\":\"https:\/\/massalagros.com\/de\/feiern-und-veranstaltungen\/#primaryimage\"},\"thumbnailUrl\":\"https:\/\/massalagros.com\/wp-content\/uploads\/2020\/02\/Gastro-Wine-Bar-Terraza-montaje-3.jpg\",\"datePublished\":\"2018-05-22T11:36:48+00:00\",\"dateModified\":\"2020-04-27T15:07:40+00:00\",\"description\":\"Die charmanten R\u00e4ume von Mas Salagros EcoResort sind ideal f\u00fcr Ihre Veranstaltungen. Kontaktieren Sie uns, wir sorgen daf\u00fcr, dass alles perfekt ist.\",\"breadcrumb\":{\"@id\":\"https:\/\/massalagros.com\/de\/feiern-und-veranstaltungen\/#breadcrumb\"},\"inLanguage\":\"de\",\"potentialAction\":[{\"@type\":\"ReadAction\",\"target\":[\"https:\/\/massalagros.com\/de\/feiern-und-veranstaltungen\/\"]}]},{\"@type\":\"ImageObject\",\"inLanguage\":\"de\",\"@id\":\"https:\/\/massalagros.com\/de\/feiern-und-veranstaltungen\/#primaryimage\",\"url\":\"https:\/\/massalagros.com\/wp-content\/uploads\/2020\/02\/Gastro-Wine-Bar-Terraza-montaje-3.jpg\",\"contentUrl\":\"https:\/\/massalagros.com\/wp-content\/uploads\/2020\/02\/Gastro-Wine-Bar-Terraza-montaje-3.jpg\",\"width\":1750,\"height\":1167,\"caption\":\"\u00e9v\u00e9nement d\u2019entreprise\"},{\"@type\":\"BreadcrumbList\",\"@id\":\"https:\/\/massalagros.com\/de\/feiern-und-veranstaltungen\/#breadcrumb\",\"itemListElement\":[{\"@type\":\"ListItem\",\"position\":1,\"name\":\"Portada\",\"item\":\"https:\/\/massalagros.com\/de\/\"},{\"@type\":\"ListItem\",\"position\":2,\"name\":\"Feiern und Veranstaltungen\"}]},{\"@type\":\"WebSite\",\"@id\":\"https:\/\/www.massalagros.com\/de\/#website\",\"url\":\"https:\/\/www.massalagros.com\/de\/\",\"name\":\"Mas Salagros\",\"description\":\"EcoResort de lujo en Barcelona - Vallromanes\",\"publisher\":{\"@id\":\"https:\/\/www.massalagros.com\/de\/#organization\"},\"potentialAction\":[{\"@type\":\"SearchAction\",\"target\":{\"@type\":\"EntryPoint\",\"urlTemplate\":\"https:\/\/www.massalagros.com\/de\/?s={search_term_string}\"},\"query-input\":{\"@type\":\"PropertyValueSpecification\",\"valueRequired\":true,\"valueName\":\"search_term_string\"}}],\"inLanguage\":\"de\"},{\"@type\":\"Organization\",\"@id\":\"https:\/\/www.massalagros.com\/de\/#organization\",\"name\":\"MAS SALAGROS HOTEL ECORESORT\",\"url\":\"https:\/\/www.massalagros.com\/de\/\",\"logo\":{\"@type\":\"ImageObject\",\"inLanguage\":\"de\",\"@id\":\"https:\/\/www.massalagros.com\/de\/#\/schema\/logo\/image\/\",\"url\":\"\/wp-content\/uploads\/2018\/05\/IMG_0116.jpg\",\"contentUrl\":\"\/wp-content\/uploads\/2018\/05\/IMG_0116.jpg\",\"width\":2000,\"height\":1333,\"caption\":\"MAS SALAGROS HOTEL ECORESORT\"},\"image\":{\"@id\":\"https:\/\/www.massalagros.com\/de\/#\/schema\/logo\/image\/\"},\"sameAs\":[\"https:\/\/www.facebook.com\/MasSalagros\/\",\"https:\/\/x.com\/MasSalagros\",\"https:\/\/www.instagram.com\/massalagrosecoresort\/\"]}]}<\/script>\n<!-- \/ Yoast SEO plugin. -->","yoast_head_json":{"title":"Feierlichkeiten und Veranstaltungen | Mas Salagros EcoResort","description":"Die charmanten R\u00e4ume von Mas Salagros EcoResort sind ideal f\u00fcr Ihre Veranstaltungen. Kontaktieren Sie uns, wir sorgen daf\u00fcr, dass alles perfekt ist.","robots":{"index":"index","follow":"follow","max-snippet":"max-snippet:-1","max-image-preview":"max-image-preview:large","max-video-preview":"max-video-preview:-1"},"canonical":"https:\/\/massalagros.com\/de\/feiern-und-veranstaltungen\/","og_locale":"de_DE","og_type":"article","og_title":"Feierlichkeiten und Veranstaltungen | Mas Salagros EcoResort","og_description":"Die charmanten R\u00e4ume von Mas Salagros EcoResort sind ideal f\u00fcr Ihre Veranstaltungen. Kontaktieren Sie uns, wir sorgen daf\u00fcr, dass alles perfekt ist.","og_url":"https:\/\/massalagros.com\/de\/feiern-und-veranstaltungen\/","og_site_name":"Mas Salagros","article_publisher":"https:\/\/www.facebook.com\/MasSalagros\/","article_modified_time":"2020-04-27T15:07:40+00:00","og_image":[{"width":1750,"height":1167,"url":"https:\/\/www.massalagros.com\/wp-content\/uploads\/2020\/02\/Gastro-Wine-Bar-Terraza-montaje-3.jpg","type":"image\/jpeg"}],"twitter_card":"summary_large_image","twitter_site":"@MasSalagros","schema":{"@context":"https:\/\/schema.org","@graph":[{"@type":"WebPage","@id":"https:\/\/massalagros.com\/de\/feiern-und-veranstaltungen\/","url":"https:\/\/massalagros.com\/de\/feiern-und-veranstaltungen\/","name":"Feierlichkeiten und Veranstaltungen | Mas Salagros EcoResort","isPartOf":{"@id":"https:\/\/www.massalagros.com\/de\/#website"},"primaryImageOfPage":{"@id":"https:\/\/massalagros.com\/de\/feiern-und-veranstaltungen\/#primaryimage"},"image":{"@id":"https:\/\/massalagros.com\/de\/feiern-und-veranstaltungen\/#primaryimage"},"thumbnailUrl":"https:\/\/massalagros.com\/wp-content\/uploads\/2020\/02\/Gastro-Wine-Bar-Terraza-montaje-3.jpg","datePublished":"2018-05-22T11:36:48+00:00","dateModified":"2020-04-27T15:07:40+00:00","description":"Die charmanten R\u00e4ume von Mas Salagros EcoResort sind ideal f\u00fcr Ihre Veranstaltungen. Kontaktieren Sie uns, wir sorgen daf\u00fcr, dass alles perfekt ist.","breadcrumb":{"@id":"https:\/\/massalagros.com\/de\/feiern-und-veranstaltungen\/#breadcrumb"},"inLanguage":"de","potentialAction":[{"@type":"ReadAction","target":["https:\/\/massalagros.com\/de\/feiern-und-veranstaltungen\/"]}]},{"@type":"ImageObject","inLanguage":"de","@id":"https:\/\/massalagros.com\/de\/feiern-und-veranstaltungen\/#primaryimage","url":"https:\/\/massalagros.com\/wp-content\/uploads\/2020\/02\/Gastro-Wine-Bar-Terraza-montaje-3.jpg","contentUrl":"https:\/\/massalagros.com\/wp-content\/uploads\/2020\/02\/Gastro-Wine-Bar-Terraza-montaje-3.jpg","width":1750,"height":1167,"caption":"\u00e9v\u00e9nement d\u2019entreprise"},{"@type":"BreadcrumbList","@id":"https:\/\/massalagros.com\/de\/feiern-und-veranstaltungen\/#breadcrumb","itemListElement":[{"@type":"ListItem","position":1,"name":"Portada","item":"https:\/\/massalagros.com\/de\/"},{"@type":"ListItem","position":2,"name":"Feiern und Veranstaltungen"}]},{"@type":"WebSite","@id":"https:\/\/www.massalagros.com\/de\/#website","url":"https:\/\/www.massalagros.com\/de\/","name":"Mas Salagros","description":"EcoResort de lujo en Barcelona - Vallromanes","publisher":{"@id":"https:\/\/www.massalagros.com\/de\/#organization"},"potentialAction":[{"@type":"SearchAction","target":{"@type":"EntryPoint","urlTemplate":"https:\/\/www.massalagros.com\/de\/?s={search_term_string}"},"query-input":{"@type":"PropertyValueSpecification","valueRequired":true,"valueName":"search_term_string"}}],"inLanguage":"de"},{"@type":"Organization","@id":"https:\/\/www.massalagros.com\/de\/#organization","name":"MAS SALAGROS HOTEL ECORESORT","url":"https:\/\/www.massalagros.com\/de\/","logo":{"@type":"ImageObject","inLanguage":"de","@id":"https:\/\/www.massalagros.com\/de\/#\/schema\/logo\/image\/","url":"\/wp-content\/uploads\/2018\/05\/IMG_0116.jpg","contentUrl":"\/wp-content\/uploads\/2018\/05\/IMG_0116.jpg","width":2000,"height":1333,"caption":"MAS SALAGROS HOTEL ECORESORT"},"image":{"@id":"https:\/\/www.massalagros.com\/de\/#\/schema\/logo\/image\/"},"sameAs":["https:\/\/www.facebook.com\/MasSalagros\/","https:\/\/x.com\/MasSalagros","https:\/\/www.instagram.com\/massalagrosecoresort\/"]}]}},"_links":{"self":[{"href":"https:\/\/massalagros.com\/de\/wp-json\/wp\/v2\/pages\/2470","targetHints":{"allow":["GET"]}}],"collection":[{"href":"https:\/\/massalagros.com\/de\/wp-json\/wp\/v2\/pages"}],"about":[{"href":"https:\/\/massalagros.com\/de\/wp-json\/wp\/v2\/types\/page"}],"author":[{"embeddable":true,"href":"https:\/\/massalagros.com\/de\/wp-json\/wp\/v2\/users\/2"}],"replies":[{"embeddable":true,"href":"https:\/\/massalagros.com\/de\/wp-json\/wp\/v2\/comments?post=2470"}],"version-history":[{"count":3,"href":"https:\/\/massalagros.com\/de\/wp-json\/wp\/v2\/pages\/2470\/revisions"}],"predecessor-version":[{"id":2615,"href":"https:\/\/massalagros.com\/de\/wp-json\/wp\/v2\/pages\/2470\/revisions\/2615"}],"wp:featuredmedia":[{"embeddable":true,"href":"https:\/\/massalagros.com\/de\/wp-json\/wp\/v2\/media\/6786"}],"wp:attachment":[{"href":"https:\/\/massalagros.com\/de\/wp-json\/wp\/v2\/media?parent=2470"}],"curies":[{"name":"wp","href":"https:\/\/api.w.org\/{rel}","templated":true}]}}