{"id":23321,"date":"2023-09-25T14:10:25","date_gmt":"2023-09-25T14:10:25","guid":{"rendered":"https:\/\/massalagros.com\/menu-du-jour-de-lan\/"},"modified":"2024-11-28T11:00:43","modified_gmt":"2024-11-28T11:00:43","slug":"neujahrsmenu","status":"publish","type":"page","link":"https:\/\/massalagros.com\/de\/neujahrsmenu\/","title":{"rendered":"Neujahrsmen\u00fc"},"content":{"rendered":"","protected":false},"excerpt":{"rendered":"","protected":false},"author":3,"featured_media":23292,"parent":0,"menu_order":48,"comment_status":"closed","ping_status":"closed","template":"views\/template-carta.blade.php","meta":{"_acf_changed":false,"footnotes":""},"class_list":["post-23321","page","type-page","status-publish","has-post-thumbnail","hentry"],"acf":[],"yoast_head":"<!-- This site is optimized with the Yoast SEO plugin v27.2 - https:\/\/yoast.com\/product\/yoast-seo-wordpress\/ -->\n<title>Neujahrsmen\u00fc- Gastronomie | Mas Salagros<\/title>\n<meta name=\"description\" content=\"Genie\u00dfen Sie das erste Mittagessen des Jahres mit einem Men\u00fc, das aus biologischen und regionalen Produkten aus unserem Garten zubereitet wurde.\" \/>\n<meta name=\"robots\" content=\"index, follow, max-snippet:-1, max-image-preview:large, max-video-preview:-1\" \/>\n<link rel=\"canonical\" href=\"https:\/\/massalagros.com\/de\/neujahrsmenu\/\" \/>\n<meta property=\"og:locale\" content=\"de_DE\" \/>\n<meta property=\"og:type\" content=\"article\" \/>\n<meta property=\"og:title\" content=\"Neujahrsmen\u00fc- Gastronomie | Mas Salagros\" \/>\n<meta property=\"og:description\" content=\"Genie\u00dfen Sie das erste Mittagessen des Jahres mit einem Men\u00fc, das aus biologischen und regionalen Produkten aus unserem Garten zubereitet wurde.\" \/>\n<meta property=\"og:url\" content=\"https:\/\/massalagros.com\/de\/neujahrsmenu\/\" \/>\n<meta property=\"og:site_name\" content=\"Mas Salagros\" \/>\n<meta property=\"article:publisher\" content=\"https:\/\/www.facebook.com\/MasSalagros\/\" \/>\n<meta property=\"article:modified_time\" content=\"2024-11-28T11:00:43+00:00\" \/>\n<meta property=\"og:image\" content=\"https:\/\/www.massalagros.com\/wp-content\/uploads\/2023\/09\/ANO-NUEVO-e1695650764982.jpg\" \/>\n\t<meta property=\"og:image:width\" content=\"1000\" \/>\n\t<meta property=\"og:image:height\" content=\"667\" \/>\n\t<meta property=\"og:image:type\" content=\"image\/jpeg\" \/>\n<meta name=\"twitter:card\" content=\"summary_large_image\" \/>\n<meta name=\"twitter:site\" content=\"@MasSalagros\" \/>\n<meta name=\"twitter:label1\" content=\"Gesch\u00e4tzte Lesezeit\" \/>\n\t<meta name=\"twitter:data1\" content=\"3\u00a0Minuten\" \/>\n<script type=\"application\/ld+json\" class=\"yoast-schema-graph\">{\"@context\":\"https:\/\/schema.org\",\"@graph\":[{\"@type\":\"WebPage\",\"@id\":\"https:\/\/massalagros.com\/de\/neujahrsmenu\/\",\"url\":\"https:\/\/massalagros.com\/de\/neujahrsmenu\/\",\"name\":\"Neujahrsmen\u00fc- Gastronomie | Mas Salagros\",\"isPartOf\":{\"@id\":\"https:\/\/www.massalagros.com\/de\/#website\"},\"primaryImageOfPage\":{\"@id\":\"https:\/\/massalagros.com\/de\/neujahrsmenu\/#primaryimage\"},\"image\":{\"@id\":\"https:\/\/massalagros.com\/de\/neujahrsmenu\/#primaryimage\"},\"thumbnailUrl\":\"https:\/\/massalagros.com\/wp-content\/uploads\/2023\/09\/ANO-NUEVO-e1695650764982.jpg\",\"datePublished\":\"2023-09-25T14:10:25+00:00\",\"dateModified\":\"2024-11-28T11:00:43+00:00\",\"description\":\"Genie\u00dfen Sie das erste Mittagessen des Jahres mit einem Men\u00fc, das aus biologischen und regionalen Produkten aus unserem Garten zubereitet wurde.\",\"breadcrumb\":{\"@id\":\"https:\/\/massalagros.com\/de\/neujahrsmenu\/#breadcrumb\"},\"inLanguage\":\"de\",\"potentialAction\":[{\"@type\":\"ReadAction\",\"target\":[\"https:\/\/massalagros.com\/de\/neujahrsmenu\/\"]}]},{\"@type\":\"ImageObject\",\"inLanguage\":\"de\",\"@id\":\"https:\/\/massalagros.com\/de\/neujahrsmenu\/#primaryimage\",\"url\":\"https:\/\/massalagros.com\/wp-content\/uploads\/2023\/09\/ANO-NUEVO-e1695650764982.jpg\",\"contentUrl\":\"https:\/\/massalagros.com\/wp-content\/uploads\/2023\/09\/ANO-NUEVO-e1695650764982.jpg\",\"width\":1000,\"height\":520,\"caption\":\"A\u00d1O NUEVO\"},{\"@type\":\"BreadcrumbList\",\"@id\":\"https:\/\/massalagros.com\/de\/neujahrsmenu\/#breadcrumb\",\"itemListElement\":[{\"@type\":\"ListItem\",\"position\":1,\"name\":\"Portada\",\"item\":\"https:\/\/massalagros.com\/de\/\"},{\"@type\":\"ListItem\",\"position\":2,\"name\":\"Neujahrsmen\u00fc\"}]},{\"@type\":\"WebSite\",\"@id\":\"https:\/\/www.massalagros.com\/de\/#website\",\"url\":\"https:\/\/www.massalagros.com\/de\/\",\"name\":\"Mas Salagros\",\"description\":\"EcoResort de lujo en Barcelona - Vallromanes\",\"publisher\":{\"@id\":\"https:\/\/www.massalagros.com\/de\/#organization\"},\"potentialAction\":[{\"@type\":\"SearchAction\",\"target\":{\"@type\":\"EntryPoint\",\"urlTemplate\":\"https:\/\/www.massalagros.com\/de\/?s={search_term_string}\"},\"query-input\":{\"@type\":\"PropertyValueSpecification\",\"valueRequired\":true,\"valueName\":\"search_term_string\"}}],\"inLanguage\":\"de\"},{\"@type\":\"Organization\",\"@id\":\"https:\/\/www.massalagros.com\/de\/#organization\",\"name\":\"MAS SALAGROS HOTEL ECORESORT\",\"url\":\"https:\/\/www.massalagros.com\/de\/\",\"logo\":{\"@type\":\"ImageObject\",\"inLanguage\":\"de\",\"@id\":\"https:\/\/www.massalagros.com\/de\/#\/schema\/logo\/image\/\",\"url\":\"\/wp-content\/uploads\/2018\/05\/IMG_0116.jpg\",\"contentUrl\":\"\/wp-content\/uploads\/2018\/05\/IMG_0116.jpg\",\"width\":2000,\"height\":1333,\"caption\":\"MAS SALAGROS HOTEL ECORESORT\"},\"image\":{\"@id\":\"https:\/\/www.massalagros.com\/de\/#\/schema\/logo\/image\/\"},\"sameAs\":[\"https:\/\/www.facebook.com\/MasSalagros\/\",\"https:\/\/x.com\/MasSalagros\",\"https:\/\/www.instagram.com\/massalagrosecoresort\/\"]}]}<\/script>\n<!-- \/ Yoast SEO plugin. -->","yoast_head_json":{"title":"Neujahrsmen\u00fc- Gastronomie | Mas Salagros","description":"Genie\u00dfen Sie das erste Mittagessen des Jahres mit einem Men\u00fc, das aus biologischen und regionalen Produkten aus unserem Garten zubereitet wurde.","robots":{"index":"index","follow":"follow","max-snippet":"max-snippet:-1","max-image-preview":"max-image-preview:large","max-video-preview":"max-video-preview:-1"},"canonical":"https:\/\/massalagros.com\/de\/neujahrsmenu\/","og_locale":"de_DE","og_type":"article","og_title":"Neujahrsmen\u00fc- Gastronomie | Mas Salagros","og_description":"Genie\u00dfen Sie das erste Mittagessen des Jahres mit einem Men\u00fc, das aus biologischen und regionalen Produkten aus unserem Garten zubereitet wurde.","og_url":"https:\/\/massalagros.com\/de\/neujahrsmenu\/","og_site_name":"Mas Salagros","article_publisher":"https:\/\/www.facebook.com\/MasSalagros\/","article_modified_time":"2024-11-28T11:00:43+00:00","og_image":[{"width":1000,"height":667,"url":"https:\/\/www.massalagros.com\/wp-content\/uploads\/2023\/09\/ANO-NUEVO-e1695650764982.jpg","type":"image\/jpeg"}],"twitter_card":"summary_large_image","twitter_site":"@MasSalagros","twitter_misc":{"Gesch\u00e4tzte Lesezeit":"3\u00a0Minuten"},"schema":{"@context":"https:\/\/schema.org","@graph":[{"@type":"WebPage","@id":"https:\/\/massalagros.com\/de\/neujahrsmenu\/","url":"https:\/\/massalagros.com\/de\/neujahrsmenu\/","name":"Neujahrsmen\u00fc- Gastronomie | Mas Salagros","isPartOf":{"@id":"https:\/\/www.massalagros.com\/de\/#website"},"primaryImageOfPage":{"@id":"https:\/\/massalagros.com\/de\/neujahrsmenu\/#primaryimage"},"image":{"@id":"https:\/\/massalagros.com\/de\/neujahrsmenu\/#primaryimage"},"thumbnailUrl":"https:\/\/massalagros.com\/wp-content\/uploads\/2023\/09\/ANO-NUEVO-e1695650764982.jpg","datePublished":"2023-09-25T14:10:25+00:00","dateModified":"2024-11-28T11:00:43+00:00","description":"Genie\u00dfen Sie das erste Mittagessen des Jahres mit einem Men\u00fc, das aus biologischen und regionalen Produkten aus unserem Garten zubereitet wurde.","breadcrumb":{"@id":"https:\/\/massalagros.com\/de\/neujahrsmenu\/#breadcrumb"},"inLanguage":"de","potentialAction":[{"@type":"ReadAction","target":["https:\/\/massalagros.com\/de\/neujahrsmenu\/"]}]},{"@type":"ImageObject","inLanguage":"de","@id":"https:\/\/massalagros.com\/de\/neujahrsmenu\/#primaryimage","url":"https:\/\/massalagros.com\/wp-content\/uploads\/2023\/09\/ANO-NUEVO-e1695650764982.jpg","contentUrl":"https:\/\/massalagros.com\/wp-content\/uploads\/2023\/09\/ANO-NUEVO-e1695650764982.jpg","width":1000,"height":520,"caption":"A\u00d1O NUEVO"},{"@type":"BreadcrumbList","@id":"https:\/\/massalagros.com\/de\/neujahrsmenu\/#breadcrumb","itemListElement":[{"@type":"ListItem","position":1,"name":"Portada","item":"https:\/\/massalagros.com\/de\/"},{"@type":"ListItem","position":2,"name":"Neujahrsmen\u00fc"}]},{"@type":"WebSite","@id":"https:\/\/www.massalagros.com\/de\/#website","url":"https:\/\/www.massalagros.com\/de\/","name":"Mas Salagros","description":"EcoResort de lujo en Barcelona - Vallromanes","publisher":{"@id":"https:\/\/www.massalagros.com\/de\/#organization"},"potentialAction":[{"@type":"SearchAction","target":{"@type":"EntryPoint","urlTemplate":"https:\/\/www.massalagros.com\/de\/?s={search_term_string}"},"query-input":{"@type":"PropertyValueSpecification","valueRequired":true,"valueName":"search_term_string"}}],"inLanguage":"de"},{"@type":"Organization","@id":"https:\/\/www.massalagros.com\/de\/#organization","name":"MAS SALAGROS HOTEL ECORESORT","url":"https:\/\/www.massalagros.com\/de\/","logo":{"@type":"ImageObject","inLanguage":"de","@id":"https:\/\/www.massalagros.com\/de\/#\/schema\/logo\/image\/","url":"\/wp-content\/uploads\/2018\/05\/IMG_0116.jpg","contentUrl":"\/wp-content\/uploads\/2018\/05\/IMG_0116.jpg","width":2000,"height":1333,"caption":"MAS SALAGROS HOTEL ECORESORT"},"image":{"@id":"https:\/\/www.massalagros.com\/de\/#\/schema\/logo\/image\/"},"sameAs":["https:\/\/www.facebook.com\/MasSalagros\/","https:\/\/x.com\/MasSalagros","https:\/\/www.instagram.com\/massalagrosecoresort\/"]}]}},"_links":{"self":[{"href":"https:\/\/massalagros.com\/de\/wp-json\/wp\/v2\/pages\/23321","targetHints":{"allow":["GET"]}}],"collection":[{"href":"https:\/\/massalagros.com\/de\/wp-json\/wp\/v2\/pages"}],"about":[{"href":"https:\/\/massalagros.com\/de\/wp-json\/wp\/v2\/types\/page"}],"author":[{"embeddable":true,"href":"https:\/\/massalagros.com\/de\/wp-json\/wp\/v2\/users\/3"}],"replies":[{"embeddable":true,"href":"https:\/\/massalagros.com\/de\/wp-json\/wp\/v2\/comments?post=23321"}],"version-history":[{"count":5,"href":"https:\/\/massalagros.com\/de\/wp-json\/wp\/v2\/pages\/23321\/revisions"}],"predecessor-version":[{"id":27263,"href":"https:\/\/massalagros.com\/de\/wp-json\/wp\/v2\/pages\/23321\/revisions\/27263"}],"wp:featuredmedia":[{"embeddable":true,"href":"https:\/\/massalagros.com\/de\/wp-json\/wp\/v2\/media\/23292"}],"wp:attachment":[{"href":"https:\/\/massalagros.com\/de\/wp-json\/wp\/v2\/media?parent=23321"}],"curies":[{"name":"wp","href":"https:\/\/api.w.org\/{rel}","templated":true}]}}