{"id":30176,"date":"2025-12-02T18:21:57","date_gmt":"2025-12-02T18:21:57","guid":{"rendered":"https:\/\/massalagros.com\/?post_type=product&#038;p=30176"},"modified":"2026-01-25T18:20:51","modified_gmt":"2026-01-25T18:20:51","slug":"experiencia-gastronomica","status":"publish","type":"product","link":"https:\/\/massalagros.com\/ca\/producto\/experiencia-gastronomica\/","title":{"rendered":"Experi\u00e8ncia gastron\u00f2mica"},"content":{"rendered":"<p>L\u2019Experi\u00e8ncia Gastron\u00f2mica inclou allotjament en habitaci\u00f3 doble amb jard\u00ed, esmorzar ecol\u00f2gic elaborat amb productes de proximitat i men\u00fa degustaci\u00f3 Albor al Restaurant 1497. Una proposta per arribar sense presses, descansar envoltat de natura i gaudir d\u2019un sopar que celebra el producte ecol\u00f2gic i la temporada. En despertar, l\u2019esmorzar completa una experi\u00e8ncia pensada per assaborir Mas Salagros amb temps, calma i atenci\u00f3 a cada detall: una proposta culin\u00e0ria curosament elaborada amb productes ecol\u00f2gics i de temporada, reflex de la cuina mediterr\u00e0nia sostenible del Restaurant 1497.<\/p>\n","protected":false},"excerpt":{"rendered":"<h3>L\u2019experi\u00e8ncia perfecta per a paladars sibarites.<\/h3>\n<p>Una invitaci\u00f3 per a dues persones a viure l\u2019experi\u00e8ncia i la cuina ecol\u00f2gica de Mas Salagros amb calma al nostre restaurant gastron\u00f2mic 1497, guardonat amb l\u2019Estrella Verda Michelin i el Sol Repsol, on cada plat celebra el producte de proximitat i l\u2019estacionalitat.<\/p>\n","protected":false},"featured_media":29378,"template":"","meta":{"_acf_changed":false},"product_brand":[],"product_cat":[1004],"product_tag":[981,991,1000],"class_list":{"0":"post-30176","1":"product","2":"type-product","3":"status-publish","4":"has-post-thumbnail","6":"product_cat-gastronomia","7":"product_tag-copa-de-benvinguda","8":"product_tag-habitacio-superior","9":"product_tag-menu-degustacio-albor","11":"first","12":"instock","13":"virtual","14":"purchasable","15":"product-type-simple"},"acf":[],"yoast_head":"<!-- This site is optimized with the Yoast SEO plugin v27.2 - https:\/\/yoast.com\/product\/yoast-seo-wordpress\/ -->\n<title>Experi\u00e8ncia gastron\u00f2mica &#8211; Mas Salagros<\/title>\n<meta name=\"description\" content=\"Una invitaci\u00f3 per a dues persones a viure l\u2019experi\u00e8ncia i la cuina ecol\u00f2gica de Mas Salagros amb calma al nostre restaurant gastron\u00f2mic 1497.\" \/>\n<meta name=\"robots\" content=\"index, follow, max-snippet:-1, max-image-preview:large, max-video-preview:-1\" \/>\n<link rel=\"canonical\" href=\"https:\/\/massalagros.com\/ca\/producto\/experiencia-gastronomica\/\" \/>\n<meta property=\"og:locale\" content=\"ca_ES\" \/>\n<meta property=\"og:type\" content=\"article\" \/>\n<meta property=\"og:title\" content=\"Experi\u00e8ncia gastron\u00f2mica &#8211; Mas Salagros\" \/>\n<meta property=\"og:description\" content=\"Una invitaci\u00f3 per a dues persones a viure l\u2019experi\u00e8ncia i la cuina ecol\u00f2gica de Mas Salagros amb calma al nostre restaurant gastron\u00f2mic 1497.\" \/>\n<meta property=\"og:url\" content=\"https:\/\/massalagros.com\/ca\/producto\/experiencia-gastronomica\/\" \/>\n<meta property=\"og:site_name\" content=\"Mas Salagros\" \/>\n<meta property=\"article:publisher\" content=\"https:\/\/www.facebook.com\/MasSalagros\/\" \/>\n<meta property=\"article:modified_time\" content=\"2026-01-25T18:20:51+00:00\" \/>\n<meta property=\"og:image\" content=\"https:\/\/massalagros.com\/wp-content\/uploads\/2018\/05\/Alcachofas-rellenas-de-pluma-iberica-con-espuma-de-patata-trufada_7-e1764863935322.jpeg\" \/>\n\t<meta property=\"og:image:width\" content=\"1706\" \/>\n\t<meta property=\"og:image:height\" content=\"2560\" \/>\n\t<meta property=\"og:image:type\" content=\"image\/jpeg\" \/>\n<meta name=\"twitter:card\" content=\"summary_large_image\" \/>\n<meta name=\"twitter:site\" content=\"@MasSalagros\" \/>\n<meta name=\"twitter:label1\" content=\"Temps estimat de lectura\" \/>\n\t<meta name=\"twitter:data1\" content=\"1 minut\" \/>\n<script type=\"application\/ld+json\" class=\"yoast-schema-graph\">{\"@context\":\"https:\/\/schema.org\",\"@graph\":[{\"@type\":\"WebPage\",\"@id\":\"https:\/\/massalagros.com\/ca\/producto\/experiencia-gastronomica\/\",\"url\":\"https:\/\/massalagros.com\/ca\/producto\/experiencia-gastronomica\/\",\"name\":\"Experi\u00e8ncia gastron\u00f2mica &#8211; Mas Salagros\",\"isPartOf\":{\"@id\":\"https:\/\/www.massalagros.com\/ca\/#website\"},\"primaryImageOfPage\":{\"@id\":\"https:\/\/massalagros.com\/ca\/producto\/experiencia-gastronomica\/#primaryimage\"},\"image\":{\"@id\":\"https:\/\/massalagros.com\/ca\/producto\/experiencia-gastronomica\/#primaryimage\"},\"thumbnailUrl\":\"https:\/\/massalagros.com\/wp-content\/uploads\/2025\/12\/Experiencia_Menu-degustacion-1497_0002s_0000_1497-6-web.jpg\",\"datePublished\":\"2025-12-02T18:21:57+00:00\",\"dateModified\":\"2026-01-25T18:20:51+00:00\",\"description\":\"Una invitaci\u00f3 per a dues persones a viure l\u2019experi\u00e8ncia i la cuina ecol\u00f2gica de Mas Salagros amb calma al nostre restaurant gastron\u00f2mic 1497.\",\"breadcrumb\":{\"@id\":\"https:\/\/massalagros.com\/ca\/producto\/experiencia-gastronomica\/#breadcrumb\"},\"inLanguage\":\"ca\",\"potentialAction\":[{\"@type\":\"ReadAction\",\"target\":[\"https:\/\/massalagros.com\/ca\/producto\/experiencia-gastronomica\/\"]}]},{\"@type\":\"ImageObject\",\"inLanguage\":\"ca\",\"@id\":\"https:\/\/massalagros.com\/ca\/producto\/experiencia-gastronomica\/#primaryimage\",\"url\":\"https:\/\/massalagros.com\/wp-content\/uploads\/2025\/12\/Experiencia_Menu-degustacion-1497_0002s_0000_1497-6-web.jpg\",\"contentUrl\":\"https:\/\/massalagros.com\/wp-content\/uploads\/2025\/12\/Experiencia_Menu-degustacion-1497_0002s_0000_1497-6-web.jpg\",\"width\":1920,\"height\":1080},{\"@type\":\"BreadcrumbList\",\"@id\":\"https:\/\/massalagros.com\/ca\/producto\/experiencia-gastronomica\/#breadcrumb\",\"itemListElement\":[{\"@type\":\"ListItem\",\"position\":1,\"name\":\"Portada\",\"item\":\"https:\/\/massalagros.com\/ca\/\"},{\"@type\":\"ListItem\",\"position\":2,\"name\":\"Experi\u00e8ncies\",\"item\":\"https:\/\/massalagros.com\/ca\/botiga\/\"},{\"@type\":\"ListItem\",\"position\":3,\"name\":\"Experi\u00e8ncia gastron\u00f2mica\"}]},{\"@type\":\"WebSite\",\"@id\":\"https:\/\/www.massalagros.com\/ca\/#website\",\"url\":\"https:\/\/www.massalagros.com\/ca\/\",\"name\":\"Mas Salagros\",\"description\":\"EcoResort de lujo en Barcelona - Vallromanes\",\"publisher\":{\"@id\":\"https:\/\/www.massalagros.com\/ca\/#organization\"},\"potentialAction\":[{\"@type\":\"SearchAction\",\"target\":{\"@type\":\"EntryPoint\",\"urlTemplate\":\"https:\/\/www.massalagros.com\/ca\/?s={search_term_string}\"},\"query-input\":{\"@type\":\"PropertyValueSpecification\",\"valueRequired\":true,\"valueName\":\"search_term_string\"}}],\"inLanguage\":\"ca\"},{\"@type\":\"Organization\",\"@id\":\"https:\/\/www.massalagros.com\/ca\/#organization\",\"name\":\"MAS SALAGROS HOTEL ECORESORT\",\"url\":\"https:\/\/www.massalagros.com\/ca\/\",\"logo\":{\"@type\":\"ImageObject\",\"inLanguage\":\"ca\",\"@id\":\"https:\/\/www.massalagros.com\/ca\/#\/schema\/logo\/image\/\",\"url\":\"\/wp-content\/uploads\/2018\/05\/IMG_0116.jpg\",\"contentUrl\":\"\/wp-content\/uploads\/2018\/05\/IMG_0116.jpg\",\"width\":2000,\"height\":1333,\"caption\":\"MAS SALAGROS HOTEL ECORESORT\"},\"image\":{\"@id\":\"https:\/\/www.massalagros.com\/ca\/#\/schema\/logo\/image\/\"},\"sameAs\":[\"https:\/\/www.facebook.com\/MasSalagros\/\",\"https:\/\/x.com\/MasSalagros\",\"https:\/\/www.instagram.com\/massalagrosecoresort\/\"]}]}<\/script>\n<!-- \/ Yoast SEO plugin. -->","yoast_head_json":{"title":"Experi\u00e8ncia gastron\u00f2mica &#8211; Mas Salagros","description":"Una invitaci\u00f3 per a dues persones a viure l\u2019experi\u00e8ncia i la cuina ecol\u00f2gica de Mas Salagros amb calma al nostre restaurant gastron\u00f2mic 1497.","robots":{"index":"index","follow":"follow","max-snippet":"max-snippet:-1","max-image-preview":"max-image-preview:large","max-video-preview":"max-video-preview:-1"},"canonical":"https:\/\/massalagros.com\/ca\/producto\/experiencia-gastronomica\/","og_locale":"ca_ES","og_type":"article","og_title":"Experi\u00e8ncia gastron\u00f2mica &#8211; Mas Salagros","og_description":"Una invitaci\u00f3 per a dues persones a viure l\u2019experi\u00e8ncia i la cuina ecol\u00f2gica de Mas Salagros amb calma al nostre restaurant gastron\u00f2mic 1497.","og_url":"https:\/\/massalagros.com\/ca\/producto\/experiencia-gastronomica\/","og_site_name":"Mas Salagros","article_publisher":"https:\/\/www.facebook.com\/MasSalagros\/","article_modified_time":"2026-01-25T18:20:51+00:00","og_image":[{"width":1706,"height":2560,"url":"https:\/\/massalagros.com\/wp-content\/uploads\/2018\/05\/Alcachofas-rellenas-de-pluma-iberica-con-espuma-de-patata-trufada_7-e1764863935322.jpeg","type":"image\/jpeg"}],"twitter_card":"summary_large_image","twitter_site":"@MasSalagros","twitter_misc":{"Temps estimat de lectura":"1 minut"},"schema":{"@context":"https:\/\/schema.org","@graph":[{"@type":"WebPage","@id":"https:\/\/massalagros.com\/ca\/producto\/experiencia-gastronomica\/","url":"https:\/\/massalagros.com\/ca\/producto\/experiencia-gastronomica\/","name":"Experi\u00e8ncia gastron\u00f2mica &#8211; Mas Salagros","isPartOf":{"@id":"https:\/\/www.massalagros.com\/ca\/#website"},"primaryImageOfPage":{"@id":"https:\/\/massalagros.com\/ca\/producto\/experiencia-gastronomica\/#primaryimage"},"image":{"@id":"https:\/\/massalagros.com\/ca\/producto\/experiencia-gastronomica\/#primaryimage"},"thumbnailUrl":"https:\/\/massalagros.com\/wp-content\/uploads\/2025\/12\/Experiencia_Menu-degustacion-1497_0002s_0000_1497-6-web.jpg","datePublished":"2025-12-02T18:21:57+00:00","dateModified":"2026-01-25T18:20:51+00:00","description":"Una invitaci\u00f3 per a dues persones a viure l\u2019experi\u00e8ncia i la cuina ecol\u00f2gica de Mas Salagros amb calma al nostre restaurant gastron\u00f2mic 1497.","breadcrumb":{"@id":"https:\/\/massalagros.com\/ca\/producto\/experiencia-gastronomica\/#breadcrumb"},"inLanguage":"ca","potentialAction":[{"@type":"ReadAction","target":["https:\/\/massalagros.com\/ca\/producto\/experiencia-gastronomica\/"]}]},{"@type":"ImageObject","inLanguage":"ca","@id":"https:\/\/massalagros.com\/ca\/producto\/experiencia-gastronomica\/#primaryimage","url":"https:\/\/massalagros.com\/wp-content\/uploads\/2025\/12\/Experiencia_Menu-degustacion-1497_0002s_0000_1497-6-web.jpg","contentUrl":"https:\/\/massalagros.com\/wp-content\/uploads\/2025\/12\/Experiencia_Menu-degustacion-1497_0002s_0000_1497-6-web.jpg","width":1920,"height":1080},{"@type":"BreadcrumbList","@id":"https:\/\/massalagros.com\/ca\/producto\/experiencia-gastronomica\/#breadcrumb","itemListElement":[{"@type":"ListItem","position":1,"name":"Portada","item":"https:\/\/massalagros.com\/ca\/"},{"@type":"ListItem","position":2,"name":"Experi\u00e8ncies","item":"https:\/\/massalagros.com\/ca\/botiga\/"},{"@type":"ListItem","position":3,"name":"Experi\u00e8ncia gastron\u00f2mica"}]},{"@type":"WebSite","@id":"https:\/\/www.massalagros.com\/ca\/#website","url":"https:\/\/www.massalagros.com\/ca\/","name":"Mas Salagros","description":"EcoResort de lujo en Barcelona - Vallromanes","publisher":{"@id":"https:\/\/www.massalagros.com\/ca\/#organization"},"potentialAction":[{"@type":"SearchAction","target":{"@type":"EntryPoint","urlTemplate":"https:\/\/www.massalagros.com\/ca\/?s={search_term_string}"},"query-input":{"@type":"PropertyValueSpecification","valueRequired":true,"valueName":"search_term_string"}}],"inLanguage":"ca"},{"@type":"Organization","@id":"https:\/\/www.massalagros.com\/ca\/#organization","name":"MAS SALAGROS HOTEL ECORESORT","url":"https:\/\/www.massalagros.com\/ca\/","logo":{"@type":"ImageObject","inLanguage":"ca","@id":"https:\/\/www.massalagros.com\/ca\/#\/schema\/logo\/image\/","url":"\/wp-content\/uploads\/2018\/05\/IMG_0116.jpg","contentUrl":"\/wp-content\/uploads\/2018\/05\/IMG_0116.jpg","width":2000,"height":1333,"caption":"MAS SALAGROS HOTEL ECORESORT"},"image":{"@id":"https:\/\/www.massalagros.com\/ca\/#\/schema\/logo\/image\/"},"sameAs":["https:\/\/www.facebook.com\/MasSalagros\/","https:\/\/x.com\/MasSalagros","https:\/\/www.instagram.com\/massalagrosecoresort\/"]}]}},"_links":{"self":[{"href":"https:\/\/massalagros.com\/ca\/wp-json\/wp\/v2\/product\/30176","targetHints":{"allow":["GET"]}}],"collection":[{"href":"https:\/\/massalagros.com\/ca\/wp-json\/wp\/v2\/product"}],"about":[{"href":"https:\/\/massalagros.com\/ca\/wp-json\/wp\/v2\/types\/product"}],"wp:featuredmedia":[{"embeddable":true,"href":"https:\/\/massalagros.com\/ca\/wp-json\/wp\/v2\/media\/29378"}],"wp:attachment":[{"href":"https:\/\/massalagros.com\/ca\/wp-json\/wp\/v2\/media?parent=30176"}],"wp:term":[{"taxonomy":"product_brand","embeddable":true,"href":"https:\/\/massalagros.com\/ca\/wp-json\/wp\/v2\/product_brand?post=30176"},{"taxonomy":"product_cat","embeddable":true,"href":"https:\/\/massalagros.com\/ca\/wp-json\/wp\/v2\/product_cat?post=30176"},{"taxonomy":"product_tag","embeddable":true,"href":"https:\/\/massalagros.com\/ca\/wp-json\/wp\/v2\/product_tag?post=30176"}],"curies":[{"name":"wp","href":"https:\/\/api.w.org\/{rel}","templated":true}]}}