{"id":30175,"date":"2025-12-02T19:02:51","date_gmt":"2025-12-02T19:02:51","guid":{"rendered":"https:\/\/massalagros.com\/?post_type=product&#038;p=30175"},"modified":"2026-01-25T17:53:53","modified_gmt":"2026-01-25T17:53:53","slug":"5-sentits","status":"publish","type":"product","link":"https:\/\/massalagros.com\/ca\/producto\/5-sentits\/","title":{"rendered":"5 sentits"},"content":{"rendered":"<p>5 Sentits inclou allotjament en una de les nostres suites exclusives de la Masia, esmorzar ecol\u00f2gic, acc\u00e9s al circuit d\u2019aig\u00fces d\u2019AIRE Ancient Baths Vallromanes i una experi\u00e8ncia gastron\u00f2mica al Restaurant 1497, guardonat amb una Estrella Verda Michelin i un Sol Repsol.<\/p>\n<p>Una proposta pensada per gaudir de Mas Salagros de manera integral, combinant descans de qualitat, benestar i cuina ecol\u00f2gica. Tot t\u00e9 lloc en un entorn cuidat i tranquil, on cada servei acompanya una estada equilibrada i confortable.<\/p>\n","protected":false},"excerpt":{"rendered":"<h3>Benestar, descans i gastronomia en equilibri.<\/h3>\n<p>Descobreix el luxe incomparable de Mas Salagros. Una experi\u00e8ncia completa que combina allotjament, benestar i gastronomia ecol\u00f2gica. Tot plegat en un entorn natural \u00fanic, pensat per baixar el ritme i reconnectar amb l\u2019essencial.<\/p>\n","protected":false},"featured_media":29238,"template":"","meta":{"_acf_changed":false},"product_brand":[],"product_cat":[990],"product_tag":[997,981,992,1001,1002,1003],"class_list":{"0":"post-30175","1":"product","2":"type-product","3":"status-publish","4":"has-post-thumbnail","6":"product_cat-ecoresort","7":"product_tag-circuit-daigues","8":"product_tag-copa-de-benvinguda","9":"product_tag-esmortzar-eco","10":"product_tag-massatge","11":"product_tag-menu-degustacio-1497","12":"product_tag-suite-masia","14":"first","15":"instock","16":"virtual","17":"purchasable","18":"product-type-simple"},"acf":[],"yoast_head":"<!-- This site is optimized with the Yoast SEO plugin v27.2 - https:\/\/yoast.com\/product\/yoast-seo-wordpress\/ -->\n<title>5 sentits &#8211; Mas Salagros<\/title>\n<meta name=\"description\" content=\"Descobreix el luxe incomparable de Mas Salagros. Una experi\u00e8ncia completa que combina allotjament, benestar i gastronomia ecol\u00f2gica.\" \/>\n<meta name=\"robots\" content=\"index, follow, max-snippet:-1, max-image-preview:large, max-video-preview:-1\" \/>\n<link rel=\"canonical\" href=\"https:\/\/massalagros.com\/ca\/producto\/5-sentits\/\" \/>\n<meta property=\"og:locale\" content=\"ca_ES\" \/>\n<meta property=\"og:type\" content=\"article\" \/>\n<meta property=\"og:title\" content=\"5 sentits &#8211; Mas Salagros\" \/>\n<meta property=\"og:description\" content=\"Descobreix el luxe incomparable de Mas Salagros. Una experi\u00e8ncia completa que combina allotjament, benestar i gastronomia ecol\u00f2gica.\" \/>\n<meta property=\"og:url\" content=\"https:\/\/massalagros.com\/ca\/producto\/5-sentits\/\" \/>\n<meta property=\"og:site_name\" content=\"Mas Salagros\" \/>\n<meta property=\"article:publisher\" content=\"https:\/\/www.facebook.com\/MasSalagros\/\" \/>\n<meta property=\"article:modified_time\" content=\"2026-01-25T17:53:53+00:00\" \/>\n<meta property=\"og:image\" content=\"https:\/\/massalagros.com\/wp-content\/uploads\/2025\/12\/Experiencia_Mas-Salagros-Plus_0005s_0002_Suite-Salvia-web.jpg\" \/>\n\t<meta property=\"og:image:width\" content=\"1920\" \/>\n\t<meta property=\"og:image:height\" content=\"1080\" \/>\n\t<meta property=\"og:image:type\" content=\"image\/jpeg\" \/>\n<meta name=\"twitter:card\" content=\"summary_large_image\" \/>\n<meta name=\"twitter:site\" content=\"@MasSalagros\" \/>\n<meta name=\"twitter:label1\" content=\"Temps estimat de lectura\" \/>\n\t<meta name=\"twitter:data1\" content=\"1 minut\" \/>\n<script type=\"application\/ld+json\" class=\"yoast-schema-graph\">{\"@context\":\"https:\/\/schema.org\",\"@graph\":[{\"@type\":\"WebPage\",\"@id\":\"https:\/\/massalagros.com\/ca\/producto\/5-sentits\/\",\"url\":\"https:\/\/massalagros.com\/ca\/producto\/5-sentits\/\",\"name\":\"5 sentits &#8211; Mas Salagros\",\"isPartOf\":{\"@id\":\"https:\/\/www.massalagros.com\/ca\/#website\"},\"primaryImageOfPage\":{\"@id\":\"https:\/\/massalagros.com\/ca\/producto\/5-sentits\/#primaryimage\"},\"image\":{\"@id\":\"https:\/\/massalagros.com\/ca\/producto\/5-sentits\/#primaryimage\"},\"thumbnailUrl\":\"https:\/\/massalagros.com\/wp-content\/uploads\/2025\/12\/Experiencia_Mas-Salagros-Plus_0005s_0002_Suite-Salvia-web.jpg\",\"datePublished\":\"2025-12-02T19:02:51+00:00\",\"dateModified\":\"2026-01-25T17:53:53+00:00\",\"description\":\"Descobreix el luxe incomparable de Mas Salagros. Una experi\u00e8ncia completa que combina allotjament, benestar i gastronomia ecol\u00f2gica.\",\"breadcrumb\":{\"@id\":\"https:\/\/massalagros.com\/ca\/producto\/5-sentits\/#breadcrumb\"},\"inLanguage\":\"ca\",\"potentialAction\":[{\"@type\":\"ReadAction\",\"target\":[\"https:\/\/massalagros.com\/ca\/producto\/5-sentits\/\"]}]},{\"@type\":\"ImageObject\",\"inLanguage\":\"ca\",\"@id\":\"https:\/\/massalagros.com\/ca\/producto\/5-sentits\/#primaryimage\",\"url\":\"https:\/\/massalagros.com\/wp-content\/uploads\/2025\/12\/Experiencia_Mas-Salagros-Plus_0005s_0002_Suite-Salvia-web.jpg\",\"contentUrl\":\"https:\/\/massalagros.com\/wp-content\/uploads\/2025\/12\/Experiencia_Mas-Salagros-Plus_0005s_0002_Suite-Salvia-web.jpg\",\"width\":1920,\"height\":1080},{\"@type\":\"BreadcrumbList\",\"@id\":\"https:\/\/massalagros.com\/ca\/producto\/5-sentits\/#breadcrumb\",\"itemListElement\":[{\"@type\":\"ListItem\",\"position\":1,\"name\":\"Portada\",\"item\":\"https:\/\/massalagros.com\/ca\/\"},{\"@type\":\"ListItem\",\"position\":2,\"name\":\"Experi\u00e8ncies\",\"item\":\"https:\/\/massalagros.com\/ca\/botiga\/\"},{\"@type\":\"ListItem\",\"position\":3,\"name\":\"5 sentits\"}]},{\"@type\":\"WebSite\",\"@id\":\"https:\/\/www.massalagros.com\/ca\/#website\",\"url\":\"https:\/\/www.massalagros.com\/ca\/\",\"name\":\"Mas Salagros\",\"description\":\"EcoResort de lujo en Barcelona - Vallromanes\",\"publisher\":{\"@id\":\"https:\/\/www.massalagros.com\/ca\/#organization\"},\"potentialAction\":[{\"@type\":\"SearchAction\",\"target\":{\"@type\":\"EntryPoint\",\"urlTemplate\":\"https:\/\/www.massalagros.com\/ca\/?s={search_term_string}\"},\"query-input\":{\"@type\":\"PropertyValueSpecification\",\"valueRequired\":true,\"valueName\":\"search_term_string\"}}],\"inLanguage\":\"ca\"},{\"@type\":\"Organization\",\"@id\":\"https:\/\/www.massalagros.com\/ca\/#organization\",\"name\":\"MAS SALAGROS HOTEL ECORESORT\",\"url\":\"https:\/\/www.massalagros.com\/ca\/\",\"logo\":{\"@type\":\"ImageObject\",\"inLanguage\":\"ca\",\"@id\":\"https:\/\/www.massalagros.com\/ca\/#\/schema\/logo\/image\/\",\"url\":\"\/wp-content\/uploads\/2018\/05\/IMG_0116.jpg\",\"contentUrl\":\"\/wp-content\/uploads\/2018\/05\/IMG_0116.jpg\",\"width\":2000,\"height\":1333,\"caption\":\"MAS SALAGROS HOTEL ECORESORT\"},\"image\":{\"@id\":\"https:\/\/www.massalagros.com\/ca\/#\/schema\/logo\/image\/\"},\"sameAs\":[\"https:\/\/www.facebook.com\/MasSalagros\/\",\"https:\/\/x.com\/MasSalagros\",\"https:\/\/www.instagram.com\/massalagrosecoresort\/\"]}]}<\/script>\n<!-- \/ Yoast SEO plugin. -->","yoast_head_json":{"title":"5 sentits &#8211; Mas Salagros","description":"Descobreix el luxe incomparable de Mas Salagros. Una experi\u00e8ncia completa que combina allotjament, benestar i gastronomia ecol\u00f2gica.","robots":{"index":"index","follow":"follow","max-snippet":"max-snippet:-1","max-image-preview":"max-image-preview:large","max-video-preview":"max-video-preview:-1"},"canonical":"https:\/\/massalagros.com\/ca\/producto\/5-sentits\/","og_locale":"ca_ES","og_type":"article","og_title":"5 sentits &#8211; Mas Salagros","og_description":"Descobreix el luxe incomparable de Mas Salagros. Una experi\u00e8ncia completa que combina allotjament, benestar i gastronomia ecol\u00f2gica.","og_url":"https:\/\/massalagros.com\/ca\/producto\/5-sentits\/","og_site_name":"Mas Salagros","article_publisher":"https:\/\/www.facebook.com\/MasSalagros\/","article_modified_time":"2026-01-25T17:53:53+00:00","og_image":[{"width":1920,"height":1080,"url":"https:\/\/massalagros.com\/wp-content\/uploads\/2025\/12\/Experiencia_Mas-Salagros-Plus_0005s_0002_Suite-Salvia-web.jpg","type":"image\/jpeg"}],"twitter_card":"summary_large_image","twitter_site":"@MasSalagros","twitter_misc":{"Temps estimat de lectura":"1 minut"},"schema":{"@context":"https:\/\/schema.org","@graph":[{"@type":"WebPage","@id":"https:\/\/massalagros.com\/ca\/producto\/5-sentits\/","url":"https:\/\/massalagros.com\/ca\/producto\/5-sentits\/","name":"5 sentits &#8211; Mas Salagros","isPartOf":{"@id":"https:\/\/www.massalagros.com\/ca\/#website"},"primaryImageOfPage":{"@id":"https:\/\/massalagros.com\/ca\/producto\/5-sentits\/#primaryimage"},"image":{"@id":"https:\/\/massalagros.com\/ca\/producto\/5-sentits\/#primaryimage"},"thumbnailUrl":"https:\/\/massalagros.com\/wp-content\/uploads\/2025\/12\/Experiencia_Mas-Salagros-Plus_0005s_0002_Suite-Salvia-web.jpg","datePublished":"2025-12-02T19:02:51+00:00","dateModified":"2026-01-25T17:53:53+00:00","description":"Descobreix el luxe incomparable de Mas Salagros. Una experi\u00e8ncia completa que combina allotjament, benestar i gastronomia ecol\u00f2gica.","breadcrumb":{"@id":"https:\/\/massalagros.com\/ca\/producto\/5-sentits\/#breadcrumb"},"inLanguage":"ca","potentialAction":[{"@type":"ReadAction","target":["https:\/\/massalagros.com\/ca\/producto\/5-sentits\/"]}]},{"@type":"ImageObject","inLanguage":"ca","@id":"https:\/\/massalagros.com\/ca\/producto\/5-sentits\/#primaryimage","url":"https:\/\/massalagros.com\/wp-content\/uploads\/2025\/12\/Experiencia_Mas-Salagros-Plus_0005s_0002_Suite-Salvia-web.jpg","contentUrl":"https:\/\/massalagros.com\/wp-content\/uploads\/2025\/12\/Experiencia_Mas-Salagros-Plus_0005s_0002_Suite-Salvia-web.jpg","width":1920,"height":1080},{"@type":"BreadcrumbList","@id":"https:\/\/massalagros.com\/ca\/producto\/5-sentits\/#breadcrumb","itemListElement":[{"@type":"ListItem","position":1,"name":"Portada","item":"https:\/\/massalagros.com\/ca\/"},{"@type":"ListItem","position":2,"name":"Experi\u00e8ncies","item":"https:\/\/massalagros.com\/ca\/botiga\/"},{"@type":"ListItem","position":3,"name":"5 sentits"}]},{"@type":"WebSite","@id":"https:\/\/www.massalagros.com\/ca\/#website","url":"https:\/\/www.massalagros.com\/ca\/","name":"Mas Salagros","description":"EcoResort de lujo en Barcelona - Vallromanes","publisher":{"@id":"https:\/\/www.massalagros.com\/ca\/#organization"},"potentialAction":[{"@type":"SearchAction","target":{"@type":"EntryPoint","urlTemplate":"https:\/\/www.massalagros.com\/ca\/?s={search_term_string}"},"query-input":{"@type":"PropertyValueSpecification","valueRequired":true,"valueName":"search_term_string"}}],"inLanguage":"ca"},{"@type":"Organization","@id":"https:\/\/www.massalagros.com\/ca\/#organization","name":"MAS SALAGROS HOTEL ECORESORT","url":"https:\/\/www.massalagros.com\/ca\/","logo":{"@type":"ImageObject","inLanguage":"ca","@id":"https:\/\/www.massalagros.com\/ca\/#\/schema\/logo\/image\/","url":"\/wp-content\/uploads\/2018\/05\/IMG_0116.jpg","contentUrl":"\/wp-content\/uploads\/2018\/05\/IMG_0116.jpg","width":2000,"height":1333,"caption":"MAS SALAGROS HOTEL ECORESORT"},"image":{"@id":"https:\/\/www.massalagros.com\/ca\/#\/schema\/logo\/image\/"},"sameAs":["https:\/\/www.facebook.com\/MasSalagros\/","https:\/\/x.com\/MasSalagros","https:\/\/www.instagram.com\/massalagrosecoresort\/"]}]}},"_links":{"self":[{"href":"https:\/\/massalagros.com\/ca\/wp-json\/wp\/v2\/product\/30175","targetHints":{"allow":["GET"]}}],"collection":[{"href":"https:\/\/massalagros.com\/ca\/wp-json\/wp\/v2\/product"}],"about":[{"href":"https:\/\/massalagros.com\/ca\/wp-json\/wp\/v2\/types\/product"}],"wp:featuredmedia":[{"embeddable":true,"href":"https:\/\/massalagros.com\/ca\/wp-json\/wp\/v2\/media\/29238"}],"wp:attachment":[{"href":"https:\/\/massalagros.com\/ca\/wp-json\/wp\/v2\/media?parent=30175"}],"wp:term":[{"taxonomy":"product_brand","embeddable":true,"href":"https:\/\/massalagros.com\/ca\/wp-json\/wp\/v2\/product_brand?post=30175"},{"taxonomy":"product_cat","embeddable":true,"href":"https:\/\/massalagros.com\/ca\/wp-json\/wp\/v2\/product_cat?post=30175"},{"taxonomy":"product_tag","embeddable":true,"href":"https:\/\/massalagros.com\/ca\/wp-json\/wp\/v2\/product_tag?post=30175"}],"curies":[{"name":"wp","href":"https:\/\/api.w.org\/{rel}","templated":true}]}}