{"id":30174,"date":"2025-12-02T18:53:46","date_gmt":"2025-12-02T18:53:46","guid":{"rendered":"https:\/\/massalagros.com\/?post_type=product&#038;p=30174"},"modified":"2026-01-25T17:40:58","modified_gmt":"2026-01-25T17:40:58","slug":"beauty-fall","status":"publish","type":"product","link":"https:\/\/massalagros.com\/ca\/producto\/beauty-fall\/","title":{"rendered":"Beauty fall"},"content":{"rendered":"<p>Beauty Fall inclou allotjament en habitaci\u00f3 doble amb terrassa, esmorzar ecol\u00f2gic, Men\u00fa degustaci\u00f3 Albor i una selecci\u00f3 de vins al nostre Restaurant 1497, guardonat amb una Estrella Verda Michelin i un Sol Repsol, aix\u00ed com acc\u00e9s al circuit d\u2019aig\u00fces d\u2019AIRE Ancient Baths Vallromanes amb massatge de 30\u2019.<br \/>\nUna proposta pensada per relaxar-se, cuidar-se i recuperar energia en un entorn natural. La combinaci\u00f3 de descans, tractament i un entorn tranquil converteix aquesta experi\u00e8ncia en una pausa de cura conscient i reparadora.<\/p>\n","protected":false},"excerpt":{"rendered":"<h3>Descans, benestar i tractaments de cura personal.<\/h3>\n<p>Gaudeix de tot el que Mas Salagros et pot oferir. Una experi\u00e8ncia enfocada en l\u2019autocura que combina allotjament, benestar i tractaments espec\u00edfics, pensats per ajudar-te a desconnectar i reconnectar amb tu.<\/p>\n","protected":false},"featured_media":1847,"template":"","meta":{"_acf_changed":false},"product_brand":[],"product_cat":[990],"product_tag":[997,981,991,1001,1000],"class_list":{"0":"post-30174","1":"product","2":"type-product","3":"status-publish","4":"has-post-thumbnail","6":"product_cat-ecoresort","7":"product_tag-circuit-daigues","8":"product_tag-copa-de-benvinguda","9":"product_tag-habitacio-superior","10":"product_tag-massatge","11":"product_tag-menu-degustacio-albor","13":"first","14":"instock","15":"virtual","16":"purchasable","17":"product-type-simple"},"acf":[],"yoast_head":"<!-- This site is optimized with the Yoast SEO plugin v27.2 - https:\/\/yoast.com\/product\/yoast-seo-wordpress\/ -->\n<title>Beauty fall &#8211; Mas Salagros<\/title>\n<meta name=\"description\" content=\"Gaudeix de tot el que Mas Salagros et pot oferir. Una experi\u00e8ncia enfocada en l\u2019autocura que combina allotjament, benestar i tractaments espec\u00edfics.\" \/>\n<meta name=\"robots\" content=\"index, follow, max-snippet:-1, max-image-preview:large, max-video-preview:-1\" \/>\n<link rel=\"canonical\" href=\"https:\/\/massalagros.com\/ca\/producto\/beauty-fall\/\" \/>\n<meta property=\"og:locale\" content=\"ca_ES\" \/>\n<meta property=\"og:type\" content=\"article\" \/>\n<meta property=\"og:title\" content=\"Beauty fall &#8211; Mas Salagros\" \/>\n<meta property=\"og:description\" content=\"Gaudeix de tot el que Mas Salagros et pot oferir. Una experi\u00e8ncia enfocada en l\u2019autocura que combina allotjament, benestar i tractaments espec\u00edfics.\" \/>\n<meta property=\"og:url\" content=\"https:\/\/massalagros.com\/ca\/producto\/beauty-fall\/\" \/>\n<meta property=\"og:site_name\" content=\"Mas Salagros\" \/>\n<meta property=\"article:publisher\" content=\"https:\/\/www.facebook.com\/MasSalagros\/\" \/>\n<meta property=\"article:modified_time\" content=\"2026-01-25T17:40:58+00:00\" \/>\n<meta property=\"og:image\" content=\"https:\/\/massalagros.com\/wp-content\/uploads\/2018\/05\/AIRE-ANCIENT-BATHS-VALLROMANES-MASIA-MAS-SALAGROS.jpg\" \/>\n\t<meta property=\"og:image:width\" content=\"2000\" \/>\n\t<meta property=\"og:image:height\" content=\"1334\" \/>\n\t<meta property=\"og:image:type\" content=\"image\/jpeg\" \/>\n<meta name=\"twitter:card\" content=\"summary_large_image\" \/>\n<meta name=\"twitter:site\" content=\"@MasSalagros\" \/>\n<meta name=\"twitter:label1\" content=\"Temps estimat de lectura\" \/>\n\t<meta name=\"twitter:data1\" content=\"1 minut\" \/>\n<script type=\"application\/ld+json\" class=\"yoast-schema-graph\">{\"@context\":\"https:\/\/schema.org\",\"@graph\":[{\"@type\":\"WebPage\",\"@id\":\"https:\/\/massalagros.com\/ca\/producto\/beauty-fall\/\",\"url\":\"https:\/\/massalagros.com\/ca\/producto\/beauty-fall\/\",\"name\":\"Beauty fall &#8211; Mas Salagros\",\"isPartOf\":{\"@id\":\"https:\/\/www.massalagros.com\/ca\/#website\"},\"primaryImageOfPage\":{\"@id\":\"https:\/\/massalagros.com\/ca\/producto\/beauty-fall\/#primaryimage\"},\"image\":{\"@id\":\"https:\/\/massalagros.com\/ca\/producto\/beauty-fall\/#primaryimage\"},\"thumbnailUrl\":\"https:\/\/massalagros.com\/wp-content\/uploads\/2018\/05\/AIRE-ANCIENT-BATHS-VALLROMANES-MASIA-MAS-SALAGROS.jpg\",\"datePublished\":\"2025-12-02T18:53:46+00:00\",\"dateModified\":\"2026-01-25T17:40:58+00:00\",\"description\":\"Gaudeix de tot el que Mas Salagros et pot oferir. Una experi\u00e8ncia enfocada en l\u2019autocura que combina allotjament, benestar i tractaments espec\u00edfics.\",\"breadcrumb\":{\"@id\":\"https:\/\/massalagros.com\/ca\/producto\/beauty-fall\/#breadcrumb\"},\"inLanguage\":\"ca\",\"potentialAction\":[{\"@type\":\"ReadAction\",\"target\":[\"https:\/\/massalagros.com\/ca\/producto\/beauty-fall\/\"]}]},{\"@type\":\"ImageObject\",\"inLanguage\":\"ca\",\"@id\":\"https:\/\/massalagros.com\/ca\/producto\/beauty-fall\/#primaryimage\",\"url\":\"https:\/\/massalagros.com\/wp-content\/uploads\/2018\/05\/AIRE-ANCIENT-BATHS-VALLROMANES-MASIA-MAS-SALAGROS.jpg\",\"contentUrl\":\"https:\/\/massalagros.com\/wp-content\/uploads\/2018\/05\/AIRE-ANCIENT-BATHS-VALLROMANES-MASIA-MAS-SALAGROS.jpg\",\"width\":2000,\"height\":1334,\"caption\":\"Ba\u00f1os termales AIRE Ancient Baths Mas Salagros\"},{\"@type\":\"BreadcrumbList\",\"@id\":\"https:\/\/massalagros.com\/ca\/producto\/beauty-fall\/#breadcrumb\",\"itemListElement\":[{\"@type\":\"ListItem\",\"position\":1,\"name\":\"Portada\",\"item\":\"https:\/\/massalagros.com\/ca\/\"},{\"@type\":\"ListItem\",\"position\":2,\"name\":\"Experi\u00e8ncies\",\"item\":\"https:\/\/massalagros.com\/ca\/botiga\/\"},{\"@type\":\"ListItem\",\"position\":3,\"name\":\"Beauty fall\"}]},{\"@type\":\"WebSite\",\"@id\":\"https:\/\/www.massalagros.com\/ca\/#website\",\"url\":\"https:\/\/www.massalagros.com\/ca\/\",\"name\":\"Mas Salagros\",\"description\":\"EcoResort de lujo en Barcelona - Vallromanes\",\"publisher\":{\"@id\":\"https:\/\/www.massalagros.com\/ca\/#organization\"},\"potentialAction\":[{\"@type\":\"SearchAction\",\"target\":{\"@type\":\"EntryPoint\",\"urlTemplate\":\"https:\/\/www.massalagros.com\/ca\/?s={search_term_string}\"},\"query-input\":{\"@type\":\"PropertyValueSpecification\",\"valueRequired\":true,\"valueName\":\"search_term_string\"}}],\"inLanguage\":\"ca\"},{\"@type\":\"Organization\",\"@id\":\"https:\/\/www.massalagros.com\/ca\/#organization\",\"name\":\"MAS SALAGROS HOTEL ECORESORT\",\"url\":\"https:\/\/www.massalagros.com\/ca\/\",\"logo\":{\"@type\":\"ImageObject\",\"inLanguage\":\"ca\",\"@id\":\"https:\/\/www.massalagros.com\/ca\/#\/schema\/logo\/image\/\",\"url\":\"\/wp-content\/uploads\/2018\/05\/IMG_0116.jpg\",\"contentUrl\":\"\/wp-content\/uploads\/2018\/05\/IMG_0116.jpg\",\"width\":2000,\"height\":1333,\"caption\":\"MAS SALAGROS HOTEL ECORESORT\"},\"image\":{\"@id\":\"https:\/\/www.massalagros.com\/ca\/#\/schema\/logo\/image\/\"},\"sameAs\":[\"https:\/\/www.facebook.com\/MasSalagros\/\",\"https:\/\/x.com\/MasSalagros\",\"https:\/\/www.instagram.com\/massalagrosecoresort\/\"]}]}<\/script>\n<!-- \/ Yoast SEO plugin. -->","yoast_head_json":{"title":"Beauty fall &#8211; Mas Salagros","description":"Gaudeix de tot el que Mas Salagros et pot oferir. Una experi\u00e8ncia enfocada en l\u2019autocura que combina allotjament, benestar i tractaments espec\u00edfics.","robots":{"index":"index","follow":"follow","max-snippet":"max-snippet:-1","max-image-preview":"max-image-preview:large","max-video-preview":"max-video-preview:-1"},"canonical":"https:\/\/massalagros.com\/ca\/producto\/beauty-fall\/","og_locale":"ca_ES","og_type":"article","og_title":"Beauty fall &#8211; Mas Salagros","og_description":"Gaudeix de tot el que Mas Salagros et pot oferir. Una experi\u00e8ncia enfocada en l\u2019autocura que combina allotjament, benestar i tractaments espec\u00edfics.","og_url":"https:\/\/massalagros.com\/ca\/producto\/beauty-fall\/","og_site_name":"Mas Salagros","article_publisher":"https:\/\/www.facebook.com\/MasSalagros\/","article_modified_time":"2026-01-25T17:40:58+00:00","og_image":[{"width":2000,"height":1334,"url":"https:\/\/massalagros.com\/wp-content\/uploads\/2018\/05\/AIRE-ANCIENT-BATHS-VALLROMANES-MASIA-MAS-SALAGROS.jpg","type":"image\/jpeg"}],"twitter_card":"summary_large_image","twitter_site":"@MasSalagros","twitter_misc":{"Temps estimat de lectura":"1 minut"},"schema":{"@context":"https:\/\/schema.org","@graph":[{"@type":"WebPage","@id":"https:\/\/massalagros.com\/ca\/producto\/beauty-fall\/","url":"https:\/\/massalagros.com\/ca\/producto\/beauty-fall\/","name":"Beauty fall &#8211; Mas Salagros","isPartOf":{"@id":"https:\/\/www.massalagros.com\/ca\/#website"},"primaryImageOfPage":{"@id":"https:\/\/massalagros.com\/ca\/producto\/beauty-fall\/#primaryimage"},"image":{"@id":"https:\/\/massalagros.com\/ca\/producto\/beauty-fall\/#primaryimage"},"thumbnailUrl":"https:\/\/massalagros.com\/wp-content\/uploads\/2018\/05\/AIRE-ANCIENT-BATHS-VALLROMANES-MASIA-MAS-SALAGROS.jpg","datePublished":"2025-12-02T18:53:46+00:00","dateModified":"2026-01-25T17:40:58+00:00","description":"Gaudeix de tot el que Mas Salagros et pot oferir. Una experi\u00e8ncia enfocada en l\u2019autocura que combina allotjament, benestar i tractaments espec\u00edfics.","breadcrumb":{"@id":"https:\/\/massalagros.com\/ca\/producto\/beauty-fall\/#breadcrumb"},"inLanguage":"ca","potentialAction":[{"@type":"ReadAction","target":["https:\/\/massalagros.com\/ca\/producto\/beauty-fall\/"]}]},{"@type":"ImageObject","inLanguage":"ca","@id":"https:\/\/massalagros.com\/ca\/producto\/beauty-fall\/#primaryimage","url":"https:\/\/massalagros.com\/wp-content\/uploads\/2018\/05\/AIRE-ANCIENT-BATHS-VALLROMANES-MASIA-MAS-SALAGROS.jpg","contentUrl":"https:\/\/massalagros.com\/wp-content\/uploads\/2018\/05\/AIRE-ANCIENT-BATHS-VALLROMANES-MASIA-MAS-SALAGROS.jpg","width":2000,"height":1334,"caption":"Ba\u00f1os termales AIRE Ancient Baths Mas Salagros"},{"@type":"BreadcrumbList","@id":"https:\/\/massalagros.com\/ca\/producto\/beauty-fall\/#breadcrumb","itemListElement":[{"@type":"ListItem","position":1,"name":"Portada","item":"https:\/\/massalagros.com\/ca\/"},{"@type":"ListItem","position":2,"name":"Experi\u00e8ncies","item":"https:\/\/massalagros.com\/ca\/botiga\/"},{"@type":"ListItem","position":3,"name":"Beauty fall"}]},{"@type":"WebSite","@id":"https:\/\/www.massalagros.com\/ca\/#website","url":"https:\/\/www.massalagros.com\/ca\/","name":"Mas Salagros","description":"EcoResort de lujo en Barcelona - Vallromanes","publisher":{"@id":"https:\/\/www.massalagros.com\/ca\/#organization"},"potentialAction":[{"@type":"SearchAction","target":{"@type":"EntryPoint","urlTemplate":"https:\/\/www.massalagros.com\/ca\/?s={search_term_string}"},"query-input":{"@type":"PropertyValueSpecification","valueRequired":true,"valueName":"search_term_string"}}],"inLanguage":"ca"},{"@type":"Organization","@id":"https:\/\/www.massalagros.com\/ca\/#organization","name":"MAS SALAGROS HOTEL ECORESORT","url":"https:\/\/www.massalagros.com\/ca\/","logo":{"@type":"ImageObject","inLanguage":"ca","@id":"https:\/\/www.massalagros.com\/ca\/#\/schema\/logo\/image\/","url":"\/wp-content\/uploads\/2018\/05\/IMG_0116.jpg","contentUrl":"\/wp-content\/uploads\/2018\/05\/IMG_0116.jpg","width":2000,"height":1333,"caption":"MAS SALAGROS HOTEL ECORESORT"},"image":{"@id":"https:\/\/www.massalagros.com\/ca\/#\/schema\/logo\/image\/"},"sameAs":["https:\/\/www.facebook.com\/MasSalagros\/","https:\/\/x.com\/MasSalagros","https:\/\/www.instagram.com\/massalagrosecoresort\/"]}]}},"_links":{"self":[{"href":"https:\/\/massalagros.com\/ca\/wp-json\/wp\/v2\/product\/30174","targetHints":{"allow":["GET"]}}],"collection":[{"href":"https:\/\/massalagros.com\/ca\/wp-json\/wp\/v2\/product"}],"about":[{"href":"https:\/\/massalagros.com\/ca\/wp-json\/wp\/v2\/types\/product"}],"wp:featuredmedia":[{"embeddable":true,"href":"https:\/\/massalagros.com\/ca\/wp-json\/wp\/v2\/media\/1847"}],"wp:attachment":[{"href":"https:\/\/massalagros.com\/ca\/wp-json\/wp\/v2\/media?parent=30174"}],"wp:term":[{"taxonomy":"product_brand","embeddable":true,"href":"https:\/\/massalagros.com\/ca\/wp-json\/wp\/v2\/product_brand?post=30174"},{"taxonomy":"product_cat","embeddable":true,"href":"https:\/\/massalagros.com\/ca\/wp-json\/wp\/v2\/product_cat?post=30174"},{"taxonomy":"product_tag","embeddable":true,"href":"https:\/\/massalagros.com\/ca\/wp-json\/wp\/v2\/product_tag?post=30174"}],"curies":[{"name":"wp","href":"https:\/\/api.w.org\/{rel}","templated":true}]}}