{"id":29673,"date":"2025-12-02T18:14:28","date_gmt":"2025-12-02T18:14:28","guid":{"rendered":"https:\/\/massalagros.com\/producto\/menu-degustacion-albor\/"},"modified":"2026-01-25T17:15:17","modified_gmt":"2026-01-25T17:15:17","slug":"menu-degustacion-albor","status":"publish","type":"product","link":"https:\/\/massalagros.com\/ca\/producto\/menu-degustacion-albor\/","title":{"rendered":"Men\u00fa degustaci\u00f3 Albor amb selecci\u00f3 de vins"},"content":{"rendered":"<p>El men\u00fa degustaci\u00f3 Albor inclou un recorregut culinari de diversos temps elaborat amb productes ecol\u00f2gics i de temporada, molts d\u2019ells del propi hort de Mas Salagros, des d\u2019aperitius creatius fins a plats de mar i de terra. L\u2019experi\u00e8ncia s\u2019acompanya d\u2019una selecci\u00f3 de vins biodin\u00e0mics que potencia els sabors de cada plat amb equilibri i matisos. Dissenyat per a qui busca una gastronomia refinada, sostenible i amb arrels mediterr\u00e0nies, en un entorn ser\u00e8 i cuidat fins al darrer detall.<\/p>\n","protected":false},"excerpt":{"rendered":"<h3>Cuina ecol\u00f2gica de temporada, cuidada al detall.<\/h3>\n<h6>Un men\u00fa degustaci\u00f3 guardonat amb l\u2019Estrella Verda Michelin i el Sol Repsol per a dues persones que celebra la cuina ecol\u00f2gica mediterr\u00e0nia amb productes de temporada, acompanyat d\u2019una selecci\u00f3 de vins de la regi\u00f3, pensada per real\u00e7ar cada plat.<\/h6>\n","protected":false},"featured_media":29405,"template":"","meta":{"_acf_changed":false},"product_brand":[],"product_cat":[1004],"product_tag":[1000],"class_list":{"0":"post-29673","1":"product","2":"type-product","3":"status-publish","4":"has-post-thumbnail","6":"product_cat-gastronomia","7":"product_tag-menu-degustacio-albor","9":"first","10":"instock","11":"sale","12":"virtual","13":"purchasable","14":"product-type-simple"},"acf":[],"yoast_head":"<!-- This site is optimized with the Yoast SEO plugin v27.2 - https:\/\/yoast.com\/product\/yoast-seo-wordpress\/ -->\n<title>Men\u00fa degustaci\u00f3 Albor amb selecci\u00f3 de vins &#8211; Mas Salagros<\/title>\n<meta name=\"description\" content=\"Un men\u00fa degustaci\u00f3 guardonat amb l\u2019Estrella Verda Michelin i el Sol Repsol per a dues persones que celebra la cuina ecol\u00f2gica mediterr\u00e0nia.\" \/>\n<meta name=\"robots\" content=\"index, follow, max-snippet:-1, max-image-preview:large, max-video-preview:-1\" \/>\n<link rel=\"canonical\" href=\"https:\/\/massalagros.com\/ca\/producto\/menu-degustacion-albor\/\" \/>\n<meta property=\"og:locale\" content=\"ca_ES\" \/>\n<meta property=\"og:type\" content=\"article\" \/>\n<meta property=\"og:title\" content=\"Men\u00fa degustaci\u00f3 Albor amb selecci\u00f3 de vins &#8211; Mas Salagros\" \/>\n<meta property=\"og:description\" content=\"Un men\u00fa degustaci\u00f3 guardonat amb l\u2019Estrella Verda Michelin i el Sol Repsol per a dues persones que celebra la cuina ecol\u00f2gica mediterr\u00e0nia.\" \/>\n<meta property=\"og:url\" content=\"https:\/\/massalagros.com\/ca\/producto\/menu-degustacion-albor\/\" \/>\n<meta property=\"og:site_name\" content=\"Mas Salagros\" \/>\n<meta property=\"article:publisher\" content=\"https:\/\/www.facebook.com\/MasSalagros\/\" \/>\n<meta property=\"article:modified_time\" content=\"2026-01-25T17:15:17+00:00\" \/>\n<meta property=\"og:image\" content=\"https:\/\/massalagros.com\/wp-content\/uploads\/2025\/12\/Experiencia_Albor_0000s_0005_Albor-3-web.jpg\" \/>\n\t<meta property=\"og:image:width\" content=\"1920\" \/>\n\t<meta property=\"og:image:height\" content=\"1080\" \/>\n\t<meta property=\"og:image:type\" content=\"image\/jpeg\" \/>\n<meta name=\"twitter:card\" content=\"summary_large_image\" \/>\n<meta name=\"twitter:site\" content=\"@MasSalagros\" \/>\n<meta name=\"twitter:label1\" content=\"Temps estimat de lectura\" \/>\n\t<meta name=\"twitter:data1\" content=\"1 minut\" \/>\n<script type=\"application\/ld+json\" class=\"yoast-schema-graph\">{\"@context\":\"https:\/\/schema.org\",\"@graph\":[{\"@type\":\"WebPage\",\"@id\":\"https:\/\/massalagros.com\/ca\/producto\/menu-degustacion-albor\/\",\"url\":\"https:\/\/massalagros.com\/ca\/producto\/menu-degustacion-albor\/\",\"name\":\"Men\u00fa degustaci\u00f3 Albor amb selecci\u00f3 de vins &#8211; Mas Salagros\",\"isPartOf\":{\"@id\":\"https:\/\/www.massalagros.com\/ca\/#website\"},\"primaryImageOfPage\":{\"@id\":\"https:\/\/massalagros.com\/ca\/producto\/menu-degustacion-albor\/#primaryimage\"},\"image\":{\"@id\":\"https:\/\/massalagros.com\/ca\/producto\/menu-degustacion-albor\/#primaryimage\"},\"thumbnailUrl\":\"https:\/\/massalagros.com\/wp-content\/uploads\/2025\/12\/Experiencia_Albor_0000s_0005_Albor-3-web.jpg\",\"datePublished\":\"2025-12-02T18:14:28+00:00\",\"dateModified\":\"2026-01-25T17:15:17+00:00\",\"description\":\"Un men\u00fa degustaci\u00f3 guardonat amb l\u2019Estrella Verda Michelin i el Sol Repsol per a dues persones que celebra la cuina ecol\u00f2gica mediterr\u00e0nia.\",\"breadcrumb\":{\"@id\":\"https:\/\/massalagros.com\/ca\/producto\/menu-degustacion-albor\/#breadcrumb\"},\"inLanguage\":\"ca\",\"potentialAction\":[{\"@type\":\"ReadAction\",\"target\":[\"https:\/\/massalagros.com\/ca\/producto\/menu-degustacion-albor\/\"]}]},{\"@type\":\"ImageObject\",\"inLanguage\":\"ca\",\"@id\":\"https:\/\/massalagros.com\/ca\/producto\/menu-degustacion-albor\/#primaryimage\",\"url\":\"https:\/\/massalagros.com\/wp-content\/uploads\/2025\/12\/Experiencia_Albor_0000s_0005_Albor-3-web.jpg\",\"contentUrl\":\"https:\/\/massalagros.com\/wp-content\/uploads\/2025\/12\/Experiencia_Albor_0000s_0005_Albor-3-web.jpg\",\"width\":1920,\"height\":1080},{\"@type\":\"BreadcrumbList\",\"@id\":\"https:\/\/massalagros.com\/ca\/producto\/menu-degustacion-albor\/#breadcrumb\",\"itemListElement\":[{\"@type\":\"ListItem\",\"position\":1,\"name\":\"Portada\",\"item\":\"https:\/\/massalagros.com\/ca\/\"},{\"@type\":\"ListItem\",\"position\":2,\"name\":\"Experi\u00e8ncies\",\"item\":\"https:\/\/massalagros.com\/ca\/botiga\/\"},{\"@type\":\"ListItem\",\"position\":3,\"name\":\"Men\u00fa degustaci\u00f3 Albor amb selecci\u00f3 de vins\"}]},{\"@type\":\"WebSite\",\"@id\":\"https:\/\/www.massalagros.com\/ca\/#website\",\"url\":\"https:\/\/www.massalagros.com\/ca\/\",\"name\":\"Mas Salagros\",\"description\":\"EcoResort de lujo en Barcelona - Vallromanes\",\"publisher\":{\"@id\":\"https:\/\/www.massalagros.com\/ca\/#organization\"},\"potentialAction\":[{\"@type\":\"SearchAction\",\"target\":{\"@type\":\"EntryPoint\",\"urlTemplate\":\"https:\/\/www.massalagros.com\/ca\/?s={search_term_string}\"},\"query-input\":{\"@type\":\"PropertyValueSpecification\",\"valueRequired\":true,\"valueName\":\"search_term_string\"}}],\"inLanguage\":\"ca\"},{\"@type\":\"Organization\",\"@id\":\"https:\/\/www.massalagros.com\/ca\/#organization\",\"name\":\"MAS SALAGROS HOTEL ECORESORT\",\"url\":\"https:\/\/www.massalagros.com\/ca\/\",\"logo\":{\"@type\":\"ImageObject\",\"inLanguage\":\"ca\",\"@id\":\"https:\/\/www.massalagros.com\/ca\/#\/schema\/logo\/image\/\",\"url\":\"\/wp-content\/uploads\/2018\/05\/IMG_0116.jpg\",\"contentUrl\":\"\/wp-content\/uploads\/2018\/05\/IMG_0116.jpg\",\"width\":2000,\"height\":1333,\"caption\":\"MAS SALAGROS HOTEL ECORESORT\"},\"image\":{\"@id\":\"https:\/\/www.massalagros.com\/ca\/#\/schema\/logo\/image\/\"},\"sameAs\":[\"https:\/\/www.facebook.com\/MasSalagros\/\",\"https:\/\/x.com\/MasSalagros\",\"https:\/\/www.instagram.com\/massalagrosecoresort\/\"]}]}<\/script>\n<!-- \/ Yoast SEO plugin. -->","yoast_head_json":{"title":"Men\u00fa degustaci\u00f3 Albor amb selecci\u00f3 de vins &#8211; Mas Salagros","description":"Un men\u00fa degustaci\u00f3 guardonat amb l\u2019Estrella Verda Michelin i el Sol Repsol per a dues persones que celebra la cuina ecol\u00f2gica mediterr\u00e0nia.","robots":{"index":"index","follow":"follow","max-snippet":"max-snippet:-1","max-image-preview":"max-image-preview:large","max-video-preview":"max-video-preview:-1"},"canonical":"https:\/\/massalagros.com\/ca\/producto\/menu-degustacion-albor\/","og_locale":"ca_ES","og_type":"article","og_title":"Men\u00fa degustaci\u00f3 Albor amb selecci\u00f3 de vins &#8211; Mas Salagros","og_description":"Un men\u00fa degustaci\u00f3 guardonat amb l\u2019Estrella Verda Michelin i el Sol Repsol per a dues persones que celebra la cuina ecol\u00f2gica mediterr\u00e0nia.","og_url":"https:\/\/massalagros.com\/ca\/producto\/menu-degustacion-albor\/","og_site_name":"Mas Salagros","article_publisher":"https:\/\/www.facebook.com\/MasSalagros\/","article_modified_time":"2026-01-25T17:15:17+00:00","og_image":[{"width":1920,"height":1080,"url":"https:\/\/massalagros.com\/wp-content\/uploads\/2025\/12\/Experiencia_Albor_0000s_0005_Albor-3-web.jpg","type":"image\/jpeg"}],"twitter_card":"summary_large_image","twitter_site":"@MasSalagros","twitter_misc":{"Temps estimat de lectura":"1 minut"},"schema":{"@context":"https:\/\/schema.org","@graph":[{"@type":"WebPage","@id":"https:\/\/massalagros.com\/ca\/producto\/menu-degustacion-albor\/","url":"https:\/\/massalagros.com\/ca\/producto\/menu-degustacion-albor\/","name":"Men\u00fa degustaci\u00f3 Albor amb selecci\u00f3 de vins &#8211; Mas Salagros","isPartOf":{"@id":"https:\/\/www.massalagros.com\/ca\/#website"},"primaryImageOfPage":{"@id":"https:\/\/massalagros.com\/ca\/producto\/menu-degustacion-albor\/#primaryimage"},"image":{"@id":"https:\/\/massalagros.com\/ca\/producto\/menu-degustacion-albor\/#primaryimage"},"thumbnailUrl":"https:\/\/massalagros.com\/wp-content\/uploads\/2025\/12\/Experiencia_Albor_0000s_0005_Albor-3-web.jpg","datePublished":"2025-12-02T18:14:28+00:00","dateModified":"2026-01-25T17:15:17+00:00","description":"Un men\u00fa degustaci\u00f3 guardonat amb l\u2019Estrella Verda Michelin i el Sol Repsol per a dues persones que celebra la cuina ecol\u00f2gica mediterr\u00e0nia.","breadcrumb":{"@id":"https:\/\/massalagros.com\/ca\/producto\/menu-degustacion-albor\/#breadcrumb"},"inLanguage":"ca","potentialAction":[{"@type":"ReadAction","target":["https:\/\/massalagros.com\/ca\/producto\/menu-degustacion-albor\/"]}]},{"@type":"ImageObject","inLanguage":"ca","@id":"https:\/\/massalagros.com\/ca\/producto\/menu-degustacion-albor\/#primaryimage","url":"https:\/\/massalagros.com\/wp-content\/uploads\/2025\/12\/Experiencia_Albor_0000s_0005_Albor-3-web.jpg","contentUrl":"https:\/\/massalagros.com\/wp-content\/uploads\/2025\/12\/Experiencia_Albor_0000s_0005_Albor-3-web.jpg","width":1920,"height":1080},{"@type":"BreadcrumbList","@id":"https:\/\/massalagros.com\/ca\/producto\/menu-degustacion-albor\/#breadcrumb","itemListElement":[{"@type":"ListItem","position":1,"name":"Portada","item":"https:\/\/massalagros.com\/ca\/"},{"@type":"ListItem","position":2,"name":"Experi\u00e8ncies","item":"https:\/\/massalagros.com\/ca\/botiga\/"},{"@type":"ListItem","position":3,"name":"Men\u00fa degustaci\u00f3 Albor amb selecci\u00f3 de vins"}]},{"@type":"WebSite","@id":"https:\/\/www.massalagros.com\/ca\/#website","url":"https:\/\/www.massalagros.com\/ca\/","name":"Mas Salagros","description":"EcoResort de lujo en Barcelona - Vallromanes","publisher":{"@id":"https:\/\/www.massalagros.com\/ca\/#organization"},"potentialAction":[{"@type":"SearchAction","target":{"@type":"EntryPoint","urlTemplate":"https:\/\/www.massalagros.com\/ca\/?s={search_term_string}"},"query-input":{"@type":"PropertyValueSpecification","valueRequired":true,"valueName":"search_term_string"}}],"inLanguage":"ca"},{"@type":"Organization","@id":"https:\/\/www.massalagros.com\/ca\/#organization","name":"MAS SALAGROS HOTEL ECORESORT","url":"https:\/\/www.massalagros.com\/ca\/","logo":{"@type":"ImageObject","inLanguage":"ca","@id":"https:\/\/www.massalagros.com\/ca\/#\/schema\/logo\/image\/","url":"\/wp-content\/uploads\/2018\/05\/IMG_0116.jpg","contentUrl":"\/wp-content\/uploads\/2018\/05\/IMG_0116.jpg","width":2000,"height":1333,"caption":"MAS SALAGROS HOTEL ECORESORT"},"image":{"@id":"https:\/\/www.massalagros.com\/ca\/#\/schema\/logo\/image\/"},"sameAs":["https:\/\/www.facebook.com\/MasSalagros\/","https:\/\/x.com\/MasSalagros","https:\/\/www.instagram.com\/massalagrosecoresort\/"]}]}},"_links":{"self":[{"href":"https:\/\/massalagros.com\/ca\/wp-json\/wp\/v2\/product\/29673","targetHints":{"allow":["GET"]}}],"collection":[{"href":"https:\/\/massalagros.com\/ca\/wp-json\/wp\/v2\/product"}],"about":[{"href":"https:\/\/massalagros.com\/ca\/wp-json\/wp\/v2\/types\/product"}],"wp:featuredmedia":[{"embeddable":true,"href":"https:\/\/massalagros.com\/ca\/wp-json\/wp\/v2\/media\/29405"}],"wp:attachment":[{"href":"https:\/\/massalagros.com\/ca\/wp-json\/wp\/v2\/media?parent=29673"}],"wp:term":[{"taxonomy":"product_brand","embeddable":true,"href":"https:\/\/massalagros.com\/ca\/wp-json\/wp\/v2\/product_brand?post=29673"},{"taxonomy":"product_cat","embeddable":true,"href":"https:\/\/massalagros.com\/ca\/wp-json\/wp\/v2\/product_cat?post=29673"},{"taxonomy":"product_tag","embeddable":true,"href":"https:\/\/massalagros.com\/ca\/wp-json\/wp\/v2\/product_tag?post=29673"}],"curies":[{"name":"wp","href":"https:\/\/api.w.org\/{rel}","templated":true}]}}