{"id":29649,"date":"2025-12-02T18:10:38","date_gmt":"2025-12-02T18:10:38","guid":{"rendered":"https:\/\/massalagros.com\/producto\/menu-degustacion-1497\/"},"modified":"2026-01-25T17:58:44","modified_gmt":"2026-01-25T17:58:44","slug":"menu-degustacio-1497","status":"publish","type":"product","link":"https:\/\/massalagros.com\/ca\/producto\/menu-degustacio-1497\/","title":{"rendered":"Men\u00fa degustaci\u00f3 1497 amb maridatge de vins"},"content":{"rendered":"<p>El men\u00fa degustaci\u00f3 1497 \u00e9s una proposta gastron\u00f2mica d\u2019autor que recorre diferents elaboracions \u2014des d\u2019aperitius del xef fins a plats de mar i de terra i postres delicades\u2014 elaborades amb productes ecol\u00f2gics de temporada. Inclou un maridatge de vins seleccionats de la D.O. Alella, que acompanya cada plat per potenciar-ne els matisos amb vins que equilibren sabors i textures. Aquesta experi\u00e8ncia est\u00e0 pensada per a qui valora l\u2019alta cuina sostenible en la seva expressi\u00f3 m\u00e9s completa i refinada, en un ambient tranquil i amb un servei atent.<\/p>\n","protected":false},"excerpt":{"rendered":"<h3 id=\"tw-target-text\" class=\"tw-data-text tw-text-large tw-ta\" dir=\"ltr\" tabindex=\"-1\" role=\"text\" data-placeholder=\"Traducci\u00f3n\" data-ved=\"2ahUKEwiPsrj6-6WRAxXoVkEAHeMNKeYQ3ewLegQIDBAV\" aria-label=\"Texto traducido: Assaboreix. Explora. Sorpr\u00e8n-te. Un viatge gastron\u00f2mic per a dues persones per l?ess\u00e8ncia ecol\u00f2gica de Mas Salagros. El 1497 la creativitat i l'excel\u00b7l\u00e8ncia s\u00f3n reconegudes amb l'Estrella Verda Michelin i el Sol Repsol. Un men\u00fa degustaci\u00f3 elaborat amb cura, acompanyat de vins ecol\u00f2gics que realcen cada plat.\">Alta gastronomia ecol\u00f2gica amb maridatge seleccionat.<\/h3>\n<h6 id=\"tw-target-text\" class=\"tw-data-text tw-text-large tw-ta\" dir=\"ltr\" tabindex=\"-1\" role=\"text\" data-placeholder=\"Traducci\u00f3n\" data-ved=\"2ahUKEwiPsrj6-6WRAxXoVkEAHeMNKeYQ3ewLegQIDBAV\" aria-label=\"Texto traducido: Un viatge gastron\u00f2mic per a dues persones per l?ess\u00e8ncia ecol\u00f2gica de Mas Salagros. El 1497 la creativitat i l'excel\u00b7l\u00e8ncia s\u00f3n reconegudes amb l'Estrella Verda Michelin i el Sol Repsol. Un men\u00fa degustaci\u00f3 elaborat amb cura, acompanyat de vins ecol\u00f2gics que realcen cada plat.\">Un men\u00fa degustaci\u00f3 d\u2019autor reconegut amb l\u2019Estrella Verda Michelin i el Sol Repsol, amb un maridatge de vins curosament seleccionat, dissenyat per real\u00e7ar cada creaci\u00f3 gastron\u00f2mica i celebrar el producte de temporada.<\/h6>\n","protected":false},"featured_media":27569,"template":"","meta":{"_acf_changed":false},"product_brand":[],"product_cat":[1004],"product_tag":[1002],"class_list":{"0":"post-29649","1":"product","2":"type-product","3":"status-publish","4":"has-post-thumbnail","6":"product_cat-gastronomia","7":"product_tag-menu-degustacio-1497","9":"first","10":"instock","11":"virtual","12":"purchasable","13":"product-type-simple"},"acf":[],"yoast_head":"<!-- This site is optimized with the Yoast SEO plugin v27.2 - https:\/\/yoast.com\/product\/yoast-seo-wordpress\/ -->\n<title>Men\u00fa degustaci\u00f3 1497 amb maridatge de vins &#8211; Mas Salagros<\/title>\n<meta name=\"description\" content=\"Un men\u00fa degustaci\u00f3 d\u2019autor reconegut amb l\u2019Estrella Verda Michelin i el Sol Repsol, amb un maridatge de vins curosament seleccionat.\" \/>\n<meta name=\"robots\" content=\"index, follow, max-snippet:-1, max-image-preview:large, max-video-preview:-1\" \/>\n<link rel=\"canonical\" href=\"https:\/\/massalagros.com\/ca\/producto\/menu-degustacio-1497\/\" \/>\n<meta property=\"og:locale\" content=\"ca_ES\" \/>\n<meta property=\"og:type\" content=\"article\" \/>\n<meta property=\"og:title\" content=\"Men\u00fa degustaci\u00f3 1497 amb maridatge de vins &#8211; Mas Salagros\" \/>\n<meta property=\"og:description\" content=\"Un men\u00fa degustaci\u00f3 d\u2019autor reconegut amb l\u2019Estrella Verda Michelin i el Sol Repsol, amb un maridatge de vins curosament seleccionat.\" \/>\n<meta property=\"og:url\" content=\"https:\/\/massalagros.com\/ca\/producto\/menu-degustacio-1497\/\" \/>\n<meta property=\"og:site_name\" content=\"Mas Salagros\" \/>\n<meta property=\"article:publisher\" content=\"https:\/\/www.facebook.com\/MasSalagros\/\" \/>\n<meta property=\"article:modified_time\" content=\"2026-01-25T17:58:44+00:00\" \/>\n<meta property=\"og:image\" content=\"https:\/\/massalagros.com\/wp-content\/uploads\/2018\/04\/Vieiras-a-la-plancha-con-crumble-de-hierbas-caviar-y-jugo-de-tomillo_2.jpeg\" \/>\n\t<meta property=\"og:image:width\" content=\"2560\" \/>\n\t<meta property=\"og:image:height\" content=\"1920\" \/>\n\t<meta property=\"og:image:type\" content=\"image\/jpeg\" \/>\n<meta name=\"twitter:card\" content=\"summary_large_image\" \/>\n<meta name=\"twitter:site\" content=\"@MasSalagros\" \/>\n<meta name=\"twitter:label1\" content=\"Temps estimat de lectura\" \/>\n\t<meta name=\"twitter:data1\" content=\"1 minut\" \/>\n<script type=\"application\/ld+json\" class=\"yoast-schema-graph\">{\"@context\":\"https:\/\/schema.org\",\"@graph\":[{\"@type\":\"WebPage\",\"@id\":\"https:\/\/massalagros.com\/ca\/producto\/menu-degustacio-1497\/\",\"url\":\"https:\/\/massalagros.com\/ca\/producto\/menu-degustacio-1497\/\",\"name\":\"Men\u00fa degustaci\u00f3 1497 amb maridatge de vins &#8211; Mas Salagros\",\"isPartOf\":{\"@id\":\"https:\/\/www.massalagros.com\/ca\/#website\"},\"primaryImageOfPage\":{\"@id\":\"https:\/\/massalagros.com\/ca\/producto\/menu-degustacio-1497\/#primaryimage\"},\"image\":{\"@id\":\"https:\/\/massalagros.com\/ca\/producto\/menu-degustacio-1497\/#primaryimage\"},\"thumbnailUrl\":\"https:\/\/massalagros.com\/wp-content\/uploads\/2018\/04\/Vieiras-a-la-plancha-con-crumble-de-hierbas-caviar-y-jugo-de-tomillo_2.jpeg\",\"datePublished\":\"2025-12-02T18:10:38+00:00\",\"dateModified\":\"2026-01-25T17:58:44+00:00\",\"description\":\"Un men\u00fa degustaci\u00f3 d\u2019autor reconegut amb l\u2019Estrella Verda Michelin i el Sol Repsol, amb un maridatge de vins curosament seleccionat.\",\"breadcrumb\":{\"@id\":\"https:\/\/massalagros.com\/ca\/producto\/menu-degustacio-1497\/#breadcrumb\"},\"inLanguage\":\"ca\",\"potentialAction\":[{\"@type\":\"ReadAction\",\"target\":[\"https:\/\/massalagros.com\/ca\/producto\/menu-degustacio-1497\/\"]}]},{\"@type\":\"ImageObject\",\"inLanguage\":\"ca\",\"@id\":\"https:\/\/massalagros.com\/ca\/producto\/menu-degustacio-1497\/#primaryimage\",\"url\":\"https:\/\/massalagros.com\/wp-content\/uploads\/2018\/04\/Vieiras-a-la-plancha-con-crumble-de-hierbas-caviar-y-jugo-de-tomillo_2.jpeg\",\"contentUrl\":\"https:\/\/massalagros.com\/wp-content\/uploads\/2018\/04\/Vieiras-a-la-plancha-con-crumble-de-hierbas-caviar-y-jugo-de-tomillo_2.jpeg\",\"width\":2560,\"height\":1920},{\"@type\":\"BreadcrumbList\",\"@id\":\"https:\/\/massalagros.com\/ca\/producto\/menu-degustacio-1497\/#breadcrumb\",\"itemListElement\":[{\"@type\":\"ListItem\",\"position\":1,\"name\":\"Portada\",\"item\":\"https:\/\/massalagros.com\/ca\/\"},{\"@type\":\"ListItem\",\"position\":2,\"name\":\"Experi\u00e8ncies\",\"item\":\"https:\/\/massalagros.com\/ca\/botiga\/\"},{\"@type\":\"ListItem\",\"position\":3,\"name\":\"Men\u00fa degustaci\u00f3 1497 amb maridatge de vins\"}]},{\"@type\":\"WebSite\",\"@id\":\"https:\/\/www.massalagros.com\/ca\/#website\",\"url\":\"https:\/\/www.massalagros.com\/ca\/\",\"name\":\"Mas Salagros\",\"description\":\"EcoResort de lujo en Barcelona - Vallromanes\",\"publisher\":{\"@id\":\"https:\/\/www.massalagros.com\/ca\/#organization\"},\"potentialAction\":[{\"@type\":\"SearchAction\",\"target\":{\"@type\":\"EntryPoint\",\"urlTemplate\":\"https:\/\/www.massalagros.com\/ca\/?s={search_term_string}\"},\"query-input\":{\"@type\":\"PropertyValueSpecification\",\"valueRequired\":true,\"valueName\":\"search_term_string\"}}],\"inLanguage\":\"ca\"},{\"@type\":\"Organization\",\"@id\":\"https:\/\/www.massalagros.com\/ca\/#organization\",\"name\":\"MAS SALAGROS HOTEL ECORESORT\",\"url\":\"https:\/\/www.massalagros.com\/ca\/\",\"logo\":{\"@type\":\"ImageObject\",\"inLanguage\":\"ca\",\"@id\":\"https:\/\/www.massalagros.com\/ca\/#\/schema\/logo\/image\/\",\"url\":\"\/wp-content\/uploads\/2018\/05\/IMG_0116.jpg\",\"contentUrl\":\"\/wp-content\/uploads\/2018\/05\/IMG_0116.jpg\",\"width\":2000,\"height\":1333,\"caption\":\"MAS SALAGROS HOTEL ECORESORT\"},\"image\":{\"@id\":\"https:\/\/www.massalagros.com\/ca\/#\/schema\/logo\/image\/\"},\"sameAs\":[\"https:\/\/www.facebook.com\/MasSalagros\/\",\"https:\/\/x.com\/MasSalagros\",\"https:\/\/www.instagram.com\/massalagrosecoresort\/\"]}]}<\/script>\n<!-- \/ Yoast SEO plugin. -->","yoast_head_json":{"title":"Men\u00fa degustaci\u00f3 1497 amb maridatge de vins &#8211; Mas Salagros","description":"Un men\u00fa degustaci\u00f3 d\u2019autor reconegut amb l\u2019Estrella Verda Michelin i el Sol Repsol, amb un maridatge de vins curosament seleccionat.","robots":{"index":"index","follow":"follow","max-snippet":"max-snippet:-1","max-image-preview":"max-image-preview:large","max-video-preview":"max-video-preview:-1"},"canonical":"https:\/\/massalagros.com\/ca\/producto\/menu-degustacio-1497\/","og_locale":"ca_ES","og_type":"article","og_title":"Men\u00fa degustaci\u00f3 1497 amb maridatge de vins &#8211; Mas Salagros","og_description":"Un men\u00fa degustaci\u00f3 d\u2019autor reconegut amb l\u2019Estrella Verda Michelin i el Sol Repsol, amb un maridatge de vins curosament seleccionat.","og_url":"https:\/\/massalagros.com\/ca\/producto\/menu-degustacio-1497\/","og_site_name":"Mas Salagros","article_publisher":"https:\/\/www.facebook.com\/MasSalagros\/","article_modified_time":"2026-01-25T17:58:44+00:00","og_image":[{"width":2560,"height":1920,"url":"https:\/\/massalagros.com\/wp-content\/uploads\/2018\/04\/Vieiras-a-la-plancha-con-crumble-de-hierbas-caviar-y-jugo-de-tomillo_2.jpeg","type":"image\/jpeg"}],"twitter_card":"summary_large_image","twitter_site":"@MasSalagros","twitter_misc":{"Temps estimat de lectura":"1 minut"},"schema":{"@context":"https:\/\/schema.org","@graph":[{"@type":"WebPage","@id":"https:\/\/massalagros.com\/ca\/producto\/menu-degustacio-1497\/","url":"https:\/\/massalagros.com\/ca\/producto\/menu-degustacio-1497\/","name":"Men\u00fa degustaci\u00f3 1497 amb maridatge de vins &#8211; Mas Salagros","isPartOf":{"@id":"https:\/\/www.massalagros.com\/ca\/#website"},"primaryImageOfPage":{"@id":"https:\/\/massalagros.com\/ca\/producto\/menu-degustacio-1497\/#primaryimage"},"image":{"@id":"https:\/\/massalagros.com\/ca\/producto\/menu-degustacio-1497\/#primaryimage"},"thumbnailUrl":"https:\/\/massalagros.com\/wp-content\/uploads\/2018\/04\/Vieiras-a-la-plancha-con-crumble-de-hierbas-caviar-y-jugo-de-tomillo_2.jpeg","datePublished":"2025-12-02T18:10:38+00:00","dateModified":"2026-01-25T17:58:44+00:00","description":"Un men\u00fa degustaci\u00f3 d\u2019autor reconegut amb l\u2019Estrella Verda Michelin i el Sol Repsol, amb un maridatge de vins curosament seleccionat.","breadcrumb":{"@id":"https:\/\/massalagros.com\/ca\/producto\/menu-degustacio-1497\/#breadcrumb"},"inLanguage":"ca","potentialAction":[{"@type":"ReadAction","target":["https:\/\/massalagros.com\/ca\/producto\/menu-degustacio-1497\/"]}]},{"@type":"ImageObject","inLanguage":"ca","@id":"https:\/\/massalagros.com\/ca\/producto\/menu-degustacio-1497\/#primaryimage","url":"https:\/\/massalagros.com\/wp-content\/uploads\/2018\/04\/Vieiras-a-la-plancha-con-crumble-de-hierbas-caviar-y-jugo-de-tomillo_2.jpeg","contentUrl":"https:\/\/massalagros.com\/wp-content\/uploads\/2018\/04\/Vieiras-a-la-plancha-con-crumble-de-hierbas-caviar-y-jugo-de-tomillo_2.jpeg","width":2560,"height":1920},{"@type":"BreadcrumbList","@id":"https:\/\/massalagros.com\/ca\/producto\/menu-degustacio-1497\/#breadcrumb","itemListElement":[{"@type":"ListItem","position":1,"name":"Portada","item":"https:\/\/massalagros.com\/ca\/"},{"@type":"ListItem","position":2,"name":"Experi\u00e8ncies","item":"https:\/\/massalagros.com\/ca\/botiga\/"},{"@type":"ListItem","position":3,"name":"Men\u00fa degustaci\u00f3 1497 amb maridatge de vins"}]},{"@type":"WebSite","@id":"https:\/\/www.massalagros.com\/ca\/#website","url":"https:\/\/www.massalagros.com\/ca\/","name":"Mas Salagros","description":"EcoResort de lujo en Barcelona - Vallromanes","publisher":{"@id":"https:\/\/www.massalagros.com\/ca\/#organization"},"potentialAction":[{"@type":"SearchAction","target":{"@type":"EntryPoint","urlTemplate":"https:\/\/www.massalagros.com\/ca\/?s={search_term_string}"},"query-input":{"@type":"PropertyValueSpecification","valueRequired":true,"valueName":"search_term_string"}}],"inLanguage":"ca"},{"@type":"Organization","@id":"https:\/\/www.massalagros.com\/ca\/#organization","name":"MAS SALAGROS HOTEL ECORESORT","url":"https:\/\/www.massalagros.com\/ca\/","logo":{"@type":"ImageObject","inLanguage":"ca","@id":"https:\/\/www.massalagros.com\/ca\/#\/schema\/logo\/image\/","url":"\/wp-content\/uploads\/2018\/05\/IMG_0116.jpg","contentUrl":"\/wp-content\/uploads\/2018\/05\/IMG_0116.jpg","width":2000,"height":1333,"caption":"MAS SALAGROS HOTEL ECORESORT"},"image":{"@id":"https:\/\/www.massalagros.com\/ca\/#\/schema\/logo\/image\/"},"sameAs":["https:\/\/www.facebook.com\/MasSalagros\/","https:\/\/x.com\/MasSalagros","https:\/\/www.instagram.com\/massalagrosecoresort\/"]}]}},"_links":{"self":[{"href":"https:\/\/massalagros.com\/ca\/wp-json\/wp\/v2\/product\/29649","targetHints":{"allow":["GET"]}}],"collection":[{"href":"https:\/\/massalagros.com\/ca\/wp-json\/wp\/v2\/product"}],"about":[{"href":"https:\/\/massalagros.com\/ca\/wp-json\/wp\/v2\/types\/product"}],"wp:featuredmedia":[{"embeddable":true,"href":"https:\/\/massalagros.com\/ca\/wp-json\/wp\/v2\/media\/27569"}],"wp:attachment":[{"href":"https:\/\/massalagros.com\/ca\/wp-json\/wp\/v2\/media?parent=29649"}],"wp:term":[{"taxonomy":"product_brand","embeddable":true,"href":"https:\/\/massalagros.com\/ca\/wp-json\/wp\/v2\/product_brand?post=29649"},{"taxonomy":"product_cat","embeddable":true,"href":"https:\/\/massalagros.com\/ca\/wp-json\/wp\/v2\/product_cat?post=29649"},{"taxonomy":"product_tag","embeddable":true,"href":"https:\/\/massalagros.com\/ca\/wp-json\/wp\/v2\/product_tag?post=29649"}],"curies":[{"name":"wp","href":"https:\/\/api.w.org\/{rel}","templated":true}]}}