{"id":29645,"date":"2025-11-24T15:24:40","date_gmt":"2025-11-24T15:24:40","guid":{"rendered":"https:\/\/massalagros.com\/producto\/slowlife\/"},"modified":"2026-01-27T15:00:40","modified_gmt":"2026-01-27T15:00:40","slug":"slowlife","status":"publish","type":"product","link":"https:\/\/massalagros.com\/ca\/producto\/slowlife\/","title":{"rendered":"Slowlife"},"content":{"rendered":"<div class=\"Y3BBE\" data-sfc-cp=\"\" data-hveid=\"CAEIBBAA\" data-processed=\"true\" data-complete=\"true\">Slow Life combina allotjament en habitaci\u00f3 doble amb terrassa, circuit d\u2019aig\u00fces i aromater\u00e0pia by AIRE Ancient Baths Vallromanes, dinar informal al nostre Restaurant Cibus, esmorzar ecol\u00f2gic i temps per gaudir de l\u2019entorn natural de l\u2019ecoresort.<br \/>\nUna experi\u00e8ncia pensada per descansar i reconnectar. El confort de l\u2019habitaci\u00f3 i la calma de l\u2019entorn conviden a viure l\u2019estada a un ritme pausat, prioritzant el descans i el benestar.<\/div>\n","protected":false},"excerpt":{"rendered":"<h3>Viure a poc a poc, dormir b\u00e9 i gaudir sense horaris.<\/h3>\n<div dir=\"ltr\">\n<div class=\"input-box\" spellcheck=\"false\">\n<div id=\"waffle-rich-text-editor\" class=\"cell-input editable\" dir=\"ltr\" tabindex=\"0\" role=\"combobox\" contenteditable=\"true\" aria-autocomplete=\"list\" aria-label=\"C3\">Una estada pensada per baixar el ritme i tornar a l\u2019essencial, on el benestar, el descans i la gastronomia ecol\u00f2gica es combinen per oferir-te una experi\u00e8ncia de calma profunda i connexi\u00f3 aut\u00e8ntica.<\/div>\n<\/div>\n<\/div>\n<div><\/div>\n<p data-start=\"147\" data-end=\"378\" data-is-last-node=\"\" data-is-only-node=\"\">\n","protected":false},"featured_media":27644,"template":"","meta":{"_acf_changed":false},"product_brand":[],"product_cat":[990],"product_tag":[997,981,992,991,993],"class_list":{"0":"post-29645","1":"product","2":"type-product","3":"status-publish","4":"has-post-thumbnail","6":"product_cat-ecoresort","7":"product_tag-circuit-daigues","8":"product_tag-copa-de-benvinguda","9":"product_tag-esmortzar-eco","10":"product_tag-habitacio-superior","11":"product_tag-menu-a-la-carta","13":"first","14":"instock","15":"sale","16":"virtual","17":"purchasable","18":"product-type-simple"},"acf":[],"yoast_head":"<!-- This site is optimized with the Yoast SEO plugin v27.2 - https:\/\/yoast.com\/product\/yoast-seo-wordpress\/ -->\n<title>Slowlife &#8211; Mas Salagros<\/title>\n<meta name=\"description\" content=\"Una estada pensada per baixar el ritme i tornar a l\u2019essencial, on el benestar, el descans i la gastronomia ecol\u00f2gica es combinen.\" \/>\n<meta name=\"robots\" content=\"index, follow, max-snippet:-1, max-image-preview:large, max-video-preview:-1\" \/>\n<link rel=\"canonical\" href=\"https:\/\/massalagros.com\/ca\/producto\/slowlife\/\" \/>\n<meta property=\"og:locale\" content=\"ca_ES\" \/>\n<meta property=\"og:type\" content=\"article\" \/>\n<meta property=\"og:title\" content=\"Slowlife &#8211; Mas Salagros\" \/>\n<meta property=\"og:description\" content=\"Una estada pensada per baixar el ritme i tornar a l\u2019essencial, on el benestar, el descans i la gastronomia ecol\u00f2gica es combinen.\" \/>\n<meta property=\"og:url\" content=\"https:\/\/massalagros.com\/ca\/producto\/slowlife\/\" \/>\n<meta property=\"og:site_name\" content=\"Mas Salagros\" \/>\n<meta property=\"article:publisher\" content=\"https:\/\/www.facebook.com\/MasSalagros\/\" \/>\n<meta property=\"article:modified_time\" content=\"2026-01-27T15:00:40+00:00\" \/>\n<meta property=\"og:image\" content=\"https:\/\/massalagros.com\/wp-content\/uploads\/2023\/10\/fotos-experiencias_slowlofe.jpeg\" \/>\n\t<meta property=\"og:image:width\" content=\"2560\" \/>\n\t<meta property=\"og:image:height\" content=\"1440\" \/>\n\t<meta property=\"og:image:type\" content=\"image\/jpeg\" \/>\n<meta name=\"twitter:card\" content=\"summary_large_image\" \/>\n<meta name=\"twitter:site\" content=\"@MasSalagros\" \/>\n<meta name=\"twitter:label1\" content=\"Temps estimat de lectura\" \/>\n\t<meta name=\"twitter:data1\" content=\"1 minut\" \/>\n<script type=\"application\/ld+json\" class=\"yoast-schema-graph\">{\"@context\":\"https:\/\/schema.org\",\"@graph\":[{\"@type\":\"WebPage\",\"@id\":\"https:\/\/massalagros.com\/ca\/producto\/slowlife\/\",\"url\":\"https:\/\/massalagros.com\/ca\/producto\/slowlife\/\",\"name\":\"Slowlife &#8211; Mas Salagros\",\"isPartOf\":{\"@id\":\"https:\/\/www.massalagros.com\/ca\/#website\"},\"primaryImageOfPage\":{\"@id\":\"https:\/\/massalagros.com\/ca\/producto\/slowlife\/#primaryimage\"},\"image\":{\"@id\":\"https:\/\/massalagros.com\/ca\/producto\/slowlife\/#primaryimage\"},\"thumbnailUrl\":\"https:\/\/massalagros.com\/wp-content\/uploads\/2023\/10\/fotos-experiencias_slowlofe.jpeg\",\"datePublished\":\"2025-11-24T15:24:40+00:00\",\"dateModified\":\"2026-01-27T15:00:40+00:00\",\"description\":\"Una estada pensada per baixar el ritme i tornar a l\u2019essencial, on el benestar, el descans i la gastronomia ecol\u00f2gica es combinen.\",\"breadcrumb\":{\"@id\":\"https:\/\/massalagros.com\/ca\/producto\/slowlife\/#breadcrumb\"},\"inLanguage\":\"ca\",\"potentialAction\":[{\"@type\":\"ReadAction\",\"target\":[\"https:\/\/massalagros.com\/ca\/producto\/slowlife\/\"]}]},{\"@type\":\"ImageObject\",\"inLanguage\":\"ca\",\"@id\":\"https:\/\/massalagros.com\/ca\/producto\/slowlife\/#primaryimage\",\"url\":\"https:\/\/massalagros.com\/wp-content\/uploads\/2023\/10\/fotos-experiencias_slowlofe.jpeg\",\"contentUrl\":\"https:\/\/massalagros.com\/wp-content\/uploads\/2023\/10\/fotos-experiencias_slowlofe.jpeg\",\"width\":2560,\"height\":1440},{\"@type\":\"BreadcrumbList\",\"@id\":\"https:\/\/massalagros.com\/ca\/producto\/slowlife\/#breadcrumb\",\"itemListElement\":[{\"@type\":\"ListItem\",\"position\":1,\"name\":\"Portada\",\"item\":\"https:\/\/massalagros.com\/ca\/\"},{\"@type\":\"ListItem\",\"position\":2,\"name\":\"Experi\u00e8ncies\",\"item\":\"https:\/\/massalagros.com\/ca\/botiga\/\"},{\"@type\":\"ListItem\",\"position\":3,\"name\":\"Slowlife\"}]},{\"@type\":\"WebSite\",\"@id\":\"https:\/\/www.massalagros.com\/ca\/#website\",\"url\":\"https:\/\/www.massalagros.com\/ca\/\",\"name\":\"Mas Salagros\",\"description\":\"EcoResort de lujo en Barcelona - Vallromanes\",\"publisher\":{\"@id\":\"https:\/\/www.massalagros.com\/ca\/#organization\"},\"potentialAction\":[{\"@type\":\"SearchAction\",\"target\":{\"@type\":\"EntryPoint\",\"urlTemplate\":\"https:\/\/www.massalagros.com\/ca\/?s={search_term_string}\"},\"query-input\":{\"@type\":\"PropertyValueSpecification\",\"valueRequired\":true,\"valueName\":\"search_term_string\"}}],\"inLanguage\":\"ca\"},{\"@type\":\"Organization\",\"@id\":\"https:\/\/www.massalagros.com\/ca\/#organization\",\"name\":\"MAS SALAGROS HOTEL ECORESORT\",\"url\":\"https:\/\/www.massalagros.com\/ca\/\",\"logo\":{\"@type\":\"ImageObject\",\"inLanguage\":\"ca\",\"@id\":\"https:\/\/www.massalagros.com\/ca\/#\/schema\/logo\/image\/\",\"url\":\"\/wp-content\/uploads\/2018\/05\/IMG_0116.jpg\",\"contentUrl\":\"\/wp-content\/uploads\/2018\/05\/IMG_0116.jpg\",\"width\":2000,\"height\":1333,\"caption\":\"MAS SALAGROS HOTEL ECORESORT\"},\"image\":{\"@id\":\"https:\/\/www.massalagros.com\/ca\/#\/schema\/logo\/image\/\"},\"sameAs\":[\"https:\/\/www.facebook.com\/MasSalagros\/\",\"https:\/\/x.com\/MasSalagros\",\"https:\/\/www.instagram.com\/massalagrosecoresort\/\"]}]}<\/script>\n<!-- \/ Yoast SEO plugin. -->","yoast_head_json":{"title":"Slowlife &#8211; Mas Salagros","description":"Una estada pensada per baixar el ritme i tornar a l\u2019essencial, on el benestar, el descans i la gastronomia ecol\u00f2gica es combinen.","robots":{"index":"index","follow":"follow","max-snippet":"max-snippet:-1","max-image-preview":"max-image-preview:large","max-video-preview":"max-video-preview:-1"},"canonical":"https:\/\/massalagros.com\/ca\/producto\/slowlife\/","og_locale":"ca_ES","og_type":"article","og_title":"Slowlife &#8211; Mas Salagros","og_description":"Una estada pensada per baixar el ritme i tornar a l\u2019essencial, on el benestar, el descans i la gastronomia ecol\u00f2gica es combinen.","og_url":"https:\/\/massalagros.com\/ca\/producto\/slowlife\/","og_site_name":"Mas Salagros","article_publisher":"https:\/\/www.facebook.com\/MasSalagros\/","article_modified_time":"2026-01-27T15:00:40+00:00","og_image":[{"width":2560,"height":1440,"url":"https:\/\/massalagros.com\/wp-content\/uploads\/2023\/10\/fotos-experiencias_slowlofe.jpeg","type":"image\/jpeg"}],"twitter_card":"summary_large_image","twitter_site":"@MasSalagros","twitter_misc":{"Temps estimat de lectura":"1 minut"},"schema":{"@context":"https:\/\/schema.org","@graph":[{"@type":"WebPage","@id":"https:\/\/massalagros.com\/ca\/producto\/slowlife\/","url":"https:\/\/massalagros.com\/ca\/producto\/slowlife\/","name":"Slowlife &#8211; Mas Salagros","isPartOf":{"@id":"https:\/\/www.massalagros.com\/ca\/#website"},"primaryImageOfPage":{"@id":"https:\/\/massalagros.com\/ca\/producto\/slowlife\/#primaryimage"},"image":{"@id":"https:\/\/massalagros.com\/ca\/producto\/slowlife\/#primaryimage"},"thumbnailUrl":"https:\/\/massalagros.com\/wp-content\/uploads\/2023\/10\/fotos-experiencias_slowlofe.jpeg","datePublished":"2025-11-24T15:24:40+00:00","dateModified":"2026-01-27T15:00:40+00:00","description":"Una estada pensada per baixar el ritme i tornar a l\u2019essencial, on el benestar, el descans i la gastronomia ecol\u00f2gica es combinen.","breadcrumb":{"@id":"https:\/\/massalagros.com\/ca\/producto\/slowlife\/#breadcrumb"},"inLanguage":"ca","potentialAction":[{"@type":"ReadAction","target":["https:\/\/massalagros.com\/ca\/producto\/slowlife\/"]}]},{"@type":"ImageObject","inLanguage":"ca","@id":"https:\/\/massalagros.com\/ca\/producto\/slowlife\/#primaryimage","url":"https:\/\/massalagros.com\/wp-content\/uploads\/2023\/10\/fotos-experiencias_slowlofe.jpeg","contentUrl":"https:\/\/massalagros.com\/wp-content\/uploads\/2023\/10\/fotos-experiencias_slowlofe.jpeg","width":2560,"height":1440},{"@type":"BreadcrumbList","@id":"https:\/\/massalagros.com\/ca\/producto\/slowlife\/#breadcrumb","itemListElement":[{"@type":"ListItem","position":1,"name":"Portada","item":"https:\/\/massalagros.com\/ca\/"},{"@type":"ListItem","position":2,"name":"Experi\u00e8ncies","item":"https:\/\/massalagros.com\/ca\/botiga\/"},{"@type":"ListItem","position":3,"name":"Slowlife"}]},{"@type":"WebSite","@id":"https:\/\/www.massalagros.com\/ca\/#website","url":"https:\/\/www.massalagros.com\/ca\/","name":"Mas Salagros","description":"EcoResort de lujo en Barcelona - Vallromanes","publisher":{"@id":"https:\/\/www.massalagros.com\/ca\/#organization"},"potentialAction":[{"@type":"SearchAction","target":{"@type":"EntryPoint","urlTemplate":"https:\/\/www.massalagros.com\/ca\/?s={search_term_string}"},"query-input":{"@type":"PropertyValueSpecification","valueRequired":true,"valueName":"search_term_string"}}],"inLanguage":"ca"},{"@type":"Organization","@id":"https:\/\/www.massalagros.com\/ca\/#organization","name":"MAS SALAGROS HOTEL ECORESORT","url":"https:\/\/www.massalagros.com\/ca\/","logo":{"@type":"ImageObject","inLanguage":"ca","@id":"https:\/\/www.massalagros.com\/ca\/#\/schema\/logo\/image\/","url":"\/wp-content\/uploads\/2018\/05\/IMG_0116.jpg","contentUrl":"\/wp-content\/uploads\/2018\/05\/IMG_0116.jpg","width":2000,"height":1333,"caption":"MAS SALAGROS HOTEL ECORESORT"},"image":{"@id":"https:\/\/www.massalagros.com\/ca\/#\/schema\/logo\/image\/"},"sameAs":["https:\/\/www.facebook.com\/MasSalagros\/","https:\/\/x.com\/MasSalagros","https:\/\/www.instagram.com\/massalagrosecoresort\/"]}]}},"_links":{"self":[{"href":"https:\/\/massalagros.com\/ca\/wp-json\/wp\/v2\/product\/29645","targetHints":{"allow":["GET"]}}],"collection":[{"href":"https:\/\/massalagros.com\/ca\/wp-json\/wp\/v2\/product"}],"about":[{"href":"https:\/\/massalagros.com\/ca\/wp-json\/wp\/v2\/types\/product"}],"wp:featuredmedia":[{"embeddable":true,"href":"https:\/\/massalagros.com\/ca\/wp-json\/wp\/v2\/media\/27644"}],"wp:attachment":[{"href":"https:\/\/massalagros.com\/ca\/wp-json\/wp\/v2\/media?parent=29645"}],"wp:term":[{"taxonomy":"product_brand","embeddable":true,"href":"https:\/\/massalagros.com\/ca\/wp-json\/wp\/v2\/product_brand?post=29645"},{"taxonomy":"product_cat","embeddable":true,"href":"https:\/\/massalagros.com\/ca\/wp-json\/wp\/v2\/product_cat?post=29645"},{"taxonomy":"product_tag","embeddable":true,"href":"https:\/\/massalagros.com\/ca\/wp-json\/wp\/v2\/product_tag?post=29645"}],"curies":[{"name":"wp","href":"https:\/\/api.w.org\/{rel}","templated":true}]}}