{"id":29638,"date":"2025-12-02T17:33:47","date_gmt":"2025-12-02T17:33:47","guid":{"rendered":"https:\/\/massalagros.com\/producto\/mas-del-bosc\/"},"modified":"2026-01-25T17:42:49","modified_gmt":"2026-01-25T17:42:49","slug":"mas-del-bosc","status":"publish","type":"product","link":"https:\/\/massalagros.com\/ca\/producto\/mas-del-bosc\/","title":{"rendered":"Mas del Bosc"},"content":{"rendered":"<div class=\"Y3BBE\" data-sfc-cp=\"\" data-hveid=\"CAEIBRAA\" data-processed=\"true\" data-complete=\"true\">Mas del Bosc inclou allotjament en un espai independent, envoltat de bosc i pensat per oferir la m\u00e0xima privacitat. Una proposta cuidada al detall per a qui busca desconnectar de l\u2019entorn urb\u00e0 i gaudir del silenci i la calma. El contacte directe amb la natura i la tranquil\u00b7litat de l\u2019entorn fan d\u2019aquesta experi\u00e8ncia una escapada \u00edntima i serena.<br \/>\nL\u2019experi\u00e8ncia Mas del Bosc es completa amb esmorzar ecol\u00f2gic per a dues persones al restaurant Cibus i acc\u00e9s al circuit d\u2019aig\u00fces i aromater\u00e0pia by AIRE Ancient Baths Vallromanes.<\/div>\n","protected":false},"excerpt":{"rendered":"<h3>Una estada privada envoltada de natura i calma.<\/h3>\n<p>Allotja\u2019t a la joia m\u00e9s exclusiva de Mas Salagros, amb la m\u00e0xima privacitat i atenci\u00f3 al detall. Una experi\u00e8ncia \u00edntima que ofereix allotjament exclusiu envoltat de bosc, silenci i calma natural.<\/p>\n","protected":false},"featured_media":28098,"template":"","meta":{"_acf_changed":false},"product_brand":[],"product_cat":[990],"product_tag":[997,981,992,998],"class_list":{"0":"post-29638","1":"product","2":"type-product","3":"status-publish","4":"has-post-thumbnail","6":"product_cat-ecoresort","7":"product_tag-circuit-daigues","8":"product_tag-copa-de-benvinguda","9":"product_tag-esmortzar-eco","10":"product_tag-mas-del-bosc","12":"first","13":"instock","14":"virtual","15":"purchasable","16":"product-type-simple"},"acf":[],"yoast_head":"<!-- This site is optimized with the Yoast SEO plugin v27.3 - https:\/\/yoast.com\/product\/yoast-seo-wordpress\/ -->\n<title>Mas del Bosc &#8211; Mas Salagros<\/title>\n<meta name=\"description\" content=\"Allotja\u2019t a la joia m\u00e9s exclusiva de Mas Salagros, amb la m\u00e0xima privacitat i atenci\u00f3 al detall. Una experi\u00e8ncia \u00edntima envoltada de bosc.\" \/>\n<meta name=\"robots\" content=\"index, follow, max-snippet:-1, max-image-preview:large, max-video-preview:-1\" \/>\n<link rel=\"canonical\" href=\"https:\/\/massalagros.com\/ca\/producto\/mas-del-bosc\/\" \/>\n<meta property=\"og:locale\" content=\"ca_ES\" \/>\n<meta property=\"og:type\" content=\"article\" \/>\n<meta property=\"og:title\" content=\"Regala la m\u00e1xima privacidad en Mas del Bosc\" \/>\n<meta property=\"og:description\" content=\"Allotja\u2019t a la joia m\u00e9s exclusiva de Mas Salagros, amb la m\u00e0xima privacitat i atenci\u00f3 al detall. Una experi\u00e8ncia \u00edntima envoltada de bosc.\" \/>\n<meta property=\"og:url\" content=\"https:\/\/massalagros.com\/ca\/producto\/mas-del-bosc\/\" \/>\n<meta property=\"og:site_name\" content=\"Mas Salagros\" \/>\n<meta property=\"article:publisher\" content=\"https:\/\/www.facebook.com\/MasSalagros\/\" \/>\n<meta property=\"article:modified_time\" content=\"2026-01-25T17:42:49+00:00\" \/>\n<meta property=\"og:image\" content=\"https:\/\/massalagros.com\/wp-content\/uploads\/2025\/04\/Mas-del-Bosc-Chill-out.jpeg\" \/>\n\t<meta property=\"og:image:width\" content=\"2560\" \/>\n\t<meta property=\"og:image:height\" content=\"1707\" \/>\n\t<meta property=\"og:image:type\" content=\"image\/jpeg\" \/>\n<meta name=\"twitter:card\" content=\"summary_large_image\" \/>\n<meta name=\"twitter:site\" content=\"@MasSalagros\" \/>\n<meta name=\"twitter:label1\" content=\"Temps estimat de lectura\" \/>\n\t<meta name=\"twitter:data1\" content=\"1 minut\" \/>\n<script type=\"application\/ld+json\" class=\"yoast-schema-graph\">{\"@context\":\"https:\\\/\\\/schema.org\",\"@graph\":[{\"@type\":\"WebPage\",\"@id\":\"https:\\\/\\\/massalagros.com\\\/ca\\\/producto\\\/mas-del-bosc\\\/\",\"url\":\"https:\\\/\\\/massalagros.com\\\/ca\\\/producto\\\/mas-del-bosc\\\/\",\"name\":\"Mas del Bosc &#8211; Mas Salagros\",\"isPartOf\":{\"@id\":\"https:\\\/\\\/www.massalagros.com\\\/ca\\\/#website\"},\"primaryImageOfPage\":{\"@id\":\"https:\\\/\\\/massalagros.com\\\/ca\\\/producto\\\/mas-del-bosc\\\/#primaryimage\"},\"image\":{\"@id\":\"https:\\\/\\\/massalagros.com\\\/ca\\\/producto\\\/mas-del-bosc\\\/#primaryimage\"},\"thumbnailUrl\":\"https:\\\/\\\/massalagros.com\\\/wp-content\\\/uploads\\\/2025\\\/04\\\/Mas-del-Bosc-Chill-out.jpeg\",\"datePublished\":\"2025-12-02T17:33:47+00:00\",\"dateModified\":\"2026-01-25T17:42:49+00:00\",\"description\":\"Allotja\u2019t a la joia m\u00e9s exclusiva de Mas Salagros, amb la m\u00e0xima privacitat i atenci\u00f3 al detall. Una experi\u00e8ncia \u00edntima envoltada de bosc.\",\"breadcrumb\":{\"@id\":\"https:\\\/\\\/massalagros.com\\\/ca\\\/producto\\\/mas-del-bosc\\\/#breadcrumb\"},\"inLanguage\":\"ca\",\"potentialAction\":[{\"@type\":\"ReadAction\",\"target\":[\"https:\\\/\\\/massalagros.com\\\/ca\\\/producto\\\/mas-del-bosc\\\/\"]}]},{\"@type\":\"ImageObject\",\"inLanguage\":\"ca\",\"@id\":\"https:\\\/\\\/massalagros.com\\\/ca\\\/producto\\\/mas-del-bosc\\\/#primaryimage\",\"url\":\"https:\\\/\\\/massalagros.com\\\/wp-content\\\/uploads\\\/2025\\\/04\\\/Mas-del-Bosc-Chill-out.jpeg\",\"contentUrl\":\"https:\\\/\\\/massalagros.com\\\/wp-content\\\/uploads\\\/2025\\\/04\\\/Mas-del-Bosc-Chill-out.jpeg\",\"width\":2560,\"height\":1707},{\"@type\":\"BreadcrumbList\",\"@id\":\"https:\\\/\\\/massalagros.com\\\/ca\\\/producto\\\/mas-del-bosc\\\/#breadcrumb\",\"itemListElement\":[{\"@type\":\"ListItem\",\"position\":1,\"name\":\"Portada\",\"item\":\"https:\\\/\\\/massalagros.com\\\/ca\\\/\"},{\"@type\":\"ListItem\",\"position\":2,\"name\":\"Experi\u00e8ncies\",\"item\":\"https:\\\/\\\/massalagros.com\\\/ca\\\/botiga\\\/\"},{\"@type\":\"ListItem\",\"position\":3,\"name\":\"Mas del Bosc\"}]},{\"@type\":\"WebSite\",\"@id\":\"https:\\\/\\\/www.massalagros.com\\\/ca\\\/#website\",\"url\":\"https:\\\/\\\/www.massalagros.com\\\/ca\\\/\",\"name\":\"Mas Salagros\",\"description\":\"EcoResort de lujo en Barcelona - Vallromanes\",\"publisher\":{\"@id\":\"https:\\\/\\\/www.massalagros.com\\\/ca\\\/#organization\"},\"potentialAction\":[{\"@type\":\"SearchAction\",\"target\":{\"@type\":\"EntryPoint\",\"urlTemplate\":\"https:\\\/\\\/www.massalagros.com\\\/ca\\\/?s={search_term_string}\"},\"query-input\":{\"@type\":\"PropertyValueSpecification\",\"valueRequired\":true,\"valueName\":\"search_term_string\"}}],\"inLanguage\":\"ca\"},{\"@type\":\"Organization\",\"@id\":\"https:\\\/\\\/www.massalagros.com\\\/ca\\\/#organization\",\"name\":\"MAS SALAGROS HOTEL ECORESORT\",\"url\":\"https:\\\/\\\/www.massalagros.com\\\/ca\\\/\",\"logo\":{\"@type\":\"ImageObject\",\"inLanguage\":\"ca\",\"@id\":\"https:\\\/\\\/www.massalagros.com\\\/ca\\\/#\\\/schema\\\/logo\\\/image\\\/\",\"url\":\"\\\/wp-content\\\/uploads\\\/2018\\\/05\\\/IMG_0116.jpg\",\"contentUrl\":\"\\\/wp-content\\\/uploads\\\/2018\\\/05\\\/IMG_0116.jpg\",\"width\":2000,\"height\":1333,\"caption\":\"MAS SALAGROS HOTEL ECORESORT\"},\"image\":{\"@id\":\"https:\\\/\\\/www.massalagros.com\\\/ca\\\/#\\\/schema\\\/logo\\\/image\\\/\"},\"sameAs\":[\"https:\\\/\\\/www.facebook.com\\\/MasSalagros\\\/\",\"https:\\\/\\\/x.com\\\/MasSalagros\",\"https:\\\/\\\/www.instagram.com\\\/massalagrosecoresort\\\/\"]}]}<\/script>\n<!-- \/ Yoast SEO plugin. -->","yoast_head_json":{"title":"Mas del Bosc &#8211; Mas Salagros","description":"Allotja\u2019t a la joia m\u00e9s exclusiva de Mas Salagros, amb la m\u00e0xima privacitat i atenci\u00f3 al detall. Una experi\u00e8ncia \u00edntima envoltada de bosc.","robots":{"index":"index","follow":"follow","max-snippet":"max-snippet:-1","max-image-preview":"max-image-preview:large","max-video-preview":"max-video-preview:-1"},"canonical":"https:\/\/massalagros.com\/ca\/producto\/mas-del-bosc\/","og_locale":"ca_ES","og_type":"article","og_title":"Regala la m\u00e1xima privacidad en Mas del Bosc","og_description":"Allotja\u2019t a la joia m\u00e9s exclusiva de Mas Salagros, amb la m\u00e0xima privacitat i atenci\u00f3 al detall. Una experi\u00e8ncia \u00edntima envoltada de bosc.","og_url":"https:\/\/massalagros.com\/ca\/producto\/mas-del-bosc\/","og_site_name":"Mas Salagros","article_publisher":"https:\/\/www.facebook.com\/MasSalagros\/","article_modified_time":"2026-01-25T17:42:49+00:00","og_image":[{"width":2560,"height":1707,"url":"https:\/\/massalagros.com\/wp-content\/uploads\/2025\/04\/Mas-del-Bosc-Chill-out.jpeg","type":"image\/jpeg"}],"twitter_card":"summary_large_image","twitter_site":"@MasSalagros","twitter_misc":{"Temps estimat de lectura":"1 minut"},"schema":{"@context":"https:\/\/schema.org","@graph":[{"@type":"WebPage","@id":"https:\/\/massalagros.com\/ca\/producto\/mas-del-bosc\/","url":"https:\/\/massalagros.com\/ca\/producto\/mas-del-bosc\/","name":"Mas del Bosc &#8211; Mas Salagros","isPartOf":{"@id":"https:\/\/www.massalagros.com\/ca\/#website"},"primaryImageOfPage":{"@id":"https:\/\/massalagros.com\/ca\/producto\/mas-del-bosc\/#primaryimage"},"image":{"@id":"https:\/\/massalagros.com\/ca\/producto\/mas-del-bosc\/#primaryimage"},"thumbnailUrl":"https:\/\/massalagros.com\/wp-content\/uploads\/2025\/04\/Mas-del-Bosc-Chill-out.jpeg","datePublished":"2025-12-02T17:33:47+00:00","dateModified":"2026-01-25T17:42:49+00:00","description":"Allotja\u2019t a la joia m\u00e9s exclusiva de Mas Salagros, amb la m\u00e0xima privacitat i atenci\u00f3 al detall. Una experi\u00e8ncia \u00edntima envoltada de bosc.","breadcrumb":{"@id":"https:\/\/massalagros.com\/ca\/producto\/mas-del-bosc\/#breadcrumb"},"inLanguage":"ca","potentialAction":[{"@type":"ReadAction","target":["https:\/\/massalagros.com\/ca\/producto\/mas-del-bosc\/"]}]},{"@type":"ImageObject","inLanguage":"ca","@id":"https:\/\/massalagros.com\/ca\/producto\/mas-del-bosc\/#primaryimage","url":"https:\/\/massalagros.com\/wp-content\/uploads\/2025\/04\/Mas-del-Bosc-Chill-out.jpeg","contentUrl":"https:\/\/massalagros.com\/wp-content\/uploads\/2025\/04\/Mas-del-Bosc-Chill-out.jpeg","width":2560,"height":1707},{"@type":"BreadcrumbList","@id":"https:\/\/massalagros.com\/ca\/producto\/mas-del-bosc\/#breadcrumb","itemListElement":[{"@type":"ListItem","position":1,"name":"Portada","item":"https:\/\/massalagros.com\/ca\/"},{"@type":"ListItem","position":2,"name":"Experi\u00e8ncies","item":"https:\/\/massalagros.com\/ca\/botiga\/"},{"@type":"ListItem","position":3,"name":"Mas del Bosc"}]},{"@type":"WebSite","@id":"https:\/\/www.massalagros.com\/ca\/#website","url":"https:\/\/www.massalagros.com\/ca\/","name":"Mas Salagros","description":"EcoResort de lujo en Barcelona - Vallromanes","publisher":{"@id":"https:\/\/www.massalagros.com\/ca\/#organization"},"potentialAction":[{"@type":"SearchAction","target":{"@type":"EntryPoint","urlTemplate":"https:\/\/www.massalagros.com\/ca\/?s={search_term_string}"},"query-input":{"@type":"PropertyValueSpecification","valueRequired":true,"valueName":"search_term_string"}}],"inLanguage":"ca"},{"@type":"Organization","@id":"https:\/\/www.massalagros.com\/ca\/#organization","name":"MAS SALAGROS HOTEL ECORESORT","url":"https:\/\/www.massalagros.com\/ca\/","logo":{"@type":"ImageObject","inLanguage":"ca","@id":"https:\/\/www.massalagros.com\/ca\/#\/schema\/logo\/image\/","url":"\/wp-content\/uploads\/2018\/05\/IMG_0116.jpg","contentUrl":"\/wp-content\/uploads\/2018\/05\/IMG_0116.jpg","width":2000,"height":1333,"caption":"MAS SALAGROS HOTEL ECORESORT"},"image":{"@id":"https:\/\/www.massalagros.com\/ca\/#\/schema\/logo\/image\/"},"sameAs":["https:\/\/www.facebook.com\/MasSalagros\/","https:\/\/x.com\/MasSalagros","https:\/\/www.instagram.com\/massalagrosecoresort\/"]}]}},"_links":{"self":[{"href":"https:\/\/massalagros.com\/ca\/wp-json\/wp\/v2\/product\/29638","targetHints":{"allow":["GET"]}}],"collection":[{"href":"https:\/\/massalagros.com\/ca\/wp-json\/wp\/v2\/product"}],"about":[{"href":"https:\/\/massalagros.com\/ca\/wp-json\/wp\/v2\/types\/product"}],"wp:featuredmedia":[{"embeddable":true,"href":"https:\/\/massalagros.com\/ca\/wp-json\/wp\/v2\/media\/28098"}],"wp:attachment":[{"href":"https:\/\/massalagros.com\/ca\/wp-json\/wp\/v2\/media?parent=29638"}],"wp:term":[{"taxonomy":"product_brand","embeddable":true,"href":"https:\/\/massalagros.com\/ca\/wp-json\/wp\/v2\/product_brand?post=29638"},{"taxonomy":"product_cat","embeddable":true,"href":"https:\/\/massalagros.com\/ca\/wp-json\/wp\/v2\/product_cat?post=29638"},{"taxonomy":"product_tag","embeddable":true,"href":"https:\/\/massalagros.com\/ca\/wp-json\/wp\/v2\/product_tag?post=29638"}],"curies":[{"name":"wp","href":"https:\/\/api.w.org\/{rel}","templated":true}]}}