{"id":29634,"date":"2025-12-02T17:02:08","date_gmt":"2025-12-02T17:02:08","guid":{"rendered":"https:\/\/massalagros.com\/producto\/descubre-mas-salagros-plus\/"},"modified":"2026-01-27T15:30:58","modified_gmt":"2026-01-27T15:30:58","slug":"descobreix-mas-salagros-plus","status":"publish","type":"product","link":"https:\/\/massalagros.com\/ca\/producto\/descobreix-mas-salagros-plus\/","title":{"rendered":"Descobreix Mas Salagros Plus"},"content":{"rendered":"<div class=\"Y3BBE\" data-sfc-cp=\"\" data-hveid=\"CAEIAxAA\" data-complete=\"true\" data-processed=\"true\">Descobreix Mas Salagros Plus inclou allotjament en una de les nostres suites m\u00e9s exclusives, esmorzar ecol\u00f2gic tipus bufet amb productes ecol\u00f2gics certificats i acc\u00e9s al circuit d\u2019aig\u00fces d\u2019AIRE Ancient Baths Vallromanes. Una proposta pensada per a qui desitja una escapada m\u00e9s completa, combinant descans i benestar. L\u2019equilibri entre confort, natura i cura conscient defineix aquesta experi\u00e8ncia cuidada al detall.<\/div>\n","protected":false},"excerpt":{"rendered":"<h3>Una estada m\u00e9s completa, amb m\u00e9s temps per gaudir.<\/h3>\n<p>Descobreix l\u2019ess\u00e8ncia de Mas Salagros des d\u2019una de les nostres Garden Suites: amb m\u00e9s espai per a tu, jard\u00ed privat i banyera per a dues persones.<br \/>\nUna versi\u00f3 ampliada de l\u2019experi\u00e8ncia Descobreix Mas Salagros.<\/p>\n","protected":false},"featured_media":29278,"template":"","meta":{"_acf_changed":false},"product_brand":[],"product_cat":[990],"product_tag":[997,981,992,999],"class_list":{"0":"post-29634","1":"product","2":"type-product","3":"status-publish","4":"has-post-thumbnail","6":"product_cat-ecoresort","7":"product_tag-circuit-daigues","8":"product_tag-copa-de-benvinguda","9":"product_tag-esmortzar-eco","10":"product_tag-garden-suite","12":"first","13":"instock","14":"featured","15":"virtual","16":"purchasable","17":"product-type-simple"},"acf":[],"yoast_head":"<!-- This site is optimized with the Yoast SEO plugin v27.3 - https:\/\/yoast.com\/product\/yoast-seo-wordpress\/ -->\n<title>Descobreix Mas Salagros Plus &#8211; Mas Salagros<\/title>\n<meta name=\"description\" content=\"La esencia de Mas Salagros en versi\u00f3n ampliada.Descobreix l\u2019ess\u00e8ncia de Mas Salagros des d\u2019una de les nostres Garden Suites.\" \/>\n<meta name=\"robots\" content=\"index, follow, max-snippet:-1, max-image-preview:large, max-video-preview:-1\" \/>\n<link rel=\"canonical\" href=\"https:\/\/massalagros.com\/ca\/producto\/descobreix-mas-salagros-plus\/\" \/>\n<meta property=\"og:locale\" content=\"ca_ES\" \/>\n<meta property=\"og:type\" content=\"article\" \/>\n<meta property=\"og:title\" content=\"Descobreix Mas Salagros Plus &#8211; Mas Salagros\" \/>\n<meta property=\"og:description\" content=\"La esencia de Mas Salagros en versi\u00f3n ampliada.Descobreix l\u2019ess\u00e8ncia de Mas Salagros des d\u2019una de les nostres Garden Suites.\" \/>\n<meta property=\"og:url\" content=\"https:\/\/massalagros.com\/ca\/producto\/descobreix-mas-salagros-plus\/\" \/>\n<meta property=\"og:site_name\" content=\"Mas Salagros\" \/>\n<meta property=\"article:publisher\" content=\"https:\/\/www.facebook.com\/MasSalagros\/\" \/>\n<meta property=\"article:modified_time\" content=\"2026-01-27T15:30:58+00:00\" \/>\n<meta property=\"og:image\" content=\"https:\/\/massalagros.com\/wp-content\/uploads\/2025\/12\/Experiencia_Mas-Salagros-Plus_0009s_0001_Mas-Salagros-Garden-suite-interior-vistas_web.jpg\" \/>\n\t<meta property=\"og:image:width\" content=\"1920\" \/>\n\t<meta property=\"og:image:height\" content=\"1080\" \/>\n\t<meta property=\"og:image:type\" content=\"image\/jpeg\" \/>\n<meta name=\"twitter:card\" content=\"summary_large_image\" \/>\n<meta name=\"twitter:site\" content=\"@MasSalagros\" \/>\n<meta name=\"twitter:label1\" content=\"Temps estimat de lectura\" \/>\n\t<meta name=\"twitter:data1\" content=\"1 minut\" \/>\n<script type=\"application\/ld+json\" class=\"yoast-schema-graph\">{\"@context\":\"https:\\\/\\\/schema.org\",\"@graph\":[{\"@type\":\"WebPage\",\"@id\":\"https:\\\/\\\/massalagros.com\\\/ca\\\/producto\\\/descobreix-mas-salagros-plus\\\/\",\"url\":\"https:\\\/\\\/massalagros.com\\\/ca\\\/producto\\\/descobreix-mas-salagros-plus\\\/\",\"name\":\"Descobreix Mas Salagros Plus &#8211; Mas Salagros\",\"isPartOf\":{\"@id\":\"https:\\\/\\\/www.massalagros.com\\\/ca\\\/#website\"},\"primaryImageOfPage\":{\"@id\":\"https:\\\/\\\/massalagros.com\\\/ca\\\/producto\\\/descobreix-mas-salagros-plus\\\/#primaryimage\"},\"image\":{\"@id\":\"https:\\\/\\\/massalagros.com\\\/ca\\\/producto\\\/descobreix-mas-salagros-plus\\\/#primaryimage\"},\"thumbnailUrl\":\"https:\\\/\\\/massalagros.com\\\/wp-content\\\/uploads\\\/2025\\\/12\\\/Experiencia_Mas-Salagros-Plus_0009s_0001_Mas-Salagros-Garden-suite-interior-vistas_web.jpg\",\"datePublished\":\"2025-12-02T17:02:08+00:00\",\"dateModified\":\"2026-01-27T15:30:58+00:00\",\"description\":\"La esencia de Mas Salagros en versi\u00f3n ampliada.Descobreix l\u2019ess\u00e8ncia de Mas Salagros des d\u2019una de les nostres Garden Suites.\",\"breadcrumb\":{\"@id\":\"https:\\\/\\\/massalagros.com\\\/ca\\\/producto\\\/descobreix-mas-salagros-plus\\\/#breadcrumb\"},\"inLanguage\":\"ca\",\"potentialAction\":[{\"@type\":\"ReadAction\",\"target\":[\"https:\\\/\\\/massalagros.com\\\/ca\\\/producto\\\/descobreix-mas-salagros-plus\\\/\"]}]},{\"@type\":\"ImageObject\",\"inLanguage\":\"ca\",\"@id\":\"https:\\\/\\\/massalagros.com\\\/ca\\\/producto\\\/descobreix-mas-salagros-plus\\\/#primaryimage\",\"url\":\"https:\\\/\\\/massalagros.com\\\/wp-content\\\/uploads\\\/2025\\\/12\\\/Experiencia_Mas-Salagros-Plus_0009s_0001_Mas-Salagros-Garden-suite-interior-vistas_web.jpg\",\"contentUrl\":\"https:\\\/\\\/massalagros.com\\\/wp-content\\\/uploads\\\/2025\\\/12\\\/Experiencia_Mas-Salagros-Plus_0009s_0001_Mas-Salagros-Garden-suite-interior-vistas_web.jpg\",\"width\":1920,\"height\":1080},{\"@type\":\"BreadcrumbList\",\"@id\":\"https:\\\/\\\/massalagros.com\\\/ca\\\/producto\\\/descobreix-mas-salagros-plus\\\/#breadcrumb\",\"itemListElement\":[{\"@type\":\"ListItem\",\"position\":1,\"name\":\"Portada\",\"item\":\"https:\\\/\\\/massalagros.com\\\/ca\\\/\"},{\"@type\":\"ListItem\",\"position\":2,\"name\":\"Experi\u00e8ncies\",\"item\":\"https:\\\/\\\/massalagros.com\\\/ca\\\/botiga\\\/\"},{\"@type\":\"ListItem\",\"position\":3,\"name\":\"Descobreix Mas Salagros Plus\"}]},{\"@type\":\"WebSite\",\"@id\":\"https:\\\/\\\/www.massalagros.com\\\/ca\\\/#website\",\"url\":\"https:\\\/\\\/www.massalagros.com\\\/ca\\\/\",\"name\":\"Mas Salagros\",\"description\":\"EcoResort de lujo en Barcelona - Vallromanes\",\"publisher\":{\"@id\":\"https:\\\/\\\/www.massalagros.com\\\/ca\\\/#organization\"},\"potentialAction\":[{\"@type\":\"SearchAction\",\"target\":{\"@type\":\"EntryPoint\",\"urlTemplate\":\"https:\\\/\\\/www.massalagros.com\\\/ca\\\/?s={search_term_string}\"},\"query-input\":{\"@type\":\"PropertyValueSpecification\",\"valueRequired\":true,\"valueName\":\"search_term_string\"}}],\"inLanguage\":\"ca\"},{\"@type\":\"Organization\",\"@id\":\"https:\\\/\\\/www.massalagros.com\\\/ca\\\/#organization\",\"name\":\"MAS SALAGROS HOTEL ECORESORT\",\"url\":\"https:\\\/\\\/www.massalagros.com\\\/ca\\\/\",\"logo\":{\"@type\":\"ImageObject\",\"inLanguage\":\"ca\",\"@id\":\"https:\\\/\\\/www.massalagros.com\\\/ca\\\/#\\\/schema\\\/logo\\\/image\\\/\",\"url\":\"\\\/wp-content\\\/uploads\\\/2018\\\/05\\\/IMG_0116.jpg\",\"contentUrl\":\"\\\/wp-content\\\/uploads\\\/2018\\\/05\\\/IMG_0116.jpg\",\"width\":2000,\"height\":1333,\"caption\":\"MAS SALAGROS HOTEL ECORESORT\"},\"image\":{\"@id\":\"https:\\\/\\\/www.massalagros.com\\\/ca\\\/#\\\/schema\\\/logo\\\/image\\\/\"},\"sameAs\":[\"https:\\\/\\\/www.facebook.com\\\/MasSalagros\\\/\",\"https:\\\/\\\/x.com\\\/MasSalagros\",\"https:\\\/\\\/www.instagram.com\\\/massalagrosecoresort\\\/\"]}]}<\/script>\n<!-- \/ Yoast SEO plugin. -->","yoast_head_json":{"title":"Descobreix Mas Salagros Plus &#8211; Mas Salagros","description":"La esencia de Mas Salagros en versi\u00f3n ampliada.Descobreix l\u2019ess\u00e8ncia de Mas Salagros des d\u2019una de les nostres Garden Suites.","robots":{"index":"index","follow":"follow","max-snippet":"max-snippet:-1","max-image-preview":"max-image-preview:large","max-video-preview":"max-video-preview:-1"},"canonical":"https:\/\/massalagros.com\/ca\/producto\/descobreix-mas-salagros-plus\/","og_locale":"ca_ES","og_type":"article","og_title":"Descobreix Mas Salagros Plus &#8211; Mas Salagros","og_description":"La esencia de Mas Salagros en versi\u00f3n ampliada.Descobreix l\u2019ess\u00e8ncia de Mas Salagros des d\u2019una de les nostres Garden Suites.","og_url":"https:\/\/massalagros.com\/ca\/producto\/descobreix-mas-salagros-plus\/","og_site_name":"Mas Salagros","article_publisher":"https:\/\/www.facebook.com\/MasSalagros\/","article_modified_time":"2026-01-27T15:30:58+00:00","og_image":[{"width":1920,"height":1080,"url":"https:\/\/massalagros.com\/wp-content\/uploads\/2025\/12\/Experiencia_Mas-Salagros-Plus_0009s_0001_Mas-Salagros-Garden-suite-interior-vistas_web.jpg","type":"image\/jpeg"}],"twitter_card":"summary_large_image","twitter_site":"@MasSalagros","twitter_misc":{"Temps estimat de lectura":"1 minut"},"schema":{"@context":"https:\/\/schema.org","@graph":[{"@type":"WebPage","@id":"https:\/\/massalagros.com\/ca\/producto\/descobreix-mas-salagros-plus\/","url":"https:\/\/massalagros.com\/ca\/producto\/descobreix-mas-salagros-plus\/","name":"Descobreix Mas Salagros Plus &#8211; Mas Salagros","isPartOf":{"@id":"https:\/\/www.massalagros.com\/ca\/#website"},"primaryImageOfPage":{"@id":"https:\/\/massalagros.com\/ca\/producto\/descobreix-mas-salagros-plus\/#primaryimage"},"image":{"@id":"https:\/\/massalagros.com\/ca\/producto\/descobreix-mas-salagros-plus\/#primaryimage"},"thumbnailUrl":"https:\/\/massalagros.com\/wp-content\/uploads\/2025\/12\/Experiencia_Mas-Salagros-Plus_0009s_0001_Mas-Salagros-Garden-suite-interior-vistas_web.jpg","datePublished":"2025-12-02T17:02:08+00:00","dateModified":"2026-01-27T15:30:58+00:00","description":"La esencia de Mas Salagros en versi\u00f3n ampliada.Descobreix l\u2019ess\u00e8ncia de Mas Salagros des d\u2019una de les nostres Garden Suites.","breadcrumb":{"@id":"https:\/\/massalagros.com\/ca\/producto\/descobreix-mas-salagros-plus\/#breadcrumb"},"inLanguage":"ca","potentialAction":[{"@type":"ReadAction","target":["https:\/\/massalagros.com\/ca\/producto\/descobreix-mas-salagros-plus\/"]}]},{"@type":"ImageObject","inLanguage":"ca","@id":"https:\/\/massalagros.com\/ca\/producto\/descobreix-mas-salagros-plus\/#primaryimage","url":"https:\/\/massalagros.com\/wp-content\/uploads\/2025\/12\/Experiencia_Mas-Salagros-Plus_0009s_0001_Mas-Salagros-Garden-suite-interior-vistas_web.jpg","contentUrl":"https:\/\/massalagros.com\/wp-content\/uploads\/2025\/12\/Experiencia_Mas-Salagros-Plus_0009s_0001_Mas-Salagros-Garden-suite-interior-vistas_web.jpg","width":1920,"height":1080},{"@type":"BreadcrumbList","@id":"https:\/\/massalagros.com\/ca\/producto\/descobreix-mas-salagros-plus\/#breadcrumb","itemListElement":[{"@type":"ListItem","position":1,"name":"Portada","item":"https:\/\/massalagros.com\/ca\/"},{"@type":"ListItem","position":2,"name":"Experi\u00e8ncies","item":"https:\/\/massalagros.com\/ca\/botiga\/"},{"@type":"ListItem","position":3,"name":"Descobreix Mas Salagros Plus"}]},{"@type":"WebSite","@id":"https:\/\/www.massalagros.com\/ca\/#website","url":"https:\/\/www.massalagros.com\/ca\/","name":"Mas Salagros","description":"EcoResort de lujo en Barcelona - Vallromanes","publisher":{"@id":"https:\/\/www.massalagros.com\/ca\/#organization"},"potentialAction":[{"@type":"SearchAction","target":{"@type":"EntryPoint","urlTemplate":"https:\/\/www.massalagros.com\/ca\/?s={search_term_string}"},"query-input":{"@type":"PropertyValueSpecification","valueRequired":true,"valueName":"search_term_string"}}],"inLanguage":"ca"},{"@type":"Organization","@id":"https:\/\/www.massalagros.com\/ca\/#organization","name":"MAS SALAGROS HOTEL ECORESORT","url":"https:\/\/www.massalagros.com\/ca\/","logo":{"@type":"ImageObject","inLanguage":"ca","@id":"https:\/\/www.massalagros.com\/ca\/#\/schema\/logo\/image\/","url":"\/wp-content\/uploads\/2018\/05\/IMG_0116.jpg","contentUrl":"\/wp-content\/uploads\/2018\/05\/IMG_0116.jpg","width":2000,"height":1333,"caption":"MAS SALAGROS HOTEL ECORESORT"},"image":{"@id":"https:\/\/www.massalagros.com\/ca\/#\/schema\/logo\/image\/"},"sameAs":["https:\/\/www.facebook.com\/MasSalagros\/","https:\/\/x.com\/MasSalagros","https:\/\/www.instagram.com\/massalagrosecoresort\/"]}]}},"_links":{"self":[{"href":"https:\/\/massalagros.com\/ca\/wp-json\/wp\/v2\/product\/29634","targetHints":{"allow":["GET"]}}],"collection":[{"href":"https:\/\/massalagros.com\/ca\/wp-json\/wp\/v2\/product"}],"about":[{"href":"https:\/\/massalagros.com\/ca\/wp-json\/wp\/v2\/types\/product"}],"wp:featuredmedia":[{"embeddable":true,"href":"https:\/\/massalagros.com\/ca\/wp-json\/wp\/v2\/media\/29278"}],"wp:attachment":[{"href":"https:\/\/massalagros.com\/ca\/wp-json\/wp\/v2\/media?parent=29634"}],"wp:term":[{"taxonomy":"product_brand","embeddable":true,"href":"https:\/\/massalagros.com\/ca\/wp-json\/wp\/v2\/product_brand?post=29634"},{"taxonomy":"product_cat","embeddable":true,"href":"https:\/\/massalagros.com\/ca\/wp-json\/wp\/v2\/product_cat?post=29634"},{"taxonomy":"product_tag","embeddable":true,"href":"https:\/\/massalagros.com\/ca\/wp-json\/wp\/v2\/product_tag?post=29634"}],"curies":[{"name":"wp","href":"https:\/\/api.w.org\/{rel}","templated":true}]}}