{"id":29611,"date":"2025-11-14T15:14:11","date_gmt":"2025-11-14T15:14:11","guid":{"rendered":"https:\/\/massalagros.com\/producto\/experiencia-simple-copia\/"},"modified":"2026-02-17T17:00:32","modified_gmt":"2026-02-17T17:00:32","slug":"experiencia-simple-copia","status":"publish","type":"product","link":"https:\/\/massalagros.com\/ca\/producto\/experiencia-simple-copia\/","title":{"rendered":"Reconnexi\u00f3 Express"},"content":{"rendered":"<p>Escapa i recarrega piles amb la nostra experi\u00e8ncia de Reconnexi\u00f3 Express. Relaxa&#8217;t en una bonica habitaci\u00f3 amb terrassa, assaboreix un dinar o sopar 100% org\u00e0nic certificat al restaurant Cibus i desperta amb un delici\u00f3s esmorzar ecol\u00f2gic amb els millors ingredients de proximitat.<br \/>\nL\u2019experi\u00e8ncia es completa amb una estada pensada per al descans profund, envoltada de natura i silenci. Cada espai i servei estan dissenyats per afavorir la relaxaci\u00f3 i el benestar, oferint temps per cuidar-se sense presses. Ideal per desconnectar del dia a dia i recuperar l\u2019equilibri amb calma.<\/p>\n","protected":false},"excerpt":{"rendered":"<h3>Descans profund i benestar en plena natura.<\/h3>\n<div dir=\"ltr\">\n<div class=\"input-box\" spellcheck=\"false\">\n<div id=\"waffle-rich-text-editor\" class=\"cell-input editable\" dir=\"ltr\" tabindex=\"0\" role=\"combobox\" contenteditable=\"true\" aria-autocomplete=\"list\" aria-label=\"C2\">Pren-te el dia nom\u00e9s per a tu, sense necessitat d\u2019emprendre cap viatge. Una oportunitat per relaxar-te, renovar energies i reconnectar amb tu mateix\/a en un entorn de calma absoluta. Desconnecta sense haver-te\u2019n d\u2019anar de vacances.<\/div>\n<\/div>\n<\/div>\n<div><\/div>\n","protected":false},"featured_media":29001,"template":"","meta":{"_acf_changed":false},"product_brand":[],"product_cat":[990],"product_tag":[981,992,991,993],"class_list":{"0":"post-29611","1":"product","2":"type-product","3":"status-publish","4":"has-post-thumbnail","6":"product_cat-ecoresort","7":"product_tag-copa-de-benvinguda","8":"product_tag-esmortzar-eco","9":"product_tag-habitacio-superior","10":"product_tag-menu-a-la-carta","12":"first","13":"instock","14":"shipping-taxable","15":"purchasable","16":"product-type-variable","17":"has-default-attributes"},"acf":[],"yoast_head":"<!-- This site is optimized with the Yoast SEO plugin v27.3 - https:\/\/yoast.com\/product\/yoast-seo-wordpress\/ -->\n<title>Reconnexi\u00f3 Express &#8211; Mas Salagros<\/title>\n<meta name=\"description\" content=\"Pren-te el dia nom\u00e9s per a tu, sense necessitat d\u2019emprendre cap viatge. Una oportunitat per relaxar-te, renovar energies i reconnectar amb tu mateix\/a.\" \/>\n<meta name=\"robots\" content=\"index, follow, max-snippet:-1, max-image-preview:large, max-video-preview:-1\" \/>\n<link rel=\"canonical\" href=\"https:\/\/massalagros.com\/ca\/producto\/experiencia-simple-copia\/\" \/>\n<meta property=\"og:locale\" content=\"ca_ES\" \/>\n<meta property=\"og:type\" content=\"article\" \/>\n<meta property=\"og:title\" content=\"Reconnexi\u00f3 Express &#8211; Mas Salagros\" \/>\n<meta property=\"og:description\" content=\"Pren-te el dia nom\u00e9s per a tu, sense necessitat d\u2019emprendre cap viatge. Una oportunitat per relaxar-te, renovar energies i reconnectar amb tu mateix\/a.\" \/>\n<meta property=\"og:url\" content=\"https:\/\/massalagros.com\/ca\/producto\/experiencia-simple-copia\/\" \/>\n<meta property=\"og:site_name\" content=\"Mas Salagros\" \/>\n<meta property=\"article:publisher\" content=\"https:\/\/www.facebook.com\/MasSalagros\/\" \/>\n<meta property=\"article:modified_time\" content=\"2026-02-17T17:00:32+00:00\" \/>\n<meta property=\"og:image\" content=\"https:\/\/massalagros.com\/wp-content\/uploads\/2025\/10\/Motor_otono2-e1765306516508.jpg\" \/>\n\t<meta property=\"og:image:width\" content=\"1005\" \/>\n\t<meta property=\"og:image:height\" content=\"1008\" \/>\n\t<meta property=\"og:image:type\" content=\"image\/jpeg\" \/>\n<meta name=\"twitter:card\" content=\"summary_large_image\" \/>\n<meta name=\"twitter:site\" content=\"@MasSalagros\" \/>\n<meta name=\"twitter:label1\" content=\"Temps estimat de lectura\" \/>\n\t<meta name=\"twitter:data1\" content=\"1 minut\" \/>\n<script type=\"application\/ld+json\" class=\"yoast-schema-graph\">{\"@context\":\"https:\\\/\\\/schema.org\",\"@graph\":[{\"@type\":\"WebPage\",\"@id\":\"https:\\\/\\\/massalagros.com\\\/ca\\\/producto\\\/experiencia-simple-copia\\\/\",\"url\":\"https:\\\/\\\/massalagros.com\\\/ca\\\/producto\\\/experiencia-simple-copia\\\/\",\"name\":\"Reconnexi\u00f3 Express &#8211; Mas Salagros\",\"isPartOf\":{\"@id\":\"https:\\\/\\\/www.massalagros.com\\\/ca\\\/#website\"},\"primaryImageOfPage\":{\"@id\":\"https:\\\/\\\/massalagros.com\\\/ca\\\/producto\\\/experiencia-simple-copia\\\/#primaryimage\"},\"image\":{\"@id\":\"https:\\\/\\\/massalagros.com\\\/ca\\\/producto\\\/experiencia-simple-copia\\\/#primaryimage\"},\"thumbnailUrl\":\"https:\\\/\\\/massalagros.com\\\/wp-content\\\/uploads\\\/2025\\\/10\\\/Motor_otono2-e1765306516508.jpg\",\"datePublished\":\"2025-11-14T15:14:11+00:00\",\"dateModified\":\"2026-02-17T17:00:32+00:00\",\"description\":\"Pren-te el dia nom\u00e9s per a tu, sense necessitat d\u2019emprendre cap viatge. Una oportunitat per relaxar-te, renovar energies i reconnectar amb tu mateix\\\/a.\",\"breadcrumb\":{\"@id\":\"https:\\\/\\\/massalagros.com\\\/ca\\\/producto\\\/experiencia-simple-copia\\\/#breadcrumb\"},\"inLanguage\":\"ca\",\"potentialAction\":[{\"@type\":\"ReadAction\",\"target\":[\"https:\\\/\\\/massalagros.com\\\/ca\\\/producto\\\/experiencia-simple-copia\\\/\"]}]},{\"@type\":\"ImageObject\",\"inLanguage\":\"ca\",\"@id\":\"https:\\\/\\\/massalagros.com\\\/ca\\\/producto\\\/experiencia-simple-copia\\\/#primaryimage\",\"url\":\"https:\\\/\\\/massalagros.com\\\/wp-content\\\/uploads\\\/2025\\\/10\\\/Motor_otono2-e1765306516508.jpg\",\"contentUrl\":\"https:\\\/\\\/massalagros.com\\\/wp-content\\\/uploads\\\/2025\\\/10\\\/Motor_otono2-e1765306516508.jpg\",\"width\":1005,\"height\":1008},{\"@type\":\"BreadcrumbList\",\"@id\":\"https:\\\/\\\/massalagros.com\\\/ca\\\/producto\\\/experiencia-simple-copia\\\/#breadcrumb\",\"itemListElement\":[{\"@type\":\"ListItem\",\"position\":1,\"name\":\"Portada\",\"item\":\"https:\\\/\\\/massalagros.com\\\/ca\\\/\"},{\"@type\":\"ListItem\",\"position\":2,\"name\":\"Experi\u00e8ncies\",\"item\":\"https:\\\/\\\/massalagros.com\\\/ca\\\/botiga\\\/\"},{\"@type\":\"ListItem\",\"position\":3,\"name\":\"Reconnexi\u00f3 Express\"}]},{\"@type\":\"WebSite\",\"@id\":\"https:\\\/\\\/www.massalagros.com\\\/ca\\\/#website\",\"url\":\"https:\\\/\\\/www.massalagros.com\\\/ca\\\/\",\"name\":\"Mas Salagros\",\"description\":\"EcoResort de lujo en Barcelona - Vallromanes\",\"publisher\":{\"@id\":\"https:\\\/\\\/www.massalagros.com\\\/ca\\\/#organization\"},\"potentialAction\":[{\"@type\":\"SearchAction\",\"target\":{\"@type\":\"EntryPoint\",\"urlTemplate\":\"https:\\\/\\\/www.massalagros.com\\\/ca\\\/?s={search_term_string}\"},\"query-input\":{\"@type\":\"PropertyValueSpecification\",\"valueRequired\":true,\"valueName\":\"search_term_string\"}}],\"inLanguage\":\"ca\"},{\"@type\":\"Organization\",\"@id\":\"https:\\\/\\\/www.massalagros.com\\\/ca\\\/#organization\",\"name\":\"MAS SALAGROS HOTEL ECORESORT\",\"url\":\"https:\\\/\\\/www.massalagros.com\\\/ca\\\/\",\"logo\":{\"@type\":\"ImageObject\",\"inLanguage\":\"ca\",\"@id\":\"https:\\\/\\\/www.massalagros.com\\\/ca\\\/#\\\/schema\\\/logo\\\/image\\\/\",\"url\":\"\\\/wp-content\\\/uploads\\\/2018\\\/05\\\/IMG_0116.jpg\",\"contentUrl\":\"\\\/wp-content\\\/uploads\\\/2018\\\/05\\\/IMG_0116.jpg\",\"width\":2000,\"height\":1333,\"caption\":\"MAS SALAGROS HOTEL ECORESORT\"},\"image\":{\"@id\":\"https:\\\/\\\/www.massalagros.com\\\/ca\\\/#\\\/schema\\\/logo\\\/image\\\/\"},\"sameAs\":[\"https:\\\/\\\/www.facebook.com\\\/MasSalagros\\\/\",\"https:\\\/\\\/x.com\\\/MasSalagros\",\"https:\\\/\\\/www.instagram.com\\\/massalagrosecoresort\\\/\"]}]}<\/script>\n<!-- \/ Yoast SEO plugin. -->","yoast_head_json":{"title":"Reconnexi\u00f3 Express &#8211; Mas Salagros","description":"Pren-te el dia nom\u00e9s per a tu, sense necessitat d\u2019emprendre cap viatge. Una oportunitat per relaxar-te, renovar energies i reconnectar amb tu mateix\/a.","robots":{"index":"index","follow":"follow","max-snippet":"max-snippet:-1","max-image-preview":"max-image-preview:large","max-video-preview":"max-video-preview:-1"},"canonical":"https:\/\/massalagros.com\/ca\/producto\/experiencia-simple-copia\/","og_locale":"ca_ES","og_type":"article","og_title":"Reconnexi\u00f3 Express &#8211; Mas Salagros","og_description":"Pren-te el dia nom\u00e9s per a tu, sense necessitat d\u2019emprendre cap viatge. Una oportunitat per relaxar-te, renovar energies i reconnectar amb tu mateix\/a.","og_url":"https:\/\/massalagros.com\/ca\/producto\/experiencia-simple-copia\/","og_site_name":"Mas Salagros","article_publisher":"https:\/\/www.facebook.com\/MasSalagros\/","article_modified_time":"2026-02-17T17:00:32+00:00","og_image":[{"width":1005,"height":1008,"url":"https:\/\/massalagros.com\/wp-content\/uploads\/2025\/10\/Motor_otono2-e1765306516508.jpg","type":"image\/jpeg"}],"twitter_card":"summary_large_image","twitter_site":"@MasSalagros","twitter_misc":{"Temps estimat de lectura":"1 minut"},"schema":{"@context":"https:\/\/schema.org","@graph":[{"@type":"WebPage","@id":"https:\/\/massalagros.com\/ca\/producto\/experiencia-simple-copia\/","url":"https:\/\/massalagros.com\/ca\/producto\/experiencia-simple-copia\/","name":"Reconnexi\u00f3 Express &#8211; Mas Salagros","isPartOf":{"@id":"https:\/\/www.massalagros.com\/ca\/#website"},"primaryImageOfPage":{"@id":"https:\/\/massalagros.com\/ca\/producto\/experiencia-simple-copia\/#primaryimage"},"image":{"@id":"https:\/\/massalagros.com\/ca\/producto\/experiencia-simple-copia\/#primaryimage"},"thumbnailUrl":"https:\/\/massalagros.com\/wp-content\/uploads\/2025\/10\/Motor_otono2-e1765306516508.jpg","datePublished":"2025-11-14T15:14:11+00:00","dateModified":"2026-02-17T17:00:32+00:00","description":"Pren-te el dia nom\u00e9s per a tu, sense necessitat d\u2019emprendre cap viatge. Una oportunitat per relaxar-te, renovar energies i reconnectar amb tu mateix\/a.","breadcrumb":{"@id":"https:\/\/massalagros.com\/ca\/producto\/experiencia-simple-copia\/#breadcrumb"},"inLanguage":"ca","potentialAction":[{"@type":"ReadAction","target":["https:\/\/massalagros.com\/ca\/producto\/experiencia-simple-copia\/"]}]},{"@type":"ImageObject","inLanguage":"ca","@id":"https:\/\/massalagros.com\/ca\/producto\/experiencia-simple-copia\/#primaryimage","url":"https:\/\/massalagros.com\/wp-content\/uploads\/2025\/10\/Motor_otono2-e1765306516508.jpg","contentUrl":"https:\/\/massalagros.com\/wp-content\/uploads\/2025\/10\/Motor_otono2-e1765306516508.jpg","width":1005,"height":1008},{"@type":"BreadcrumbList","@id":"https:\/\/massalagros.com\/ca\/producto\/experiencia-simple-copia\/#breadcrumb","itemListElement":[{"@type":"ListItem","position":1,"name":"Portada","item":"https:\/\/massalagros.com\/ca\/"},{"@type":"ListItem","position":2,"name":"Experi\u00e8ncies","item":"https:\/\/massalagros.com\/ca\/botiga\/"},{"@type":"ListItem","position":3,"name":"Reconnexi\u00f3 Express"}]},{"@type":"WebSite","@id":"https:\/\/www.massalagros.com\/ca\/#website","url":"https:\/\/www.massalagros.com\/ca\/","name":"Mas Salagros","description":"EcoResort de lujo en Barcelona - Vallromanes","publisher":{"@id":"https:\/\/www.massalagros.com\/ca\/#organization"},"potentialAction":[{"@type":"SearchAction","target":{"@type":"EntryPoint","urlTemplate":"https:\/\/www.massalagros.com\/ca\/?s={search_term_string}"},"query-input":{"@type":"PropertyValueSpecification","valueRequired":true,"valueName":"search_term_string"}}],"inLanguage":"ca"},{"@type":"Organization","@id":"https:\/\/www.massalagros.com\/ca\/#organization","name":"MAS SALAGROS HOTEL ECORESORT","url":"https:\/\/www.massalagros.com\/ca\/","logo":{"@type":"ImageObject","inLanguage":"ca","@id":"https:\/\/www.massalagros.com\/ca\/#\/schema\/logo\/image\/","url":"\/wp-content\/uploads\/2018\/05\/IMG_0116.jpg","contentUrl":"\/wp-content\/uploads\/2018\/05\/IMG_0116.jpg","width":2000,"height":1333,"caption":"MAS SALAGROS HOTEL ECORESORT"},"image":{"@id":"https:\/\/www.massalagros.com\/ca\/#\/schema\/logo\/image\/"},"sameAs":["https:\/\/www.facebook.com\/MasSalagros\/","https:\/\/x.com\/MasSalagros","https:\/\/www.instagram.com\/massalagrosecoresort\/"]}]}},"_links":{"self":[{"href":"https:\/\/massalagros.com\/ca\/wp-json\/wp\/v2\/product\/29611","targetHints":{"allow":["GET"]}}],"collection":[{"href":"https:\/\/massalagros.com\/ca\/wp-json\/wp\/v2\/product"}],"about":[{"href":"https:\/\/massalagros.com\/ca\/wp-json\/wp\/v2\/types\/product"}],"wp:featuredmedia":[{"embeddable":true,"href":"https:\/\/massalagros.com\/ca\/wp-json\/wp\/v2\/media\/29001"}],"wp:attachment":[{"href":"https:\/\/massalagros.com\/ca\/wp-json\/wp\/v2\/media?parent=29611"}],"wp:term":[{"taxonomy":"product_brand","embeddable":true,"href":"https:\/\/massalagros.com\/ca\/wp-json\/wp\/v2\/product_brand?post=29611"},{"taxonomy":"product_cat","embeddable":true,"href":"https:\/\/massalagros.com\/ca\/wp-json\/wp\/v2\/product_cat?post=29611"},{"taxonomy":"product_tag","embeddable":true,"href":"https:\/\/massalagros.com\/ca\/wp-json\/wp\/v2\/product_tag?post=29611"}],"curies":[{"name":"wp","href":"https:\/\/api.w.org\/{rel}","templated":true}]}}