{"id":7122,"date":"2020-05-27T06:19:46","date_gmt":"2020-05-27T06:19:46","guid":{"rendered":"https:\/\/massalagros.com\/carta-de-desayunos\/"},"modified":"2021-03-15T12:57:46","modified_gmt":"2021-03-15T12:57:46","slug":"carta-esmorzars","status":"publish","type":"page","link":"https:\/\/massalagros.com\/ca\/carta-esmorzars\/","title":{"rendered":"Carta d&#8217;esmorzars"},"content":{"rendered":"","protected":false},"excerpt":{"rendered":"","protected":false},"author":3,"featured_media":8550,"parent":0,"menu_order":90,"comment_status":"closed","ping_status":"closed","template":"views\/template-carta.blade.php","meta":{"_acf_changed":false,"footnotes":""},"class_list":["post-7122","page","type-page","status-publish","has-post-thumbnail","hentry"],"acf":[],"yoast_head":"<!-- This site is optimized with the Yoast SEO plugin v27.2 - https:\/\/yoast.com\/product\/yoast-seo-wordpress\/ -->\n<title>Carta d&#039;esmorzars - Gastronomia | Mas Salagros EcoResort<\/title>\n<meta name=\"description\" content=\"Escull el tipus d&#039;esmorzar que m\u00e9s t&#039;agradi: americ\u00e0 o continental i gaudeix del primer \u00e0pat del dia amb vistes a la Serralada Litoral.\" \/>\n<meta name=\"robots\" content=\"index, follow, max-snippet:-1, max-image-preview:large, max-video-preview:-1\" \/>\n<link rel=\"canonical\" href=\"https:\/\/massalagros.com\/ca\/carta-esmorzars\/\" \/>\n<meta property=\"og:locale\" content=\"ca_ES\" \/>\n<meta property=\"og:type\" content=\"article\" \/>\n<meta property=\"og:title\" content=\"Carta d&#039;esmorzars - Gastronomia | Mas Salagros EcoResort\" \/>\n<meta property=\"og:description\" content=\"Escull el tipus d&#039;esmorzar que m\u00e9s t&#039;agradi: americ\u00e0 o continental i gaudeix del primer \u00e0pat del dia amb vistes a la Serralada Litoral.\" \/>\n<meta property=\"og:url\" content=\"https:\/\/massalagros.com\/ca\/carta-esmorzars\/\" \/>\n<meta property=\"og:site_name\" content=\"Mas Salagros\" \/>\n<meta property=\"article:publisher\" content=\"https:\/\/www.facebook.com\/MasSalagros\/\" \/>\n<meta property=\"article:modified_time\" content=\"2021-03-15T12:57:46+00:00\" \/>\n<meta property=\"og:image\" content=\"https:\/\/massalagros.com\/wp-content\/uploads\/2020\/11\/Carta-desayunos-Mas-Salagros-EcoResort.jpg\" \/>\n\t<meta property=\"og:image:width\" content=\"1620\" \/>\n\t<meta property=\"og:image:height\" content=\"1080\" \/>\n\t<meta property=\"og:image:type\" content=\"image\/jpeg\" \/>\n<meta name=\"twitter:card\" content=\"summary_large_image\" \/>\n<meta name=\"twitter:site\" content=\"@MasSalagros\" \/>\n<script type=\"application\/ld+json\" class=\"yoast-schema-graph\">{\"@context\":\"https:\/\/schema.org\",\"@graph\":[{\"@type\":\"WebPage\",\"@id\":\"https:\/\/massalagros.com\/ca\/carta-esmorzars\/\",\"url\":\"https:\/\/massalagros.com\/ca\/carta-esmorzars\/\",\"name\":\"Carta d'esmorzars - Gastronomia | Mas Salagros EcoResort\",\"isPartOf\":{\"@id\":\"https:\/\/www.massalagros.com\/ca\/#website\"},\"primaryImageOfPage\":{\"@id\":\"https:\/\/massalagros.com\/ca\/carta-esmorzars\/#primaryimage\"},\"image\":{\"@id\":\"https:\/\/massalagros.com\/ca\/carta-esmorzars\/#primaryimage\"},\"thumbnailUrl\":\"https:\/\/massalagros.com\/wp-content\/uploads\/2020\/11\/Carta-desayunos-Mas-Salagros-EcoResort.jpg\",\"datePublished\":\"2020-05-27T06:19:46+00:00\",\"dateModified\":\"2021-03-15T12:57:46+00:00\",\"description\":\"Escull el tipus d'esmorzar que m\u00e9s t'agradi: americ\u00e0 o continental i gaudeix del primer \u00e0pat del dia amb vistes a la Serralada Litoral.\",\"breadcrumb\":{\"@id\":\"https:\/\/massalagros.com\/ca\/carta-esmorzars\/#breadcrumb\"},\"inLanguage\":\"ca\",\"potentialAction\":[{\"@type\":\"ReadAction\",\"target\":[\"https:\/\/massalagros.com\/ca\/carta-esmorzars\/\"]}]},{\"@type\":\"ImageObject\",\"inLanguage\":\"ca\",\"@id\":\"https:\/\/massalagros.com\/ca\/carta-esmorzars\/#primaryimage\",\"url\":\"https:\/\/massalagros.com\/wp-content\/uploads\/2020\/11\/Carta-desayunos-Mas-Salagros-EcoResort.jpg\",\"contentUrl\":\"https:\/\/massalagros.com\/wp-content\/uploads\/2020\/11\/Carta-desayunos-Mas-Salagros-EcoResort.jpg\",\"width\":1620,\"height\":1080,\"caption\":\"Carta de desayunos Mas Salagros\"},{\"@type\":\"BreadcrumbList\",\"@id\":\"https:\/\/massalagros.com\/ca\/carta-esmorzars\/#breadcrumb\",\"itemListElement\":[{\"@type\":\"ListItem\",\"position\":1,\"name\":\"Portada\",\"item\":\"https:\/\/massalagros.com\/ca\/\"},{\"@type\":\"ListItem\",\"position\":2,\"name\":\"Carta d&#8217;esmorzars\"}]},{\"@type\":\"WebSite\",\"@id\":\"https:\/\/www.massalagros.com\/ca\/#website\",\"url\":\"https:\/\/www.massalagros.com\/ca\/\",\"name\":\"Mas Salagros\",\"description\":\"EcoResort de lujo en Barcelona - Vallromanes\",\"publisher\":{\"@id\":\"https:\/\/www.massalagros.com\/ca\/#organization\"},\"potentialAction\":[{\"@type\":\"SearchAction\",\"target\":{\"@type\":\"EntryPoint\",\"urlTemplate\":\"https:\/\/www.massalagros.com\/ca\/?s={search_term_string}\"},\"query-input\":{\"@type\":\"PropertyValueSpecification\",\"valueRequired\":true,\"valueName\":\"search_term_string\"}}],\"inLanguage\":\"ca\"},{\"@type\":\"Organization\",\"@id\":\"https:\/\/www.massalagros.com\/ca\/#organization\",\"name\":\"MAS SALAGROS HOTEL ECORESORT\",\"url\":\"https:\/\/www.massalagros.com\/ca\/\",\"logo\":{\"@type\":\"ImageObject\",\"inLanguage\":\"ca\",\"@id\":\"https:\/\/www.massalagros.com\/ca\/#\/schema\/logo\/image\/\",\"url\":\"\/wp-content\/uploads\/2018\/05\/IMG_0116.jpg\",\"contentUrl\":\"\/wp-content\/uploads\/2018\/05\/IMG_0116.jpg\",\"width\":2000,\"height\":1333,\"caption\":\"MAS SALAGROS HOTEL ECORESORT\"},\"image\":{\"@id\":\"https:\/\/www.massalagros.com\/ca\/#\/schema\/logo\/image\/\"},\"sameAs\":[\"https:\/\/www.facebook.com\/MasSalagros\/\",\"https:\/\/x.com\/MasSalagros\",\"https:\/\/www.instagram.com\/massalagrosecoresort\/\"]}]}<\/script>\n<!-- \/ Yoast SEO plugin. -->","yoast_head_json":{"title":"Carta d'esmorzars - Gastronomia | Mas Salagros EcoResort","description":"Escull el tipus d'esmorzar que m\u00e9s t'agradi: americ\u00e0 o continental i gaudeix del primer \u00e0pat del dia amb vistes a la Serralada Litoral.","robots":{"index":"index","follow":"follow","max-snippet":"max-snippet:-1","max-image-preview":"max-image-preview:large","max-video-preview":"max-video-preview:-1"},"canonical":"https:\/\/massalagros.com\/ca\/carta-esmorzars\/","og_locale":"ca_ES","og_type":"article","og_title":"Carta d'esmorzars - Gastronomia | Mas Salagros EcoResort","og_description":"Escull el tipus d'esmorzar que m\u00e9s t'agradi: americ\u00e0 o continental i gaudeix del primer \u00e0pat del dia amb vistes a la Serralada Litoral.","og_url":"https:\/\/massalagros.com\/ca\/carta-esmorzars\/","og_site_name":"Mas Salagros","article_publisher":"https:\/\/www.facebook.com\/MasSalagros\/","article_modified_time":"2021-03-15T12:57:46+00:00","og_image":[{"width":1620,"height":1080,"url":"https:\/\/massalagros.com\/wp-content\/uploads\/2020\/11\/Carta-desayunos-Mas-Salagros-EcoResort.jpg","type":"image\/jpeg"}],"twitter_card":"summary_large_image","twitter_site":"@MasSalagros","schema":{"@context":"https:\/\/schema.org","@graph":[{"@type":"WebPage","@id":"https:\/\/massalagros.com\/ca\/carta-esmorzars\/","url":"https:\/\/massalagros.com\/ca\/carta-esmorzars\/","name":"Carta d'esmorzars - Gastronomia | Mas Salagros EcoResort","isPartOf":{"@id":"https:\/\/www.massalagros.com\/ca\/#website"},"primaryImageOfPage":{"@id":"https:\/\/massalagros.com\/ca\/carta-esmorzars\/#primaryimage"},"image":{"@id":"https:\/\/massalagros.com\/ca\/carta-esmorzars\/#primaryimage"},"thumbnailUrl":"https:\/\/massalagros.com\/wp-content\/uploads\/2020\/11\/Carta-desayunos-Mas-Salagros-EcoResort.jpg","datePublished":"2020-05-27T06:19:46+00:00","dateModified":"2021-03-15T12:57:46+00:00","description":"Escull el tipus d'esmorzar que m\u00e9s t'agradi: americ\u00e0 o continental i gaudeix del primer \u00e0pat del dia amb vistes a la Serralada Litoral.","breadcrumb":{"@id":"https:\/\/massalagros.com\/ca\/carta-esmorzars\/#breadcrumb"},"inLanguage":"ca","potentialAction":[{"@type":"ReadAction","target":["https:\/\/massalagros.com\/ca\/carta-esmorzars\/"]}]},{"@type":"ImageObject","inLanguage":"ca","@id":"https:\/\/massalagros.com\/ca\/carta-esmorzars\/#primaryimage","url":"https:\/\/massalagros.com\/wp-content\/uploads\/2020\/11\/Carta-desayunos-Mas-Salagros-EcoResort.jpg","contentUrl":"https:\/\/massalagros.com\/wp-content\/uploads\/2020\/11\/Carta-desayunos-Mas-Salagros-EcoResort.jpg","width":1620,"height":1080,"caption":"Carta de desayunos Mas Salagros"},{"@type":"BreadcrumbList","@id":"https:\/\/massalagros.com\/ca\/carta-esmorzars\/#breadcrumb","itemListElement":[{"@type":"ListItem","position":1,"name":"Portada","item":"https:\/\/massalagros.com\/ca\/"},{"@type":"ListItem","position":2,"name":"Carta d&#8217;esmorzars"}]},{"@type":"WebSite","@id":"https:\/\/www.massalagros.com\/ca\/#website","url":"https:\/\/www.massalagros.com\/ca\/","name":"Mas Salagros","description":"EcoResort de lujo en Barcelona - Vallromanes","publisher":{"@id":"https:\/\/www.massalagros.com\/ca\/#organization"},"potentialAction":[{"@type":"SearchAction","target":{"@type":"EntryPoint","urlTemplate":"https:\/\/www.massalagros.com\/ca\/?s={search_term_string}"},"query-input":{"@type":"PropertyValueSpecification","valueRequired":true,"valueName":"search_term_string"}}],"inLanguage":"ca"},{"@type":"Organization","@id":"https:\/\/www.massalagros.com\/ca\/#organization","name":"MAS SALAGROS HOTEL ECORESORT","url":"https:\/\/www.massalagros.com\/ca\/","logo":{"@type":"ImageObject","inLanguage":"ca","@id":"https:\/\/www.massalagros.com\/ca\/#\/schema\/logo\/image\/","url":"\/wp-content\/uploads\/2018\/05\/IMG_0116.jpg","contentUrl":"\/wp-content\/uploads\/2018\/05\/IMG_0116.jpg","width":2000,"height":1333,"caption":"MAS SALAGROS HOTEL ECORESORT"},"image":{"@id":"https:\/\/www.massalagros.com\/ca\/#\/schema\/logo\/image\/"},"sameAs":["https:\/\/www.facebook.com\/MasSalagros\/","https:\/\/x.com\/MasSalagros","https:\/\/www.instagram.com\/massalagrosecoresort\/"]}]}},"_links":{"self":[{"href":"https:\/\/massalagros.com\/ca\/wp-json\/wp\/v2\/pages\/7122","targetHints":{"allow":["GET"]}}],"collection":[{"href":"https:\/\/massalagros.com\/ca\/wp-json\/wp\/v2\/pages"}],"about":[{"href":"https:\/\/massalagros.com\/ca\/wp-json\/wp\/v2\/types\/page"}],"author":[{"embeddable":true,"href":"https:\/\/massalagros.com\/ca\/wp-json\/wp\/v2\/users\/3"}],"replies":[{"embeddable":true,"href":"https:\/\/massalagros.com\/ca\/wp-json\/wp\/v2\/comments?post=7122"}],"version-history":[{"count":5,"href":"https:\/\/massalagros.com\/ca\/wp-json\/wp\/v2\/pages\/7122\/revisions"}],"predecessor-version":[{"id":8566,"href":"https:\/\/massalagros.com\/ca\/wp-json\/wp\/v2\/pages\/7122\/revisions\/8566"}],"wp:featuredmedia":[{"embeddable":true,"href":"https:\/\/massalagros.com\/ca\/wp-json\/wp\/v2\/media\/8550"}],"wp:attachment":[{"href":"https:\/\/massalagros.com\/ca\/wp-json\/wp\/v2\/media?parent=7122"}],"curies":[{"name":"wp","href":"https:\/\/api.w.org\/{rel}","templated":true}]}}