{"id":6079,"date":"2019-12-03T15:40:55","date_gmt":"2019-12-03T15:40:55","guid":{"rendered":"https:\/\/massalagros.com\/?page_id=6079"},"modified":"2023-01-18T15:08:34","modified_gmt":"2023-01-18T15:08:34","slug":"politica-de-proteccio-de-dades","status":"publish","type":"page","link":"https:\/\/massalagros.com\/ca\/politica-de-proteccio-de-dades\/","title":{"rendered":"Politica de Protecci\u00f3 de Dades"},"content":{"rendered":"","protected":false},"excerpt":{"rendered":"","protected":false},"author":3,"featured_media":0,"parent":0,"menu_order":104,"comment_status":"closed","ping_status":"closed","template":"views\/template-full-options.blade.php","meta":{"_acf_changed":false,"footnotes":""},"class_list":["post-6079","page","type-page","status-publish","hentry"],"acf":[],"yoast_head":"<!-- This site is optimized with the Yoast SEO plugin v27.4 - https:\/\/yoast.com\/product\/yoast-seo-wordpress\/ -->\n<title>Politica de Protecci\u00f3 de Dades &#8211; Mas Salagros<\/title>\n<meta name=\"description\" content=\"Obteniu m\u00e9s informaci\u00f3 sobre la legitimitat legal del tractament de dades i els motius i finalitats del tractament de dades en aquest lloc web.\" \/>\n<meta name=\"robots\" content=\"index, follow, max-snippet:-1, max-image-preview:large, max-video-preview:-1\" \/>\n<link rel=\"canonical\" href=\"https:\/\/massalagros.com\/ca\/politica-de-proteccio-de-dades\/\" \/>\n<meta property=\"og:locale\" content=\"ca_ES\" \/>\n<meta property=\"og:type\" content=\"article\" \/>\n<meta property=\"og:title\" content=\"Politica de Protecci\u00f3 de Dades &#8211; Mas Salagros\" \/>\n<meta property=\"og:description\" content=\"Obteniu m\u00e9s informaci\u00f3 sobre la legitimitat legal del tractament de dades i els motius i finalitats del tractament de dades en aquest lloc web.\" \/>\n<meta property=\"og:url\" content=\"https:\/\/massalagros.com\/ca\/politica-de-proteccio-de-dades\/\" \/>\n<meta property=\"og:site_name\" content=\"Mas Salagros\" \/>\n<meta property=\"article:publisher\" content=\"https:\/\/www.facebook.com\/MasSalagros\/\" \/>\n<meta property=\"article:modified_time\" content=\"2023-01-18T15:08:34+00:00\" \/>\n<meta name=\"twitter:card\" content=\"summary_large_image\" \/>\n<meta name=\"twitter:site\" content=\"@MasSalagros\" \/>\n<script type=\"application\/ld+json\" class=\"yoast-schema-graph\">{\"@context\":\"https:\\\/\\\/schema.org\",\"@graph\":[{\"@type\":\"WebPage\",\"@id\":\"https:\\\/\\\/massalagros.com\\\/ca\\\/politica-de-proteccio-de-dades\\\/\",\"url\":\"https:\\\/\\\/massalagros.com\\\/ca\\\/politica-de-proteccio-de-dades\\\/\",\"name\":\"Politica de Protecci\u00f3 de Dades &#8211; Mas Salagros\",\"isPartOf\":{\"@id\":\"https:\\\/\\\/www.massalagros.com\\\/ca\\\/#website\"},\"datePublished\":\"2019-12-03T15:40:55+00:00\",\"dateModified\":\"2023-01-18T15:08:34+00:00\",\"description\":\"Obteniu m\u00e9s informaci\u00f3 sobre la legitimitat legal del tractament de dades i els motius i finalitats del tractament de dades en aquest lloc web.\",\"breadcrumb\":{\"@id\":\"https:\\\/\\\/massalagros.com\\\/ca\\\/politica-de-proteccio-de-dades\\\/#breadcrumb\"},\"inLanguage\":\"ca\",\"potentialAction\":[{\"@type\":\"ReadAction\",\"target\":[\"https:\\\/\\\/massalagros.com\\\/ca\\\/politica-de-proteccio-de-dades\\\/\"]}]},{\"@type\":\"BreadcrumbList\",\"@id\":\"https:\\\/\\\/massalagros.com\\\/ca\\\/politica-de-proteccio-de-dades\\\/#breadcrumb\",\"itemListElement\":[{\"@type\":\"ListItem\",\"position\":1,\"name\":\"Portada\",\"item\":\"https:\\\/\\\/massalagros.com\\\/ca\\\/\"},{\"@type\":\"ListItem\",\"position\":2,\"name\":\"Politica de Protecci\u00f3 de Dades\"}]},{\"@type\":\"WebSite\",\"@id\":\"https:\\\/\\\/www.massalagros.com\\\/ca\\\/#website\",\"url\":\"https:\\\/\\\/www.massalagros.com\\\/ca\\\/\",\"name\":\"Mas Salagros\",\"description\":\"EcoResort de lujo en Barcelona - Vallromanes\",\"publisher\":{\"@id\":\"https:\\\/\\\/www.massalagros.com\\\/ca\\\/#organization\"},\"potentialAction\":[{\"@type\":\"SearchAction\",\"target\":{\"@type\":\"EntryPoint\",\"urlTemplate\":\"https:\\\/\\\/www.massalagros.com\\\/ca\\\/?s={search_term_string}\"},\"query-input\":{\"@type\":\"PropertyValueSpecification\",\"valueRequired\":true,\"valueName\":\"search_term_string\"}}],\"inLanguage\":\"ca\"},{\"@type\":\"Organization\",\"@id\":\"https:\\\/\\\/www.massalagros.com\\\/ca\\\/#organization\",\"name\":\"MAS SALAGROS HOTEL ECORESORT\",\"url\":\"https:\\\/\\\/www.massalagros.com\\\/ca\\\/\",\"logo\":{\"@type\":\"ImageObject\",\"inLanguage\":\"ca\",\"@id\":\"https:\\\/\\\/www.massalagros.com\\\/ca\\\/#\\\/schema\\\/logo\\\/image\\\/\",\"url\":\"\\\/wp-content\\\/uploads\\\/2018\\\/05\\\/IMG_0116.jpg\",\"contentUrl\":\"\\\/wp-content\\\/uploads\\\/2018\\\/05\\\/IMG_0116.jpg\",\"width\":2000,\"height\":1333,\"caption\":\"MAS SALAGROS HOTEL ECORESORT\"},\"image\":{\"@id\":\"https:\\\/\\\/www.massalagros.com\\\/ca\\\/#\\\/schema\\\/logo\\\/image\\\/\"},\"sameAs\":[\"https:\\\/\\\/www.facebook.com\\\/MasSalagros\\\/\",\"https:\\\/\\\/x.com\\\/MasSalagros\",\"https:\\\/\\\/www.instagram.com\\\/massalagrosecoresort\\\/\"]}]}<\/script>\n<!-- \/ Yoast SEO plugin. -->","yoast_head_json":{"title":"Politica de Protecci\u00f3 de Dades &#8211; Mas Salagros","description":"Obteniu m\u00e9s informaci\u00f3 sobre la legitimitat legal del tractament de dades i els motius i finalitats del tractament de dades en aquest lloc web.","robots":{"index":"index","follow":"follow","max-snippet":"max-snippet:-1","max-image-preview":"max-image-preview:large","max-video-preview":"max-video-preview:-1"},"canonical":"https:\/\/massalagros.com\/ca\/politica-de-proteccio-de-dades\/","og_locale":"ca_ES","og_type":"article","og_title":"Politica de Protecci\u00f3 de Dades &#8211; Mas Salagros","og_description":"Obteniu m\u00e9s informaci\u00f3 sobre la legitimitat legal del tractament de dades i els motius i finalitats del tractament de dades en aquest lloc web.","og_url":"https:\/\/massalagros.com\/ca\/politica-de-proteccio-de-dades\/","og_site_name":"Mas Salagros","article_publisher":"https:\/\/www.facebook.com\/MasSalagros\/","article_modified_time":"2023-01-18T15:08:34+00:00","twitter_card":"summary_large_image","twitter_site":"@MasSalagros","schema":{"@context":"https:\/\/schema.org","@graph":[{"@type":"WebPage","@id":"https:\/\/massalagros.com\/ca\/politica-de-proteccio-de-dades\/","url":"https:\/\/massalagros.com\/ca\/politica-de-proteccio-de-dades\/","name":"Politica de Protecci\u00f3 de Dades &#8211; Mas Salagros","isPartOf":{"@id":"https:\/\/www.massalagros.com\/ca\/#website"},"datePublished":"2019-12-03T15:40:55+00:00","dateModified":"2023-01-18T15:08:34+00:00","description":"Obteniu m\u00e9s informaci\u00f3 sobre la legitimitat legal del tractament de dades i els motius i finalitats del tractament de dades en aquest lloc web.","breadcrumb":{"@id":"https:\/\/massalagros.com\/ca\/politica-de-proteccio-de-dades\/#breadcrumb"},"inLanguage":"ca","potentialAction":[{"@type":"ReadAction","target":["https:\/\/massalagros.com\/ca\/politica-de-proteccio-de-dades\/"]}]},{"@type":"BreadcrumbList","@id":"https:\/\/massalagros.com\/ca\/politica-de-proteccio-de-dades\/#breadcrumb","itemListElement":[{"@type":"ListItem","position":1,"name":"Portada","item":"https:\/\/massalagros.com\/ca\/"},{"@type":"ListItem","position":2,"name":"Politica de Protecci\u00f3 de Dades"}]},{"@type":"WebSite","@id":"https:\/\/www.massalagros.com\/ca\/#website","url":"https:\/\/www.massalagros.com\/ca\/","name":"Mas Salagros","description":"EcoResort de lujo en Barcelona - Vallromanes","publisher":{"@id":"https:\/\/www.massalagros.com\/ca\/#organization"},"potentialAction":[{"@type":"SearchAction","target":{"@type":"EntryPoint","urlTemplate":"https:\/\/www.massalagros.com\/ca\/?s={search_term_string}"},"query-input":{"@type":"PropertyValueSpecification","valueRequired":true,"valueName":"search_term_string"}}],"inLanguage":"ca"},{"@type":"Organization","@id":"https:\/\/www.massalagros.com\/ca\/#organization","name":"MAS SALAGROS HOTEL ECORESORT","url":"https:\/\/www.massalagros.com\/ca\/","logo":{"@type":"ImageObject","inLanguage":"ca","@id":"https:\/\/www.massalagros.com\/ca\/#\/schema\/logo\/image\/","url":"\/wp-content\/uploads\/2018\/05\/IMG_0116.jpg","contentUrl":"\/wp-content\/uploads\/2018\/05\/IMG_0116.jpg","width":2000,"height":1333,"caption":"MAS SALAGROS HOTEL ECORESORT"},"image":{"@id":"https:\/\/www.massalagros.com\/ca\/#\/schema\/logo\/image\/"},"sameAs":["https:\/\/www.facebook.com\/MasSalagros\/","https:\/\/x.com\/MasSalagros","https:\/\/www.instagram.com\/massalagrosecoresort\/"]}]}},"_links":{"self":[{"href":"https:\/\/massalagros.com\/ca\/wp-json\/wp\/v2\/pages\/6079","targetHints":{"allow":["GET"]}}],"collection":[{"href":"https:\/\/massalagros.com\/ca\/wp-json\/wp\/v2\/pages"}],"about":[{"href":"https:\/\/massalagros.com\/ca\/wp-json\/wp\/v2\/types\/page"}],"author":[{"embeddable":true,"href":"https:\/\/massalagros.com\/ca\/wp-json\/wp\/v2\/users\/3"}],"replies":[{"embeddable":true,"href":"https:\/\/massalagros.com\/ca\/wp-json\/wp\/v2\/comments?post=6079"}],"version-history":[{"count":4,"href":"https:\/\/massalagros.com\/ca\/wp-json\/wp\/v2\/pages\/6079\/revisions"}],"predecessor-version":[{"id":19272,"href":"https:\/\/massalagros.com\/ca\/wp-json\/wp\/v2\/pages\/6079\/revisions\/19272"}],"wp:attachment":[{"href":"https:\/\/massalagros.com\/ca\/wp-json\/wp\/v2\/media?parent=6079"}],"curies":[{"name":"wp","href":"https:\/\/api.w.org\/{rel}","templated":true}]}}