{"id":5850,"date":"2019-10-31T17:55:47","date_gmt":"2019-10-31T17:55:47","guid":{"rendered":"https:\/\/massalagros.com\/navidad-2\/"},"modified":"2024-09-13T07:30:29","modified_gmt":"2024-09-13T07:30:29","slug":"menu-nadal","status":"publish","type":"page","link":"https:\/\/massalagros.com\/ca\/menu-nadal\/","title":{"rendered":"Men\u00fa de Nadal"},"content":{"rendered":"","protected":false},"excerpt":{"rendered":"","protected":false},"author":3,"featured_media":8841,"parent":0,"menu_order":115,"comment_status":"closed","ping_status":"closed","template":"views\/template-carta.blade.php","meta":{"_acf_changed":false,"footnotes":""},"class_list":["post-5850","page","type-page","status-publish","has-post-thumbnail","hentry"],"acf":[],"yoast_head":"<!-- This site is optimized with the Yoast SEO plugin v27.2 - https:\/\/yoast.com\/product\/yoast-seo-wordpress\/ -->\n<title>Men\u00fa de Nadal - Gastronomia | Mas Salagros EcoResort<\/title>\n<meta name=\"description\" content=\"Gaudeix del Nadal a Mas Salagros EcoResort. T&#039;oferim diferents men\u00fas de Nadal ecol\u00f2gics per a tots, els dies m\u00e9s assenyalats. Reserva ara!\" \/>\n<meta name=\"robots\" content=\"index, follow, max-snippet:-1, max-image-preview:large, max-video-preview:-1\" \/>\n<link rel=\"canonical\" href=\"https:\/\/massalagros.com\/ca\/menu-nadal\/\" \/>\n<meta property=\"og:locale\" content=\"ca_ES\" \/>\n<meta property=\"og:type\" content=\"article\" \/>\n<meta property=\"og:title\" content=\"Men\u00fa de Nadal - Gastronomia | Mas Salagros EcoResort\" \/>\n<meta property=\"og:description\" content=\"Gaudeix del Nadal a Mas Salagros EcoResort. T&#039;oferim diferents men\u00fas de Nadal ecol\u00f2gics per a tots, els dies m\u00e9s assenyalats. Reserva ara!\" \/>\n<meta property=\"og:url\" content=\"https:\/\/massalagros.com\/ca\/menu-nadal\/\" \/>\n<meta property=\"og:site_name\" content=\"Mas Salagros\" \/>\n<meta property=\"article:publisher\" content=\"https:\/\/www.facebook.com\/MasSalagros\/\" \/>\n<meta property=\"article:modified_time\" content=\"2024-09-13T07:30:29+00:00\" \/>\n<meta property=\"og:image\" content=\"https:\/\/www.massalagros.com\/wp-content\/uploads\/2020\/12\/NAVIDAD-2020.jpg\" \/>\n\t<meta property=\"og:image:width\" content=\"2500\" \/>\n\t<meta property=\"og:image:height\" content=\"1669\" \/>\n\t<meta property=\"og:image:type\" content=\"image\/jpeg\" \/>\n<meta name=\"twitter:card\" content=\"summary_large_image\" \/>\n<meta name=\"twitter:site\" content=\"@MasSalagros\" \/>\n<meta name=\"twitter:label1\" content=\"Temps estimat de lectura\" \/>\n\t<meta name=\"twitter:data1\" content=\"3 minuts\" \/>\n<script type=\"application\/ld+json\" class=\"yoast-schema-graph\">{\"@context\":\"https:\/\/schema.org\",\"@graph\":[{\"@type\":\"WebPage\",\"@id\":\"https:\/\/massalagros.com\/ca\/menu-nadal\/\",\"url\":\"https:\/\/massalagros.com\/ca\/menu-nadal\/\",\"name\":\"Men\u00fa de Nadal - Gastronomia | Mas Salagros EcoResort\",\"isPartOf\":{\"@id\":\"https:\/\/www.massalagros.com\/ca\/#website\"},\"primaryImageOfPage\":{\"@id\":\"https:\/\/massalagros.com\/ca\/menu-nadal\/#primaryimage\"},\"image\":{\"@id\":\"https:\/\/massalagros.com\/ca\/menu-nadal\/#primaryimage\"},\"thumbnailUrl\":\"https:\/\/massalagros.com\/wp-content\/uploads\/2020\/12\/NAVIDAD-2020.jpg\",\"datePublished\":\"2019-10-31T17:55:47+00:00\",\"dateModified\":\"2024-09-13T07:30:29+00:00\",\"description\":\"Gaudeix del Nadal a Mas Salagros EcoResort. T'oferim diferents men\u00fas de Nadal ecol\u00f2gics per a tots, els dies m\u00e9s assenyalats. Reserva ara!\",\"breadcrumb\":{\"@id\":\"https:\/\/massalagros.com\/ca\/menu-nadal\/#breadcrumb\"},\"inLanguage\":\"ca\",\"potentialAction\":[{\"@type\":\"ReadAction\",\"target\":[\"https:\/\/massalagros.com\/ca\/menu-nadal\/\"]}]},{\"@type\":\"ImageObject\",\"inLanguage\":\"ca\",\"@id\":\"https:\/\/massalagros.com\/ca\/menu-nadal\/#primaryimage\",\"url\":\"https:\/\/massalagros.com\/wp-content\/uploads\/2020\/12\/NAVIDAD-2020.jpg\",\"contentUrl\":\"https:\/\/massalagros.com\/wp-content\/uploads\/2020\/12\/NAVIDAD-2020.jpg\",\"width\":2500,\"height\":1669,\"caption\":\"navidad Mas Salagros EcoResort\"},{\"@type\":\"BreadcrumbList\",\"@id\":\"https:\/\/massalagros.com\/ca\/menu-nadal\/#breadcrumb\",\"itemListElement\":[{\"@type\":\"ListItem\",\"position\":1,\"name\":\"Portada\",\"item\":\"https:\/\/massalagros.com\/ca\/\"},{\"@type\":\"ListItem\",\"position\":2,\"name\":\"Men\u00fa de Nadal\"}]},{\"@type\":\"WebSite\",\"@id\":\"https:\/\/www.massalagros.com\/ca\/#website\",\"url\":\"https:\/\/www.massalagros.com\/ca\/\",\"name\":\"Mas Salagros\",\"description\":\"EcoResort de lujo en Barcelona - Vallromanes\",\"publisher\":{\"@id\":\"https:\/\/www.massalagros.com\/ca\/#organization\"},\"potentialAction\":[{\"@type\":\"SearchAction\",\"target\":{\"@type\":\"EntryPoint\",\"urlTemplate\":\"https:\/\/www.massalagros.com\/ca\/?s={search_term_string}\"},\"query-input\":{\"@type\":\"PropertyValueSpecification\",\"valueRequired\":true,\"valueName\":\"search_term_string\"}}],\"inLanguage\":\"ca\"},{\"@type\":\"Organization\",\"@id\":\"https:\/\/www.massalagros.com\/ca\/#organization\",\"name\":\"MAS SALAGROS HOTEL ECORESORT\",\"url\":\"https:\/\/www.massalagros.com\/ca\/\",\"logo\":{\"@type\":\"ImageObject\",\"inLanguage\":\"ca\",\"@id\":\"https:\/\/www.massalagros.com\/ca\/#\/schema\/logo\/image\/\",\"url\":\"\/wp-content\/uploads\/2018\/05\/IMG_0116.jpg\",\"contentUrl\":\"\/wp-content\/uploads\/2018\/05\/IMG_0116.jpg\",\"width\":2000,\"height\":1333,\"caption\":\"MAS SALAGROS HOTEL ECORESORT\"},\"image\":{\"@id\":\"https:\/\/www.massalagros.com\/ca\/#\/schema\/logo\/image\/\"},\"sameAs\":[\"https:\/\/www.facebook.com\/MasSalagros\/\",\"https:\/\/x.com\/MasSalagros\",\"https:\/\/www.instagram.com\/massalagrosecoresort\/\"]}]}<\/script>\n<!-- \/ Yoast SEO plugin. -->","yoast_head_json":{"title":"Men\u00fa de Nadal - Gastronomia | Mas Salagros EcoResort","description":"Gaudeix del Nadal a Mas Salagros EcoResort. T'oferim diferents men\u00fas de Nadal ecol\u00f2gics per a tots, els dies m\u00e9s assenyalats. Reserva ara!","robots":{"index":"index","follow":"follow","max-snippet":"max-snippet:-1","max-image-preview":"max-image-preview:large","max-video-preview":"max-video-preview:-1"},"canonical":"https:\/\/massalagros.com\/ca\/menu-nadal\/","og_locale":"ca_ES","og_type":"article","og_title":"Men\u00fa de Nadal - Gastronomia | Mas Salagros EcoResort","og_description":"Gaudeix del Nadal a Mas Salagros EcoResort. T'oferim diferents men\u00fas de Nadal ecol\u00f2gics per a tots, els dies m\u00e9s assenyalats. Reserva ara!","og_url":"https:\/\/massalagros.com\/ca\/menu-nadal\/","og_site_name":"Mas Salagros","article_publisher":"https:\/\/www.facebook.com\/MasSalagros\/","article_modified_time":"2024-09-13T07:30:29+00:00","og_image":[{"width":2500,"height":1669,"url":"https:\/\/www.massalagros.com\/wp-content\/uploads\/2020\/12\/NAVIDAD-2020.jpg","type":"image\/jpeg"}],"twitter_card":"summary_large_image","twitter_site":"@MasSalagros","twitter_misc":{"Temps estimat de lectura":"3 minuts"},"schema":{"@context":"https:\/\/schema.org","@graph":[{"@type":"WebPage","@id":"https:\/\/massalagros.com\/ca\/menu-nadal\/","url":"https:\/\/massalagros.com\/ca\/menu-nadal\/","name":"Men\u00fa de Nadal - Gastronomia | Mas Salagros EcoResort","isPartOf":{"@id":"https:\/\/www.massalagros.com\/ca\/#website"},"primaryImageOfPage":{"@id":"https:\/\/massalagros.com\/ca\/menu-nadal\/#primaryimage"},"image":{"@id":"https:\/\/massalagros.com\/ca\/menu-nadal\/#primaryimage"},"thumbnailUrl":"https:\/\/massalagros.com\/wp-content\/uploads\/2020\/12\/NAVIDAD-2020.jpg","datePublished":"2019-10-31T17:55:47+00:00","dateModified":"2024-09-13T07:30:29+00:00","description":"Gaudeix del Nadal a Mas Salagros EcoResort. T'oferim diferents men\u00fas de Nadal ecol\u00f2gics per a tots, els dies m\u00e9s assenyalats. Reserva ara!","breadcrumb":{"@id":"https:\/\/massalagros.com\/ca\/menu-nadal\/#breadcrumb"},"inLanguage":"ca","potentialAction":[{"@type":"ReadAction","target":["https:\/\/massalagros.com\/ca\/menu-nadal\/"]}]},{"@type":"ImageObject","inLanguage":"ca","@id":"https:\/\/massalagros.com\/ca\/menu-nadal\/#primaryimage","url":"https:\/\/massalagros.com\/wp-content\/uploads\/2020\/12\/NAVIDAD-2020.jpg","contentUrl":"https:\/\/massalagros.com\/wp-content\/uploads\/2020\/12\/NAVIDAD-2020.jpg","width":2500,"height":1669,"caption":"navidad Mas Salagros EcoResort"},{"@type":"BreadcrumbList","@id":"https:\/\/massalagros.com\/ca\/menu-nadal\/#breadcrumb","itemListElement":[{"@type":"ListItem","position":1,"name":"Portada","item":"https:\/\/massalagros.com\/ca\/"},{"@type":"ListItem","position":2,"name":"Men\u00fa de Nadal"}]},{"@type":"WebSite","@id":"https:\/\/www.massalagros.com\/ca\/#website","url":"https:\/\/www.massalagros.com\/ca\/","name":"Mas Salagros","description":"EcoResort de lujo en Barcelona - Vallromanes","publisher":{"@id":"https:\/\/www.massalagros.com\/ca\/#organization"},"potentialAction":[{"@type":"SearchAction","target":{"@type":"EntryPoint","urlTemplate":"https:\/\/www.massalagros.com\/ca\/?s={search_term_string}"},"query-input":{"@type":"PropertyValueSpecification","valueRequired":true,"valueName":"search_term_string"}}],"inLanguage":"ca"},{"@type":"Organization","@id":"https:\/\/www.massalagros.com\/ca\/#organization","name":"MAS SALAGROS HOTEL ECORESORT","url":"https:\/\/www.massalagros.com\/ca\/","logo":{"@type":"ImageObject","inLanguage":"ca","@id":"https:\/\/www.massalagros.com\/ca\/#\/schema\/logo\/image\/","url":"\/wp-content\/uploads\/2018\/05\/IMG_0116.jpg","contentUrl":"\/wp-content\/uploads\/2018\/05\/IMG_0116.jpg","width":2000,"height":1333,"caption":"MAS SALAGROS HOTEL ECORESORT"},"image":{"@id":"https:\/\/www.massalagros.com\/ca\/#\/schema\/logo\/image\/"},"sameAs":["https:\/\/www.facebook.com\/MasSalagros\/","https:\/\/x.com\/MasSalagros","https:\/\/www.instagram.com\/massalagrosecoresort\/"]}]}},"_links":{"self":[{"href":"https:\/\/massalagros.com\/ca\/wp-json\/wp\/v2\/pages\/5850","targetHints":{"allow":["GET"]}}],"collection":[{"href":"https:\/\/massalagros.com\/ca\/wp-json\/wp\/v2\/pages"}],"about":[{"href":"https:\/\/massalagros.com\/ca\/wp-json\/wp\/v2\/types\/page"}],"author":[{"embeddable":true,"href":"https:\/\/massalagros.com\/ca\/wp-json\/wp\/v2\/users\/3"}],"replies":[{"embeddable":true,"href":"https:\/\/massalagros.com\/ca\/wp-json\/wp\/v2\/comments?post=5850"}],"version-history":[{"count":5,"href":"https:\/\/massalagros.com\/ca\/wp-json\/wp\/v2\/pages\/5850\/revisions"}],"predecessor-version":[{"id":26698,"href":"https:\/\/massalagros.com\/ca\/wp-json\/wp\/v2\/pages\/5850\/revisions\/26698"}],"wp:featuredmedia":[{"embeddable":true,"href":"https:\/\/massalagros.com\/ca\/wp-json\/wp\/v2\/media\/8841"}],"wp:attachment":[{"href":"https:\/\/massalagros.com\/ca\/wp-json\/wp\/v2\/media?parent=5850"}],"curies":[{"name":"wp","href":"https:\/\/api.w.org\/{rel}","templated":true}]}}