{"id":21397,"date":"2023-04-21T13:44:34","date_gmt":"2023-04-21T13:44:34","guid":{"rendered":"https:\/\/massalagros.com\/menu-dia-de-la-madre\/"},"modified":"2024-02-20T15:40:35","modified_gmt":"2024-02-20T15:40:35","slug":"menu-dia-de-la-madre","status":"publish","type":"page","link":"https:\/\/massalagros.com\/ca\/menu-dia-de-la-madre\/","title":{"rendered":"Men\u00fa dia de la Mare"},"content":{"rendered":"","protected":false},"excerpt":{"rendered":"","protected":false},"author":3,"featured_media":25248,"parent":0,"menu_order":60,"comment_status":"closed","ping_status":"closed","template":"views\/template-carta.blade.php","meta":{"_acf_changed":false,"footnotes":""},"class_list":["post-21397","page","type-page","status-publish","has-post-thumbnail","hentry"],"acf":[],"yoast_head":"<!-- This site is optimized with the Yoast SEO plugin v27.3 - https:\/\/yoast.com\/product\/yoast-seo-wordpress\/ -->\n<title>Dia de la mare - gastronomia | Mas Salagros<\/title>\n<meta name=\"description\" content=\"Celebra el Dia de la Mare en fam\u00edlia amb un men\u00fa especial a Mas Salagros. Gaudeix d&#039;una experi\u00e8ncia culin\u00e0ria ecol\u00f2gica en honor a les mares.\" \/>\n<meta name=\"robots\" content=\"index, follow, max-snippet:-1, max-image-preview:large, max-video-preview:-1\" \/>\n<link rel=\"canonical\" href=\"https:\/\/massalagros.com\/ca\/menu-dia-de-la-madre\/\" \/>\n<meta property=\"og:locale\" content=\"ca_ES\" \/>\n<meta property=\"og:type\" content=\"article\" \/>\n<meta property=\"og:title\" content=\"Dia de la mare - gastronomia | Mas Salagros\" \/>\n<meta property=\"og:description\" content=\"Celebra el Dia de la Mare en fam\u00edlia amb un men\u00fa especial a Mas Salagros. Gaudeix d&#039;una experi\u00e8ncia culin\u00e0ria ecol\u00f2gica en honor a les mares.\" \/>\n<meta property=\"og:url\" content=\"https:\/\/massalagros.com\/ca\/menu-dia-de-la-madre\/\" \/>\n<meta property=\"og:site_name\" content=\"Mas Salagros\" \/>\n<meta property=\"article:publisher\" content=\"https:\/\/www.facebook.com\/MasSalagros\/\" \/>\n<meta property=\"article:modified_time\" content=\"2024-02-20T15:40:35+00:00\" \/>\n<meta property=\"og:image\" content=\"https:\/\/www.massalagros.com\/wp-content\/uploads\/2024\/02\/Cheesecake-de-la-casa-acompanado-de-salsa-de-frutos-rojos-y-crumble_2-e1708442495359.jpg\" \/>\n\t<meta property=\"og:image:width\" content=\"1800\" \/>\n\t<meta property=\"og:image:height\" content=\"2419\" \/>\n\t<meta property=\"og:image:type\" content=\"image\/jpeg\" \/>\n<meta name=\"twitter:card\" content=\"summary_large_image\" \/>\n<meta name=\"twitter:site\" content=\"@MasSalagros\" \/>\n<meta name=\"twitter:label1\" content=\"Temps estimat de lectura\" \/>\n\t<meta name=\"twitter:data1\" content=\"1 minut\" \/>\n<script type=\"application\/ld+json\" class=\"yoast-schema-graph\">{\"@context\":\"https:\\\/\\\/schema.org\",\"@graph\":[{\"@type\":\"WebPage\",\"@id\":\"https:\\\/\\\/massalagros.com\\\/ca\\\/menu-dia-de-la-madre\\\/\",\"url\":\"https:\\\/\\\/massalagros.com\\\/ca\\\/menu-dia-de-la-madre\\\/\",\"name\":\"Dia de la mare - gastronomia | Mas Salagros\",\"isPartOf\":{\"@id\":\"https:\\\/\\\/www.massalagros.com\\\/ca\\\/#website\"},\"primaryImageOfPage\":{\"@id\":\"https:\\\/\\\/massalagros.com\\\/ca\\\/menu-dia-de-la-madre\\\/#primaryimage\"},\"image\":{\"@id\":\"https:\\\/\\\/massalagros.com\\\/ca\\\/menu-dia-de-la-madre\\\/#primaryimage\"},\"thumbnailUrl\":\"https:\\\/\\\/massalagros.com\\\/wp-content\\\/uploads\\\/2024\\\/02\\\/Cheesecake-de-la-casa-acompanado-de-salsa-de-frutos-rojos-y-crumble_2-e1708442495359.jpg\",\"datePublished\":\"2023-04-21T13:44:34+00:00\",\"dateModified\":\"2024-02-20T15:40:35+00:00\",\"description\":\"Celebra el Dia de la Mare en fam\u00edlia amb un men\u00fa especial a Mas Salagros. Gaudeix d'una experi\u00e8ncia culin\u00e0ria ecol\u00f2gica en honor a les mares.\",\"breadcrumb\":{\"@id\":\"https:\\\/\\\/massalagros.com\\\/ca\\\/menu-dia-de-la-madre\\\/#breadcrumb\"},\"inLanguage\":\"ca\",\"potentialAction\":[{\"@type\":\"ReadAction\",\"target\":[\"https:\\\/\\\/massalagros.com\\\/ca\\\/menu-dia-de-la-madre\\\/\"]}]},{\"@type\":\"ImageObject\",\"inLanguage\":\"ca\",\"@id\":\"https:\\\/\\\/massalagros.com\\\/ca\\\/menu-dia-de-la-madre\\\/#primaryimage\",\"url\":\"https:\\\/\\\/massalagros.com\\\/wp-content\\\/uploads\\\/2024\\\/02\\\/Cheesecake-de-la-casa-acompanado-de-salsa-de-frutos-rojos-y-crumble_2-e1708442495359.jpg\",\"contentUrl\":\"https:\\\/\\\/massalagros.com\\\/wp-content\\\/uploads\\\/2024\\\/02\\\/Cheesecake-de-la-casa-acompanado-de-salsa-de-frutos-rojos-y-crumble_2-e1708442495359.jpg\",\"width\":1798,\"height\":1592},{\"@type\":\"BreadcrumbList\",\"@id\":\"https:\\\/\\\/massalagros.com\\\/ca\\\/menu-dia-de-la-madre\\\/#breadcrumb\",\"itemListElement\":[{\"@type\":\"ListItem\",\"position\":1,\"name\":\"Portada\",\"item\":\"https:\\\/\\\/massalagros.com\\\/ca\\\/\"},{\"@type\":\"ListItem\",\"position\":2,\"name\":\"Men\u00fa dia de la Mare\"}]},{\"@type\":\"WebSite\",\"@id\":\"https:\\\/\\\/www.massalagros.com\\\/ca\\\/#website\",\"url\":\"https:\\\/\\\/www.massalagros.com\\\/ca\\\/\",\"name\":\"Mas Salagros\",\"description\":\"EcoResort de lujo en Barcelona - Vallromanes\",\"publisher\":{\"@id\":\"https:\\\/\\\/www.massalagros.com\\\/ca\\\/#organization\"},\"potentialAction\":[{\"@type\":\"SearchAction\",\"target\":{\"@type\":\"EntryPoint\",\"urlTemplate\":\"https:\\\/\\\/www.massalagros.com\\\/ca\\\/?s={search_term_string}\"},\"query-input\":{\"@type\":\"PropertyValueSpecification\",\"valueRequired\":true,\"valueName\":\"search_term_string\"}}],\"inLanguage\":\"ca\"},{\"@type\":\"Organization\",\"@id\":\"https:\\\/\\\/www.massalagros.com\\\/ca\\\/#organization\",\"name\":\"MAS SALAGROS HOTEL ECORESORT\",\"url\":\"https:\\\/\\\/www.massalagros.com\\\/ca\\\/\",\"logo\":{\"@type\":\"ImageObject\",\"inLanguage\":\"ca\",\"@id\":\"https:\\\/\\\/www.massalagros.com\\\/ca\\\/#\\\/schema\\\/logo\\\/image\\\/\",\"url\":\"\\\/wp-content\\\/uploads\\\/2018\\\/05\\\/IMG_0116.jpg\",\"contentUrl\":\"\\\/wp-content\\\/uploads\\\/2018\\\/05\\\/IMG_0116.jpg\",\"width\":2000,\"height\":1333,\"caption\":\"MAS SALAGROS HOTEL ECORESORT\"},\"image\":{\"@id\":\"https:\\\/\\\/www.massalagros.com\\\/ca\\\/#\\\/schema\\\/logo\\\/image\\\/\"},\"sameAs\":[\"https:\\\/\\\/www.facebook.com\\\/MasSalagros\\\/\",\"https:\\\/\\\/x.com\\\/MasSalagros\",\"https:\\\/\\\/www.instagram.com\\\/massalagrosecoresort\\\/\"]}]}<\/script>\n<!-- \/ Yoast SEO plugin. -->","yoast_head_json":{"title":"Dia de la mare - gastronomia | Mas Salagros","description":"Celebra el Dia de la Mare en fam\u00edlia amb un men\u00fa especial a Mas Salagros. Gaudeix d'una experi\u00e8ncia culin\u00e0ria ecol\u00f2gica en honor a les mares.","robots":{"index":"index","follow":"follow","max-snippet":"max-snippet:-1","max-image-preview":"max-image-preview:large","max-video-preview":"max-video-preview:-1"},"canonical":"https:\/\/massalagros.com\/ca\/menu-dia-de-la-madre\/","og_locale":"ca_ES","og_type":"article","og_title":"Dia de la mare - gastronomia | Mas Salagros","og_description":"Celebra el Dia de la Mare en fam\u00edlia amb un men\u00fa especial a Mas Salagros. Gaudeix d'una experi\u00e8ncia culin\u00e0ria ecol\u00f2gica en honor a les mares.","og_url":"https:\/\/massalagros.com\/ca\/menu-dia-de-la-madre\/","og_site_name":"Mas Salagros","article_publisher":"https:\/\/www.facebook.com\/MasSalagros\/","article_modified_time":"2024-02-20T15:40:35+00:00","og_image":[{"width":1800,"height":2419,"url":"https:\/\/www.massalagros.com\/wp-content\/uploads\/2024\/02\/Cheesecake-de-la-casa-acompanado-de-salsa-de-frutos-rojos-y-crumble_2-e1708442495359.jpg","type":"image\/jpeg"}],"twitter_card":"summary_large_image","twitter_site":"@MasSalagros","twitter_misc":{"Temps estimat de lectura":"1 minut"},"schema":{"@context":"https:\/\/schema.org","@graph":[{"@type":"WebPage","@id":"https:\/\/massalagros.com\/ca\/menu-dia-de-la-madre\/","url":"https:\/\/massalagros.com\/ca\/menu-dia-de-la-madre\/","name":"Dia de la mare - gastronomia | Mas Salagros","isPartOf":{"@id":"https:\/\/www.massalagros.com\/ca\/#website"},"primaryImageOfPage":{"@id":"https:\/\/massalagros.com\/ca\/menu-dia-de-la-madre\/#primaryimage"},"image":{"@id":"https:\/\/massalagros.com\/ca\/menu-dia-de-la-madre\/#primaryimage"},"thumbnailUrl":"https:\/\/massalagros.com\/wp-content\/uploads\/2024\/02\/Cheesecake-de-la-casa-acompanado-de-salsa-de-frutos-rojos-y-crumble_2-e1708442495359.jpg","datePublished":"2023-04-21T13:44:34+00:00","dateModified":"2024-02-20T15:40:35+00:00","description":"Celebra el Dia de la Mare en fam\u00edlia amb un men\u00fa especial a Mas Salagros. Gaudeix d'una experi\u00e8ncia culin\u00e0ria ecol\u00f2gica en honor a les mares.","breadcrumb":{"@id":"https:\/\/massalagros.com\/ca\/menu-dia-de-la-madre\/#breadcrumb"},"inLanguage":"ca","potentialAction":[{"@type":"ReadAction","target":["https:\/\/massalagros.com\/ca\/menu-dia-de-la-madre\/"]}]},{"@type":"ImageObject","inLanguage":"ca","@id":"https:\/\/massalagros.com\/ca\/menu-dia-de-la-madre\/#primaryimage","url":"https:\/\/massalagros.com\/wp-content\/uploads\/2024\/02\/Cheesecake-de-la-casa-acompanado-de-salsa-de-frutos-rojos-y-crumble_2-e1708442495359.jpg","contentUrl":"https:\/\/massalagros.com\/wp-content\/uploads\/2024\/02\/Cheesecake-de-la-casa-acompanado-de-salsa-de-frutos-rojos-y-crumble_2-e1708442495359.jpg","width":1798,"height":1592},{"@type":"BreadcrumbList","@id":"https:\/\/massalagros.com\/ca\/menu-dia-de-la-madre\/#breadcrumb","itemListElement":[{"@type":"ListItem","position":1,"name":"Portada","item":"https:\/\/massalagros.com\/ca\/"},{"@type":"ListItem","position":2,"name":"Men\u00fa dia de la Mare"}]},{"@type":"WebSite","@id":"https:\/\/www.massalagros.com\/ca\/#website","url":"https:\/\/www.massalagros.com\/ca\/","name":"Mas Salagros","description":"EcoResort de lujo en Barcelona - Vallromanes","publisher":{"@id":"https:\/\/www.massalagros.com\/ca\/#organization"},"potentialAction":[{"@type":"SearchAction","target":{"@type":"EntryPoint","urlTemplate":"https:\/\/www.massalagros.com\/ca\/?s={search_term_string}"},"query-input":{"@type":"PropertyValueSpecification","valueRequired":true,"valueName":"search_term_string"}}],"inLanguage":"ca"},{"@type":"Organization","@id":"https:\/\/www.massalagros.com\/ca\/#organization","name":"MAS SALAGROS HOTEL ECORESORT","url":"https:\/\/www.massalagros.com\/ca\/","logo":{"@type":"ImageObject","inLanguage":"ca","@id":"https:\/\/www.massalagros.com\/ca\/#\/schema\/logo\/image\/","url":"\/wp-content\/uploads\/2018\/05\/IMG_0116.jpg","contentUrl":"\/wp-content\/uploads\/2018\/05\/IMG_0116.jpg","width":2000,"height":1333,"caption":"MAS SALAGROS HOTEL ECORESORT"},"image":{"@id":"https:\/\/www.massalagros.com\/ca\/#\/schema\/logo\/image\/"},"sameAs":["https:\/\/www.facebook.com\/MasSalagros\/","https:\/\/x.com\/MasSalagros","https:\/\/www.instagram.com\/massalagrosecoresort\/"]}]}},"_links":{"self":[{"href":"https:\/\/massalagros.com\/ca\/wp-json\/wp\/v2\/pages\/21397","targetHints":{"allow":["GET"]}}],"collection":[{"href":"https:\/\/massalagros.com\/ca\/wp-json\/wp\/v2\/pages"}],"about":[{"href":"https:\/\/massalagros.com\/ca\/wp-json\/wp\/v2\/types\/page"}],"author":[{"embeddable":true,"href":"https:\/\/massalagros.com\/ca\/wp-json\/wp\/v2\/users\/3"}],"replies":[{"embeddable":true,"href":"https:\/\/massalagros.com\/ca\/wp-json\/wp\/v2\/comments?post=21397"}],"version-history":[{"count":3,"href":"https:\/\/massalagros.com\/ca\/wp-json\/wp\/v2\/pages\/21397\/revisions"}],"predecessor-version":[{"id":25268,"href":"https:\/\/massalagros.com\/ca\/wp-json\/wp\/v2\/pages\/21397\/revisions\/25268"}],"wp:featuredmedia":[{"embeddable":true,"href":"https:\/\/massalagros.com\/ca\/wp-json\/wp\/v2\/media\/25248"}],"wp:attachment":[{"href":"https:\/\/massalagros.com\/ca\/wp-json\/wp\/v2\/media?parent=21397"}],"curies":[{"name":"wp","href":"https:\/\/api.w.org\/{rel}","templated":true}]}}