{"id":2066,"date":"2018-04-11T15:17:41","date_gmt":"2018-04-11T15:17:41","guid":{"rendered":"https:\/\/massalagros.com\/contacto\/"},"modified":"2023-01-18T15:13:33","modified_gmt":"2023-01-18T15:13:33","slug":"contacte","status":"publish","type":"page","link":"https:\/\/massalagros.com\/ca\/contacte\/","title":{"rendered":"Contacte"},"content":{"rendered":"","protected":false},"excerpt":{"rendered":"","protected":false},"author":1,"featured_media":0,"parent":0,"menu_order":200,"comment_status":"closed","ping_status":"closed","template":"views\/template-contact.blade.php","meta":{"_acf_changed":false,"footnotes":""},"class_list":["post-2066","page","type-page","status-publish","hentry"],"acf":[],"yoast_head":"<!-- This site is optimized with the Yoast SEO plugin v27.2 - https:\/\/yoast.com\/product\/yoast-seo-wordpress\/ -->\n<title>Contacte | Mas Salagros EcoResort Vallromanes<\/title>\n<meta name=\"description\" content=\"Tens cap dubte, suggeriment o necessites m\u00e9s informaci\u00f3? Contacta amb Mas Salagros per tel\u00e8fon o correu electr\u00f2nic. Ser\u00e0 el nostre plaer atendre&#039;t.\" \/>\n<meta name=\"robots\" content=\"index, follow, max-snippet:-1, max-image-preview:large, max-video-preview:-1\" \/>\n<link rel=\"canonical\" href=\"https:\/\/massalagros.com\/ca\/contacte\/\" \/>\n<meta property=\"og:locale\" content=\"ca_ES\" \/>\n<meta property=\"og:type\" content=\"article\" \/>\n<meta property=\"og:title\" content=\"Contacte | Mas Salagros EcoResort Vallromanes\" \/>\n<meta property=\"og:description\" content=\"Tens cap dubte, suggeriment o necessites m\u00e9s informaci\u00f3? Contacta amb Mas Salagros per tel\u00e8fon o correu electr\u00f2nic. Ser\u00e0 el nostre plaer atendre&#039;t.\" \/>\n<meta property=\"og:url\" content=\"https:\/\/massalagros.com\/ca\/contacte\/\" \/>\n<meta property=\"og:site_name\" content=\"Mas Salagros\" \/>\n<meta property=\"article:publisher\" content=\"https:\/\/www.facebook.com\/MasSalagros\/\" \/>\n<meta property=\"article:modified_time\" content=\"2023-01-18T15:13:33+00:00\" \/>\n<meta name=\"twitter:card\" content=\"summary_large_image\" \/>\n<meta name=\"twitter:site\" content=\"@MasSalagros\" \/>\n<script type=\"application\/ld+json\" class=\"yoast-schema-graph\">{\"@context\":\"https:\/\/schema.org\",\"@graph\":[{\"@type\":\"WebPage\",\"@id\":\"https:\/\/massalagros.com\/ca\/contacte\/\",\"url\":\"https:\/\/massalagros.com\/ca\/contacte\/\",\"name\":\"Contacte | Mas Salagros EcoResort Vallromanes\",\"isPartOf\":{\"@id\":\"https:\/\/www.massalagros.com\/ca\/#website\"},\"datePublished\":\"2018-04-11T15:17:41+00:00\",\"dateModified\":\"2023-01-18T15:13:33+00:00\",\"description\":\"Tens cap dubte, suggeriment o necessites m\u00e9s informaci\u00f3? Contacta amb Mas Salagros per tel\u00e8fon o correu electr\u00f2nic. Ser\u00e0 el nostre plaer atendre't.\",\"breadcrumb\":{\"@id\":\"https:\/\/massalagros.com\/ca\/contacte\/#breadcrumb\"},\"inLanguage\":\"ca\",\"potentialAction\":[{\"@type\":\"ReadAction\",\"target\":[\"https:\/\/massalagros.com\/ca\/contacte\/\"]}]},{\"@type\":\"BreadcrumbList\",\"@id\":\"https:\/\/massalagros.com\/ca\/contacte\/#breadcrumb\",\"itemListElement\":[{\"@type\":\"ListItem\",\"position\":1,\"name\":\"Portada\",\"item\":\"https:\/\/massalagros.com\/ca\/\"},{\"@type\":\"ListItem\",\"position\":2,\"name\":\"Contacte\"}]},{\"@type\":\"WebSite\",\"@id\":\"https:\/\/www.massalagros.com\/ca\/#website\",\"url\":\"https:\/\/www.massalagros.com\/ca\/\",\"name\":\"Mas Salagros\",\"description\":\"EcoResort de lujo en Barcelona - Vallromanes\",\"publisher\":{\"@id\":\"https:\/\/www.massalagros.com\/ca\/#organization\"},\"potentialAction\":[{\"@type\":\"SearchAction\",\"target\":{\"@type\":\"EntryPoint\",\"urlTemplate\":\"https:\/\/www.massalagros.com\/ca\/?s={search_term_string}\"},\"query-input\":{\"@type\":\"PropertyValueSpecification\",\"valueRequired\":true,\"valueName\":\"search_term_string\"}}],\"inLanguage\":\"ca\"},{\"@type\":\"Organization\",\"@id\":\"https:\/\/www.massalagros.com\/ca\/#organization\",\"name\":\"MAS SALAGROS HOTEL ECORESORT\",\"url\":\"https:\/\/www.massalagros.com\/ca\/\",\"logo\":{\"@type\":\"ImageObject\",\"inLanguage\":\"ca\",\"@id\":\"https:\/\/www.massalagros.com\/ca\/#\/schema\/logo\/image\/\",\"url\":\"\/wp-content\/uploads\/2018\/05\/IMG_0116.jpg\",\"contentUrl\":\"\/wp-content\/uploads\/2018\/05\/IMG_0116.jpg\",\"width\":2000,\"height\":1333,\"caption\":\"MAS SALAGROS HOTEL ECORESORT\"},\"image\":{\"@id\":\"https:\/\/www.massalagros.com\/ca\/#\/schema\/logo\/image\/\"},\"sameAs\":[\"https:\/\/www.facebook.com\/MasSalagros\/\",\"https:\/\/x.com\/MasSalagros\",\"https:\/\/www.instagram.com\/massalagrosecoresort\/\"]}]}<\/script>\n<!-- \/ Yoast SEO plugin. -->","yoast_head_json":{"title":"Contacte | Mas Salagros EcoResort Vallromanes","description":"Tens cap dubte, suggeriment o necessites m\u00e9s informaci\u00f3? Contacta amb Mas Salagros per tel\u00e8fon o correu electr\u00f2nic. Ser\u00e0 el nostre plaer atendre't.","robots":{"index":"index","follow":"follow","max-snippet":"max-snippet:-1","max-image-preview":"max-image-preview:large","max-video-preview":"max-video-preview:-1"},"canonical":"https:\/\/massalagros.com\/ca\/contacte\/","og_locale":"ca_ES","og_type":"article","og_title":"Contacte | Mas Salagros EcoResort Vallromanes","og_description":"Tens cap dubte, suggeriment o necessites m\u00e9s informaci\u00f3? Contacta amb Mas Salagros per tel\u00e8fon o correu electr\u00f2nic. Ser\u00e0 el nostre plaer atendre't.","og_url":"https:\/\/massalagros.com\/ca\/contacte\/","og_site_name":"Mas Salagros","article_publisher":"https:\/\/www.facebook.com\/MasSalagros\/","article_modified_time":"2023-01-18T15:13:33+00:00","twitter_card":"summary_large_image","twitter_site":"@MasSalagros","schema":{"@context":"https:\/\/schema.org","@graph":[{"@type":"WebPage","@id":"https:\/\/massalagros.com\/ca\/contacte\/","url":"https:\/\/massalagros.com\/ca\/contacte\/","name":"Contacte | Mas Salagros EcoResort Vallromanes","isPartOf":{"@id":"https:\/\/www.massalagros.com\/ca\/#website"},"datePublished":"2018-04-11T15:17:41+00:00","dateModified":"2023-01-18T15:13:33+00:00","description":"Tens cap dubte, suggeriment o necessites m\u00e9s informaci\u00f3? Contacta amb Mas Salagros per tel\u00e8fon o correu electr\u00f2nic. Ser\u00e0 el nostre plaer atendre't.","breadcrumb":{"@id":"https:\/\/massalagros.com\/ca\/contacte\/#breadcrumb"},"inLanguage":"ca","potentialAction":[{"@type":"ReadAction","target":["https:\/\/massalagros.com\/ca\/contacte\/"]}]},{"@type":"BreadcrumbList","@id":"https:\/\/massalagros.com\/ca\/contacte\/#breadcrumb","itemListElement":[{"@type":"ListItem","position":1,"name":"Portada","item":"https:\/\/massalagros.com\/ca\/"},{"@type":"ListItem","position":2,"name":"Contacte"}]},{"@type":"WebSite","@id":"https:\/\/www.massalagros.com\/ca\/#website","url":"https:\/\/www.massalagros.com\/ca\/","name":"Mas Salagros","description":"EcoResort de lujo en Barcelona - Vallromanes","publisher":{"@id":"https:\/\/www.massalagros.com\/ca\/#organization"},"potentialAction":[{"@type":"SearchAction","target":{"@type":"EntryPoint","urlTemplate":"https:\/\/www.massalagros.com\/ca\/?s={search_term_string}"},"query-input":{"@type":"PropertyValueSpecification","valueRequired":true,"valueName":"search_term_string"}}],"inLanguage":"ca"},{"@type":"Organization","@id":"https:\/\/www.massalagros.com\/ca\/#organization","name":"MAS SALAGROS HOTEL ECORESORT","url":"https:\/\/www.massalagros.com\/ca\/","logo":{"@type":"ImageObject","inLanguage":"ca","@id":"https:\/\/www.massalagros.com\/ca\/#\/schema\/logo\/image\/","url":"\/wp-content\/uploads\/2018\/05\/IMG_0116.jpg","contentUrl":"\/wp-content\/uploads\/2018\/05\/IMG_0116.jpg","width":2000,"height":1333,"caption":"MAS SALAGROS HOTEL ECORESORT"},"image":{"@id":"https:\/\/www.massalagros.com\/ca\/#\/schema\/logo\/image\/"},"sameAs":["https:\/\/www.facebook.com\/MasSalagros\/","https:\/\/x.com\/MasSalagros","https:\/\/www.instagram.com\/massalagrosecoresort\/"]}]}},"_links":{"self":[{"href":"https:\/\/massalagros.com\/ca\/wp-json\/wp\/v2\/pages\/2066","targetHints":{"allow":["GET"]}}],"collection":[{"href":"https:\/\/massalagros.com\/ca\/wp-json\/wp\/v2\/pages"}],"about":[{"href":"https:\/\/massalagros.com\/ca\/wp-json\/wp\/v2\/types\/page"}],"author":[{"embeddable":true,"href":"https:\/\/massalagros.com\/ca\/wp-json\/wp\/v2\/users\/1"}],"replies":[{"embeddable":true,"href":"https:\/\/massalagros.com\/ca\/wp-json\/wp\/v2\/comments?post=2066"}],"version-history":[{"count":2,"href":"https:\/\/massalagros.com\/ca\/wp-json\/wp\/v2\/pages\/2066\/revisions"}],"predecessor-version":[{"id":6877,"href":"https:\/\/massalagros.com\/ca\/wp-json\/wp\/v2\/pages\/2066\/revisions\/6877"}],"wp:attachment":[{"href":"https:\/\/massalagros.com\/ca\/wp-json\/wp\/v2\/media?parent=2066"}],"curies":[{"name":"wp","href":"https:\/\/api.w.org\/{rel}","templated":true}]}}