{"id":19360,"date":"2023-01-23T09:27:09","date_gmt":"2023-01-23T09:27:09","guid":{"rendered":"https:\/\/massalagros.com\/menu-san-valentin\/"},"modified":"2023-01-24T17:19:54","modified_gmt":"2023-01-24T17:19:54","slug":"menu-san-valentin","status":"publish","type":"page","link":"https:\/\/massalagros.com\/ca\/menu-san-valentin\/","title":{"rendered":"Men\u00fa degustaci\u00f3"},"content":{"rendered":"","protected":false},"excerpt":{"rendered":"","protected":false},"author":3,"featured_media":19337,"parent":0,"menu_order":76,"comment_status":"closed","ping_status":"closed","template":"views\/template-carta.blade.php","meta":{"_acf_changed":false,"footnotes":""},"class_list":["post-19360","page","type-page","status-publish","has-post-thumbnail","hentry"],"acf":[],"yoast_head":"<!-- This site is optimized with the Yoast SEO plugin v27.3 - https:\/\/yoast.com\/product\/yoast-seo-wordpress\/ -->\n<title>Men\u00fa degustaci\u00f3 San Valenti - Mas Salagros<\/title>\n<meta name=\"description\" content=\"Gaudeix d&#039;un men\u00fa degustaci\u00f3 ecol\u00f2gic especial per el dia de San Valent\u00ed. Celebra la vetllada al Restaurant gastron\u00f2mic 1497 de Mas Salagros.\" \/>\n<meta name=\"robots\" content=\"index, follow, max-snippet:-1, max-image-preview:large, max-video-preview:-1\" \/>\n<link rel=\"canonical\" href=\"https:\/\/massalagros.com\/ca\/menu-san-valentin\/\" \/>\n<meta property=\"og:locale\" content=\"ca_ES\" \/>\n<meta property=\"og:type\" content=\"article\" \/>\n<meta property=\"og:title\" content=\"Men\u00fa degustaci\u00f3 San Valenti - Mas Salagros\" \/>\n<meta property=\"og:description\" content=\"Gaudeix d&#039;un men\u00fa degustaci\u00f3 ecol\u00f2gic especial per el dia de San Valent\u00ed. Celebra la vetllada al Restaurant gastron\u00f2mic 1497 de Mas Salagros.\" \/>\n<meta property=\"og:url\" content=\"https:\/\/massalagros.com\/ca\/menu-san-valentin\/\" \/>\n<meta property=\"og:site_name\" content=\"Mas Salagros\" \/>\n<meta property=\"article:publisher\" content=\"https:\/\/www.facebook.com\/MasSalagros\/\" \/>\n<meta property=\"article:modified_time\" content=\"2023-01-24T17:19:54+00:00\" \/>\n<meta property=\"og:image\" content=\"https:\/\/www.massalagros.com\/wp-content\/uploads\/2023\/01\/FotosWeb-witbooking_vieras1.jpg\" \/>\n\t<meta property=\"og:image:width\" content=\"1920\" \/>\n\t<meta property=\"og:image:height\" content=\"1080\" \/>\n\t<meta property=\"og:image:type\" content=\"image\/jpeg\" \/>\n<meta name=\"twitter:card\" content=\"summary_large_image\" \/>\n<meta name=\"twitter:site\" content=\"@MasSalagros\" \/>\n<script type=\"application\/ld+json\" class=\"yoast-schema-graph\">{\"@context\":\"https:\\\/\\\/schema.org\",\"@graph\":[{\"@type\":\"WebPage\",\"@id\":\"https:\\\/\\\/massalagros.com\\\/ca\\\/menu-san-valentin\\\/\",\"url\":\"https:\\\/\\\/massalagros.com\\\/ca\\\/menu-san-valentin\\\/\",\"name\":\"Men\u00fa degustaci\u00f3 San Valenti - Mas Salagros\",\"isPartOf\":{\"@id\":\"https:\\\/\\\/www.massalagros.com\\\/ca\\\/#website\"},\"primaryImageOfPage\":{\"@id\":\"https:\\\/\\\/massalagros.com\\\/ca\\\/menu-san-valentin\\\/#primaryimage\"},\"image\":{\"@id\":\"https:\\\/\\\/massalagros.com\\\/ca\\\/menu-san-valentin\\\/#primaryimage\"},\"thumbnailUrl\":\"https:\\\/\\\/massalagros.com\\\/wp-content\\\/uploads\\\/2023\\\/01\\\/FotosWeb-witbooking_vieras1.jpg\",\"datePublished\":\"2023-01-23T09:27:09+00:00\",\"dateModified\":\"2023-01-24T17:19:54+00:00\",\"description\":\"Gaudeix d'un men\u00fa degustaci\u00f3 ecol\u00f2gic especial per el dia de San Valent\u00ed. Celebra la vetllada al Restaurant gastron\u00f2mic 1497 de Mas Salagros.\",\"breadcrumb\":{\"@id\":\"https:\\\/\\\/massalagros.com\\\/ca\\\/menu-san-valentin\\\/#breadcrumb\"},\"inLanguage\":\"ca\",\"potentialAction\":[{\"@type\":\"ReadAction\",\"target\":[\"https:\\\/\\\/massalagros.com\\\/ca\\\/menu-san-valentin\\\/\"]}]},{\"@type\":\"ImageObject\",\"inLanguage\":\"ca\",\"@id\":\"https:\\\/\\\/massalagros.com\\\/ca\\\/menu-san-valentin\\\/#primaryimage\",\"url\":\"https:\\\/\\\/massalagros.com\\\/wp-content\\\/uploads\\\/2023\\\/01\\\/FotosWeb-witbooking_vieras1.jpg\",\"contentUrl\":\"https:\\\/\\\/massalagros.com\\\/wp-content\\\/uploads\\\/2023\\\/01\\\/FotosWeb-witbooking_vieras1.jpg\",\"width\":1920,\"height\":1080},{\"@type\":\"BreadcrumbList\",\"@id\":\"https:\\\/\\\/massalagros.com\\\/ca\\\/menu-san-valentin\\\/#breadcrumb\",\"itemListElement\":[{\"@type\":\"ListItem\",\"position\":1,\"name\":\"Portada\",\"item\":\"https:\\\/\\\/massalagros.com\\\/ca\\\/\"},{\"@type\":\"ListItem\",\"position\":2,\"name\":\"Men\u00fa degustaci\u00f3\"}]},{\"@type\":\"WebSite\",\"@id\":\"https:\\\/\\\/www.massalagros.com\\\/ca\\\/#website\",\"url\":\"https:\\\/\\\/www.massalagros.com\\\/ca\\\/\",\"name\":\"Mas Salagros\",\"description\":\"EcoResort de lujo en Barcelona - Vallromanes\",\"publisher\":{\"@id\":\"https:\\\/\\\/www.massalagros.com\\\/ca\\\/#organization\"},\"potentialAction\":[{\"@type\":\"SearchAction\",\"target\":{\"@type\":\"EntryPoint\",\"urlTemplate\":\"https:\\\/\\\/www.massalagros.com\\\/ca\\\/?s={search_term_string}\"},\"query-input\":{\"@type\":\"PropertyValueSpecification\",\"valueRequired\":true,\"valueName\":\"search_term_string\"}}],\"inLanguage\":\"ca\"},{\"@type\":\"Organization\",\"@id\":\"https:\\\/\\\/www.massalagros.com\\\/ca\\\/#organization\",\"name\":\"MAS SALAGROS HOTEL ECORESORT\",\"url\":\"https:\\\/\\\/www.massalagros.com\\\/ca\\\/\",\"logo\":{\"@type\":\"ImageObject\",\"inLanguage\":\"ca\",\"@id\":\"https:\\\/\\\/www.massalagros.com\\\/ca\\\/#\\\/schema\\\/logo\\\/image\\\/\",\"url\":\"\\\/wp-content\\\/uploads\\\/2018\\\/05\\\/IMG_0116.jpg\",\"contentUrl\":\"\\\/wp-content\\\/uploads\\\/2018\\\/05\\\/IMG_0116.jpg\",\"width\":2000,\"height\":1333,\"caption\":\"MAS SALAGROS HOTEL ECORESORT\"},\"image\":{\"@id\":\"https:\\\/\\\/www.massalagros.com\\\/ca\\\/#\\\/schema\\\/logo\\\/image\\\/\"},\"sameAs\":[\"https:\\\/\\\/www.facebook.com\\\/MasSalagros\\\/\",\"https:\\\/\\\/x.com\\\/MasSalagros\",\"https:\\\/\\\/www.instagram.com\\\/massalagrosecoresort\\\/\"]}]}<\/script>\n<!-- \/ Yoast SEO plugin. -->","yoast_head_json":{"title":"Men\u00fa degustaci\u00f3 San Valenti - Mas Salagros","description":"Gaudeix d'un men\u00fa degustaci\u00f3 ecol\u00f2gic especial per el dia de San Valent\u00ed. Celebra la vetllada al Restaurant gastron\u00f2mic 1497 de Mas Salagros.","robots":{"index":"index","follow":"follow","max-snippet":"max-snippet:-1","max-image-preview":"max-image-preview:large","max-video-preview":"max-video-preview:-1"},"canonical":"https:\/\/massalagros.com\/ca\/menu-san-valentin\/","og_locale":"ca_ES","og_type":"article","og_title":"Men\u00fa degustaci\u00f3 San Valenti - Mas Salagros","og_description":"Gaudeix d'un men\u00fa degustaci\u00f3 ecol\u00f2gic especial per el dia de San Valent\u00ed. Celebra la vetllada al Restaurant gastron\u00f2mic 1497 de Mas Salagros.","og_url":"https:\/\/massalagros.com\/ca\/menu-san-valentin\/","og_site_name":"Mas Salagros","article_publisher":"https:\/\/www.facebook.com\/MasSalagros\/","article_modified_time":"2023-01-24T17:19:54+00:00","og_image":[{"width":1920,"height":1080,"url":"https:\/\/www.massalagros.com\/wp-content\/uploads\/2023\/01\/FotosWeb-witbooking_vieras1.jpg","type":"image\/jpeg"}],"twitter_card":"summary_large_image","twitter_site":"@MasSalagros","schema":{"@context":"https:\/\/schema.org","@graph":[{"@type":"WebPage","@id":"https:\/\/massalagros.com\/ca\/menu-san-valentin\/","url":"https:\/\/massalagros.com\/ca\/menu-san-valentin\/","name":"Men\u00fa degustaci\u00f3 San Valenti - Mas Salagros","isPartOf":{"@id":"https:\/\/www.massalagros.com\/ca\/#website"},"primaryImageOfPage":{"@id":"https:\/\/massalagros.com\/ca\/menu-san-valentin\/#primaryimage"},"image":{"@id":"https:\/\/massalagros.com\/ca\/menu-san-valentin\/#primaryimage"},"thumbnailUrl":"https:\/\/massalagros.com\/wp-content\/uploads\/2023\/01\/FotosWeb-witbooking_vieras1.jpg","datePublished":"2023-01-23T09:27:09+00:00","dateModified":"2023-01-24T17:19:54+00:00","description":"Gaudeix d'un men\u00fa degustaci\u00f3 ecol\u00f2gic especial per el dia de San Valent\u00ed. Celebra la vetllada al Restaurant gastron\u00f2mic 1497 de Mas Salagros.","breadcrumb":{"@id":"https:\/\/massalagros.com\/ca\/menu-san-valentin\/#breadcrumb"},"inLanguage":"ca","potentialAction":[{"@type":"ReadAction","target":["https:\/\/massalagros.com\/ca\/menu-san-valentin\/"]}]},{"@type":"ImageObject","inLanguage":"ca","@id":"https:\/\/massalagros.com\/ca\/menu-san-valentin\/#primaryimage","url":"https:\/\/massalagros.com\/wp-content\/uploads\/2023\/01\/FotosWeb-witbooking_vieras1.jpg","contentUrl":"https:\/\/massalagros.com\/wp-content\/uploads\/2023\/01\/FotosWeb-witbooking_vieras1.jpg","width":1920,"height":1080},{"@type":"BreadcrumbList","@id":"https:\/\/massalagros.com\/ca\/menu-san-valentin\/#breadcrumb","itemListElement":[{"@type":"ListItem","position":1,"name":"Portada","item":"https:\/\/massalagros.com\/ca\/"},{"@type":"ListItem","position":2,"name":"Men\u00fa degustaci\u00f3"}]},{"@type":"WebSite","@id":"https:\/\/www.massalagros.com\/ca\/#website","url":"https:\/\/www.massalagros.com\/ca\/","name":"Mas Salagros","description":"EcoResort de lujo en Barcelona - Vallromanes","publisher":{"@id":"https:\/\/www.massalagros.com\/ca\/#organization"},"potentialAction":[{"@type":"SearchAction","target":{"@type":"EntryPoint","urlTemplate":"https:\/\/www.massalagros.com\/ca\/?s={search_term_string}"},"query-input":{"@type":"PropertyValueSpecification","valueRequired":true,"valueName":"search_term_string"}}],"inLanguage":"ca"},{"@type":"Organization","@id":"https:\/\/www.massalagros.com\/ca\/#organization","name":"MAS SALAGROS HOTEL ECORESORT","url":"https:\/\/www.massalagros.com\/ca\/","logo":{"@type":"ImageObject","inLanguage":"ca","@id":"https:\/\/www.massalagros.com\/ca\/#\/schema\/logo\/image\/","url":"\/wp-content\/uploads\/2018\/05\/IMG_0116.jpg","contentUrl":"\/wp-content\/uploads\/2018\/05\/IMG_0116.jpg","width":2000,"height":1333,"caption":"MAS SALAGROS HOTEL ECORESORT"},"image":{"@id":"https:\/\/www.massalagros.com\/ca\/#\/schema\/logo\/image\/"},"sameAs":["https:\/\/www.facebook.com\/MasSalagros\/","https:\/\/x.com\/MasSalagros","https:\/\/www.instagram.com\/massalagrosecoresort\/"]}]}},"_links":{"self":[{"href":"https:\/\/massalagros.com\/ca\/wp-json\/wp\/v2\/pages\/19360","targetHints":{"allow":["GET"]}}],"collection":[{"href":"https:\/\/massalagros.com\/ca\/wp-json\/wp\/v2\/pages"}],"about":[{"href":"https:\/\/massalagros.com\/ca\/wp-json\/wp\/v2\/types\/page"}],"author":[{"embeddable":true,"href":"https:\/\/massalagros.com\/ca\/wp-json\/wp\/v2\/users\/3"}],"replies":[{"embeddable":true,"href":"https:\/\/massalagros.com\/ca\/wp-json\/wp\/v2\/comments?post=19360"}],"version-history":[{"count":5,"href":"https:\/\/massalagros.com\/ca\/wp-json\/wp\/v2\/pages\/19360\/revisions"}],"predecessor-version":[{"id":19380,"href":"https:\/\/massalagros.com\/ca\/wp-json\/wp\/v2\/pages\/19360\/revisions\/19380"}],"wp:featuredmedia":[{"embeddable":true,"href":"https:\/\/massalagros.com\/ca\/wp-json\/wp\/v2\/media\/19337"}],"wp:attachment":[{"href":"https:\/\/massalagros.com\/ca\/wp-json\/wp\/v2\/media?parent=19360"}],"curies":[{"name":"wp","href":"https:\/\/api.w.org\/{rel}","templated":true}]}}