{"id":1904,"date":"2018-05-14T11:51:34","date_gmt":"2018-05-14T11:51:34","guid":{"rendered":"https:\/\/massalagros.com\/restaurant-1497\/"},"modified":"2025-12-02T15:23:30","modified_gmt":"2025-12-02T15:23:30","slug":"restaurant-1497","status":"publish","type":"page","link":"https:\/\/massalagros.com\/ca\/restaurant-1497\/","title":{"rendered":"Restaurant 1497"},"content":{"rendered":"","protected":false},"excerpt":{"rendered":"","protected":false},"author":2,"featured_media":27612,"parent":0,"menu_order":174,"comment_status":"closed","ping_status":"closed","template":"views\/template-carta.blade.php","meta":{"_acf_changed":false,"footnotes":""},"class_list":["post-1904","page","type-page","status-publish","has-post-thumbnail","hentry"],"acf":[],"yoast_head":"<!-- This site is optimized with the Yoast SEO plugin v27.2 - https:\/\/yoast.com\/product\/yoast-seo-wordpress\/ -->\n<title>Restaurant 1497 - Gastronomia | Mas Salagros | Vallromanes<\/title>\n<meta name=\"description\" content=\"Al Restaurant 1497 trobar\u00e0s una oferta gastron\u00f2mica mediterr\u00e0nia i ecol\u00f2gica en un entorn envejable i amb unes vistes fant\u00e0stiques.\" \/>\n<meta name=\"robots\" content=\"index, follow, max-snippet:-1, max-image-preview:large, max-video-preview:-1\" \/>\n<link rel=\"canonical\" href=\"https:\/\/massalagros.com\/ca\/restaurant-1497\/\" \/>\n<meta property=\"og:locale\" content=\"ca_ES\" \/>\n<meta property=\"og:type\" content=\"article\" \/>\n<meta property=\"og:title\" content=\"Restaurant 1497 - Gastronomia | Mas Salagros | Vallromanes\" \/>\n<meta property=\"og:description\" content=\"Al Restaurant 1497 trobar\u00e0s una oferta gastron\u00f2mica mediterr\u00e0nia i ecol\u00f2gica en un entorn envejable i amb unes vistes fant\u00e0stiques.\" \/>\n<meta property=\"og:url\" content=\"https:\/\/massalagros.com\/ca\/restaurant-1497\/\" \/>\n<meta property=\"og:site_name\" content=\"Mas Salagros\" \/>\n<meta property=\"article:publisher\" content=\"https:\/\/www.facebook.com\/MasSalagros\/\" \/>\n<meta property=\"article:modified_time\" content=\"2025-12-02T15:23:30+00:00\" \/>\n<meta property=\"og:image\" content=\"https:\/\/massalagros.com\/wp-content\/uploads\/2018\/05\/Alcachofas-rellenas-de-pluma-iberica-con-espuma-de-patata-trufada_7.jpeg\" \/>\n\t<meta property=\"og:image:width\" content=\"1706\" \/>\n\t<meta property=\"og:image:height\" content=\"2560\" \/>\n\t<meta property=\"og:image:type\" content=\"image\/jpeg\" \/>\n<meta name=\"twitter:card\" content=\"summary_large_image\" \/>\n<meta name=\"twitter:site\" content=\"@MasSalagros\" \/>\n<meta name=\"twitter:label1\" content=\"Temps estimat de lectura\" \/>\n\t<meta name=\"twitter:data1\" content=\"1 minut\" \/>\n<script type=\"application\/ld+json\" class=\"yoast-schema-graph\">{\"@context\":\"https:\/\/schema.org\",\"@graph\":[{\"@type\":\"WebPage\",\"@id\":\"https:\/\/massalagros.com\/ca\/restaurant-1497\/\",\"url\":\"https:\/\/massalagros.com\/ca\/restaurant-1497\/\",\"name\":\"Restaurant 1497 - Gastronomia | Mas Salagros | Vallromanes\",\"isPartOf\":{\"@id\":\"https:\/\/www.massalagros.com\/ca\/#website\"},\"primaryImageOfPage\":{\"@id\":\"https:\/\/massalagros.com\/ca\/restaurant-1497\/#primaryimage\"},\"image\":{\"@id\":\"https:\/\/massalagros.com\/ca\/restaurant-1497\/#primaryimage\"},\"thumbnailUrl\":\"https:\/\/massalagros.com\/wp-content\/uploads\/2018\/05\/Alcachofas-rellenas-de-pluma-iberica-con-espuma-de-patata-trufada_7-e1764863935322.jpeg\",\"datePublished\":\"2018-05-14T11:51:34+00:00\",\"dateModified\":\"2025-12-02T15:23:30+00:00\",\"description\":\"Al Restaurant 1497 trobar\u00e0s una oferta gastron\u00f2mica mediterr\u00e0nia i ecol\u00f2gica en un entorn envejable i amb unes vistes fant\u00e0stiques.\",\"breadcrumb\":{\"@id\":\"https:\/\/massalagros.com\/ca\/restaurant-1497\/#breadcrumb\"},\"inLanguage\":\"ca\",\"potentialAction\":[{\"@type\":\"ReadAction\",\"target\":[\"https:\/\/massalagros.com\/ca\/restaurant-1497\/\"]}]},{\"@type\":\"ImageObject\",\"inLanguage\":\"ca\",\"@id\":\"https:\/\/massalagros.com\/ca\/restaurant-1497\/#primaryimage\",\"url\":\"https:\/\/massalagros.com\/wp-content\/uploads\/2018\/05\/Alcachofas-rellenas-de-pluma-iberica-con-espuma-de-patata-trufada_7-e1764863935322.jpeg\",\"contentUrl\":\"https:\/\/massalagros.com\/wp-content\/uploads\/2018\/05\/Alcachofas-rellenas-de-pluma-iberica-con-espuma-de-patata-trufada_7-e1764863935322.jpeg\",\"width\":1550,\"height\":1634},{\"@type\":\"BreadcrumbList\",\"@id\":\"https:\/\/massalagros.com\/ca\/restaurant-1497\/#breadcrumb\",\"itemListElement\":[{\"@type\":\"ListItem\",\"position\":1,\"name\":\"Portada\",\"item\":\"https:\/\/massalagros.com\/ca\/\"},{\"@type\":\"ListItem\",\"position\":2,\"name\":\"Restaurant 1497\"}]},{\"@type\":\"WebSite\",\"@id\":\"https:\/\/www.massalagros.com\/ca\/#website\",\"url\":\"https:\/\/www.massalagros.com\/ca\/\",\"name\":\"Mas Salagros\",\"description\":\"EcoResort de lujo en Barcelona - Vallromanes\",\"publisher\":{\"@id\":\"https:\/\/www.massalagros.com\/ca\/#organization\"},\"potentialAction\":[{\"@type\":\"SearchAction\",\"target\":{\"@type\":\"EntryPoint\",\"urlTemplate\":\"https:\/\/www.massalagros.com\/ca\/?s={search_term_string}\"},\"query-input\":{\"@type\":\"PropertyValueSpecification\",\"valueRequired\":true,\"valueName\":\"search_term_string\"}}],\"inLanguage\":\"ca\"},{\"@type\":\"Organization\",\"@id\":\"https:\/\/www.massalagros.com\/ca\/#organization\",\"name\":\"MAS SALAGROS HOTEL ECORESORT\",\"url\":\"https:\/\/www.massalagros.com\/ca\/\",\"logo\":{\"@type\":\"ImageObject\",\"inLanguage\":\"ca\",\"@id\":\"https:\/\/www.massalagros.com\/ca\/#\/schema\/logo\/image\/\",\"url\":\"\/wp-content\/uploads\/2018\/05\/IMG_0116.jpg\",\"contentUrl\":\"\/wp-content\/uploads\/2018\/05\/IMG_0116.jpg\",\"width\":2000,\"height\":1333,\"caption\":\"MAS SALAGROS HOTEL ECORESORT\"},\"image\":{\"@id\":\"https:\/\/www.massalagros.com\/ca\/#\/schema\/logo\/image\/\"},\"sameAs\":[\"https:\/\/www.facebook.com\/MasSalagros\/\",\"https:\/\/x.com\/MasSalagros\",\"https:\/\/www.instagram.com\/massalagrosecoresort\/\"]}]}<\/script>\n<!-- \/ Yoast SEO plugin. -->","yoast_head_json":{"title":"Restaurant 1497 - Gastronomia | Mas Salagros | Vallromanes","description":"Al Restaurant 1497 trobar\u00e0s una oferta gastron\u00f2mica mediterr\u00e0nia i ecol\u00f2gica en un entorn envejable i amb unes vistes fant\u00e0stiques.","robots":{"index":"index","follow":"follow","max-snippet":"max-snippet:-1","max-image-preview":"max-image-preview:large","max-video-preview":"max-video-preview:-1"},"canonical":"https:\/\/massalagros.com\/ca\/restaurant-1497\/","og_locale":"ca_ES","og_type":"article","og_title":"Restaurant 1497 - Gastronomia | Mas Salagros | Vallromanes","og_description":"Al Restaurant 1497 trobar\u00e0s una oferta gastron\u00f2mica mediterr\u00e0nia i ecol\u00f2gica en un entorn envejable i amb unes vistes fant\u00e0stiques.","og_url":"https:\/\/massalagros.com\/ca\/restaurant-1497\/","og_site_name":"Mas Salagros","article_publisher":"https:\/\/www.facebook.com\/MasSalagros\/","article_modified_time":"2025-12-02T15:23:30+00:00","og_image":[{"width":1706,"height":2560,"url":"https:\/\/massalagros.com\/wp-content\/uploads\/2018\/05\/Alcachofas-rellenas-de-pluma-iberica-con-espuma-de-patata-trufada_7.jpeg","type":"image\/jpeg"}],"twitter_card":"summary_large_image","twitter_site":"@MasSalagros","twitter_misc":{"Temps estimat de lectura":"1 minut"},"schema":{"@context":"https:\/\/schema.org","@graph":[{"@type":"WebPage","@id":"https:\/\/massalagros.com\/ca\/restaurant-1497\/","url":"https:\/\/massalagros.com\/ca\/restaurant-1497\/","name":"Restaurant 1497 - Gastronomia | Mas Salagros | Vallromanes","isPartOf":{"@id":"https:\/\/www.massalagros.com\/ca\/#website"},"primaryImageOfPage":{"@id":"https:\/\/massalagros.com\/ca\/restaurant-1497\/#primaryimage"},"image":{"@id":"https:\/\/massalagros.com\/ca\/restaurant-1497\/#primaryimage"},"thumbnailUrl":"https:\/\/massalagros.com\/wp-content\/uploads\/2018\/05\/Alcachofas-rellenas-de-pluma-iberica-con-espuma-de-patata-trufada_7-e1764863935322.jpeg","datePublished":"2018-05-14T11:51:34+00:00","dateModified":"2025-12-02T15:23:30+00:00","description":"Al Restaurant 1497 trobar\u00e0s una oferta gastron\u00f2mica mediterr\u00e0nia i ecol\u00f2gica en un entorn envejable i amb unes vistes fant\u00e0stiques.","breadcrumb":{"@id":"https:\/\/massalagros.com\/ca\/restaurant-1497\/#breadcrumb"},"inLanguage":"ca","potentialAction":[{"@type":"ReadAction","target":["https:\/\/massalagros.com\/ca\/restaurant-1497\/"]}]},{"@type":"ImageObject","inLanguage":"ca","@id":"https:\/\/massalagros.com\/ca\/restaurant-1497\/#primaryimage","url":"https:\/\/massalagros.com\/wp-content\/uploads\/2018\/05\/Alcachofas-rellenas-de-pluma-iberica-con-espuma-de-patata-trufada_7-e1764863935322.jpeg","contentUrl":"https:\/\/massalagros.com\/wp-content\/uploads\/2018\/05\/Alcachofas-rellenas-de-pluma-iberica-con-espuma-de-patata-trufada_7-e1764863935322.jpeg","width":1550,"height":1634},{"@type":"BreadcrumbList","@id":"https:\/\/massalagros.com\/ca\/restaurant-1497\/#breadcrumb","itemListElement":[{"@type":"ListItem","position":1,"name":"Portada","item":"https:\/\/massalagros.com\/ca\/"},{"@type":"ListItem","position":2,"name":"Restaurant 1497"}]},{"@type":"WebSite","@id":"https:\/\/www.massalagros.com\/ca\/#website","url":"https:\/\/www.massalagros.com\/ca\/","name":"Mas Salagros","description":"EcoResort de lujo en Barcelona - Vallromanes","publisher":{"@id":"https:\/\/www.massalagros.com\/ca\/#organization"},"potentialAction":[{"@type":"SearchAction","target":{"@type":"EntryPoint","urlTemplate":"https:\/\/www.massalagros.com\/ca\/?s={search_term_string}"},"query-input":{"@type":"PropertyValueSpecification","valueRequired":true,"valueName":"search_term_string"}}],"inLanguage":"ca"},{"@type":"Organization","@id":"https:\/\/www.massalagros.com\/ca\/#organization","name":"MAS SALAGROS HOTEL ECORESORT","url":"https:\/\/www.massalagros.com\/ca\/","logo":{"@type":"ImageObject","inLanguage":"ca","@id":"https:\/\/www.massalagros.com\/ca\/#\/schema\/logo\/image\/","url":"\/wp-content\/uploads\/2018\/05\/IMG_0116.jpg","contentUrl":"\/wp-content\/uploads\/2018\/05\/IMG_0116.jpg","width":2000,"height":1333,"caption":"MAS SALAGROS HOTEL ECORESORT"},"image":{"@id":"https:\/\/www.massalagros.com\/ca\/#\/schema\/logo\/image\/"},"sameAs":["https:\/\/www.facebook.com\/MasSalagros\/","https:\/\/x.com\/MasSalagros","https:\/\/www.instagram.com\/massalagrosecoresort\/"]}]}},"_links":{"self":[{"href":"https:\/\/massalagros.com\/ca\/wp-json\/wp\/v2\/pages\/1904","targetHints":{"allow":["GET"]}}],"collection":[{"href":"https:\/\/massalagros.com\/ca\/wp-json\/wp\/v2\/pages"}],"about":[{"href":"https:\/\/massalagros.com\/ca\/wp-json\/wp\/v2\/types\/page"}],"author":[{"embeddable":true,"href":"https:\/\/massalagros.com\/ca\/wp-json\/wp\/v2\/users\/2"}],"replies":[{"embeddable":true,"href":"https:\/\/massalagros.com\/ca\/wp-json\/wp\/v2\/comments?post=1904"}],"version-history":[{"count":5,"href":"https:\/\/massalagros.com\/ca\/wp-json\/wp\/v2\/pages\/1904\/revisions"}],"predecessor-version":[{"id":29217,"href":"https:\/\/massalagros.com\/ca\/wp-json\/wp\/v2\/pages\/1904\/revisions\/29217"}],"wp:featuredmedia":[{"embeddable":true,"href":"https:\/\/massalagros.com\/ca\/wp-json\/wp\/v2\/media\/27612"}],"wp:attachment":[{"href":"https:\/\/massalagros.com\/ca\/wp-json\/wp\/v2\/media?parent=1904"}],"curies":[{"name":"wp","href":"https:\/\/api.w.org\/{rel}","templated":true}]}}