{"id":1901,"date":"2018-04-11T15:17:18","date_gmt":"2018-04-11T15:17:18","guid":{"rendered":"https:\/\/massalagros.com\/wellness-aire-vallromanes\/"},"modified":"2025-05-10T05:51:45","modified_gmt":"2025-05-10T05:51:45","slug":"wellness","status":"publish","type":"page","link":"https:\/\/massalagros.com\/ca\/wellness\/","title":{"rendered":"AIRE Ancient Baths"},"content":{"rendered":"","protected":false},"excerpt":{"rendered":"","protected":false},"author":1,"featured_media":2671,"parent":0,"menu_order":215,"comment_status":"closed","ping_status":"closed","template":"views\/template-wellness.blade.php","meta":{"_acf_changed":false,"footnotes":""},"class_list":["post-1901","page","type-page","status-publish","has-post-thumbnail","hentry"],"acf":[],"yoast_head":"<!-- This site is optimized with the Yoast SEO plugin v27.2 - https:\/\/yoast.com\/product\/yoast-seo-wordpress\/ -->\n<title>Wellness &amp; Spa AIRE Ancient Baths | Mas Salagros EcoResort<\/title>\n<meta name=\"description\" content=\"Troba la relaxaci\u00f3 al Wellness de Mas Salagros gr\u00e0cies al circuit d&#039;aig\u00fces i als massatges de la firma internacional AIRE Ancient Baths.\" \/>\n<meta name=\"robots\" content=\"index, follow, max-snippet:-1, max-image-preview:large, max-video-preview:-1\" \/>\n<link rel=\"canonical\" href=\"https:\/\/massalagros.com\/ca\/wellness\/\" \/>\n<meta property=\"og:locale\" content=\"ca_ES\" \/>\n<meta property=\"og:type\" content=\"article\" \/>\n<meta property=\"og:title\" content=\"Wellness \u2013 Aire de Vallromanes - EcoResort Mas Salagros\" \/>\n<meta property=\"og:description\" content=\"Troba la relaxaci\u00f3 plena a Mas Salagros gr\u00e0cies al circuit termal i als massatges relaxants i terap\u00e8utics de la firma internacional AIRE Ancient Baths.\" \/>\n<meta property=\"og:url\" content=\"https:\/\/massalagros.com\/ca\/wellness\/\" \/>\n<meta property=\"og:site_name\" content=\"Mas Salagros\" \/>\n<meta property=\"article:publisher\" content=\"https:\/\/www.facebook.com\/MasSalagros\/\" \/>\n<meta property=\"article:modified_time\" content=\"2025-05-10T05:51:45+00:00\" \/>\n<meta property=\"og:image\" content=\"https:\/\/www.massalagros.com\/wp-content\/uploads\/2018\/05\/pantalla-wellness.jpg\" \/>\n\t<meta property=\"og:image:width\" content=\"1920\" \/>\n\t<meta property=\"og:image:height\" content=\"1080\" \/>\n\t<meta property=\"og:image:type\" content=\"image\/jpeg\" \/>\n<meta name=\"twitter:card\" content=\"summary_large_image\" \/>\n<meta name=\"twitter:title\" content=\"Wellness \u2013 Aire de Vallromanes - EcoResort Mas Salagros\" \/>\n<meta name=\"twitter:description\" content=\"Troba la relaxaci\u00f3 plena a Mas Salagros gr\u00e0cies al circuit termal i als massatges relaxants i terap\u00e8utics de la firma internacional AIRE Ancient Baths.\" \/>\n<meta name=\"twitter:site\" content=\"@MasSalagros\" \/>\n<meta name=\"twitter:label1\" content=\"Temps estimat de lectura\" \/>\n\t<meta name=\"twitter:data1\" content=\"3 minuts\" \/>\n<script type=\"application\/ld+json\" class=\"yoast-schema-graph\">{\"@context\":\"https:\/\/schema.org\",\"@graph\":[{\"@type\":\"WebPage\",\"@id\":\"https:\/\/massalagros.com\/ca\/wellness\/\",\"url\":\"https:\/\/massalagros.com\/ca\/wellness\/\",\"name\":\"Wellness & Spa AIRE Ancient Baths | Mas Salagros EcoResort\",\"isPartOf\":{\"@id\":\"https:\/\/www.massalagros.com\/ca\/#website\"},\"primaryImageOfPage\":{\"@id\":\"https:\/\/massalagros.com\/ca\/wellness\/#primaryimage\"},\"image\":{\"@id\":\"https:\/\/massalagros.com\/ca\/wellness\/#primaryimage\"},\"thumbnailUrl\":\"https:\/\/massalagros.com\/wp-content\/uploads\/2018\/05\/pantalla-wellness.jpg\",\"datePublished\":\"2018-04-11T15:17:18+00:00\",\"dateModified\":\"2025-05-10T05:51:45+00:00\",\"description\":\"Troba la relaxaci\u00f3 al Wellness de Mas Salagros gr\u00e0cies al circuit d'aig\u00fces i als massatges de la firma internacional AIRE Ancient Baths.\",\"breadcrumb\":{\"@id\":\"https:\/\/massalagros.com\/ca\/wellness\/#breadcrumb\"},\"inLanguage\":\"ca\",\"potentialAction\":[{\"@type\":\"ReadAction\",\"target\":[\"https:\/\/massalagros.com\/ca\/wellness\/\"]}]},{\"@type\":\"ImageObject\",\"inLanguage\":\"ca\",\"@id\":\"https:\/\/massalagros.com\/ca\/wellness\/#primaryimage\",\"url\":\"https:\/\/massalagros.com\/wp-content\/uploads\/2018\/05\/pantalla-wellness.jpg\",\"contentUrl\":\"https:\/\/massalagros.com\/wp-content\/uploads\/2018\/05\/pantalla-wellness.jpg\",\"width\":1920,\"height\":1080,\"caption\":\"Wellness & Spa\"},{\"@type\":\"BreadcrumbList\",\"@id\":\"https:\/\/massalagros.com\/ca\/wellness\/#breadcrumb\",\"itemListElement\":[{\"@type\":\"ListItem\",\"position\":1,\"name\":\"Portada\",\"item\":\"https:\/\/massalagros.com\/ca\/\"},{\"@type\":\"ListItem\",\"position\":2,\"name\":\"AIRE Ancient Baths\"}]},{\"@type\":\"WebSite\",\"@id\":\"https:\/\/www.massalagros.com\/ca\/#website\",\"url\":\"https:\/\/www.massalagros.com\/ca\/\",\"name\":\"Mas Salagros\",\"description\":\"EcoResort de lujo en Barcelona - Vallromanes\",\"publisher\":{\"@id\":\"https:\/\/www.massalagros.com\/ca\/#organization\"},\"potentialAction\":[{\"@type\":\"SearchAction\",\"target\":{\"@type\":\"EntryPoint\",\"urlTemplate\":\"https:\/\/www.massalagros.com\/ca\/?s={search_term_string}\"},\"query-input\":{\"@type\":\"PropertyValueSpecification\",\"valueRequired\":true,\"valueName\":\"search_term_string\"}}],\"inLanguage\":\"ca\"},{\"@type\":\"Organization\",\"@id\":\"https:\/\/www.massalagros.com\/ca\/#organization\",\"name\":\"MAS SALAGROS HOTEL ECORESORT\",\"url\":\"https:\/\/www.massalagros.com\/ca\/\",\"logo\":{\"@type\":\"ImageObject\",\"inLanguage\":\"ca\",\"@id\":\"https:\/\/www.massalagros.com\/ca\/#\/schema\/logo\/image\/\",\"url\":\"\/wp-content\/uploads\/2018\/05\/IMG_0116.jpg\",\"contentUrl\":\"\/wp-content\/uploads\/2018\/05\/IMG_0116.jpg\",\"width\":2000,\"height\":1333,\"caption\":\"MAS SALAGROS HOTEL ECORESORT\"},\"image\":{\"@id\":\"https:\/\/www.massalagros.com\/ca\/#\/schema\/logo\/image\/\"},\"sameAs\":[\"https:\/\/www.facebook.com\/MasSalagros\/\",\"https:\/\/x.com\/MasSalagros\",\"https:\/\/www.instagram.com\/massalagrosecoresort\/\"]}]}<\/script>\n<!-- \/ Yoast SEO plugin. -->","yoast_head_json":{"title":"Wellness & Spa AIRE Ancient Baths | Mas Salagros EcoResort","description":"Troba la relaxaci\u00f3 al Wellness de Mas Salagros gr\u00e0cies al circuit d'aig\u00fces i als massatges de la firma internacional AIRE Ancient Baths.","robots":{"index":"index","follow":"follow","max-snippet":"max-snippet:-1","max-image-preview":"max-image-preview:large","max-video-preview":"max-video-preview:-1"},"canonical":"https:\/\/massalagros.com\/ca\/wellness\/","og_locale":"ca_ES","og_type":"article","og_title":"Wellness \u2013 Aire de Vallromanes - EcoResort Mas Salagros","og_description":"Troba la relaxaci\u00f3 plena a Mas Salagros gr\u00e0cies al circuit termal i als massatges relaxants i terap\u00e8utics de la firma internacional AIRE Ancient Baths.","og_url":"https:\/\/massalagros.com\/ca\/wellness\/","og_site_name":"Mas Salagros","article_publisher":"https:\/\/www.facebook.com\/MasSalagros\/","article_modified_time":"2025-05-10T05:51:45+00:00","og_image":[{"width":1920,"height":1080,"url":"https:\/\/www.massalagros.com\/wp-content\/uploads\/2018\/05\/pantalla-wellness.jpg","type":"image\/jpeg"}],"twitter_card":"summary_large_image","twitter_title":"Wellness \u2013 Aire de Vallromanes - EcoResort Mas Salagros","twitter_description":"Troba la relaxaci\u00f3 plena a Mas Salagros gr\u00e0cies al circuit termal i als massatges relaxants i terap\u00e8utics de la firma internacional AIRE Ancient Baths.","twitter_site":"@MasSalagros","twitter_misc":{"Temps estimat de lectura":"3 minuts"},"schema":{"@context":"https:\/\/schema.org","@graph":[{"@type":"WebPage","@id":"https:\/\/massalagros.com\/ca\/wellness\/","url":"https:\/\/massalagros.com\/ca\/wellness\/","name":"Wellness & Spa AIRE Ancient Baths | Mas Salagros EcoResort","isPartOf":{"@id":"https:\/\/www.massalagros.com\/ca\/#website"},"primaryImageOfPage":{"@id":"https:\/\/massalagros.com\/ca\/wellness\/#primaryimage"},"image":{"@id":"https:\/\/massalagros.com\/ca\/wellness\/#primaryimage"},"thumbnailUrl":"https:\/\/massalagros.com\/wp-content\/uploads\/2018\/05\/pantalla-wellness.jpg","datePublished":"2018-04-11T15:17:18+00:00","dateModified":"2025-05-10T05:51:45+00:00","description":"Troba la relaxaci\u00f3 al Wellness de Mas Salagros gr\u00e0cies al circuit d'aig\u00fces i als massatges de la firma internacional AIRE Ancient Baths.","breadcrumb":{"@id":"https:\/\/massalagros.com\/ca\/wellness\/#breadcrumb"},"inLanguage":"ca","potentialAction":[{"@type":"ReadAction","target":["https:\/\/massalagros.com\/ca\/wellness\/"]}]},{"@type":"ImageObject","inLanguage":"ca","@id":"https:\/\/massalagros.com\/ca\/wellness\/#primaryimage","url":"https:\/\/massalagros.com\/wp-content\/uploads\/2018\/05\/pantalla-wellness.jpg","contentUrl":"https:\/\/massalagros.com\/wp-content\/uploads\/2018\/05\/pantalla-wellness.jpg","width":1920,"height":1080,"caption":"Wellness & Spa"},{"@type":"BreadcrumbList","@id":"https:\/\/massalagros.com\/ca\/wellness\/#breadcrumb","itemListElement":[{"@type":"ListItem","position":1,"name":"Portada","item":"https:\/\/massalagros.com\/ca\/"},{"@type":"ListItem","position":2,"name":"AIRE Ancient Baths"}]},{"@type":"WebSite","@id":"https:\/\/www.massalagros.com\/ca\/#website","url":"https:\/\/www.massalagros.com\/ca\/","name":"Mas Salagros","description":"EcoResort de lujo en Barcelona - Vallromanes","publisher":{"@id":"https:\/\/www.massalagros.com\/ca\/#organization"},"potentialAction":[{"@type":"SearchAction","target":{"@type":"EntryPoint","urlTemplate":"https:\/\/www.massalagros.com\/ca\/?s={search_term_string}"},"query-input":{"@type":"PropertyValueSpecification","valueRequired":true,"valueName":"search_term_string"}}],"inLanguage":"ca"},{"@type":"Organization","@id":"https:\/\/www.massalagros.com\/ca\/#organization","name":"MAS SALAGROS HOTEL ECORESORT","url":"https:\/\/www.massalagros.com\/ca\/","logo":{"@type":"ImageObject","inLanguage":"ca","@id":"https:\/\/www.massalagros.com\/ca\/#\/schema\/logo\/image\/","url":"\/wp-content\/uploads\/2018\/05\/IMG_0116.jpg","contentUrl":"\/wp-content\/uploads\/2018\/05\/IMG_0116.jpg","width":2000,"height":1333,"caption":"MAS SALAGROS HOTEL ECORESORT"},"image":{"@id":"https:\/\/www.massalagros.com\/ca\/#\/schema\/logo\/image\/"},"sameAs":["https:\/\/www.facebook.com\/MasSalagros\/","https:\/\/x.com\/MasSalagros","https:\/\/www.instagram.com\/massalagrosecoresort\/"]}]}},"_links":{"self":[{"href":"https:\/\/massalagros.com\/ca\/wp-json\/wp\/v2\/pages\/1901","targetHints":{"allow":["GET"]}}],"collection":[{"href":"https:\/\/massalagros.com\/ca\/wp-json\/wp\/v2\/pages"}],"about":[{"href":"https:\/\/massalagros.com\/ca\/wp-json\/wp\/v2\/types\/page"}],"author":[{"embeddable":true,"href":"https:\/\/massalagros.com\/ca\/wp-json\/wp\/v2\/users\/1"}],"replies":[{"embeddable":true,"href":"https:\/\/massalagros.com\/ca\/wp-json\/wp\/v2\/comments?post=1901"}],"version-history":[{"count":5,"href":"https:\/\/massalagros.com\/ca\/wp-json\/wp\/v2\/pages\/1901\/revisions"}],"predecessor-version":[{"id":28022,"href":"https:\/\/massalagros.com\/ca\/wp-json\/wp\/v2\/pages\/1901\/revisions\/28022"}],"wp:featuredmedia":[{"embeddable":true,"href":"https:\/\/massalagros.com\/ca\/wp-json\/wp\/v2\/media\/2671"}],"wp:attachment":[{"href":"https:\/\/massalagros.com\/ca\/wp-json\/wp\/v2\/media?parent=1901"}],"curies":[{"name":"wp","href":"https:\/\/api.w.org\/{rel}","templated":true}]}}